{"id":5877,"date":"2023-06-27T09:02:49","date_gmt":"2023-06-27T09:02:49","guid":{"rendered":"https:\/\/www.villagemma.it\/entnahmestelle\/"},"modified":"2023-06-29T07:04:45","modified_gmt":"2023-06-29T07:04:45","slug":"blutabnahmestelle","status":"publish","type":"page","link":"https:\/\/www.villagemma.it\/de\/blutabnahmestelle\/","title":{"rendered":"Blutabnahmestelle"},"content":{"rendered":"\t\t<div data-elementor-type=\"wp-page\" data-elementor-id=\"5877\" class=\"elementor elementor-5877\" data-elementor-post-type=\"page\">\n\t\t\t\t\t\t<section class=\"elementor-section elementor-top-section elementor-element elementor-element-68bfc437 elementor-section-height-min-height elementor-section-boxed elementor-section-height-default elementor-section-items-middle\" data-id=\"68bfc437\" data-element_type=\"section\" data-settings=\"{&quot;background_background&quot;:&quot;classic&quot;}\">\n\t\t\t\t\t\t<div class=\"elementor-container elementor-column-gap-default\">\n\t\t\t\t\t<div class=\"elementor-column elementor-col-100 elementor-top-column elementor-element elementor-element-6d768c72\" data-id=\"6d768c72\" data-element_type=\"column\">\n\t\t\t<div class=\"elementor-widget-wrap\">\n\t\t\t\t\t\t\t<\/div>\n\t\t<\/div>\n\t\t\t\t\t<\/div>\n\t\t<\/section>\n\t\t\t\t<section class=\"elementor-section elementor-top-section elementor-element elementor-element-28969f74 elementor-section-boxed elementor-section-height-default elementor-section-height-default\" data-id=\"28969f74\" data-element_type=\"section\">\n\t\t\t\t\t\t<div class=\"elementor-container elementor-column-gap-default\">\n\t\t\t\t\t<div class=\"elementor-column elementor-col-100 elementor-top-column elementor-element elementor-element-178f53bd\" data-id=\"178f53bd\" data-element_type=\"column\">\n\t\t\t<div class=\"elementor-widget-wrap elementor-element-populated\">\n\t\t\t\t\t\t<div class=\"elementor-element elementor-element-8c7772e elementor-widget elementor-widget-heading\" data-id=\"8c7772e\" data-element_type=\"widget\" data-widget_type=\"heading.default\">\n\t\t\t\t<div class=\"elementor-widget-container\">\n\t\t\t\t\t<h1 class=\"elementor-heading-title elementor-size-default\">Blutabnahmestelle<\/h1>\t\t\t\t<\/div>\n\t\t\t\t<\/div>\n\t\t\t\t\t<\/div>\n\t\t<\/div>\n\t\t\t\t\t<\/div>\n\t\t<\/section>\n\t\t\t\t<section class=\"elementor-section elementor-top-section elementor-element elementor-element-17fc8550 elementor-section-boxed elementor-section-height-default elementor-section-height-default\" data-id=\"17fc8550\" data-element_type=\"section\">\n\t\t\t\t\t\t<div class=\"elementor-container elementor-column-gap-default\">\n\t\t\t\t\t<div class=\"elementor-column elementor-col-100 elementor-top-column elementor-element elementor-element-3bedd737\" data-id=\"3bedd737\" data-element_type=\"column\">\n\t\t\t<div class=\"elementor-widget-wrap elementor-element-populated\">\n\t\t\t\t\t\t<div class=\"elementor-element elementor-element-1cd7f70f elementor-widget elementor-widget-text-editor\" data-id=\"1cd7f70f\" data-element_type=\"widget\" data-widget_type=\"text-editor.default\">\n\t\t\t\t<div class=\"elementor-widget-container\">\n\t\t\t\t\t\t\t\t\t<p>Dienstleistungen im Rahmen der Nationalen Sanit\u00e4tsdienstes und f\u00fcr Privatpatienten: Blutabnahme f\u00fcr klinische biochemische, toxikologische, h\u00e4matologische Untersuchungen, zur Bestimmung der Blutgerinnung, f\u00fcr immunh\u00e4matologische, mikrobiologiche und virologische Analysen.<\/p>\n<p>Ge\u00f6ffnet von Montag bis&nbsp;Freitag von 7:30 bis 8:30 Uhr mit freiem Zugang ohne Reservierung.<\/p>\n<p>Informationen zur Vorbereitung der Blutabnahmen\/Entnahmen der biologischen Proben erhalten Sie unter der Rufnummer 0365\/298190.<\/p>\n<p>Wir informieren Sie, dass die Analyse der (Blut-) proben im Labor der Poliambulanza-Stiftung durchgef\u00fchrt werden, ein&nbsp;<span style=\"font-size: 1rem;\">Krankenhausinstitut mit<\/span><span style=\"font-size: 1rem;\">&nbsp;Hauptsitz in Via Bissolati n. 57, 25124 Brescia (BS). <\/span><\/p>\n<p><\/p>\n<p><strong>ZUR BEFUNDABRUFUNG<\/strong><\/p>\n<p>1) Gehen Sie auf die Website&nbsp;<a href=\"http:\/\/www.poliambulanza.it\/\" target=\"_blank\" rel=\"noreferrer noopener\">www.poliambulanza.it<\/a>&nbsp;mit den Ihnen bei der Aufnahme mitgeteilten Anmeldedaten.<\/p>\n<p>2) Gehen Sie zur Abholstelle der Berichte des Pflegeheims Villa Barbarano in der Via Spiaggia d\u2019Oro n. 21 in Barbarano di Sal\u00f2 (BS), von Montag bis Freitag von 08:30 bis 18:00 Uhr mit Ihrem Ausweis. <\/p><p>Im Falle einer Vollmacht legen Sie die unterschriebene Vollmacht sowie die Ausweisdokumente des Bevollm\u00e4chtigten und des Delegierten vor.<\/p>\t\t\t\t\t\t\t\t<\/div>\n\t\t\t\t<\/div>\n\t\t\t\t<div class=\"elementor-element elementor-element-335ed06 elementor-widget elementor-widget-spacer\" data-id=\"335ed06\" data-element_type=\"widget\" data-widget_type=\"spacer.default\">\n\t\t\t\t<div class=\"elementor-widget-container\">\n\t\t\t\t\t\t\t<div class=\"elementor-spacer\">\n\t\t\t<div class=\"elementor-spacer-inner\"><\/div>\n\t\t<\/div>\n\t\t\t\t\t\t<\/div>\n\t\t\t\t<\/div>\n\t\t\t\t\t<\/div>\n\t\t<\/div>\n\t\t\t\t\t<\/div>\n\t\t<\/section>\n\t\t\t\t<\/div>\n\t\t","protected":false},"excerpt":{"rendered":"<p>Blutabnahmestelle Dienstleistungen im Rahmen der Nationalen Sanit\u00e4tsdienstes und f\u00fcr Privatpatienten: Blutabnahme f\u00fcr klinische biochemische, toxikologische, h\u00e4matologische Untersuchungen, zur Bestimmung der Blutgerinnung, f\u00fcr immunh\u00e4matologische, mikrobiologiche und virologische Analysen. Ge\u00f6ffnet von Montag bis&nbsp;Freitag von 7:30 bis 8:30 Uhr mit freiem Zugang ohne Reservierung. Informationen zur Vorbereitung der Blutabnahmen\/Entnahmen der biologischen Proben erhalten Sie unter der Rufnummer 0365\/298190. [&hellip;]<\/p>\n","protected":false},"author":1,"featured_media":0,"parent":0,"menu_order":0,"comment_status":"closed","ping_status":"closed","template":"","meta":{"_acf_changed":false,"footnotes":""},"class_list":["post-5877","page","type-page","status-publish","hentry"],"acf":[],"yoast_head":"<!-- This site is optimized with the Yoast SEO plugin v24.4 - https:\/\/yoast.com\/wordpress\/plugins\/seo\/ -->\n<title>Blutabnahmestelle - Villa Gemma e Villa Barbarano<\/title>\n<meta name=\"robots\" content=\"index, follow, max-snippet:-1, max-image-preview:large, max-video-preview:-1\" \/>\n<link rel=\"canonical\" href=\"https:\/\/www.villagemma.it\/de\/blutabnahmestelle\/\" \/>\n<meta property=\"og:locale\" content=\"de_DE\" \/>\n<meta property=\"og:type\" content=\"article\" \/>\n<meta property=\"og:title\" content=\"Blutabnahmestelle - Villa Gemma e Villa Barbarano\" \/>\n<meta property=\"og:description\" content=\"Blutabnahmestelle Dienstleistungen im Rahmen der Nationalen Sanit\u00e4tsdienstes und f\u00fcr Privatpatienten: Blutabnahme f\u00fcr klinische biochemische, toxikologische, h\u00e4matologische Untersuchungen, zur Bestimmung der Blutgerinnung, f\u00fcr immunh\u00e4matologische, mikrobiologiche und virologische Analysen. Ge\u00f6ffnet von Montag bis&nbsp;Freitag von 7:30 bis 8:30 Uhr mit freiem Zugang ohne Reservierung. Informationen zur Vorbereitung der Blutabnahmen\/Entnahmen der biologischen Proben erhalten Sie unter der Rufnummer 0365\/298190. [&hellip;]\" \/>\n<meta property=\"og:url\" content=\"https:\/\/www.villagemma.it\/de\/blutabnahmestelle\/\" \/>\n<meta property=\"og:site_name\" content=\"Villa Gemma e Villa Barbarano\" \/>\n<meta property=\"article:modified_time\" content=\"2023-06-29T07:04:45+00:00\" \/>\n<meta name=\"twitter:card\" content=\"summary_large_image\" \/>\n<meta name=\"twitter:label1\" content=\"Gesch\u00e4tzte Lesezeit\" \/>\n\t<meta name=\"twitter:data1\" content=\"1\u00a0Minute\" \/>\n<script type=\"application\/ld+json\" class=\"yoast-schema-graph\">{\"@context\":\"https:\/\/schema.org\",\"@graph\":[{\"@type\":\"WebPage\",\"@id\":\"https:\/\/www.villagemma.it\/de\/blutabnahmestelle\/\",\"url\":\"https:\/\/www.villagemma.it\/de\/blutabnahmestelle\/\",\"name\":\"Blutabnahmestelle - Villa Gemma e Villa Barbarano\",\"isPartOf\":{\"@id\":\"https:\/\/www.villagemma.it\/#website\"},\"datePublished\":\"2023-06-27T09:02:49+00:00\",\"dateModified\":\"2023-06-29T07:04:45+00:00\",\"breadcrumb\":{\"@id\":\"https:\/\/www.villagemma.it\/de\/blutabnahmestelle\/#breadcrumb\"},\"inLanguage\":\"de\",\"potentialAction\":[{\"@type\":\"ReadAction\",\"target\":[\"https:\/\/www.villagemma.it\/de\/blutabnahmestelle\/\"]}]},{\"@type\":\"BreadcrumbList\",\"@id\":\"https:\/\/www.villagemma.it\/de\/blutabnahmestelle\/#breadcrumb\",\"itemListElement\":[{\"@type\":\"ListItem\",\"position\":1,\"name\":\"Home\",\"item\":\"https:\/\/www.villagemma.it\/de\/home\/\"},{\"@type\":\"ListItem\",\"position\":2,\"name\":\"Blutabnahmestelle\"}]},{\"@type\":\"WebSite\",\"@id\":\"https:\/\/www.villagemma.it\/#website\",\"url\":\"https:\/\/www.villagemma.it\/\",\"name\":\"Villa Gemma e Villa Barbarano\",\"description\":\"\",\"publisher\":{\"@id\":\"https:\/\/www.villagemma.it\/#organization\"},\"potentialAction\":[{\"@type\":\"SearchAction\",\"target\":{\"@type\":\"EntryPoint\",\"urlTemplate\":\"https:\/\/www.villagemma.it\/?s={search_term_string}\"},\"query-input\":{\"@type\":\"PropertyValueSpecification\",\"valueRequired\":true,\"valueName\":\"search_term_string\"}}],\"inLanguage\":\"de\"},{\"@type\":\"Organization\",\"@id\":\"https:\/\/www.villagemma.it\/#organization\",\"name\":\"Villa Gemma e Villa Barbarano\",\"url\":\"https:\/\/www.villagemma.it\/\",\"logo\":{\"@type\":\"ImageObject\",\"inLanguage\":\"de\",\"@id\":\"https:\/\/www.villagemma.it\/#\/schema\/logo\/image\/\",\"url\":\"https:\/\/www.villagemma.it\/wp-content\/uploads\/2022\/08\/Logo_VG.png\",\"contentUrl\":\"https:\/\/www.villagemma.it\/wp-content\/uploads\/2022\/08\/Logo_VG.png\",\"width\":931,\"height\":300,\"caption\":\"Villa Gemma e Villa Barbarano\"},\"image\":{\"@id\":\"https:\/\/www.villagemma.it\/#\/schema\/logo\/image\/\"}}]}<\/script>\n<!-- \/ Yoast SEO plugin. -->","yoast_head_json":{"title":"Blutabnahmestelle - Villa Gemma e Villa Barbarano","robots":{"index":"index","follow":"follow","max-snippet":"max-snippet:-1","max-image-preview":"max-image-preview:large","max-video-preview":"max-video-preview:-1"},"canonical":"https:\/\/www.villagemma.it\/de\/blutabnahmestelle\/","og_locale":"de_DE","og_type":"article","og_title":"Blutabnahmestelle - Villa Gemma e Villa Barbarano","og_description":"Blutabnahmestelle Dienstleistungen im Rahmen der Nationalen Sanit\u00e4tsdienstes und f\u00fcr Privatpatienten: Blutabnahme f\u00fcr klinische biochemische, toxikologische, h\u00e4matologische Untersuchungen, zur Bestimmung der Blutgerinnung, f\u00fcr immunh\u00e4matologische, mikrobiologiche und virologische Analysen. Ge\u00f6ffnet von Montag bis&nbsp;Freitag von 7:30 bis 8:30 Uhr mit freiem Zugang ohne Reservierung. Informationen zur Vorbereitung der Blutabnahmen\/Entnahmen der biologischen Proben erhalten Sie unter der Rufnummer 0365\/298190. [&hellip;]","og_url":"https:\/\/www.villagemma.it\/de\/blutabnahmestelle\/","og_site_name":"Villa Gemma e Villa Barbarano","article_modified_time":"2023-06-29T07:04:45+00:00","twitter_card":"summary_large_image","twitter_misc":{"Gesch\u00e4tzte Lesezeit":"1\u00a0Minute"},"schema":{"@context":"https:\/\/schema.org","@graph":[{"@type":"WebPage","@id":"https:\/\/www.villagemma.it\/de\/blutabnahmestelle\/","url":"https:\/\/www.villagemma.it\/de\/blutabnahmestelle\/","name":"Blutabnahmestelle - Villa Gemma e Villa Barbarano","isPartOf":{"@id":"https:\/\/www.villagemma.it\/#website"},"datePublished":"2023-06-27T09:02:49+00:00","dateModified":"2023-06-29T07:04:45+00:00","breadcrumb":{"@id":"https:\/\/www.villagemma.it\/de\/blutabnahmestelle\/#breadcrumb"},"inLanguage":"de","potentialAction":[{"@type":"ReadAction","target":["https:\/\/www.villagemma.it\/de\/blutabnahmestelle\/"]}]},{"@type":"BreadcrumbList","@id":"https:\/\/www.villagemma.it\/de\/blutabnahmestelle\/#breadcrumb","itemListElement":[{"@type":"ListItem","position":1,"name":"Home","item":"https:\/\/www.villagemma.it\/de\/home\/"},{"@type":"ListItem","position":2,"name":"Blutabnahmestelle"}]},{"@type":"WebSite","@id":"https:\/\/www.villagemma.it\/#website","url":"https:\/\/www.villagemma.it\/","name":"Villa Gemma e Villa Barbarano","description":"","publisher":{"@id":"https:\/\/www.villagemma.it\/#organization"},"potentialAction":[{"@type":"SearchAction","target":{"@type":"EntryPoint","urlTemplate":"https:\/\/www.villagemma.it\/?s={search_term_string}"},"query-input":{"@type":"PropertyValueSpecification","valueRequired":true,"valueName":"search_term_string"}}],"inLanguage":"de"},{"@type":"Organization","@id":"https:\/\/www.villagemma.it\/#organization","name":"Villa Gemma e Villa Barbarano","url":"https:\/\/www.villagemma.it\/","logo":{"@type":"ImageObject","inLanguage":"de","@id":"https:\/\/www.villagemma.it\/#\/schema\/logo\/image\/","url":"https:\/\/www.villagemma.it\/wp-content\/uploads\/2022\/08\/Logo_VG.png","contentUrl":"https:\/\/www.villagemma.it\/wp-content\/uploads\/2022\/08\/Logo_VG.png","width":931,"height":300,"caption":"Villa Gemma e Villa Barbarano"},"image":{"@id":"https:\/\/www.villagemma.it\/#\/schema\/logo\/image\/"}}]}},"_links":{"self":[{"href":"https:\/\/www.villagemma.it\/de\/wp-json\/wp\/v2\/pages\/5877","targetHints":{"allow":["GET"]}}],"collection":[{"href":"https:\/\/www.villagemma.it\/de\/wp-json\/wp\/v2\/pages"}],"about":[{"href":"https:\/\/www.villagemma.it\/de\/wp-json\/wp\/v2\/types\/page"}],"author":[{"embeddable":true,"href":"https:\/\/www.villagemma.it\/de\/wp-json\/wp\/v2\/users\/1"}],"replies":[{"embeddable":true,"href":"https:\/\/www.villagemma.it\/de\/wp-json\/wp\/v2\/comments?post=5877"}],"version-history":[{"count":5,"href":"https:\/\/www.villagemma.it\/de\/wp-json\/wp\/v2\/pages\/5877\/revisions"}],"predecessor-version":[{"id":5884,"href":"https:\/\/www.villagemma.it\/de\/wp-json\/wp\/v2\/pages\/5877\/revisions\/5884"}],"wp:attachment":[{"href":"https:\/\/www.villagemma.it\/de\/wp-json\/wp\/v2\/media?parent=5877"}],"curies":[{"name":"wp","href":"https:\/\/api.w.org\/{rel}","templated":true}]}}