{"id":4954,"date":"2022-08-30T09:02:33","date_gmt":"2022-08-30T09:02:33","guid":{"rendered":"https:\/\/www.villagemma.it\/krankenhausaufenthalte-villa-barbarano\/"},"modified":"2022-12-20T11:31:41","modified_gmt":"2022-12-20T11:31:41","slug":"krankenhausaufenthalte-villa-barbarano","status":"publish","type":"page","link":"https:\/\/www.villagemma.it\/de\/krankenhausaufenthalte-villa-barbarano\/","title":{"rendered":"Krankenhausaufenthalte Villa Barbarano:"},"content":{"rendered":"\t\t<div data-elementor-type=\"wp-page\" data-elementor-id=\"4954\" class=\"elementor elementor-4954\" data-elementor-post-type=\"page\">\n\t\t\t\t\t\t<section class=\"elementor-section elementor-top-section elementor-element elementor-element-73b66d4 elementor-section-height-min-height elementor-section-boxed elementor-section-height-default elementor-section-items-middle\" data-id=\"73b66d4\" data-element_type=\"section\" data-settings=\"{&quot;background_background&quot;:&quot;classic&quot;}\">\n\t\t\t\t\t\t<div class=\"elementor-container elementor-column-gap-default\">\n\t\t\t\t\t<div class=\"elementor-column elementor-col-100 elementor-top-column elementor-element elementor-element-3a0fec0\" data-id=\"3a0fec0\" data-element_type=\"column\">\n\t\t\t<div class=\"elementor-widget-wrap\">\n\t\t\t\t\t\t\t<\/div>\n\t\t<\/div>\n\t\t\t\t\t<\/div>\n\t\t<\/section>\n\t\t\t\t<section class=\"elementor-section elementor-top-section elementor-element elementor-element-5d20fbb elementor-section-boxed elementor-section-height-default elementor-section-height-default\" data-id=\"5d20fbb\" data-element_type=\"section\">\n\t\t\t\t\t\t<div class=\"elementor-container elementor-column-gap-default\">\n\t\t\t\t\t<div class=\"elementor-column elementor-col-100 elementor-top-column elementor-element elementor-element-172cae7\" data-id=\"172cae7\" data-element_type=\"column\">\n\t\t\t<div class=\"elementor-widget-wrap elementor-element-populated\">\n\t\t\t\t\t\t<div class=\"elementor-element elementor-element-0801828 elementor-widget elementor-widget-heading\" data-id=\"0801828\" data-element_type=\"widget\" data-widget_type=\"heading.default\">\n\t\t\t\t<div class=\"elementor-widget-container\">\n\t\t\t\t\t<h1 class=\"elementor-heading-title elementor-size-default\">Villa Barbarano <\/h1>\t\t\t\t<\/div>\n\t\t\t\t<\/div>\n\t\t\t\t\t<\/div>\n\t\t<\/div>\n\t\t\t\t\t<\/div>\n\t\t<\/section>\n\t\t\t\t<section class=\"elementor-section elementor-top-section elementor-element elementor-element-0814819 elementor-section-boxed elementor-section-height-default elementor-section-height-default\" data-id=\"0814819\" data-element_type=\"section\">\n\t\t\t\t\t\t<div class=\"elementor-container elementor-column-gap-default\">\n\t\t\t\t\t<div class=\"elementor-column elementor-col-100 elementor-top-column elementor-element elementor-element-3e3f70b\" data-id=\"3e3f70b\" data-element_type=\"column\">\n\t\t\t<div class=\"elementor-widget-wrap elementor-element-populated\">\n\t\t\t\t\t\t<div class=\"elementor-element elementor-element-0a9c207 elementor-widget elementor-widget-text-editor\" data-id=\"0a9c207\" data-element_type=\"widget\" data-widget_type=\"text-editor.default\">\n\t\t\t\t<div class=\"elementor-widget-container\">\n\t\t\t\t\t\t\t\t\t<p>Der Krankenhausaufenthalt kann vom Patienten oder einem Familienmitglied, vom behandelnden Arzt des Patienten, von einem Arzt des Krankenhauses, in dem der Patient station\u00e4r behandelt wird, gebucht werden Bereiten Sie gem\u00e4\u00df einem vom medizinischen Leiter zu diesem Zweck erstellten Protokoll einen den Erwartungen entsprechenden Aufnahmeweg vor.<\/p>\n\t\t\t\t\t\t\t\t<\/div>\n\t\t\t\t<\/div>\n\t\t\t\t<div class=\"elementor-element elementor-element-1bebc65 elementor-tabs-view-horizontal elementor-widget elementor-widget-tabs\" data-id=\"1bebc65\" data-element_type=\"widget\" data-widget_type=\"tabs.default\">\n\t\t\t\t<div class=\"elementor-widget-container\">\n\t\t\t\t\t\t\t<div class=\"elementor-tabs\">\n\t\t\t<div class=\"elementor-tabs-wrapper\" role=\"tablist\" >\n\t\t\t\t\t\t\t\t\t<div id=\"elementor-tab-title-2921\" class=\"elementor-tab-title elementor-tab-desktop-title\" aria-selected=\"true\" data-tab=\"1\" role=\"tab\" tabindex=\"0\" aria-controls=\"elementor-tab-content-2921\" aria-expanded=\"false\">PRIVATE AUFENTHALTE<\/div>\n\t\t\t\t\t\t\t\t\t<div id=\"elementor-tab-title-2922\" class=\"elementor-tab-title elementor-tab-desktop-title\" aria-selected=\"false\" data-tab=\"2\" role=\"tab\" tabindex=\"-1\" aria-controls=\"elementor-tab-content-2922\" aria-expanded=\"false\">NHS BLEIBT<\/div>\n\t\t\t\t\t\t\t<\/div>\n\t\t\t<div class=\"elementor-tabs-content-wrapper\" role=\"tablist\" aria-orientation=\"vertical\">\n\t\t\t\t\t\t\t\t\t<div class=\"elementor-tab-title elementor-tab-mobile-title\" aria-selected=\"true\" data-tab=\"1\" role=\"tab\" tabindex=\"0\" aria-controls=\"elementor-tab-content-2921\" aria-expanded=\"false\">PRIVATE AUFENTHALTE<\/div>\n\t\t\t\t\t<div id=\"elementor-tab-content-2921\" class=\"elementor-tab-content elementor-clearfix\" data-tab=\"1\" role=\"tabpanel\" aria-labelledby=\"elementor-tab-title-2921\" tabindex=\"0\" hidden=\"false\"><p>Sie k\u00f6nnen den Arzt und das Datum des Krankenhausaufenthalts w\u00e4hlen. In Ihrem privaten Zimmer k\u00f6nnen Sie f\u00fcr die gesamte Dauer Ihres Aufenthaltes eine Begleitperson beherbergen.<\/p>\n<h6><i class=\"fas fa-phone-alt\" aria-hidden=\"true\"><\/i> Wer liebt: 0365\/298347 | <i class=\"fas fa-envelope\" aria-hidden=\"true\"><\/i> Du schreibst: <a href=\"mailto:ricoveri@villagemma.it\">ricoveri@villagemma.it<\/a><\/h6>\n<h6> <\/h6>\n<h6><em>W\u00e4hlen Sie das Zimmer<\/em><\/h6>\n<div id='gallery-1' class='gallery galleryid-4954 gallery-columns-3 gallery-size-medium'><figure class='gallery-item'>\n\t\t\t<div class='gallery-icon landscape'>\n\t\t\t\t<img fetchpriority=\"high\" decoding=\"async\" width=\"300\" height=\"200\" src=\"https:\/\/www.villagemma.it\/wp-content\/uploads\/2022\/09\/VB-Privata-singola-fronte-lago-300x200.jpg\" class=\"attachment-medium size-medium\" alt=\"\" aria-describedby=\"gallery-1-3910\" srcset=\"https:\/\/www.villagemma.it\/wp-content\/uploads\/2022\/09\/VB-Privata-singola-fronte-lago-300x200.jpg 300w, https:\/\/www.villagemma.it\/wp-content\/uploads\/2022\/09\/VB-Privata-singola-fronte-lago-768x512.jpg 768w, https:\/\/www.villagemma.it\/wp-content\/uploads\/2022\/09\/VB-Privata-singola-fronte-lago.jpg 1000w\" sizes=\"(max-width: 300px) 100vw, 300px\" \/>\n\t\t\t<\/div>\n\t\t\t\t<figcaption class='wp-caption-text gallery-caption' id='gallery-1-3910'>\n\t\t\t\tSingola fronte lago\n\t\t\t\t<\/figcaption><\/figure><figure class='gallery-item'>\n\t\t\t<div class='gallery-icon landscape'>\n\t\t\t\t<img decoding=\"async\" width=\"300\" height=\"200\" src=\"https:\/\/www.villagemma.it\/wp-content\/uploads\/2022\/09\/VB-Singola-fronte-lago-300x200.jpg\" class=\"attachment-medium size-medium\" alt=\"\" aria-describedby=\"gallery-1-3911\" srcset=\"https:\/\/www.villagemma.it\/wp-content\/uploads\/2022\/09\/VB-Singola-fronte-lago-300x200.jpg 300w, https:\/\/www.villagemma.it\/wp-content\/uploads\/2022\/09\/VB-Singola-fronte-lago-768x512.jpg 768w, https:\/\/www.villagemma.it\/wp-content\/uploads\/2022\/09\/VB-Singola-fronte-lago.jpg 1000w\" sizes=\"(max-width: 300px) 100vw, 300px\" \/>\n\t\t\t<\/div>\n\t\t\t\t<figcaption class='wp-caption-text gallery-caption' id='gallery-1-3911'>\n\t\t\t\tSingola fronte lago\n\t\t\t\t<\/figcaption><\/figure><figure class='gallery-item'>\n\t\t\t<div class='gallery-icon landscape'>\n\t\t\t\t<img decoding=\"async\" width=\"300\" height=\"200\" src=\"https:\/\/www.villagemma.it\/wp-content\/uploads\/2022\/09\/VB-Doppia-fronte-lago-300x200.jpg\" class=\"attachment-medium size-medium\" alt=\"\" aria-describedby=\"gallery-1-3909\" srcset=\"https:\/\/www.villagemma.it\/wp-content\/uploads\/2022\/09\/VB-Doppia-fronte-lago-300x200.jpg 300w, https:\/\/www.villagemma.it\/wp-content\/uploads\/2022\/09\/VB-Doppia-fronte-lago-768x512.jpg 768w, https:\/\/www.villagemma.it\/wp-content\/uploads\/2022\/09\/VB-Doppia-fronte-lago.jpg 1000w\" sizes=\"(max-width: 300px) 100vw, 300px\" \/>\n\t\t\t<\/div>\n\t\t\t\t<figcaption class='wp-caption-text gallery-caption' id='gallery-1-3909'>\n\t\t\t\tDoppia fronte lago\n\t\t\t\t<\/figcaption><\/figure><figure class='gallery-item'>\n\t\t\t<div class='gallery-icon landscape'>\n\t\t\t\t<img loading=\"lazy\" decoding=\"async\" width=\"300\" height=\"200\" src=\"https:\/\/www.villagemma.it\/wp-content\/uploads\/2022\/09\/VB-SSN-Doppia-fronte-lago-300x200.jpg\" class=\"attachment-medium size-medium\" alt=\"\" aria-describedby=\"gallery-1-3912\" srcset=\"https:\/\/www.villagemma.it\/wp-content\/uploads\/2022\/09\/VB-SSN-Doppia-fronte-lago-300x200.jpg 300w, https:\/\/www.villagemma.it\/wp-content\/uploads\/2022\/09\/VB-SSN-Doppia-fronte-lago-768x512.jpg 768w, https:\/\/www.villagemma.it\/wp-content\/uploads\/2022\/09\/VB-SSN-Doppia-fronte-lago.jpg 1000w\" sizes=\"(max-width: 300px) 100vw, 300px\" \/>\n\t\t\t<\/div>\n\t\t\t\t<figcaption class='wp-caption-text gallery-caption' id='gallery-1-3912'>\n\t\t\t\tDoppia fronte lago\n\t\t\t\t<\/figcaption><\/figure><figure class='gallery-item'>\n\t\t\t<div class='gallery-icon landscape'>\n\t\t\t\t<img loading=\"lazy\" decoding=\"async\" width=\"300\" height=\"200\" src=\"https:\/\/www.villagemma.it\/wp-content\/uploads\/2022\/09\/VB-SSN-Fronte-lago-1-300x200.jpg\" class=\"attachment-medium size-medium\" alt=\"\" aria-describedby=\"gallery-1-3913\" srcset=\"https:\/\/www.villagemma.it\/wp-content\/uploads\/2022\/09\/VB-SSN-Fronte-lago-1-300x200.jpg 300w, https:\/\/www.villagemma.it\/wp-content\/uploads\/2022\/09\/VB-SSN-Fronte-lago-1-768x512.jpg 768w, https:\/\/www.villagemma.it\/wp-content\/uploads\/2022\/09\/VB-SSN-Fronte-lago-1.jpg 1000w\" sizes=\"(max-width: 300px) 100vw, 300px\" \/>\n\t\t\t<\/div>\n\t\t\t\t<figcaption class='wp-caption-text gallery-caption' id='gallery-1-3913'>\n\t\t\t\tDoppia fronte lago\n\t\t\t\t<\/figcaption><\/figure><figure class='gallery-item'>\n\t\t\t<div class='gallery-icon landscape'>\n\t\t\t\t<img loading=\"lazy\" decoding=\"async\" width=\"300\" height=\"200\" src=\"https:\/\/www.villagemma.it\/wp-content\/uploads\/2022\/09\/VBstanzaSNN-1-300x200.jpg\" class=\"attachment-medium size-medium\" alt=\"\" aria-describedby=\"gallery-1-3914\" srcset=\"https:\/\/www.villagemma.it\/wp-content\/uploads\/2022\/09\/VBstanzaSNN-1-300x200.jpg 300w, https:\/\/www.villagemma.it\/wp-content\/uploads\/2022\/09\/VBstanzaSNN-1-768x512.jpg 768w, https:\/\/www.villagemma.it\/wp-content\/uploads\/2022\/09\/VBstanzaSNN-1.jpg 1000w\" sizes=\"(max-width: 300px) 100vw, 300px\" \/>\n\t\t\t<\/div>\n\t\t\t\t<figcaption class='wp-caption-text gallery-caption' id='gallery-1-3914'>\n\t\t\t\tStanza SSN\n\t\t\t\t<\/figcaption><\/figure>\n\t\t<\/div>\n\n<div class=\"bottoni-tab\"><a class=\"elementor-button-link elementor-button elementor-size-md\" role=\"button\" href=\"https:\/\/www.villagemma.it\/de\/unsere-aerzte\/\"><span class=\"elementor-button-content-wrapper\"><span class=\"elementor-button-text\">W\u00e4hlen Sie den Arzt<\/span><\/span><\/a> <a class=\"elementor-button-link elementor-button elementor-size-md\" role=\"button\" href=\"https:\/\/www.villagemma.it\/de\/konventionen\/\"><span class=\"elementor-button-content-wrapper\"><span class=\"elementor-button-text\">Konventionen<\/span><\/span><\/a> <a class=\"elementor-button-link elementor-button elementor-size-md\" role=\"button\" href=\"https:\/\/www.villagemma.it\/de\/sie-muessen-das-angebot-anfordern\/\"><span class=\"elementor-button-content-wrapper\"><span class=\"elementor-button-text\">Sie m\u00fcssen das Angebot anfordern<\/span><\/span><\/a><\/div>\n<\/div>\n\t\t\t\t\t\t\t\t\t<div class=\"elementor-tab-title elementor-tab-mobile-title\" aria-selected=\"false\" data-tab=\"2\" role=\"tab\" tabindex=\"-1\" aria-controls=\"elementor-tab-content-2922\" aria-expanded=\"false\">NHS BLEIBT<\/div>\n\t\t\t\t\t<div id=\"elementor-tab-content-2922\" class=\"elementor-tab-content elementor-clearfix\" data-tab=\"2\" role=\"tabpanel\" aria-labelledby=\"elementor-tab-title-2922\" tabindex=\"0\" hidden=\"hidden\"><p>Alle Kosten werden vom nationalen Gesundheitssystem \u00fcbernommen.<\/p>\n<h6><i class=\"fas fa-phone-alt\" aria-hidden=\"true\"><\/i> Wer liebt: 0365\/298430 | <i class=\"fas fa-envelope\" aria-hidden=\"true\"><\/i> Du schreibst: <a href=\"mailto:ufficioinfermieristico@villagemma.it\">ufficioinfermieristico@villagemma.it<\/a><\/h6>\n<\/div>\n\t\t\t\t\t\t\t<\/div>\n\t\t<\/div>\n\t\t\t\t\t\t<\/div>\n\t\t\t\t<\/div>\n\t\t\t\t<div class=\"elementor-element elementor-element-2650b66 elementor-widget elementor-widget-spacer\" data-id=\"2650b66\" data-element_type=\"widget\" data-widget_type=\"spacer.default\">\n\t\t\t\t<div class=\"elementor-widget-container\">\n\t\t\t\t\t\t\t<div class=\"elementor-spacer\">\n\t\t\t<div class=\"elementor-spacer-inner\"><\/div>\n\t\t<\/div>\n\t\t\t\t\t\t<\/div>\n\t\t\t\t<\/div>\n\t\t\t\t\t<\/div>\n\t\t<\/div>\n\t\t\t\t\t<\/div>\n\t\t<\/section>\n\t\t\t\t<\/div>\n\t\t","protected":false},"excerpt":{"rendered":"<p>Villa Barbarano Der Krankenhausaufenthalt kann vom Patienten oder einem Familienmitglied, vom behandelnden Arzt des Patienten, von einem Arzt des Krankenhauses, in dem der Patient station\u00e4r behandelt wird, gebucht werden Bereiten Sie gem\u00e4\u00df einem vom medizinischen Leiter zu diesem Zweck erstellten Protokoll einen den Erwartungen entsprechenden Aufnahmeweg vor. PRIVATE AUFENTHALTE NHS BLEIBT PRIVATE AUFENTHALTE Sie k\u00f6nnen [&hellip;]<\/p>\n","protected":false},"author":1,"featured_media":0,"parent":0,"menu_order":0,"comment_status":"closed","ping_status":"closed","template":"","meta":{"_acf_changed":false,"footnotes":""},"class_list":["post-4954","page","type-page","status-publish","hentry"],"acf":[],"yoast_head":"<!-- This site is optimized with the Yoast SEO plugin v24.4 - https:\/\/yoast.com\/wordpress\/plugins\/seo\/ -->\n<title>Krankenhausaufenthalte Villa Barbarano: - Villa Gemma e Villa Barbarano<\/title>\n<meta name=\"robots\" content=\"index, follow, max-snippet:-1, max-image-preview:large, max-video-preview:-1\" \/>\n<link rel=\"canonical\" href=\"https:\/\/www.villagemma.it\/de\/krankenhausaufenthalte-villa-barbarano\/\" \/>\n<meta property=\"og:locale\" content=\"de_DE\" \/>\n<meta property=\"og:type\" content=\"article\" \/>\n<meta property=\"og:title\" content=\"Krankenhausaufenthalte Villa Barbarano: - Villa Gemma e Villa Barbarano\" \/>\n<meta property=\"og:description\" content=\"Villa Barbarano Der Krankenhausaufenthalt kann vom Patienten oder einem Familienmitglied, vom behandelnden Arzt des Patienten, von einem Arzt des Krankenhauses, in dem der Patient station\u00e4r behandelt wird, gebucht werden Bereiten Sie gem\u00e4\u00df einem vom medizinischen Leiter zu diesem Zweck erstellten Protokoll einen den Erwartungen entsprechenden Aufnahmeweg vor. PRIVATE AUFENTHALTE NHS BLEIBT PRIVATE AUFENTHALTE Sie k\u00f6nnen [&hellip;]\" \/>\n<meta property=\"og:url\" content=\"https:\/\/www.villagemma.it\/de\/krankenhausaufenthalte-villa-barbarano\/\" \/>\n<meta property=\"og:site_name\" content=\"Villa Gemma e Villa Barbarano\" \/>\n<meta property=\"article:modified_time\" content=\"2022-12-20T11:31:41+00:00\" \/>\n<meta property=\"og:image\" content=\"https:\/\/www.villagemma.it\/wp-content\/uploads\/2022\/09\/VB-Privata-singola-fronte-lago-300x200.jpg\" \/>\n<meta name=\"twitter:card\" content=\"summary_large_image\" \/>\n<meta name=\"twitter:label1\" content=\"Gesch\u00e4tzte Lesezeit\" \/>\n\t<meta name=\"twitter:data1\" content=\"1\u00a0Minute\" \/>\n<script type=\"application\/ld+json\" class=\"yoast-schema-graph\">{\"@context\":\"https:\/\/schema.org\",\"@graph\":[{\"@type\":\"WebPage\",\"@id\":\"https:\/\/www.villagemma.it\/de\/krankenhausaufenthalte-villa-barbarano\/\",\"url\":\"https:\/\/www.villagemma.it\/de\/krankenhausaufenthalte-villa-barbarano\/\",\"name\":\"Krankenhausaufenthalte Villa Barbarano: - Villa Gemma e Villa Barbarano\",\"isPartOf\":{\"@id\":\"https:\/\/www.villagemma.it\/#website\"},\"primaryImageOfPage\":{\"@id\":\"https:\/\/www.villagemma.it\/de\/krankenhausaufenthalte-villa-barbarano\/#primaryimage\"},\"image\":{\"@id\":\"https:\/\/www.villagemma.it\/de\/krankenhausaufenthalte-villa-barbarano\/#primaryimage\"},\"thumbnailUrl\":\"https:\/\/www.villagemma.it\/wp-content\/uploads\/2022\/09\/VB-Privata-singola-fronte-lago-300x200.jpg\",\"datePublished\":\"2022-08-30T09:02:33+00:00\",\"dateModified\":\"2022-12-20T11:31:41+00:00\",\"breadcrumb\":{\"@id\":\"https:\/\/www.villagemma.it\/de\/krankenhausaufenthalte-villa-barbarano\/#breadcrumb\"},\"inLanguage\":\"de\",\"potentialAction\":[{\"@type\":\"ReadAction\",\"target\":[\"https:\/\/www.villagemma.it\/de\/krankenhausaufenthalte-villa-barbarano\/\"]}]},{\"@type\":\"ImageObject\",\"inLanguage\":\"de\",\"@id\":\"https:\/\/www.villagemma.it\/de\/krankenhausaufenthalte-villa-barbarano\/#primaryimage\",\"url\":\"https:\/\/www.villagemma.it\/wp-content\/uploads\/2022\/09\/VB-Privata-singola-fronte-lago-300x200.jpg\",\"contentUrl\":\"https:\/\/www.villagemma.it\/wp-content\/uploads\/2022\/09\/VB-Privata-singola-fronte-lago-300x200.jpg\"},{\"@type\":\"BreadcrumbList\",\"@id\":\"https:\/\/www.villagemma.it\/de\/krankenhausaufenthalte-villa-barbarano\/#breadcrumb\",\"itemListElement\":[{\"@type\":\"ListItem\",\"position\":1,\"name\":\"Home\",\"item\":\"https:\/\/www.villagemma.it\/de\/home\/\"},{\"@type\":\"ListItem\",\"position\":2,\"name\":\"Krankenhausaufenthalte Villa Barbarano:\"}]},{\"@type\":\"WebSite\",\"@id\":\"https:\/\/www.villagemma.it\/#website\",\"url\":\"https:\/\/www.villagemma.it\/\",\"name\":\"Villa Gemma e Villa Barbarano\",\"description\":\"\",\"publisher\":{\"@id\":\"https:\/\/www.villagemma.it\/#organization\"},\"potentialAction\":[{\"@type\":\"SearchAction\",\"target\":{\"@type\":\"EntryPoint\",\"urlTemplate\":\"https:\/\/www.villagemma.it\/?s={search_term_string}\"},\"query-input\":{\"@type\":\"PropertyValueSpecification\",\"valueRequired\":true,\"valueName\":\"search_term_string\"}}],\"inLanguage\":\"de\"},{\"@type\":\"Organization\",\"@id\":\"https:\/\/www.villagemma.it\/#organization\",\"name\":\"Villa Gemma e Villa Barbarano\",\"url\":\"https:\/\/www.villagemma.it\/\",\"logo\":{\"@type\":\"ImageObject\",\"inLanguage\":\"de\",\"@id\":\"https:\/\/www.villagemma.it\/#\/schema\/logo\/image\/\",\"url\":\"https:\/\/www.villagemma.it\/wp-content\/uploads\/2022\/08\/Logo_VG.png\",\"contentUrl\":\"https:\/\/www.villagemma.it\/wp-content\/uploads\/2022\/08\/Logo_VG.png\",\"width\":931,\"height\":300,\"caption\":\"Villa Gemma e Villa Barbarano\"},\"image\":{\"@id\":\"https:\/\/www.villagemma.it\/#\/schema\/logo\/image\/\"}}]}<\/script>\n<!-- \/ Yoast SEO plugin. -->","yoast_head_json":{"title":"Krankenhausaufenthalte Villa Barbarano: - Villa Gemma e Villa Barbarano","robots":{"index":"index","follow":"follow","max-snippet":"max-snippet:-1","max-image-preview":"max-image-preview:large","max-video-preview":"max-video-preview:-1"},"canonical":"https:\/\/www.villagemma.it\/de\/krankenhausaufenthalte-villa-barbarano\/","og_locale":"de_DE","og_type":"article","og_title":"Krankenhausaufenthalte Villa Barbarano: - Villa Gemma e Villa Barbarano","og_description":"Villa Barbarano Der Krankenhausaufenthalt kann vom Patienten oder einem Familienmitglied, vom behandelnden Arzt des Patienten, von einem Arzt des Krankenhauses, in dem der Patient station\u00e4r behandelt wird, gebucht werden Bereiten Sie gem\u00e4\u00df einem vom medizinischen Leiter zu diesem Zweck erstellten Protokoll einen den Erwartungen entsprechenden Aufnahmeweg vor. PRIVATE AUFENTHALTE NHS BLEIBT PRIVATE AUFENTHALTE Sie k\u00f6nnen [&hellip;]","og_url":"https:\/\/www.villagemma.it\/de\/krankenhausaufenthalte-villa-barbarano\/","og_site_name":"Villa Gemma e Villa Barbarano","article_modified_time":"2022-12-20T11:31:41+00:00","og_image":[{"url":"https:\/\/www.villagemma.it\/wp-content\/uploads\/2022\/09\/VB-Privata-singola-fronte-lago-300x200.jpg","type":"","width":"","height":""}],"twitter_card":"summary_large_image","twitter_misc":{"Gesch\u00e4tzte Lesezeit":"1\u00a0Minute"},"schema":{"@context":"https:\/\/schema.org","@graph":[{"@type":"WebPage","@id":"https:\/\/www.villagemma.it\/de\/krankenhausaufenthalte-villa-barbarano\/","url":"https:\/\/www.villagemma.it\/de\/krankenhausaufenthalte-villa-barbarano\/","name":"Krankenhausaufenthalte Villa Barbarano: - Villa Gemma e Villa Barbarano","isPartOf":{"@id":"https:\/\/www.villagemma.it\/#website"},"primaryImageOfPage":{"@id":"https:\/\/www.villagemma.it\/de\/krankenhausaufenthalte-villa-barbarano\/#primaryimage"},"image":{"@id":"https:\/\/www.villagemma.it\/de\/krankenhausaufenthalte-villa-barbarano\/#primaryimage"},"thumbnailUrl":"https:\/\/www.villagemma.it\/wp-content\/uploads\/2022\/09\/VB-Privata-singola-fronte-lago-300x200.jpg","datePublished":"2022-08-30T09:02:33+00:00","dateModified":"2022-12-20T11:31:41+00:00","breadcrumb":{"@id":"https:\/\/www.villagemma.it\/de\/krankenhausaufenthalte-villa-barbarano\/#breadcrumb"},"inLanguage":"de","potentialAction":[{"@type":"ReadAction","target":["https:\/\/www.villagemma.it\/de\/krankenhausaufenthalte-villa-barbarano\/"]}]},{"@type":"ImageObject","inLanguage":"de","@id":"https:\/\/www.villagemma.it\/de\/krankenhausaufenthalte-villa-barbarano\/#primaryimage","url":"https:\/\/www.villagemma.it\/wp-content\/uploads\/2022\/09\/VB-Privata-singola-fronte-lago-300x200.jpg","contentUrl":"https:\/\/www.villagemma.it\/wp-content\/uploads\/2022\/09\/VB-Privata-singola-fronte-lago-300x200.jpg"},{"@type":"BreadcrumbList","@id":"https:\/\/www.villagemma.it\/de\/krankenhausaufenthalte-villa-barbarano\/#breadcrumb","itemListElement":[{"@type":"ListItem","position":1,"name":"Home","item":"https:\/\/www.villagemma.it\/de\/home\/"},{"@type":"ListItem","position":2,"name":"Krankenhausaufenthalte Villa Barbarano:"}]},{"@type":"WebSite","@id":"https:\/\/www.villagemma.it\/#website","url":"https:\/\/www.villagemma.it\/","name":"Villa Gemma e Villa Barbarano","description":"","publisher":{"@id":"https:\/\/www.villagemma.it\/#organization"},"potentialAction":[{"@type":"SearchAction","target":{"@type":"EntryPoint","urlTemplate":"https:\/\/www.villagemma.it\/?s={search_term_string}"},"query-input":{"@type":"PropertyValueSpecification","valueRequired":true,"valueName":"search_term_string"}}],"inLanguage":"de"},{"@type":"Organization","@id":"https:\/\/www.villagemma.it\/#organization","name":"Villa Gemma e Villa Barbarano","url":"https:\/\/www.villagemma.it\/","logo":{"@type":"ImageObject","inLanguage":"de","@id":"https:\/\/www.villagemma.it\/#\/schema\/logo\/image\/","url":"https:\/\/www.villagemma.it\/wp-content\/uploads\/2022\/08\/Logo_VG.png","contentUrl":"https:\/\/www.villagemma.it\/wp-content\/uploads\/2022\/08\/Logo_VG.png","width":931,"height":300,"caption":"Villa Gemma e Villa Barbarano"},"image":{"@id":"https:\/\/www.villagemma.it\/#\/schema\/logo\/image\/"}}]}},"_links":{"self":[{"href":"https:\/\/www.villagemma.it\/de\/wp-json\/wp\/v2\/pages\/4954","targetHints":{"allow":["GET"]}}],"collection":[{"href":"https:\/\/www.villagemma.it\/de\/wp-json\/wp\/v2\/pages"}],"about":[{"href":"https:\/\/www.villagemma.it\/de\/wp-json\/wp\/v2\/types\/page"}],"author":[{"embeddable":true,"href":"https:\/\/www.villagemma.it\/de\/wp-json\/wp\/v2\/users\/1"}],"replies":[{"embeddable":true,"href":"https:\/\/www.villagemma.it\/de\/wp-json\/wp\/v2\/comments?post=4954"}],"version-history":[{"count":1,"href":"https:\/\/www.villagemma.it\/de\/wp-json\/wp\/v2\/pages\/4954\/revisions"}],"predecessor-version":[{"id":4955,"href":"https:\/\/www.villagemma.it\/de\/wp-json\/wp\/v2\/pages\/4954\/revisions\/4955"}],"wp:attachment":[{"href":"https:\/\/www.villagemma.it\/de\/wp-json\/wp\/v2\/media?parent=4954"}],"curies":[{"name":"wp","href":"https:\/\/api.w.org\/{rel}","templated":true}]}}