{"id":4950,"date":"2022-08-30T08:48:14","date_gmt":"2022-08-30T08:48:14","guid":{"rendered":"https:\/\/www.villagemma.it\/werte-und-prinzipien\/"},"modified":"2022-12-20T11:23:42","modified_gmt":"2022-12-20T11:23:42","slug":"werte-und-prinzipien","status":"publish","type":"page","link":"https:\/\/www.villagemma.it\/de\/werte-und-prinzipien\/","title":{"rendered":"Werte und Prinzipien"},"content":{"rendered":"\t\t<div data-elementor-type=\"wp-page\" data-elementor-id=\"4950\" class=\"elementor elementor-4950\" data-elementor-post-type=\"page\">\n\t\t\t\t\t\t<section class=\"elementor-section elementor-top-section elementor-element elementor-element-ec678b6 elementor-section-height-min-height elementor-section-boxed elementor-section-height-default elementor-section-items-middle\" data-id=\"ec678b6\" data-element_type=\"section\" data-settings=\"{&quot;background_background&quot;:&quot;classic&quot;}\">\n\t\t\t\t\t\t<div class=\"elementor-container elementor-column-gap-default\">\n\t\t\t\t\t<div class=\"elementor-column elementor-col-100 elementor-top-column elementor-element elementor-element-253705b\" data-id=\"253705b\" data-element_type=\"column\">\n\t\t\t<div class=\"elementor-widget-wrap\">\n\t\t\t\t\t\t\t<\/div>\n\t\t<\/div>\n\t\t\t\t\t<\/div>\n\t\t<\/section>\n\t\t\t\t<section class=\"elementor-section elementor-top-section elementor-element elementor-element-51c1a46 elementor-section-boxed elementor-section-height-default elementor-section-height-default\" data-id=\"51c1a46\" data-element_type=\"section\">\n\t\t\t\t\t\t<div class=\"elementor-container elementor-column-gap-default\">\n\t\t\t\t\t<div class=\"elementor-column elementor-col-100 elementor-top-column elementor-element elementor-element-3832242\" data-id=\"3832242\" data-element_type=\"column\">\n\t\t\t<div class=\"elementor-widget-wrap elementor-element-populated\">\n\t\t\t\t\t\t<div class=\"elementor-element elementor-element-7029703 elementor-widget elementor-widget-heading\" data-id=\"7029703\" data-element_type=\"widget\" data-widget_type=\"heading.default\">\n\t\t\t\t<div class=\"elementor-widget-container\">\n\t\t\t\t\t<h1 class=\"elementor-heading-title elementor-size-default\">Werte und Prinzipien<\/h1>\t\t\t\t<\/div>\n\t\t\t\t<\/div>\n\t\t\t\t\t<\/div>\n\t\t<\/div>\n\t\t\t\t\t<\/div>\n\t\t<\/section>\n\t\t\t\t<section class=\"elementor-section elementor-top-section elementor-element elementor-element-49643e2 elementor-section-boxed elementor-section-height-default elementor-section-height-default\" data-id=\"49643e2\" data-element_type=\"section\">\n\t\t\t\t\t\t<div class=\"elementor-container elementor-column-gap-default\">\n\t\t\t\t\t<div class=\"elementor-column elementor-col-100 elementor-top-column elementor-element elementor-element-dd2ae32\" data-id=\"dd2ae32\" data-element_type=\"column\">\n\t\t\t<div class=\"elementor-widget-wrap elementor-element-populated\">\n\t\t\t\t\t\t<div class=\"elementor-element elementor-element-7872ef7 elementor-widget elementor-widget-text-editor\" data-id=\"7872ef7\" data-element_type=\"widget\" data-widget_type=\"text-editor.default\">\n\t\t\t\t<div class=\"elementor-widget-container\">\n\t\t\t\t\t\t\t\t\t<div class=\"row no-gutters\">\n<div class=\"col-12\">\n<div class=\"row no-gutters\">\n<div class=\"col-12 col-sm-12 col-md-8 col-lg-8 col-xl-8 offset-0 offset-sm-0 offset-md-2 offset-lg-2 offset-xl-2 text-left\">\n<div class=\"divisore_orizzontale_nero\">Der B\u00fcrger, der sich an die Gesundheitsstruktur wendet, muss in die Lage versetzt werden, frei und unabh\u00e4ngig von materiellen und moralischen Zw\u00e4ngen w\u00e4hlen zu k\u00f6nnen und die Qualit\u00e4t der Dienstleistung auf allen Ebenen wahrzunehmen.<\/div>\n<div> <\/div>\n<\/div>\n<\/div>\n<div class=\"row no-gutters\">\n<div class=\"col-12 col-sm-12 col-md-8 col-lg-8 col-xl-8 offset-0 offset-sm-0 offset-md-2 offset-lg-2 offset-xl-2 d-flex align-items-center\">\n<p>Die <strong>Werte<\/strong> und <strong>Grundprinzipien<\/strong>, die Villa Gemma und Villa Barbarano inspirieren, sind:<\/p>\n<\/div>\n<\/div>\n<\/div>\n<\/div>\n<div class=\"row no-gutters\">\n<div class=\"col-12 d-flex align-items-center bg-ededed\">\n<div class=\"row no-gutters w-100\">\n<div class=\"col-12 col-sm-12 col-md-8 col-lg-8 col-xl-8 offset-0 offset-sm-0 offset-md-2 offset-lg-2 offset-xl-2 d-flex align-items-center\">\n<div class=\"row_post\">\n<h5 id=\"_bl_valori_stit1\" class=\"text-uppercase color-066AB3\"><strong>GLEICHBERECHTIGUNG<\/strong><\/h5>\n<p id=\"_bl_valori_sdesc1\" class=\"text-left testo\">Jede hospitalisierte Person hat das Recht, die am besten geeignete medizinische Versorgung und die beste Behandlung ohne Diskriminierung aufgrund von Alter, Geschlecht, Rasse, Religion, Nationalit\u00e4t oder sozialer Lage zu erhalten.<\/p>\n<\/div>\n<\/div>\n<\/div>\n<\/div>\n<\/div>\n<div class=\"row no-gutters\">\n<div class=\"col-12 d-flex align-items-center bg-ededed\">\n<div class=\"row no-gutters w-100\">\n<div class=\"col-12 col-sm-12 col-md-8 col-lg-8 col-xl-8 offset-0 offset-sm-0 offset-md-2 offset-lg-2 offset-xl-2 d-flex align-items-center\">\n<div class=\"row_post\">\n<h5 id=\"_bl_valori_stit2\" class=\"text-uppercase color-066AB3\"><strong>UNPARTEILICHKEIT<\/strong><\/h5>\n<p id=\"_bl_valori_sdesc2\" class=\"text-left testo\">Mitarbeiter d\u00fcrfen Benutzern keine Bevorzugung in Bezug auf Interessen jeglicher Art anbieten.<\/p>\n<\/div>\n<\/div>\n<\/div>\n<\/div>\n<\/div>\n<div class=\"row no-gutters\">\n<div class=\"col-12 d-flex align-items-center bg-ededed\">\n<div class=\"row no-gutters w-100\">\n<div class=\"col-12 col-sm-12 col-md-8 col-lg-8 col-xl-8 offset-0 offset-sm-0 offset-md-2 offset-lg-2 offset-xl-2 d-flex align-items-center\">\n<div class=\"row_post\">\n<h5 id=\"_bl_valori_stit3\" class=\"text-uppercase color-066AB3\"><strong>KONTINUIT\u00c4T<\/strong><\/h5>\n<p id=\"_bl_valori_sdesc3\" class=\"text-left testo\">Die in der Einrichtung t\u00e4tigen \u00c4rzte haben die Pflicht, die Kontinuit\u00e4t der Versorgung des Krankenhauspatienten sicherzustellen und die bestm\u00f6gliche Genesung auf physischer, psychischer, funktioneller und partizipatorischer Ebene anzustreben.<\/p>\n<\/div>\n<\/div>\n<\/div>\n<\/div>\n<\/div>\n<div class=\"row no-gutters\">\n<div class=\"col-12 d-flex align-items-center bg-ededed\">\n<div class=\"row no-gutters w-100\">\n<div class=\"col-12 col-sm-12 col-md-8 col-lg-8 col-xl-8 offset-0 offset-sm-0 offset-md-2 offset-lg-2 offset-xl-2 d-flex align-items-center\">\n<div class=\"row_post\">\n<h5 id=\"_bl_valori_stit4\" class=\"text-uppercase color-066AB3\"><strong>WAHLRECHT<\/strong><\/h5>\n<p id=\"_bl_valori_sdesc4\" class=\"text-left testo\">Der Patient hat das Recht, frei \u00fcber die von den Angeh\u00f6rigen der Gesundheitsberufe angebotenen Behandlungen zu entscheiden. Der Patient muss unverz\u00fcglich in angemessener Sprache \u00fcber seine Krankheiten, die Techniken und Therapien, denen er unterzogen wird, die verschriebenen und verabreichten Medikamente, den Krankheitsverlauf und das Ergebnis der durchgef\u00fchrten Behandlungen informiert werden, um ihn behandeln zu lassen voll bewusst und beteiligt an der Pflege. Die hospitalisierte Person kann zu jedem Zeitpunkt des Krankenhausaufenthalts die Meinung eines anderen Arztes ihrer Wahl \u00fcber ihren Krankheitszustand und die anzuwendenden Behandlungen einholen.  <\/p>\n<\/div>\n<\/div>\n<\/div>\n<\/div>\n<\/div>\n<div class=\"row no-gutters\">\n<div class=\"col-12 d-flex align-items-center bg-ededed\">\n<div class=\"row no-gutters w-100\">\n<div class=\"col-12 col-sm-12 col-md-8 col-lg-8 col-xl-8 offset-0 offset-sm-0 offset-md-2 offset-lg-2 offset-xl-2 d-flex align-items-center\">\n<div class=\"row_post\">\n<h5 id=\"_bl_valori_stit5\" class=\"text-uppercase color-066AB3\"><strong>EFFEKTIVIT\u00c4T UND EFFIZIENZ<\/strong><\/h5>\n<p id=\"_bl_valori_sdesc5\" class=\"text-left testo\">Das Erreichen immer besserer Gesundheitsbedingungen muss unter optimaler Nutzung der f\u00fcr die Patientenversorgung bereitgestellten Ressourcen angestrebt werden. Das inspirierende Prinzip ist das einer effektiven THERAPEUTISCHEN ALLIANZ zwischen dem behandelnden Team, dem Patienten und seinen Bezugspersonen. <\/p>\n<\/div>\n<\/div>\n<\/div>\n<\/div>\n<\/div>\n\t\t\t\t\t\t\t\t<\/div>\n\t\t\t\t<\/div>\n\t\t\t\t\t<\/div>\n\t\t<\/div>\n\t\t\t\t\t<\/div>\n\t\t<\/section>\n\t\t\t\t<\/div>\n\t\t","protected":false},"excerpt":{"rendered":"<p>Werte und Prinzipien Der B\u00fcrger, der sich an die Gesundheitsstruktur wendet, muss in die Lage versetzt werden, frei und unabh\u00e4ngig von materiellen und moralischen Zw\u00e4ngen w\u00e4hlen zu k\u00f6nnen und die Qualit\u00e4t der Dienstleistung auf allen Ebenen wahrzunehmen. Die Werte und Grundprinzipien, die Villa Gemma und Villa Barbarano inspirieren, sind: GLEICHBERECHTIGUNG Jede hospitalisierte Person hat das [&hellip;]<\/p>\n","protected":false},"author":1,"featured_media":0,"parent":0,"menu_order":0,"comment_status":"closed","ping_status":"closed","template":"","meta":{"_acf_changed":false,"footnotes":""},"class_list":["post-4950","page","type-page","status-publish","hentry"],"acf":[],"yoast_head":"<!-- This site is optimized with the Yoast SEO plugin v24.4 - https:\/\/yoast.com\/wordpress\/plugins\/seo\/ -->\n<title>Werte und Prinzipien - Villa Gemma e Villa Barbarano<\/title>\n<meta name=\"robots\" content=\"index, follow, max-snippet:-1, max-image-preview:large, max-video-preview:-1\" \/>\n<link rel=\"canonical\" href=\"https:\/\/www.villagemma.it\/de\/werte-und-prinzipien\/\" \/>\n<meta property=\"og:locale\" content=\"de_DE\" \/>\n<meta property=\"og:type\" content=\"article\" \/>\n<meta property=\"og:title\" content=\"Werte und Prinzipien - Villa Gemma e Villa Barbarano\" \/>\n<meta property=\"og:description\" content=\"Werte und Prinzipien Der B\u00fcrger, der sich an die Gesundheitsstruktur wendet, muss in die Lage versetzt werden, frei und unabh\u00e4ngig von materiellen und moralischen Zw\u00e4ngen w\u00e4hlen zu k\u00f6nnen und die Qualit\u00e4t der Dienstleistung auf allen Ebenen wahrzunehmen. Die Werte und Grundprinzipien, die Villa Gemma und Villa Barbarano inspirieren, sind: GLEICHBERECHTIGUNG Jede hospitalisierte Person hat das [&hellip;]\" \/>\n<meta property=\"og:url\" content=\"https:\/\/www.villagemma.it\/de\/werte-und-prinzipien\/\" \/>\n<meta property=\"og:site_name\" content=\"Villa Gemma e Villa Barbarano\" \/>\n<meta property=\"article:modified_time\" content=\"2022-12-20T11:23:42+00:00\" \/>\n<meta name=\"twitter:card\" content=\"summary_large_image\" \/>\n<meta name=\"twitter:label1\" content=\"Gesch\u00e4tzte Lesezeit\" \/>\n\t<meta name=\"twitter:data1\" content=\"1\u00a0Minute\" \/>\n<script type=\"application\/ld+json\" class=\"yoast-schema-graph\">{\"@context\":\"https:\/\/schema.org\",\"@graph\":[{\"@type\":\"WebPage\",\"@id\":\"https:\/\/www.villagemma.it\/de\/werte-und-prinzipien\/\",\"url\":\"https:\/\/www.villagemma.it\/de\/werte-und-prinzipien\/\",\"name\":\"Werte und Prinzipien - Villa Gemma e Villa Barbarano\",\"isPartOf\":{\"@id\":\"https:\/\/www.villagemma.it\/#website\"},\"datePublished\":\"2022-08-30T08:48:14+00:00\",\"dateModified\":\"2022-12-20T11:23:42+00:00\",\"breadcrumb\":{\"@id\":\"https:\/\/www.villagemma.it\/de\/werte-und-prinzipien\/#breadcrumb\"},\"inLanguage\":\"de\",\"potentialAction\":[{\"@type\":\"ReadAction\",\"target\":[\"https:\/\/www.villagemma.it\/de\/werte-und-prinzipien\/\"]}]},{\"@type\":\"BreadcrumbList\",\"@id\":\"https:\/\/www.villagemma.it\/de\/werte-und-prinzipien\/#breadcrumb\",\"itemListElement\":[{\"@type\":\"ListItem\",\"position\":1,\"name\":\"Home\",\"item\":\"https:\/\/www.villagemma.it\/de\/home\/\"},{\"@type\":\"ListItem\",\"position\":2,\"name\":\"Werte und Prinzipien\"}]},{\"@type\":\"WebSite\",\"@id\":\"https:\/\/www.villagemma.it\/#website\",\"url\":\"https:\/\/www.villagemma.it\/\",\"name\":\"Villa Gemma e Villa Barbarano\",\"description\":\"\",\"publisher\":{\"@id\":\"https:\/\/www.villagemma.it\/#organization\"},\"potentialAction\":[{\"@type\":\"SearchAction\",\"target\":{\"@type\":\"EntryPoint\",\"urlTemplate\":\"https:\/\/www.villagemma.it\/?s={search_term_string}\"},\"query-input\":{\"@type\":\"PropertyValueSpecification\",\"valueRequired\":true,\"valueName\":\"search_term_string\"}}],\"inLanguage\":\"de\"},{\"@type\":\"Organization\",\"@id\":\"https:\/\/www.villagemma.it\/#organization\",\"name\":\"Villa Gemma e Villa Barbarano\",\"url\":\"https:\/\/www.villagemma.it\/\",\"logo\":{\"@type\":\"ImageObject\",\"inLanguage\":\"de\",\"@id\":\"https:\/\/www.villagemma.it\/#\/schema\/logo\/image\/\",\"url\":\"https:\/\/www.villagemma.it\/wp-content\/uploads\/2022\/08\/Logo_VG.png\",\"contentUrl\":\"https:\/\/www.villagemma.it\/wp-content\/uploads\/2022\/08\/Logo_VG.png\",\"width\":931,\"height\":300,\"caption\":\"Villa Gemma e Villa Barbarano\"},\"image\":{\"@id\":\"https:\/\/www.villagemma.it\/#\/schema\/logo\/image\/\"}}]}<\/script>\n<!-- \/ Yoast SEO plugin. -->","yoast_head_json":{"title":"Werte und Prinzipien - Villa Gemma e Villa Barbarano","robots":{"index":"index","follow":"follow","max-snippet":"max-snippet:-1","max-image-preview":"max-image-preview:large","max-video-preview":"max-video-preview:-1"},"canonical":"https:\/\/www.villagemma.it\/de\/werte-und-prinzipien\/","og_locale":"de_DE","og_type":"article","og_title":"Werte und Prinzipien - Villa Gemma e Villa Barbarano","og_description":"Werte und Prinzipien Der B\u00fcrger, der sich an die Gesundheitsstruktur wendet, muss in die Lage versetzt werden, frei und unabh\u00e4ngig von materiellen und moralischen Zw\u00e4ngen w\u00e4hlen zu k\u00f6nnen und die Qualit\u00e4t der Dienstleistung auf allen Ebenen wahrzunehmen. Die Werte und Grundprinzipien, die Villa Gemma und Villa Barbarano inspirieren, sind: GLEICHBERECHTIGUNG Jede hospitalisierte Person hat das [&hellip;]","og_url":"https:\/\/www.villagemma.it\/de\/werte-und-prinzipien\/","og_site_name":"Villa Gemma e Villa Barbarano","article_modified_time":"2022-12-20T11:23:42+00:00","twitter_card":"summary_large_image","twitter_misc":{"Gesch\u00e4tzte Lesezeit":"1\u00a0Minute"},"schema":{"@context":"https:\/\/schema.org","@graph":[{"@type":"WebPage","@id":"https:\/\/www.villagemma.it\/de\/werte-und-prinzipien\/","url":"https:\/\/www.villagemma.it\/de\/werte-und-prinzipien\/","name":"Werte und Prinzipien - Villa Gemma e Villa Barbarano","isPartOf":{"@id":"https:\/\/www.villagemma.it\/#website"},"datePublished":"2022-08-30T08:48:14+00:00","dateModified":"2022-12-20T11:23:42+00:00","breadcrumb":{"@id":"https:\/\/www.villagemma.it\/de\/werte-und-prinzipien\/#breadcrumb"},"inLanguage":"de","potentialAction":[{"@type":"ReadAction","target":["https:\/\/www.villagemma.it\/de\/werte-und-prinzipien\/"]}]},{"@type":"BreadcrumbList","@id":"https:\/\/www.villagemma.it\/de\/werte-und-prinzipien\/#breadcrumb","itemListElement":[{"@type":"ListItem","position":1,"name":"Home","item":"https:\/\/www.villagemma.it\/de\/home\/"},{"@type":"ListItem","position":2,"name":"Werte und Prinzipien"}]},{"@type":"WebSite","@id":"https:\/\/www.villagemma.it\/#website","url":"https:\/\/www.villagemma.it\/","name":"Villa Gemma e Villa Barbarano","description":"","publisher":{"@id":"https:\/\/www.villagemma.it\/#organization"},"potentialAction":[{"@type":"SearchAction","target":{"@type":"EntryPoint","urlTemplate":"https:\/\/www.villagemma.it\/?s={search_term_string}"},"query-input":{"@type":"PropertyValueSpecification","valueRequired":true,"valueName":"search_term_string"}}],"inLanguage":"de"},{"@type":"Organization","@id":"https:\/\/www.villagemma.it\/#organization","name":"Villa Gemma e Villa Barbarano","url":"https:\/\/www.villagemma.it\/","logo":{"@type":"ImageObject","inLanguage":"de","@id":"https:\/\/www.villagemma.it\/#\/schema\/logo\/image\/","url":"https:\/\/www.villagemma.it\/wp-content\/uploads\/2022\/08\/Logo_VG.png","contentUrl":"https:\/\/www.villagemma.it\/wp-content\/uploads\/2022\/08\/Logo_VG.png","width":931,"height":300,"caption":"Villa Gemma e Villa Barbarano"},"image":{"@id":"https:\/\/www.villagemma.it\/#\/schema\/logo\/image\/"}}]}},"_links":{"self":[{"href":"https:\/\/www.villagemma.it\/de\/wp-json\/wp\/v2\/pages\/4950","targetHints":{"allow":["GET"]}}],"collection":[{"href":"https:\/\/www.villagemma.it\/de\/wp-json\/wp\/v2\/pages"}],"about":[{"href":"https:\/\/www.villagemma.it\/de\/wp-json\/wp\/v2\/types\/page"}],"author":[{"embeddable":true,"href":"https:\/\/www.villagemma.it\/de\/wp-json\/wp\/v2\/users\/1"}],"replies":[{"embeddable":true,"href":"https:\/\/www.villagemma.it\/de\/wp-json\/wp\/v2\/comments?post=4950"}],"version-history":[{"count":1,"href":"https:\/\/www.villagemma.it\/de\/wp-json\/wp\/v2\/pages\/4950\/revisions"}],"predecessor-version":[{"id":4951,"href":"https:\/\/www.villagemma.it\/de\/wp-json\/wp\/v2\/pages\/4950\/revisions\/4951"}],"wp:attachment":[{"href":"https:\/\/www.villagemma.it\/de\/wp-json\/wp\/v2\/media?parent=4950"}],"curies":[{"name":"wp","href":"https:\/\/api.w.org\/{rel}","templated":true}]}}