{"id":4933,"date":"2022-09-06T08:41:09","date_gmt":"2022-09-06T08:41:09","guid":{"rendered":"https:\/\/www.villagemma.it\/ambulante-dienste\/kognitiv-linguistische-rehabilitation\/"},"modified":"2022-12-20T11:12:31","modified_gmt":"2022-12-20T11:12:31","slug":"kognitiv-linguistische-rehabilitation","status":"publish","type":"page","link":"https:\/\/www.villagemma.it\/de\/ambulante-dienste\/kognitiv-linguistische-rehabilitation\/","title":{"rendered":"Kognitiv-linguistische Rehabilitation"},"content":{"rendered":"\t\t<div data-elementor-type=\"wp-page\" data-elementor-id=\"4933\" class=\"elementor elementor-4933\" data-elementor-post-type=\"page\">\n\t\t\t\t\t\t<section class=\"elementor-section elementor-top-section elementor-element elementor-element-46b7cf9a elementor-section-height-min-height elementor-section-boxed elementor-section-height-default elementor-section-items-middle\" data-id=\"46b7cf9a\" data-element_type=\"section\" data-settings=\"{&quot;background_background&quot;:&quot;classic&quot;}\">\n\t\t\t\t\t\t<div class=\"elementor-container elementor-column-gap-default\">\n\t\t\t\t\t<div class=\"elementor-column elementor-col-100 elementor-top-column elementor-element elementor-element-16193f68\" data-id=\"16193f68\" data-element_type=\"column\">\n\t\t\t<div class=\"elementor-widget-wrap\">\n\t\t\t\t\t\t\t<\/div>\n\t\t<\/div>\n\t\t\t\t\t<\/div>\n\t\t<\/section>\n\t\t\t\t<section class=\"elementor-section elementor-top-section elementor-element elementor-element-6612fb36 elementor-section-boxed elementor-section-height-default elementor-section-height-default\" data-id=\"6612fb36\" data-element_type=\"section\">\n\t\t\t\t\t\t<div class=\"elementor-container elementor-column-gap-default\">\n\t\t\t\t\t<div class=\"elementor-column elementor-col-100 elementor-top-column elementor-element elementor-element-4b16bcd4\" data-id=\"4b16bcd4\" data-element_type=\"column\">\n\t\t\t<div class=\"elementor-widget-wrap elementor-element-populated\">\n\t\t\t\t\t\t<div class=\"elementor-element elementor-element-661b169a elementor-widget elementor-widget-heading\" data-id=\"661b169a\" data-element_type=\"widget\" data-widget_type=\"heading.default\">\n\t\t\t\t<div class=\"elementor-widget-container\">\n\t\t\t\t\t<h1 class=\"elementor-heading-title elementor-size-default\">Kognitiv-linguistische Rehabilitation<\/h1>\t\t\t\t<\/div>\n\t\t\t\t<\/div>\n\t\t\t\t\t<\/div>\n\t\t<\/div>\n\t\t\t\t\t<\/div>\n\t\t<\/section>\n\t\t\t\t<section class=\"elementor-section elementor-top-section elementor-element elementor-element-3aa4f190 elementor-section-boxed elementor-section-height-default elementor-section-height-default\" data-id=\"3aa4f190\" data-element_type=\"section\">\n\t\t\t\t\t\t<div class=\"elementor-container elementor-column-gap-default\">\n\t\t\t\t\t<div class=\"elementor-column elementor-col-100 elementor-top-column elementor-element elementor-element-2864567f\" data-id=\"2864567f\" data-element_type=\"column\">\n\t\t\t<div class=\"elementor-widget-wrap elementor-element-populated\">\n\t\t\t\t\t\t<div class=\"elementor-element elementor-element-579a21af elementor-widget elementor-widget-text-editor\" data-id=\"579a21af\" data-element_type=\"widget\" data-widget_type=\"text-editor.default\">\n\t\t\t\t<div class=\"elementor-widget-container\">\n\t\t\t\t\t\t\t\t\t<p>In Verbindung mit der Operationseinheit Rehabilitation befasst sich der Dienst mit der Pr\u00e4vention, Diagnose und Rehabilitation von prim\u00e4ren und erworbenen kognitiv-linguistischen Pathologien. Die wichtigsten behandelten Pathologien sind die Folgen von isch\u00e4mischem und h\u00e4morrhagischem Schlaganfall, vaskul\u00e4rer und degenerativer Enzephalopathie, Parkinson-Krankheit und Parkinsonismus, Kopftrauma, HNO-Erkrankungen, Aphasien, Phonationsst\u00f6rungen, Schluckst\u00f6rungen, Aufmerksamkeitsst\u00f6rungen, Apraxien, Ged\u00e4chtnisst\u00f6rungen usw. Motorische Rehabilitation, neuropsychologische Rehabilitation, logop\u00e4dische Rehabilitation und beruflicher Rehabilitationspfad sind vorgesehen, auch in der virtuellen VRRS-Umgebung (erweiterte\/immersive virtuelle Realit\u00e4t) und in der Telerehabilitation. Das Personal agiert in einer multidisziplin\u00e4ren Perspektive, indem es den Patienten als Ganzes in einem kontinuierlichen und direkten Vergleich zwischen den verschiedenen Berufsgruppen betreut. Es sorgt auch f\u00fcr die Verbindung und Koordination mit dem territorialen Job Insertion Nucleus (NIL). Servicekoordinator: Herr Simona Ferretti    <\/p>\n\t\t\t\t\t\t\t\t<\/div>\n\t\t\t\t<\/div>\n\t\t\t\t\t<\/div>\n\t\t<\/div>\n\t\t\t\t\t<\/div>\n\t\t<\/section>\n\t\t\t\t<section class=\"elementor-section elementor-top-section elementor-element elementor-element-725a76a7 elementor-section-boxed elementor-section-height-default elementor-section-height-default\" data-id=\"725a76a7\" data-element_type=\"section\">\n\t\t\t\t\t\t<div class=\"elementor-container elementor-column-gap-default\">\n\t\t\t\t\t<div class=\"elementor-column elementor-col-25 elementor-top-column elementor-element elementor-element-4396317\" data-id=\"4396317\" data-element_type=\"column\">\n\t\t\t<div class=\"elementor-widget-wrap elementor-element-populated\">\n\t\t\t\t\t\t<div class=\"elementor-element elementor-element-5c0c4ac6 elementor-widget elementor-widget-button\" data-id=\"5c0c4ac6\" data-element_type=\"widget\" data-widget_type=\"button.default\">\n\t\t\t\t<div class=\"elementor-widget-container\">\n\t\t\t\t\t\t\t\t\t<div class=\"elementor-button-wrapper\">\n\t\t\t\t\t<a class=\"elementor-button elementor-button-link elementor-size-sm\" href=\"https:\/\/www.villagemma.it\/de\/reservierungen\/\">\n\t\t\t\t\t\t<span class=\"elementor-button-content-wrapper\">\n\t\t\t\t\t\t\t\t\t<span class=\"elementor-button-text\">Wie bucht man<\/span>\n\t\t\t\t\t<\/span>\n\t\t\t\t\t<\/a>\n\t\t\t\t<\/div>\n\t\t\t\t\t\t\t\t<\/div>\n\t\t\t\t<\/div>\n\t\t\t\t\t<\/div>\n\t\t<\/div>\n\t\t\t\t<div class=\"elementor-column elementor-col-25 elementor-top-column elementor-element elementor-element-155ec5b4\" data-id=\"155ec5b4\" data-element_type=\"column\">\n\t\t\t<div class=\"elementor-widget-wrap elementor-element-populated\">\n\t\t\t\t\t\t<div class=\"elementor-element elementor-element-77197289 elementor-widget elementor-widget-button\" data-id=\"77197289\" data-element_type=\"widget\" data-widget_type=\"button.default\">\n\t\t\t\t<div class=\"elementor-widget-container\">\n\t\t\t\t\t\t\t\t\t<div class=\"elementor-button-wrapper\">\n\t\t\t\t\t<a class=\"elementor-button elementor-button-link elementor-size-sm\" href=\"https:\/\/www.villagemma.it\/de\/unsere-aerzte\/\">\n\t\t\t\t\t\t<span class=\"elementor-button-content-wrapper\">\n\t\t\t\t\t\t\t\t\t<span class=\"elementor-button-text\">Unsere \u00c4rzte<\/span>\n\t\t\t\t\t<\/span>\n\t\t\t\t\t<\/a>\n\t\t\t\t<\/div>\n\t\t\t\t\t\t\t\t<\/div>\n\t\t\t\t<\/div>\n\t\t\t\t\t<\/div>\n\t\t<\/div>\n\t\t\t\t<div class=\"elementor-column elementor-col-25 elementor-top-column elementor-element elementor-element-750e100e\" data-id=\"750e100e\" data-element_type=\"column\">\n\t\t\t<div class=\"elementor-widget-wrap\">\n\t\t\t\t\t\t\t<\/div>\n\t\t<\/div>\n\t\t\t\t<div class=\"elementor-column elementor-col-25 elementor-top-column elementor-element elementor-element-678ebc62\" data-id=\"678ebc62\" data-element_type=\"column\">\n\t\t\t<div class=\"elementor-widget-wrap\">\n\t\t\t\t\t\t\t<\/div>\n\t\t<\/div>\n\t\t\t\t\t<\/div>\n\t\t<\/section>\n\t\t\t\t<section class=\"elementor-section elementor-top-section elementor-element elementor-element-5e26b289 elementor-section-boxed elementor-section-height-default elementor-section-height-default\" data-id=\"5e26b289\" data-element_type=\"section\">\n\t\t\t\t\t\t<div class=\"elementor-container elementor-column-gap-default\">\n\t\t\t\t\t<div class=\"elementor-column elementor-col-100 elementor-top-column elementor-element elementor-element-5df4aa6c\" data-id=\"5df4aa6c\" data-element_type=\"column\">\n\t\t\t<div class=\"elementor-widget-wrap elementor-element-populated\">\n\t\t\t\t\t\t<div class=\"elementor-element elementor-element-3d33e5d1 elementor-widget elementor-widget-text-editor\" data-id=\"3d33e5d1\" data-element_type=\"widget\" data-widget_type=\"text-editor.default\">\n\t\t\t\t<div class=\"elementor-widget-container\">\n\t\t\t\t\t\t\t\t\t<ul>\n<li>Sprachtherapeutischer Dienst<\/li>\n<li>Dienst Klinische Neuropsychologie<\/li>\n<li>Ergotherapeutischer Dienst<\/li>\n<\/ul>\n\t\t\t\t\t\t\t\t<\/div>\n\t\t\t\t<\/div>\n\t\t\t\t\t<\/div>\n\t\t<\/div>\n\t\t\t\t\t<\/div>\n\t\t<\/section>\n\t\t\t\t<\/div>\n\t\t","protected":false},"excerpt":{"rendered":"<p>Kognitiv-linguistische Rehabilitation In Verbindung mit der Operationseinheit Rehabilitation befasst sich der Dienst mit der Pr\u00e4vention, Diagnose und Rehabilitation von prim\u00e4ren und erworbenen kognitiv-linguistischen Pathologien. Die wichtigsten behandelten Pathologien sind die Folgen von isch\u00e4mischem und h\u00e4morrhagischem Schlaganfall, vaskul\u00e4rer und degenerativer Enzephalopathie, Parkinson-Krankheit und Parkinsonismus, Kopftrauma, HNO-Erkrankungen, Aphasien, Phonationsst\u00f6rungen, Schluckst\u00f6rungen, Aufmerksamkeitsst\u00f6rungen, Apraxien, Ged\u00e4chtnisst\u00f6rungen usw. Motorische Rehabilitation, neuropsychologische [&hellip;]<\/p>\n","protected":false},"author":1,"featured_media":0,"parent":4920,"menu_order":0,"comment_status":"closed","ping_status":"closed","template":"","meta":{"_acf_changed":false,"footnotes":""},"class_list":["post-4933","page","type-page","status-publish","hentry"],"acf":[],"yoast_head":"<!-- This site is optimized with the Yoast SEO plugin v24.4 - https:\/\/yoast.com\/wordpress\/plugins\/seo\/ -->\n<title>Kognitiv-linguistische Rehabilitation - Villa Gemma e Villa Barbarano<\/title>\n<meta name=\"robots\" content=\"index, follow, max-snippet:-1, max-image-preview:large, max-video-preview:-1\" \/>\n<link rel=\"canonical\" href=\"https:\/\/www.villagemma.it\/de\/ambulante-dienste\/kognitiv-linguistische-rehabilitation\/\" \/>\n<meta property=\"og:locale\" content=\"de_DE\" \/>\n<meta property=\"og:type\" content=\"article\" \/>\n<meta property=\"og:title\" content=\"Kognitiv-linguistische Rehabilitation - Villa Gemma e Villa Barbarano\" \/>\n<meta property=\"og:description\" content=\"Kognitiv-linguistische Rehabilitation In Verbindung mit der Operationseinheit Rehabilitation befasst sich der Dienst mit der Pr\u00e4vention, Diagnose und Rehabilitation von prim\u00e4ren und erworbenen kognitiv-linguistischen Pathologien. Die wichtigsten behandelten Pathologien sind die Folgen von isch\u00e4mischem und h\u00e4morrhagischem Schlaganfall, vaskul\u00e4rer und degenerativer Enzephalopathie, Parkinson-Krankheit und Parkinsonismus, Kopftrauma, HNO-Erkrankungen, Aphasien, Phonationsst\u00f6rungen, Schluckst\u00f6rungen, Aufmerksamkeitsst\u00f6rungen, Apraxien, Ged\u00e4chtnisst\u00f6rungen usw. Motorische Rehabilitation, neuropsychologische [&hellip;]\" \/>\n<meta property=\"og:url\" content=\"https:\/\/www.villagemma.it\/de\/ambulante-dienste\/kognitiv-linguistische-rehabilitation\/\" \/>\n<meta property=\"og:site_name\" content=\"Villa Gemma e Villa Barbarano\" \/>\n<meta property=\"article:modified_time\" content=\"2022-12-20T11:12:31+00:00\" \/>\n<meta name=\"twitter:card\" content=\"summary_large_image\" \/>\n<meta name=\"twitter:label1\" content=\"Gesch\u00e4tzte Lesezeit\" \/>\n\t<meta name=\"twitter:data1\" content=\"1\u00a0Minute\" \/>\n<script type=\"application\/ld+json\" class=\"yoast-schema-graph\">{\"@context\":\"https:\/\/schema.org\",\"@graph\":[{\"@type\":\"WebPage\",\"@id\":\"https:\/\/www.villagemma.it\/de\/ambulante-dienste\/kognitiv-linguistische-rehabilitation\/\",\"url\":\"https:\/\/www.villagemma.it\/de\/ambulante-dienste\/kognitiv-linguistische-rehabilitation\/\",\"name\":\"Kognitiv-linguistische Rehabilitation - Villa Gemma e Villa Barbarano\",\"isPartOf\":{\"@id\":\"https:\/\/www.villagemma.it\/#website\"},\"datePublished\":\"2022-09-06T08:41:09+00:00\",\"dateModified\":\"2022-12-20T11:12:31+00:00\",\"breadcrumb\":{\"@id\":\"https:\/\/www.villagemma.it\/de\/ambulante-dienste\/kognitiv-linguistische-rehabilitation\/#breadcrumb\"},\"inLanguage\":\"de\",\"potentialAction\":[{\"@type\":\"ReadAction\",\"target\":[\"https:\/\/www.villagemma.it\/de\/ambulante-dienste\/kognitiv-linguistische-rehabilitation\/\"]}]},{\"@type\":\"BreadcrumbList\",\"@id\":\"https:\/\/www.villagemma.it\/de\/ambulante-dienste\/kognitiv-linguistische-rehabilitation\/#breadcrumb\",\"itemListElement\":[{\"@type\":\"ListItem\",\"position\":1,\"name\":\"Home\",\"item\":\"https:\/\/www.villagemma.it\/de\/home\/\"},{\"@type\":\"ListItem\",\"position\":2,\"name\":\"Ambulante Dienste\",\"item\":\"https:\/\/www.villagemma.it\/de\/ambulante-dienste\/\"},{\"@type\":\"ListItem\",\"position\":3,\"name\":\"Kognitiv-linguistische Rehabilitation\"}]},{\"@type\":\"WebSite\",\"@id\":\"https:\/\/www.villagemma.it\/#website\",\"url\":\"https:\/\/www.villagemma.it\/\",\"name\":\"Villa Gemma e Villa Barbarano\",\"description\":\"\",\"publisher\":{\"@id\":\"https:\/\/www.villagemma.it\/#organization\"},\"potentialAction\":[{\"@type\":\"SearchAction\",\"target\":{\"@type\":\"EntryPoint\",\"urlTemplate\":\"https:\/\/www.villagemma.it\/?s={search_term_string}\"},\"query-input\":{\"@type\":\"PropertyValueSpecification\",\"valueRequired\":true,\"valueName\":\"search_term_string\"}}],\"inLanguage\":\"de\"},{\"@type\":\"Organization\",\"@id\":\"https:\/\/www.villagemma.it\/#organization\",\"name\":\"Villa Gemma e Villa Barbarano\",\"url\":\"https:\/\/www.villagemma.it\/\",\"logo\":{\"@type\":\"ImageObject\",\"inLanguage\":\"de\",\"@id\":\"https:\/\/www.villagemma.it\/#\/schema\/logo\/image\/\",\"url\":\"https:\/\/www.villagemma.it\/wp-content\/uploads\/2022\/08\/Logo_VG.png\",\"contentUrl\":\"https:\/\/www.villagemma.it\/wp-content\/uploads\/2022\/08\/Logo_VG.png\",\"width\":931,\"height\":300,\"caption\":\"Villa Gemma e Villa Barbarano\"},\"image\":{\"@id\":\"https:\/\/www.villagemma.it\/#\/schema\/logo\/image\/\"}}]}<\/script>\n<!-- \/ Yoast SEO plugin. -->","yoast_head_json":{"title":"Kognitiv-linguistische Rehabilitation - Villa Gemma e Villa Barbarano","robots":{"index":"index","follow":"follow","max-snippet":"max-snippet:-1","max-image-preview":"max-image-preview:large","max-video-preview":"max-video-preview:-1"},"canonical":"https:\/\/www.villagemma.it\/de\/ambulante-dienste\/kognitiv-linguistische-rehabilitation\/","og_locale":"de_DE","og_type":"article","og_title":"Kognitiv-linguistische Rehabilitation - Villa Gemma e Villa Barbarano","og_description":"Kognitiv-linguistische Rehabilitation In Verbindung mit der Operationseinheit Rehabilitation befasst sich der Dienst mit der Pr\u00e4vention, Diagnose und Rehabilitation von prim\u00e4ren und erworbenen kognitiv-linguistischen Pathologien. Die wichtigsten behandelten Pathologien sind die Folgen von isch\u00e4mischem und h\u00e4morrhagischem Schlaganfall, vaskul\u00e4rer und degenerativer Enzephalopathie, Parkinson-Krankheit und Parkinsonismus, Kopftrauma, HNO-Erkrankungen, Aphasien, Phonationsst\u00f6rungen, Schluckst\u00f6rungen, Aufmerksamkeitsst\u00f6rungen, Apraxien, Ged\u00e4chtnisst\u00f6rungen usw. Motorische Rehabilitation, neuropsychologische [&hellip;]","og_url":"https:\/\/www.villagemma.it\/de\/ambulante-dienste\/kognitiv-linguistische-rehabilitation\/","og_site_name":"Villa Gemma e Villa Barbarano","article_modified_time":"2022-12-20T11:12:31+00:00","twitter_card":"summary_large_image","twitter_misc":{"Gesch\u00e4tzte Lesezeit":"1\u00a0Minute"},"schema":{"@context":"https:\/\/schema.org","@graph":[{"@type":"WebPage","@id":"https:\/\/www.villagemma.it\/de\/ambulante-dienste\/kognitiv-linguistische-rehabilitation\/","url":"https:\/\/www.villagemma.it\/de\/ambulante-dienste\/kognitiv-linguistische-rehabilitation\/","name":"Kognitiv-linguistische Rehabilitation - Villa Gemma e Villa Barbarano","isPartOf":{"@id":"https:\/\/www.villagemma.it\/#website"},"datePublished":"2022-09-06T08:41:09+00:00","dateModified":"2022-12-20T11:12:31+00:00","breadcrumb":{"@id":"https:\/\/www.villagemma.it\/de\/ambulante-dienste\/kognitiv-linguistische-rehabilitation\/#breadcrumb"},"inLanguage":"de","potentialAction":[{"@type":"ReadAction","target":["https:\/\/www.villagemma.it\/de\/ambulante-dienste\/kognitiv-linguistische-rehabilitation\/"]}]},{"@type":"BreadcrumbList","@id":"https:\/\/www.villagemma.it\/de\/ambulante-dienste\/kognitiv-linguistische-rehabilitation\/#breadcrumb","itemListElement":[{"@type":"ListItem","position":1,"name":"Home","item":"https:\/\/www.villagemma.it\/de\/home\/"},{"@type":"ListItem","position":2,"name":"Ambulante Dienste","item":"https:\/\/www.villagemma.it\/de\/ambulante-dienste\/"},{"@type":"ListItem","position":3,"name":"Kognitiv-linguistische Rehabilitation"}]},{"@type":"WebSite","@id":"https:\/\/www.villagemma.it\/#website","url":"https:\/\/www.villagemma.it\/","name":"Villa Gemma e Villa Barbarano","description":"","publisher":{"@id":"https:\/\/www.villagemma.it\/#organization"},"potentialAction":[{"@type":"SearchAction","target":{"@type":"EntryPoint","urlTemplate":"https:\/\/www.villagemma.it\/?s={search_term_string}"},"query-input":{"@type":"PropertyValueSpecification","valueRequired":true,"valueName":"search_term_string"}}],"inLanguage":"de"},{"@type":"Organization","@id":"https:\/\/www.villagemma.it\/#organization","name":"Villa Gemma e Villa Barbarano","url":"https:\/\/www.villagemma.it\/","logo":{"@type":"ImageObject","inLanguage":"de","@id":"https:\/\/www.villagemma.it\/#\/schema\/logo\/image\/","url":"https:\/\/www.villagemma.it\/wp-content\/uploads\/2022\/08\/Logo_VG.png","contentUrl":"https:\/\/www.villagemma.it\/wp-content\/uploads\/2022\/08\/Logo_VG.png","width":931,"height":300,"caption":"Villa Gemma e Villa Barbarano"},"image":{"@id":"https:\/\/www.villagemma.it\/#\/schema\/logo\/image\/"}}]}},"_links":{"self":[{"href":"https:\/\/www.villagemma.it\/de\/wp-json\/wp\/v2\/pages\/4933","targetHints":{"allow":["GET"]}}],"collection":[{"href":"https:\/\/www.villagemma.it\/de\/wp-json\/wp\/v2\/pages"}],"about":[{"href":"https:\/\/www.villagemma.it\/de\/wp-json\/wp\/v2\/types\/page"}],"author":[{"embeddable":true,"href":"https:\/\/www.villagemma.it\/de\/wp-json\/wp\/v2\/users\/1"}],"replies":[{"embeddable":true,"href":"https:\/\/www.villagemma.it\/de\/wp-json\/wp\/v2\/comments?post=4933"}],"version-history":[{"count":1,"href":"https:\/\/www.villagemma.it\/de\/wp-json\/wp\/v2\/pages\/4933\/revisions"}],"predecessor-version":[{"id":4935,"href":"https:\/\/www.villagemma.it\/de\/wp-json\/wp\/v2\/pages\/4933\/revisions\/4935"}],"up":[{"embeddable":true,"href":"https:\/\/www.villagemma.it\/de\/wp-json\/wp\/v2\/pages\/4920"}],"wp:attachment":[{"href":"https:\/\/www.villagemma.it\/de\/wp-json\/wp\/v2\/media?parent=4933"}],"curies":[{"name":"wp","href":"https:\/\/api.w.org\/{rel}","templated":true}]}}