{"id":4931,"date":"2022-09-06T08:37:58","date_gmt":"2022-09-06T08:37:58","guid":{"rendered":"https:\/\/www.villagemma.it\/ambulante-dienste\/kardiologische-rehabilitation\/"},"modified":"2022-12-20T11:12:31","modified_gmt":"2022-12-20T11:12:31","slug":"kardiologische-rehabilitation","status":"publish","type":"page","link":"https:\/\/www.villagemma.it\/de\/ambulante-dienste\/kardiologische-rehabilitation\/","title":{"rendered":"Kardiologische Rehabilitation"},"content":{"rendered":"\t\t<div data-elementor-type=\"wp-page\" data-elementor-id=\"4931\" class=\"elementor elementor-4931\" data-elementor-post-type=\"page\">\n\t\t\t\t\t\t<section class=\"elementor-section elementor-top-section elementor-element elementor-element-6ebde8db elementor-section-height-min-height elementor-section-boxed elementor-section-height-default elementor-section-items-middle\" data-id=\"6ebde8db\" data-element_type=\"section\" data-settings=\"{&quot;background_background&quot;:&quot;classic&quot;}\">\n\t\t\t\t\t\t<div class=\"elementor-container elementor-column-gap-default\">\n\t\t\t\t\t<div class=\"elementor-column elementor-col-100 elementor-top-column elementor-element elementor-element-2178138c\" data-id=\"2178138c\" data-element_type=\"column\">\n\t\t\t<div class=\"elementor-widget-wrap\">\n\t\t\t\t\t\t\t<\/div>\n\t\t<\/div>\n\t\t\t\t\t<\/div>\n\t\t<\/section>\n\t\t\t\t<section class=\"elementor-section elementor-top-section elementor-element elementor-element-7b51928c elementor-section-boxed elementor-section-height-default elementor-section-height-default\" data-id=\"7b51928c\" data-element_type=\"section\">\n\t\t\t\t\t\t<div class=\"elementor-container elementor-column-gap-default\">\n\t\t\t\t\t<div class=\"elementor-column elementor-col-100 elementor-top-column elementor-element elementor-element-63733920\" data-id=\"63733920\" data-element_type=\"column\">\n\t\t\t<div class=\"elementor-widget-wrap elementor-element-populated\">\n\t\t\t\t\t\t<div class=\"elementor-element elementor-element-253c6002 elementor-widget elementor-widget-heading\" data-id=\"253c6002\" data-element_type=\"widget\" data-widget_type=\"heading.default\">\n\t\t\t\t<div class=\"elementor-widget-container\">\n\t\t\t\t\t<h1 class=\"elementor-heading-title elementor-size-default\">Kardiologische Rehabilitation<\/h1>\t\t\t\t<\/div>\n\t\t\t\t<\/div>\n\t\t\t\t\t<\/div>\n\t\t<\/div>\n\t\t\t\t\t<\/div>\n\t\t<\/section>\n\t\t\t\t<section class=\"elementor-section elementor-top-section elementor-element elementor-element-2d0c0e18 elementor-section-boxed elementor-section-height-default elementor-section-height-default\" data-id=\"2d0c0e18\" data-element_type=\"section\">\n\t\t\t\t\t\t<div class=\"elementor-container elementor-column-gap-default\">\n\t\t\t\t\t<div class=\"elementor-column elementor-col-100 elementor-top-column elementor-element elementor-element-1e6c1300\" data-id=\"1e6c1300\" data-element_type=\"column\">\n\t\t\t<div class=\"elementor-widget-wrap elementor-element-populated\">\n\t\t\t\t\t\t<div class=\"elementor-element elementor-element-7748b51b elementor-widget elementor-widget-text-editor\" data-id=\"7748b51b\" data-element_type=\"widget\" data-widget_type=\"text-editor.default\">\n\t\t\t\t<div class=\"elementor-widget-container\">\n\t\t\t\t\t\t\t\t\t<p>Es ist ein Weg zur sekund\u00e4ren kardiovaskul\u00e4ren Pr\u00e4vention. Der Rehabilitationsprozess wird auf der Grundlage der klinisch-kardiologischen Beurteilung des Probanden durchgef\u00fchrt, um k\u00f6rperliche \u00dcbungen gem\u00e4\u00df einem vom Spezialisten definierten individuellen Rehabilitationsprogramm zu programmieren, um Ziele wie klinische Stabilit\u00e4t, Optimierung der medikament\u00f6sen Therapie und des Risikoprofils des kardiovaskul\u00e4ren Systems sowie die Reduzierung zu erreichen von Rezidiven kardialer Ereignisse, die Verbesserung der Funktionsf\u00e4higkeit und die Optimierung der R\u00fcckkehr ins aktive Leben. Sig Nella Gosetti: Koordinatorin des Rehabilitationsdienstes des Pflegeheims Villa Gemma  <\/p>\n\t\t\t\t\t\t\t\t<\/div>\n\t\t\t\t<\/div>\n\t\t\t\t\t<\/div>\n\t\t<\/div>\n\t\t\t\t\t<\/div>\n\t\t<\/section>\n\t\t\t\t<section class=\"elementor-section elementor-top-section elementor-element elementor-element-7a930705 elementor-section-boxed elementor-section-height-default elementor-section-height-default\" data-id=\"7a930705\" data-element_type=\"section\">\n\t\t\t\t\t\t<div class=\"elementor-container elementor-column-gap-default\">\n\t\t\t\t\t<div class=\"elementor-column elementor-col-25 elementor-top-column elementor-element elementor-element-7e63ea29\" data-id=\"7e63ea29\" data-element_type=\"column\">\n\t\t\t<div class=\"elementor-widget-wrap elementor-element-populated\">\n\t\t\t\t\t\t<div class=\"elementor-element elementor-element-36ecd87c elementor-widget elementor-widget-button\" data-id=\"36ecd87c\" data-element_type=\"widget\" data-widget_type=\"button.default\">\n\t\t\t\t<div class=\"elementor-widget-container\">\n\t\t\t\t\t\t\t\t\t<div class=\"elementor-button-wrapper\">\n\t\t\t\t\t<a class=\"elementor-button elementor-button-link elementor-size-sm\" href=\"https:\/\/www.villagemma.it\/de\/reservierungen\/\">\n\t\t\t\t\t\t<span class=\"elementor-button-content-wrapper\">\n\t\t\t\t\t\t\t\t\t<span class=\"elementor-button-text\">Wie bucht man<\/span>\n\t\t\t\t\t<\/span>\n\t\t\t\t\t<\/a>\n\t\t\t\t<\/div>\n\t\t\t\t\t\t\t\t<\/div>\n\t\t\t\t<\/div>\n\t\t\t\t\t<\/div>\n\t\t<\/div>\n\t\t\t\t<div class=\"elementor-column elementor-col-25 elementor-top-column elementor-element elementor-element-564212eb\" data-id=\"564212eb\" data-element_type=\"column\">\n\t\t\t<div class=\"elementor-widget-wrap elementor-element-populated\">\n\t\t\t\t\t\t<div class=\"elementor-element elementor-element-66751cc elementor-widget elementor-widget-button\" data-id=\"66751cc\" data-element_type=\"widget\" data-widget_type=\"button.default\">\n\t\t\t\t<div class=\"elementor-widget-container\">\n\t\t\t\t\t\t\t\t\t<div class=\"elementor-button-wrapper\">\n\t\t\t\t\t<a class=\"elementor-button elementor-button-link elementor-size-sm\" href=\"https:\/\/www.villagemma.it\/de\/unsere-aerzte\/\">\n\t\t\t\t\t\t<span class=\"elementor-button-content-wrapper\">\n\t\t\t\t\t\t\t\t\t<span class=\"elementor-button-text\">Unsere \u00c4rzte<\/span>\n\t\t\t\t\t<\/span>\n\t\t\t\t\t<\/a>\n\t\t\t\t<\/div>\n\t\t\t\t\t\t\t\t<\/div>\n\t\t\t\t<\/div>\n\t\t\t\t\t<\/div>\n\t\t<\/div>\n\t\t\t\t<div class=\"elementor-column elementor-col-25 elementor-top-column elementor-element elementor-element-610973b7\" data-id=\"610973b7\" data-element_type=\"column\">\n\t\t\t<div class=\"elementor-widget-wrap\">\n\t\t\t\t\t\t\t<\/div>\n\t\t<\/div>\n\t\t\t\t<div class=\"elementor-column elementor-col-25 elementor-top-column elementor-element elementor-element-1f674e59\" data-id=\"1f674e59\" data-element_type=\"column\">\n\t\t\t<div class=\"elementor-widget-wrap\">\n\t\t\t\t\t\t\t<\/div>\n\t\t<\/div>\n\t\t\t\t\t<\/div>\n\t\t<\/section>\n\t\t\t\t<section class=\"elementor-section elementor-top-section elementor-element elementor-element-597d7e19 elementor-hidden-desktop elementor-hidden-tablet elementor-hidden-mobile elementor-section-boxed elementor-section-height-default elementor-section-height-default\" data-id=\"597d7e19\" data-element_type=\"section\">\n\t\t\t\t\t\t<div class=\"elementor-container elementor-column-gap-default\">\n\t\t\t\t\t<div class=\"elementor-column elementor-col-100 elementor-top-column elementor-element elementor-element-ed6e0c\" data-id=\"ed6e0c\" data-element_type=\"column\">\n\t\t\t<div class=\"elementor-widget-wrap elementor-element-populated\">\n\t\t\t\t\t\t<div class=\"elementor-element elementor-element-53ee9c4 elementor-widget elementor-widget-text-editor\" data-id=\"53ee9c4\" data-element_type=\"widget\" data-widget_type=\"text-editor.default\">\n\t\t\t\t<div class=\"elementor-widget-container\">\n\t\t\t\t\t\t\t\t\t<ul>\n \t<li>lorem<\/li>\n \n<\/ul>\t\t\t\t\t\t\t\t<\/div>\n\t\t\t\t<\/div>\n\t\t\t\t\t<\/div>\n\t\t<\/div>\n\t\t\t\t\t<\/div>\n\t\t<\/section>\n\t\t\t\t<\/div>\n\t\t","protected":false},"excerpt":{"rendered":"<p>Kardiologische Rehabilitation Es ist ein Weg zur sekund\u00e4ren kardiovaskul\u00e4ren Pr\u00e4vention. Der Rehabilitationsprozess wird auf der Grundlage der klinisch-kardiologischen Beurteilung des Probanden durchgef\u00fchrt, um k\u00f6rperliche \u00dcbungen gem\u00e4\u00df einem vom Spezialisten definierten individuellen Rehabilitationsprogramm zu programmieren, um Ziele wie klinische Stabilit\u00e4t, Optimierung der medikament\u00f6sen Therapie und des Risikoprofils des kardiovaskul\u00e4ren Systems sowie die Reduzierung zu erreichen von [&hellip;]<\/p>\n","protected":false},"author":1,"featured_media":0,"parent":4920,"menu_order":0,"comment_status":"closed","ping_status":"closed","template":"","meta":{"_acf_changed":false,"footnotes":""},"class_list":["post-4931","page","type-page","status-publish","hentry"],"acf":[],"yoast_head":"<!-- This site is optimized with the Yoast SEO plugin v24.4 - https:\/\/yoast.com\/wordpress\/plugins\/seo\/ -->\n<title>Kardiologische Rehabilitation - Villa Gemma e Villa Barbarano<\/title>\n<meta name=\"robots\" content=\"index, follow, max-snippet:-1, max-image-preview:large, max-video-preview:-1\" \/>\n<link rel=\"canonical\" href=\"https:\/\/www.villagemma.it\/de\/ambulante-dienste\/kardiologische-rehabilitation\/\" \/>\n<meta property=\"og:locale\" content=\"de_DE\" \/>\n<meta property=\"og:type\" content=\"article\" \/>\n<meta property=\"og:title\" content=\"Kardiologische Rehabilitation - Villa Gemma e Villa Barbarano\" \/>\n<meta property=\"og:description\" content=\"Kardiologische Rehabilitation Es ist ein Weg zur sekund\u00e4ren kardiovaskul\u00e4ren Pr\u00e4vention. Der Rehabilitationsprozess wird auf der Grundlage der klinisch-kardiologischen Beurteilung des Probanden durchgef\u00fchrt, um k\u00f6rperliche \u00dcbungen gem\u00e4\u00df einem vom Spezialisten definierten individuellen Rehabilitationsprogramm zu programmieren, um Ziele wie klinische Stabilit\u00e4t, Optimierung der medikament\u00f6sen Therapie und des Risikoprofils des kardiovaskul\u00e4ren Systems sowie die Reduzierung zu erreichen von [&hellip;]\" \/>\n<meta property=\"og:url\" content=\"https:\/\/www.villagemma.it\/de\/ambulante-dienste\/kardiologische-rehabilitation\/\" \/>\n<meta property=\"og:site_name\" content=\"Villa Gemma e Villa Barbarano\" \/>\n<meta property=\"article:modified_time\" content=\"2022-12-20T11:12:31+00:00\" \/>\n<meta name=\"twitter:card\" content=\"summary_large_image\" \/>\n<script type=\"application\/ld+json\" class=\"yoast-schema-graph\">{\"@context\":\"https:\/\/schema.org\",\"@graph\":[{\"@type\":\"WebPage\",\"@id\":\"https:\/\/www.villagemma.it\/de\/ambulante-dienste\/kardiologische-rehabilitation\/\",\"url\":\"https:\/\/www.villagemma.it\/de\/ambulante-dienste\/kardiologische-rehabilitation\/\",\"name\":\"Kardiologische Rehabilitation - Villa Gemma e Villa Barbarano\",\"isPartOf\":{\"@id\":\"https:\/\/www.villagemma.it\/#website\"},\"datePublished\":\"2022-09-06T08:37:58+00:00\",\"dateModified\":\"2022-12-20T11:12:31+00:00\",\"breadcrumb\":{\"@id\":\"https:\/\/www.villagemma.it\/de\/ambulante-dienste\/kardiologische-rehabilitation\/#breadcrumb\"},\"inLanguage\":\"de\",\"potentialAction\":[{\"@type\":\"ReadAction\",\"target\":[\"https:\/\/www.villagemma.it\/de\/ambulante-dienste\/kardiologische-rehabilitation\/\"]}]},{\"@type\":\"BreadcrumbList\",\"@id\":\"https:\/\/www.villagemma.it\/de\/ambulante-dienste\/kardiologische-rehabilitation\/#breadcrumb\",\"itemListElement\":[{\"@type\":\"ListItem\",\"position\":1,\"name\":\"Home\",\"item\":\"https:\/\/www.villagemma.it\/de\/home\/\"},{\"@type\":\"ListItem\",\"position\":2,\"name\":\"Ambulante Dienste\",\"item\":\"https:\/\/www.villagemma.it\/de\/ambulante-dienste\/\"},{\"@type\":\"ListItem\",\"position\":3,\"name\":\"Kardiologische Rehabilitation\"}]},{\"@type\":\"WebSite\",\"@id\":\"https:\/\/www.villagemma.it\/#website\",\"url\":\"https:\/\/www.villagemma.it\/\",\"name\":\"Villa Gemma e Villa Barbarano\",\"description\":\"\",\"publisher\":{\"@id\":\"https:\/\/www.villagemma.it\/#organization\"},\"potentialAction\":[{\"@type\":\"SearchAction\",\"target\":{\"@type\":\"EntryPoint\",\"urlTemplate\":\"https:\/\/www.villagemma.it\/?s={search_term_string}\"},\"query-input\":{\"@type\":\"PropertyValueSpecification\",\"valueRequired\":true,\"valueName\":\"search_term_string\"}}],\"inLanguage\":\"de\"},{\"@type\":\"Organization\",\"@id\":\"https:\/\/www.villagemma.it\/#organization\",\"name\":\"Villa Gemma e Villa Barbarano\",\"url\":\"https:\/\/www.villagemma.it\/\",\"logo\":{\"@type\":\"ImageObject\",\"inLanguage\":\"de\",\"@id\":\"https:\/\/www.villagemma.it\/#\/schema\/logo\/image\/\",\"url\":\"https:\/\/www.villagemma.it\/wp-content\/uploads\/2022\/08\/Logo_VG.png\",\"contentUrl\":\"https:\/\/www.villagemma.it\/wp-content\/uploads\/2022\/08\/Logo_VG.png\",\"width\":931,\"height\":300,\"caption\":\"Villa Gemma e Villa Barbarano\"},\"image\":{\"@id\":\"https:\/\/www.villagemma.it\/#\/schema\/logo\/image\/\"}}]}<\/script>\n<!-- \/ Yoast SEO plugin. -->","yoast_head_json":{"title":"Kardiologische Rehabilitation - Villa Gemma e Villa Barbarano","robots":{"index":"index","follow":"follow","max-snippet":"max-snippet:-1","max-image-preview":"max-image-preview:large","max-video-preview":"max-video-preview:-1"},"canonical":"https:\/\/www.villagemma.it\/de\/ambulante-dienste\/kardiologische-rehabilitation\/","og_locale":"de_DE","og_type":"article","og_title":"Kardiologische Rehabilitation - Villa Gemma e Villa Barbarano","og_description":"Kardiologische Rehabilitation Es ist ein Weg zur sekund\u00e4ren kardiovaskul\u00e4ren Pr\u00e4vention. Der Rehabilitationsprozess wird auf der Grundlage der klinisch-kardiologischen Beurteilung des Probanden durchgef\u00fchrt, um k\u00f6rperliche \u00dcbungen gem\u00e4\u00df einem vom Spezialisten definierten individuellen Rehabilitationsprogramm zu programmieren, um Ziele wie klinische Stabilit\u00e4t, Optimierung der medikament\u00f6sen Therapie und des Risikoprofils des kardiovaskul\u00e4ren Systems sowie die Reduzierung zu erreichen von [&hellip;]","og_url":"https:\/\/www.villagemma.it\/de\/ambulante-dienste\/kardiologische-rehabilitation\/","og_site_name":"Villa Gemma e Villa Barbarano","article_modified_time":"2022-12-20T11:12:31+00:00","twitter_card":"summary_large_image","schema":{"@context":"https:\/\/schema.org","@graph":[{"@type":"WebPage","@id":"https:\/\/www.villagemma.it\/de\/ambulante-dienste\/kardiologische-rehabilitation\/","url":"https:\/\/www.villagemma.it\/de\/ambulante-dienste\/kardiologische-rehabilitation\/","name":"Kardiologische Rehabilitation - Villa Gemma e Villa Barbarano","isPartOf":{"@id":"https:\/\/www.villagemma.it\/#website"},"datePublished":"2022-09-06T08:37:58+00:00","dateModified":"2022-12-20T11:12:31+00:00","breadcrumb":{"@id":"https:\/\/www.villagemma.it\/de\/ambulante-dienste\/kardiologische-rehabilitation\/#breadcrumb"},"inLanguage":"de","potentialAction":[{"@type":"ReadAction","target":["https:\/\/www.villagemma.it\/de\/ambulante-dienste\/kardiologische-rehabilitation\/"]}]},{"@type":"BreadcrumbList","@id":"https:\/\/www.villagemma.it\/de\/ambulante-dienste\/kardiologische-rehabilitation\/#breadcrumb","itemListElement":[{"@type":"ListItem","position":1,"name":"Home","item":"https:\/\/www.villagemma.it\/de\/home\/"},{"@type":"ListItem","position":2,"name":"Ambulante Dienste","item":"https:\/\/www.villagemma.it\/de\/ambulante-dienste\/"},{"@type":"ListItem","position":3,"name":"Kardiologische Rehabilitation"}]},{"@type":"WebSite","@id":"https:\/\/www.villagemma.it\/#website","url":"https:\/\/www.villagemma.it\/","name":"Villa Gemma e Villa Barbarano","description":"","publisher":{"@id":"https:\/\/www.villagemma.it\/#organization"},"potentialAction":[{"@type":"SearchAction","target":{"@type":"EntryPoint","urlTemplate":"https:\/\/www.villagemma.it\/?s={search_term_string}"},"query-input":{"@type":"PropertyValueSpecification","valueRequired":true,"valueName":"search_term_string"}}],"inLanguage":"de"},{"@type":"Organization","@id":"https:\/\/www.villagemma.it\/#organization","name":"Villa Gemma e Villa Barbarano","url":"https:\/\/www.villagemma.it\/","logo":{"@type":"ImageObject","inLanguage":"de","@id":"https:\/\/www.villagemma.it\/#\/schema\/logo\/image\/","url":"https:\/\/www.villagemma.it\/wp-content\/uploads\/2022\/08\/Logo_VG.png","contentUrl":"https:\/\/www.villagemma.it\/wp-content\/uploads\/2022\/08\/Logo_VG.png","width":931,"height":300,"caption":"Villa Gemma e Villa Barbarano"},"image":{"@id":"https:\/\/www.villagemma.it\/#\/schema\/logo\/image\/"}}]}},"_links":{"self":[{"href":"https:\/\/www.villagemma.it\/de\/wp-json\/wp\/v2\/pages\/4931","targetHints":{"allow":["GET"]}}],"collection":[{"href":"https:\/\/www.villagemma.it\/de\/wp-json\/wp\/v2\/pages"}],"about":[{"href":"https:\/\/www.villagemma.it\/de\/wp-json\/wp\/v2\/types\/page"}],"author":[{"embeddable":true,"href":"https:\/\/www.villagemma.it\/de\/wp-json\/wp\/v2\/users\/1"}],"replies":[{"embeddable":true,"href":"https:\/\/www.villagemma.it\/de\/wp-json\/wp\/v2\/comments?post=4931"}],"version-history":[{"count":2,"href":"https:\/\/www.villagemma.it\/de\/wp-json\/wp\/v2\/pages\/4931\/revisions"}],"predecessor-version":[{"id":4934,"href":"https:\/\/www.villagemma.it\/de\/wp-json\/wp\/v2\/pages\/4931\/revisions\/4934"}],"up":[{"embeddable":true,"href":"https:\/\/www.villagemma.it\/de\/wp-json\/wp\/v2\/pages\/4920"}],"wp:attachment":[{"href":"https:\/\/www.villagemma.it\/de\/wp-json\/wp\/v2\/media?parent=4931"}],"curies":[{"name":"wp","href":"https:\/\/api.w.org\/{rel}","templated":true}]}}