{"id":4929,"date":"2022-09-19T08:35:49","date_gmt":"2022-09-19T08:35:49","guid":{"rendered":"https:\/\/www.villagemma.it\/ambulante-dienste\/sauerstoff-systemische-sauerstoff-ozontherapie\/"},"modified":"2022-12-20T11:11:14","modified_gmt":"2022-12-20T11:11:14","slug":"sauerstoff-systemische-sauerstoff-ozontherapie","status":"publish","type":"page","link":"https:\/\/www.villagemma.it\/de\/ambulante-dienste\/sauerstoff-systemische-sauerstoff-ozontherapie\/","title":{"rendered":"Sauerstoff &#8211; Systemische Sauerstoff-Ozontherapie"},"content":{"rendered":"\t\t<div data-elementor-type=\"wp-page\" data-elementor-id=\"4929\" class=\"elementor elementor-4929\" data-elementor-post-type=\"page\">\n\t\t\t\t\t\t<section class=\"elementor-section elementor-top-section elementor-element elementor-element-42933d30 elementor-section-height-min-height elementor-section-boxed elementor-section-height-default elementor-section-items-middle\" data-id=\"42933d30\" data-element_type=\"section\" data-settings=\"{&quot;background_background&quot;:&quot;classic&quot;}\">\n\t\t\t\t\t\t<div class=\"elementor-container elementor-column-gap-default\">\n\t\t\t\t\t<div class=\"elementor-column elementor-col-100 elementor-top-column elementor-element elementor-element-50fc1ca8\" data-id=\"50fc1ca8\" data-element_type=\"column\">\n\t\t\t<div class=\"elementor-widget-wrap\">\n\t\t\t\t\t\t\t<\/div>\n\t\t<\/div>\n\t\t\t\t\t<\/div>\n\t\t<\/section>\n\t\t\t\t<section class=\"elementor-section elementor-top-section elementor-element elementor-element-137fa0a1 elementor-section-boxed elementor-section-height-default elementor-section-height-default\" data-id=\"137fa0a1\" data-element_type=\"section\">\n\t\t\t\t\t\t<div class=\"elementor-container elementor-column-gap-default\">\n\t\t\t\t\t<div class=\"elementor-column elementor-col-100 elementor-top-column elementor-element elementor-element-251e191c\" data-id=\"251e191c\" data-element_type=\"column\">\n\t\t\t<div class=\"elementor-widget-wrap elementor-element-populated\">\n\t\t\t\t\t\t<div class=\"elementor-element elementor-element-605fa277 elementor-widget elementor-widget-heading\" data-id=\"605fa277\" data-element_type=\"widget\" data-widget_type=\"heading.default\">\n\t\t\t\t<div class=\"elementor-widget-container\">\n\t\t\t\t\t<h1 class=\"elementor-heading-title elementor-size-default\">Sauerstoff - Systemische Sauerstoff-Ozontherapie<\/h1>\t\t\t\t<\/div>\n\t\t\t\t<\/div>\n\t\t\t\t\t<\/div>\n\t\t<\/div>\n\t\t\t\t\t<\/div>\n\t\t<\/section>\n\t\t\t\t<section class=\"elementor-section elementor-top-section elementor-element elementor-element-adfe018 elementor-section-boxed elementor-section-height-default elementor-section-height-default\" data-id=\"adfe018\" data-element_type=\"section\">\n\t\t\t\t\t\t<div class=\"elementor-container elementor-column-gap-default\">\n\t\t\t\t\t<div class=\"elementor-column elementor-col-100 elementor-top-column elementor-element elementor-element-6f1c2ea\" data-id=\"6f1c2ea\" data-element_type=\"column\">\n\t\t\t<div class=\"elementor-widget-wrap elementor-element-populated\">\n\t\t\t\t\t\t<div class=\"elementor-element elementor-element-7fbfe7e elementor-widget elementor-widget-heading\" data-id=\"7fbfe7e\" data-element_type=\"widget\" data-widget_type=\"heading.default\">\n\t\t\t\t<div class=\"elementor-widget-container\">\n\t\t\t\t\t<h2 class=\"elementor-heading-title elementor-size-default\">EINE NEUE ERG\u00c4NZENDE THERAPIE IN DER VILLA BARBARANO: SYSTEMISCHE SAUERSTOFF-OZON-THERAPIE<\/h2>\t\t\t\t<\/div>\n\t\t\t\t<\/div>\n\t\t\t\t<div class=\"elementor-element elementor-element-cced310 elementor-widget elementor-widget-text-editor\" data-id=\"cced310\" data-element_type=\"widget\" data-widget_type=\"text-editor.default\">\n\t\t\t\t<div class=\"elementor-widget-container\">\n\t\t\t\t\t\t\t\t\t<\/p>\n<p><strong>EINE NEUE KOMPLEMENT\u00c4RE THERAPIE Seit mehr als 10 Jahren ist in der Villa Barbarano der Sauerstoff-Ozon-Therapiedienst aktiv, in dem osteo-myo-artikul\u00e4re Pathologien behandelt werden, mit besonderem Bezug auf Nacken- und R\u00fcckenschmerzen mit Bandscheibenvorfall (Vorw\u00f6lbungen oder Bandscheibenvorf\u00e4lle). .EINTRITT IN VILLA BARBARANO: SYSTEMISCHE SAUERSTOFF-OZON-THERAPIE<\/strong><\/p>\n<\/p>\n<p>Es gibt jedoch noch eine andere Art, das Sauerstoff-Ozon-Therapie-Gemisch zu verabreichen: die systemische, die, obwohl sie seit Jahrzehnten weltweit bekannt und praktiziert ist, w\u00e4hrend der <strong>COVID-19<\/strong>-Pandemie eine wichtige Entwicklung verzeichnet hat. Diese Technik besteht in der Ozonisierung einer kleinen Menge Blut, etwa 100 cc, was wichtige Vorteile bringt, die in der Literatur nachgewiesen werden, wie z. B. <strong>St\u00e4rkung des Immunsystems, Wiederherstellung des oxidativen Gleichgewichts, entz\u00fcndungshemmende, &#8222;revitalisierende&#8220; Wirkung usw .<\/strong>  <\/p>\n<\/p>\n<p>Diese Technik wird insbesondere als komplement\u00e4re Therapie beim sogenannten <strong>Long-COVID<\/strong>-Syndrom eingesetzt <strong>\u201cPOST ACUTE SEQUELAE OF SARS-COV-2 INFECTION (PASC)\u201d<\/strong> und in den durchgef\u00fchrten wissenschaftlichen Studien wurde beispielsweise eine wichtige aufgezeichnet <strong>Verbesserung (ca. 70 % der F\u00e4lle) des Symptoms der M\u00fcdigkeit, unter dem viele Patienten nach Covid leiden. <\/strong> <\/p>\n<\/p>\n<p>Die Praxis ist sicher und wird gewissenhaft nach dem beim Gesundheitsministerium hinterlegten wissenschaftlichen Protokoll gem\u00e4\u00df den medizinischen Indikationen durchgef\u00fchrt und beinhaltet normalerweise<\/p>\n<\/p>\n<p><strong>4-8 Sitzungen \u00e0 30 Minuten, ein- bis zweimal pro Woche.<\/strong><\/p>\n\t\t\t\t\t\t\t\t<\/div>\n\t\t\t\t<\/div>\n\t\t\t\t\t<\/div>\n\t\t<\/div>\n\t\t\t\t\t<\/div>\n\t\t<\/section>\n\t\t\t\t<section class=\"elementor-section elementor-top-section elementor-element elementor-element-3c073ce8 elementor-section-boxed elementor-section-height-default elementor-section-height-default\" data-id=\"3c073ce8\" data-element_type=\"section\">\n\t\t\t\t\t\t<div class=\"elementor-container elementor-column-gap-default\">\n\t\t\t\t\t<div class=\"elementor-column elementor-col-25 elementor-top-column elementor-element elementor-element-3f00899\" data-id=\"3f00899\" data-element_type=\"column\">\n\t\t\t<div class=\"elementor-widget-wrap elementor-element-populated\">\n\t\t\t\t\t\t<div class=\"elementor-element elementor-element-7d8c69ce elementor-widget elementor-widget-button\" data-id=\"7d8c69ce\" data-element_type=\"widget\" data-widget_type=\"button.default\">\n\t\t\t\t<div class=\"elementor-widget-container\">\n\t\t\t\t\t\t\t\t\t<div class=\"elementor-button-wrapper\">\n\t\t\t\t\t<a class=\"elementor-button elementor-button-link elementor-size-sm\" href=\"https:\/\/www.villagemma.it\/de\/reservierungen\/\">\n\t\t\t\t\t\t<span class=\"elementor-button-content-wrapper\">\n\t\t\t\t\t\t\t\t\t<span class=\"elementor-button-text\">Wie bucht man<\/span>\n\t\t\t\t\t<\/span>\n\t\t\t\t\t<\/a>\n\t\t\t\t<\/div>\n\t\t\t\t\t\t\t\t<\/div>\n\t\t\t\t<\/div>\n\t\t\t\t\t<\/div>\n\t\t<\/div>\n\t\t\t\t<div class=\"elementor-column elementor-col-25 elementor-top-column elementor-element elementor-element-1afc8750\" data-id=\"1afc8750\" data-element_type=\"column\">\n\t\t\t<div class=\"elementor-widget-wrap elementor-element-populated\">\n\t\t\t\t\t\t<div class=\"elementor-element elementor-element-49c59260 elementor-widget elementor-widget-button\" data-id=\"49c59260\" data-element_type=\"widget\" data-widget_type=\"button.default\">\n\t\t\t\t<div class=\"elementor-widget-container\">\n\t\t\t\t\t\t\t\t\t<div class=\"elementor-button-wrapper\">\n\t\t\t\t\t<a class=\"elementor-button elementor-button-link elementor-size-sm\" href=\"https:\/\/www.villagemma.it\/de\/unsere-aerzte\/\">\n\t\t\t\t\t\t<span class=\"elementor-button-content-wrapper\">\n\t\t\t\t\t\t\t\t\t<span class=\"elementor-button-text\">Unsere \u00c4rzte<\/span>\n\t\t\t\t\t<\/span>\n\t\t\t\t\t<\/a>\n\t\t\t\t<\/div>\n\t\t\t\t\t\t\t\t<\/div>\n\t\t\t\t<\/div>\n\t\t\t\t\t<\/div>\n\t\t<\/div>\n\t\t\t\t<div class=\"elementor-column elementor-col-25 elementor-top-column elementor-element elementor-element-2202ecb8\" data-id=\"2202ecb8\" data-element_type=\"column\">\n\t\t\t<div class=\"elementor-widget-wrap\">\n\t\t\t\t\t\t\t<\/div>\n\t\t<\/div>\n\t\t\t\t<div class=\"elementor-column elementor-col-25 elementor-top-column elementor-element elementor-element-6e756b53\" data-id=\"6e756b53\" data-element_type=\"column\">\n\t\t\t<div class=\"elementor-widget-wrap\">\n\t\t\t\t\t\t\t<\/div>\n\t\t<\/div>\n\t\t\t\t\t<\/div>\n\t\t<\/section>\n\t\t\t\t<section class=\"elementor-section elementor-top-section elementor-element elementor-element-14d7e4f5 elementor-section-boxed elementor-section-height-default elementor-section-height-default\" data-id=\"14d7e4f5\" data-element_type=\"section\">\n\t\t\t\t\t\t<div class=\"elementor-container elementor-column-gap-default\">\n\t\t\t\t\t<div class=\"elementor-column elementor-col-100 elementor-top-column elementor-element elementor-element-6cba6c1b\" data-id=\"6cba6c1b\" data-element_type=\"column\">\n\t\t\t<div class=\"elementor-widget-wrap elementor-element-populated\">\n\t\t\t\t\t\t<div class=\"elementor-element elementor-element-129dbaa5 elementor-hidden-desktop elementor-hidden-tablet elementor-hidden-mobile elementor-widget elementor-widget-text-editor\" data-id=\"129dbaa5\" data-element_type=\"widget\" data-widget_type=\"text-editor.default\">\n\t\t\t\t<div class=\"elementor-widget-container\">\n\t\t\t\t\t\t\t\t\t<ul>\n \t<li>lorem<\/li>\n \n<\/ul>\t\t\t\t\t\t\t\t<\/div>\n\t\t\t\t<\/div>\n\t\t\t\t\t<\/div>\n\t\t<\/div>\n\t\t\t\t\t<\/div>\n\t\t<\/section>\n\t\t\t\t<\/div>\n\t\t","protected":false},"excerpt":{"rendered":"<p>Sauerstoff &#8211; Systemische Sauerstoff-Ozontherapie EINE NEUE ERG\u00c4NZENDE THERAPIE IN DER VILLA BARBARANO: SYSTEMISCHE SAUERSTOFF-OZON-THERAPIE EINE NEUE KOMPLEMENT\u00c4RE THERAPIE Seit mehr als 10 Jahren ist in der Villa Barbarano der Sauerstoff-Ozon-Therapiedienst aktiv, in dem osteo-myo-artikul\u00e4re Pathologien behandelt werden, mit besonderem Bezug auf Nacken- und R\u00fcckenschmerzen mit Bandscheibenvorfall (Vorw\u00f6lbungen oder Bandscheibenvorf\u00e4lle). .EINTRITT IN VILLA BARBARANO: SYSTEMISCHE SAUERSTOFF-OZON-THERAPIE [&hellip;]<\/p>\n","protected":false},"author":1,"featured_media":0,"parent":4920,"menu_order":0,"comment_status":"closed","ping_status":"closed","template":"","meta":{"_acf_changed":false,"footnotes":""},"class_list":["post-4929","page","type-page","status-publish","hentry"],"acf":[],"yoast_head":"<!-- This site is optimized with the Yoast SEO plugin v24.4 - https:\/\/yoast.com\/wordpress\/plugins\/seo\/ -->\n<title>Sauerstoff - Systemische Sauerstoff-Ozontherapie - Villa Gemma e Villa Barbarano<\/title>\n<meta name=\"robots\" content=\"index, follow, max-snippet:-1, max-image-preview:large, max-video-preview:-1\" \/>\n<link rel=\"canonical\" href=\"https:\/\/www.villagemma.it\/de\/ambulante-dienste\/sauerstoff-systemische-sauerstoff-ozontherapie\/\" \/>\n<meta property=\"og:locale\" content=\"de_DE\" \/>\n<meta property=\"og:type\" content=\"article\" \/>\n<meta property=\"og:title\" content=\"Sauerstoff - Systemische Sauerstoff-Ozontherapie - Villa Gemma e Villa Barbarano\" \/>\n<meta property=\"og:description\" content=\"Sauerstoff &#8211; Systemische Sauerstoff-Ozontherapie EINE NEUE ERG\u00c4NZENDE THERAPIE IN DER VILLA BARBARANO: SYSTEMISCHE SAUERSTOFF-OZON-THERAPIE EINE NEUE KOMPLEMENT\u00c4RE THERAPIE Seit mehr als 10 Jahren ist in der Villa Barbarano der Sauerstoff-Ozon-Therapiedienst aktiv, in dem osteo-myo-artikul\u00e4re Pathologien behandelt werden, mit besonderem Bezug auf Nacken- und R\u00fcckenschmerzen mit Bandscheibenvorfall (Vorw\u00f6lbungen oder Bandscheibenvorf\u00e4lle). .EINTRITT IN VILLA BARBARANO: SYSTEMISCHE SAUERSTOFF-OZON-THERAPIE [&hellip;]\" \/>\n<meta property=\"og:url\" content=\"https:\/\/www.villagemma.it\/de\/ambulante-dienste\/sauerstoff-systemische-sauerstoff-ozontherapie\/\" \/>\n<meta property=\"og:site_name\" content=\"Villa Gemma e Villa Barbarano\" \/>\n<meta property=\"article:modified_time\" content=\"2022-12-20T11:11:14+00:00\" \/>\n<meta name=\"twitter:card\" content=\"summary_large_image\" \/>\n<meta name=\"twitter:label1\" content=\"Gesch\u00e4tzte Lesezeit\" \/>\n\t<meta name=\"twitter:data1\" content=\"1\u00a0Minute\" \/>\n<script type=\"application\/ld+json\" class=\"yoast-schema-graph\">{\"@context\":\"https:\/\/schema.org\",\"@graph\":[{\"@type\":\"WebPage\",\"@id\":\"https:\/\/www.villagemma.it\/de\/ambulante-dienste\/sauerstoff-systemische-sauerstoff-ozontherapie\/\",\"url\":\"https:\/\/www.villagemma.it\/de\/ambulante-dienste\/sauerstoff-systemische-sauerstoff-ozontherapie\/\",\"name\":\"Sauerstoff - Systemische Sauerstoff-Ozontherapie - Villa Gemma e Villa Barbarano\",\"isPartOf\":{\"@id\":\"https:\/\/www.villagemma.it\/#website\"},\"datePublished\":\"2022-09-19T08:35:49+00:00\",\"dateModified\":\"2022-12-20T11:11:14+00:00\",\"breadcrumb\":{\"@id\":\"https:\/\/www.villagemma.it\/de\/ambulante-dienste\/sauerstoff-systemische-sauerstoff-ozontherapie\/#breadcrumb\"},\"inLanguage\":\"de\",\"potentialAction\":[{\"@type\":\"ReadAction\",\"target\":[\"https:\/\/www.villagemma.it\/de\/ambulante-dienste\/sauerstoff-systemische-sauerstoff-ozontherapie\/\"]}]},{\"@type\":\"BreadcrumbList\",\"@id\":\"https:\/\/www.villagemma.it\/de\/ambulante-dienste\/sauerstoff-systemische-sauerstoff-ozontherapie\/#breadcrumb\",\"itemListElement\":[{\"@type\":\"ListItem\",\"position\":1,\"name\":\"Home\",\"item\":\"https:\/\/www.villagemma.it\/de\/home\/\"},{\"@type\":\"ListItem\",\"position\":2,\"name\":\"Ambulante Dienste\",\"item\":\"https:\/\/www.villagemma.it\/de\/ambulante-dienste\/\"},{\"@type\":\"ListItem\",\"position\":3,\"name\":\"Sauerstoff &#8211; Systemische Sauerstoff-Ozontherapie\"}]},{\"@type\":\"WebSite\",\"@id\":\"https:\/\/www.villagemma.it\/#website\",\"url\":\"https:\/\/www.villagemma.it\/\",\"name\":\"Villa Gemma e Villa Barbarano\",\"description\":\"\",\"publisher\":{\"@id\":\"https:\/\/www.villagemma.it\/#organization\"},\"potentialAction\":[{\"@type\":\"SearchAction\",\"target\":{\"@type\":\"EntryPoint\",\"urlTemplate\":\"https:\/\/www.villagemma.it\/?s={search_term_string}\"},\"query-input\":{\"@type\":\"PropertyValueSpecification\",\"valueRequired\":true,\"valueName\":\"search_term_string\"}}],\"inLanguage\":\"de\"},{\"@type\":\"Organization\",\"@id\":\"https:\/\/www.villagemma.it\/#organization\",\"name\":\"Villa Gemma e Villa Barbarano\",\"url\":\"https:\/\/www.villagemma.it\/\",\"logo\":{\"@type\":\"ImageObject\",\"inLanguage\":\"de\",\"@id\":\"https:\/\/www.villagemma.it\/#\/schema\/logo\/image\/\",\"url\":\"https:\/\/www.villagemma.it\/wp-content\/uploads\/2022\/08\/Logo_VG.png\",\"contentUrl\":\"https:\/\/www.villagemma.it\/wp-content\/uploads\/2022\/08\/Logo_VG.png\",\"width\":931,\"height\":300,\"caption\":\"Villa Gemma e Villa Barbarano\"},\"image\":{\"@id\":\"https:\/\/www.villagemma.it\/#\/schema\/logo\/image\/\"}}]}<\/script>\n<!-- \/ Yoast SEO plugin. -->","yoast_head_json":{"title":"Sauerstoff - Systemische Sauerstoff-Ozontherapie - Villa Gemma e Villa Barbarano","robots":{"index":"index","follow":"follow","max-snippet":"max-snippet:-1","max-image-preview":"max-image-preview:large","max-video-preview":"max-video-preview:-1"},"canonical":"https:\/\/www.villagemma.it\/de\/ambulante-dienste\/sauerstoff-systemische-sauerstoff-ozontherapie\/","og_locale":"de_DE","og_type":"article","og_title":"Sauerstoff - Systemische Sauerstoff-Ozontherapie - Villa Gemma e Villa Barbarano","og_description":"Sauerstoff &#8211; Systemische Sauerstoff-Ozontherapie EINE NEUE ERG\u00c4NZENDE THERAPIE IN DER VILLA BARBARANO: SYSTEMISCHE SAUERSTOFF-OZON-THERAPIE EINE NEUE KOMPLEMENT\u00c4RE THERAPIE Seit mehr als 10 Jahren ist in der Villa Barbarano der Sauerstoff-Ozon-Therapiedienst aktiv, in dem osteo-myo-artikul\u00e4re Pathologien behandelt werden, mit besonderem Bezug auf Nacken- und R\u00fcckenschmerzen mit Bandscheibenvorfall (Vorw\u00f6lbungen oder Bandscheibenvorf\u00e4lle). .EINTRITT IN VILLA BARBARANO: SYSTEMISCHE SAUERSTOFF-OZON-THERAPIE [&hellip;]","og_url":"https:\/\/www.villagemma.it\/de\/ambulante-dienste\/sauerstoff-systemische-sauerstoff-ozontherapie\/","og_site_name":"Villa Gemma e Villa Barbarano","article_modified_time":"2022-12-20T11:11:14+00:00","twitter_card":"summary_large_image","twitter_misc":{"Gesch\u00e4tzte Lesezeit":"1\u00a0Minute"},"schema":{"@context":"https:\/\/schema.org","@graph":[{"@type":"WebPage","@id":"https:\/\/www.villagemma.it\/de\/ambulante-dienste\/sauerstoff-systemische-sauerstoff-ozontherapie\/","url":"https:\/\/www.villagemma.it\/de\/ambulante-dienste\/sauerstoff-systemische-sauerstoff-ozontherapie\/","name":"Sauerstoff - Systemische Sauerstoff-Ozontherapie - Villa Gemma e Villa Barbarano","isPartOf":{"@id":"https:\/\/www.villagemma.it\/#website"},"datePublished":"2022-09-19T08:35:49+00:00","dateModified":"2022-12-20T11:11:14+00:00","breadcrumb":{"@id":"https:\/\/www.villagemma.it\/de\/ambulante-dienste\/sauerstoff-systemische-sauerstoff-ozontherapie\/#breadcrumb"},"inLanguage":"de","potentialAction":[{"@type":"ReadAction","target":["https:\/\/www.villagemma.it\/de\/ambulante-dienste\/sauerstoff-systemische-sauerstoff-ozontherapie\/"]}]},{"@type":"BreadcrumbList","@id":"https:\/\/www.villagemma.it\/de\/ambulante-dienste\/sauerstoff-systemische-sauerstoff-ozontherapie\/#breadcrumb","itemListElement":[{"@type":"ListItem","position":1,"name":"Home","item":"https:\/\/www.villagemma.it\/de\/home\/"},{"@type":"ListItem","position":2,"name":"Ambulante Dienste","item":"https:\/\/www.villagemma.it\/de\/ambulante-dienste\/"},{"@type":"ListItem","position":3,"name":"Sauerstoff &#8211; Systemische Sauerstoff-Ozontherapie"}]},{"@type":"WebSite","@id":"https:\/\/www.villagemma.it\/#website","url":"https:\/\/www.villagemma.it\/","name":"Villa Gemma e Villa Barbarano","description":"","publisher":{"@id":"https:\/\/www.villagemma.it\/#organization"},"potentialAction":[{"@type":"SearchAction","target":{"@type":"EntryPoint","urlTemplate":"https:\/\/www.villagemma.it\/?s={search_term_string}"},"query-input":{"@type":"PropertyValueSpecification","valueRequired":true,"valueName":"search_term_string"}}],"inLanguage":"de"},{"@type":"Organization","@id":"https:\/\/www.villagemma.it\/#organization","name":"Villa Gemma e Villa Barbarano","url":"https:\/\/www.villagemma.it\/","logo":{"@type":"ImageObject","inLanguage":"de","@id":"https:\/\/www.villagemma.it\/#\/schema\/logo\/image\/","url":"https:\/\/www.villagemma.it\/wp-content\/uploads\/2022\/08\/Logo_VG.png","contentUrl":"https:\/\/www.villagemma.it\/wp-content\/uploads\/2022\/08\/Logo_VG.png","width":931,"height":300,"caption":"Villa Gemma e Villa Barbarano"},"image":{"@id":"https:\/\/www.villagemma.it\/#\/schema\/logo\/image\/"}}]}},"_links":{"self":[{"href":"https:\/\/www.villagemma.it\/de\/wp-json\/wp\/v2\/pages\/4929","targetHints":{"allow":["GET"]}}],"collection":[{"href":"https:\/\/www.villagemma.it\/de\/wp-json\/wp\/v2\/pages"}],"about":[{"href":"https:\/\/www.villagemma.it\/de\/wp-json\/wp\/v2\/types\/page"}],"author":[{"embeddable":true,"href":"https:\/\/www.villagemma.it\/de\/wp-json\/wp\/v2\/users\/1"}],"replies":[{"embeddable":true,"href":"https:\/\/www.villagemma.it\/de\/wp-json\/wp\/v2\/comments?post=4929"}],"version-history":[{"count":1,"href":"https:\/\/www.villagemma.it\/de\/wp-json\/wp\/v2\/pages\/4929\/revisions"}],"predecessor-version":[{"id":4930,"href":"https:\/\/www.villagemma.it\/de\/wp-json\/wp\/v2\/pages\/4929\/revisions\/4930"}],"up":[{"embeddable":true,"href":"https:\/\/www.villagemma.it\/de\/wp-json\/wp\/v2\/pages\/4920"}],"wp:attachment":[{"href":"https:\/\/www.villagemma.it\/de\/wp-json\/wp\/v2\/media?parent=4929"}],"curies":[{"name":"wp","href":"https:\/\/api.w.org\/{rel}","templated":true}]}}