{"id":4926,"date":"2022-09-06T08:36:12","date_gmt":"2022-09-06T08:36:12","guid":{"rendered":"https:\/\/www.villagemma.it\/ambulante-dienste\/sauerstoff-ozontherapie\/"},"modified":"2022-12-20T11:10:30","modified_gmt":"2022-12-20T11:10:30","slug":"sauerstoff-ozontherapie","status":"publish","type":"page","link":"https:\/\/www.villagemma.it\/de\/ambulante-dienste\/sauerstoff-ozontherapie\/","title":{"rendered":"Sauerstoff &#8211; Ozontherapie"},"content":{"rendered":"\t\t<div data-elementor-type=\"wp-page\" data-elementor-id=\"4926\" class=\"elementor elementor-4926\" data-elementor-post-type=\"page\">\n\t\t\t\t\t\t<section class=\"elementor-section elementor-top-section elementor-element elementor-element-55b3e57f elementor-section-height-min-height elementor-section-boxed elementor-section-height-default elementor-section-items-middle\" data-id=\"55b3e57f\" data-element_type=\"section\" data-settings=\"{&quot;background_background&quot;:&quot;classic&quot;}\">\n\t\t\t\t\t\t<div class=\"elementor-container elementor-column-gap-default\">\n\t\t\t\t\t<div class=\"elementor-column elementor-col-100 elementor-top-column elementor-element elementor-element-76f5374e\" data-id=\"76f5374e\" data-element_type=\"column\">\n\t\t\t<div class=\"elementor-widget-wrap\">\n\t\t\t\t\t\t\t<\/div>\n\t\t<\/div>\n\t\t\t\t\t<\/div>\n\t\t<\/section>\n\t\t\t\t<section class=\"elementor-section elementor-top-section elementor-element elementor-element-6b7e4e68 elementor-section-boxed elementor-section-height-default elementor-section-height-default\" data-id=\"6b7e4e68\" data-element_type=\"section\">\n\t\t\t\t\t\t<div class=\"elementor-container elementor-column-gap-default\">\n\t\t\t\t\t<div class=\"elementor-column elementor-col-100 elementor-top-column elementor-element elementor-element-14471138\" data-id=\"14471138\" data-element_type=\"column\">\n\t\t\t<div class=\"elementor-widget-wrap elementor-element-populated\">\n\t\t\t\t\t\t<div class=\"elementor-element elementor-element-28c3b90b elementor-widget elementor-widget-heading\" data-id=\"28c3b90b\" data-element_type=\"widget\" data-widget_type=\"heading.default\">\n\t\t\t\t<div class=\"elementor-widget-container\">\n\t\t\t\t\t<h1 class=\"elementor-heading-title elementor-size-default\">Sauerstoff - Ozontherapie<\/h1>\t\t\t\t<\/div>\n\t\t\t\t<\/div>\n\t\t\t\t\t<\/div>\n\t\t<\/div>\n\t\t\t\t\t<\/div>\n\t\t<\/section>\n\t\t\t\t<section class=\"elementor-section elementor-top-section elementor-element elementor-element-78db2e12 elementor-section-boxed elementor-section-height-default elementor-section-height-default\" data-id=\"78db2e12\" data-element_type=\"section\">\n\t\t\t\t\t\t<div class=\"elementor-container elementor-column-gap-default\">\n\t\t\t\t\t<div class=\"elementor-column elementor-col-100 elementor-top-column elementor-element elementor-element-4a8152fc\" data-id=\"4a8152fc\" data-element_type=\"column\">\n\t\t\t<div class=\"elementor-widget-wrap elementor-element-populated\">\n\t\t\t\t\t\t<div class=\"elementor-element elementor-element-34667483 elementor-widget elementor-widget-text-editor\" data-id=\"34667483\" data-element_type=\"widget\" data-widget_type=\"text-editor.default\">\n\t\t\t\t<div class=\"elementor-widget-container\">\n\t\t\t\t\t\t\t\t\t<p>Die Injektionstherapie mit einer ausgewogenen <strong>Sauerstoff-Ozon-Mischung<\/strong> ist indiziert bei Bandscheibenvorf\u00e4llen, Diskopathien und zervikalen, dorsalen und lumbalen Radikulopathien, Stei\u00dfbeinschmerzen, myofaszialem Syndrom (Fibromyalgie), Fasziitis der Fascia lata und dem Ileumband, bei osteoartikul\u00e4ren Schmerzen Pathologie, Coxarthrose, Gonarthrose, Kniearthrosinovitis, schmerzhafte Schulter (Rotatorenmanschetten-Tendinopathie &#8230;), Karpaltunnelsyndrom, Triggerfinger, Handarthropathie, Rhizarthrose, schmerzhafte Kn\u00f6chelpathologie, schmerzhafte Fu\u00dfpathologie (Hallux valgus, Kapsulitis, Bursitis, Morton-Neurom, Plantarfasziitis&#8230;), Tendinopathien (Morbus De Quervain, Epicondylitis, Epitrokleitis, Pathologie der Achillessehne&#8230;), aktive Triggerpunkte (Schmerzpunkte). Es wurde die Hypothese aufgestellt, dass der Wirkungsmechanismus der Sauerstoff-Ozon-Infiltration durch eine multifaktorielle Wirkung erfolgt: muskel- und trophische Entspannungswirkung, Verringerung von Schmerzen und Entz\u00fcndungen, mit guter therapeutischer Wirksamkeit (75\u201380 %). Die gasf\u00f6rmige Mischung kann auf verschiedene Arten verabreicht werden: Injektion in die Muskelb\u00fcndel (intramuskul\u00e4re Technik) durch perkutane bilaterale\/paravertebrale symmetrische Injektionen auf H\u00f6he des von der Hernie betroffenen Bandscheibenraums, der betroffenen Wurzeln und entlang der Muskelb\u00fcndelspannungen , Perineur-Injektion (Karpaltunnel, Tarsal), periartikul\u00e4re Injektion (schmerzhafte Schulter durch Rotatorenmanschetten-Tendinopathie, Gonarthrose, Coxarthrose\u2026), Peritendin-Injektion mit Technik (Epicondylitis, Epitrocleitis, De-Quervain-Krankheit, Achillessehnenentz\u00fcndung, Rhizarthrose\u2026), subkutan und\/oder intramuskul\u00e4re Injektion an schmerzhaften Stellen. Die Infiltration wird nach sorgf\u00e4ltiger Desinfektion durch Einf\u00fchren sehr d\u00fcnner, steriler Einwegnadeln durchgef\u00fchrt, dann wird das Gasgemisch sicher und genau mit speziellen Spritzen und antibakteriellen Filtern injiziert, um eine angemessene Asepsis und Injektionsreinheit des Gases zu gew\u00e4hrleisten. Weitere Infiltrationen werden mit einer H\u00e4ufigkeit von im Allgemeinen zwei- oder dreimal pro Woche durchgef\u00fchrt, in einigen F\u00e4llen werden Booster-Erhaltungsinfiltrationen empfohlen. Der Eingriff wird vom Patienten im Allgemeinen gut vertragen, manchmal kann ein vor\u00fcbergehendes Schweregef\u00fchl oder ein vor\u00fcbergehender brennender Schmerz (Brennen) empfunden werden, es besteht auch die M\u00f6glichkeit eines kurzzeitigen Erwachens der schmerzhaften Symptome. Die mit diesem Verfahren verbundenen Risiken beziehen sich auf die Punktion (H\u00e4matom an der Injektionsstelle) und vagale Reaktionen (Schwitzen, Bradykardie, Hypotonie). Die in der Regel vor\u00fcbergehenden Vaguskrisen l\u00f6sen sich spontan in wenigen Minuten auf, ansonsten muss auf medizinische Hilfsmittel zur\u00fcckgegriffen werden. Das Verfahren ist in der Schwangerschaft, bei Patienten mit Favismus, unbehandelter Hyperthyreose und Herzinsuffizienz kontraindiziert.         <\/p>\n\t\t\t\t\t\t\t\t<\/div>\n\t\t\t\t<\/div>\n\t\t\t\t\t<\/div>\n\t\t<\/div>\n\t\t\t\t\t<\/div>\n\t\t<\/section>\n\t\t\t\t<section class=\"elementor-section elementor-top-section elementor-element elementor-element-24cd199a elementor-section-boxed elementor-section-height-default elementor-section-height-default\" data-id=\"24cd199a\" data-element_type=\"section\">\n\t\t\t\t\t\t<div class=\"elementor-container elementor-column-gap-default\">\n\t\t\t\t\t<div class=\"elementor-column elementor-col-25 elementor-top-column elementor-element elementor-element-2641bd21\" data-id=\"2641bd21\" data-element_type=\"column\">\n\t\t\t<div class=\"elementor-widget-wrap elementor-element-populated\">\n\t\t\t\t\t\t<div class=\"elementor-element elementor-element-77ee733f elementor-widget elementor-widget-button\" data-id=\"77ee733f\" data-element_type=\"widget\" data-widget_type=\"button.default\">\n\t\t\t\t<div class=\"elementor-widget-container\">\n\t\t\t\t\t\t\t\t\t<div class=\"elementor-button-wrapper\">\n\t\t\t\t\t<a class=\"elementor-button elementor-button-link elementor-size-sm\" href=\"https:\/\/www.villagemma.it\/de\/reservierungen\/\">\n\t\t\t\t\t\t<span class=\"elementor-button-content-wrapper\">\n\t\t\t\t\t\t\t\t\t<span class=\"elementor-button-text\">Wie bucht man<\/span>\n\t\t\t\t\t<\/span>\n\t\t\t\t\t<\/a>\n\t\t\t\t<\/div>\n\t\t\t\t\t\t\t\t<\/div>\n\t\t\t\t<\/div>\n\t\t\t\t\t<\/div>\n\t\t<\/div>\n\t\t\t\t<div class=\"elementor-column elementor-col-25 elementor-top-column elementor-element elementor-element-3e284722\" data-id=\"3e284722\" data-element_type=\"column\">\n\t\t\t<div class=\"elementor-widget-wrap elementor-element-populated\">\n\t\t\t\t\t\t<div class=\"elementor-element elementor-element-33def929 elementor-widget elementor-widget-button\" data-id=\"33def929\" data-element_type=\"widget\" data-widget_type=\"button.default\">\n\t\t\t\t<div class=\"elementor-widget-container\">\n\t\t\t\t\t\t\t\t\t<div class=\"elementor-button-wrapper\">\n\t\t\t\t\t<a class=\"elementor-button elementor-button-link elementor-size-sm\" href=\"https:\/\/www.villagemma.it\/de\/unsere-aerzte\/\">\n\t\t\t\t\t\t<span class=\"elementor-button-content-wrapper\">\n\t\t\t\t\t\t\t\t\t<span class=\"elementor-button-text\">Unsere \u00c4rzte<\/span>\n\t\t\t\t\t<\/span>\n\t\t\t\t\t<\/a>\n\t\t\t\t<\/div>\n\t\t\t\t\t\t\t\t<\/div>\n\t\t\t\t<\/div>\n\t\t\t\t\t<\/div>\n\t\t<\/div>\n\t\t\t\t<div class=\"elementor-column elementor-col-25 elementor-top-column elementor-element elementor-element-deeba0\" data-id=\"deeba0\" data-element_type=\"column\">\n\t\t\t<div class=\"elementor-widget-wrap\">\n\t\t\t\t\t\t\t<\/div>\n\t\t<\/div>\n\t\t\t\t<div class=\"elementor-column elementor-col-25 elementor-top-column elementor-element elementor-element-2522ec54\" data-id=\"2522ec54\" data-element_type=\"column\">\n\t\t\t<div class=\"elementor-widget-wrap\">\n\t\t\t\t\t\t\t<\/div>\n\t\t<\/div>\n\t\t\t\t\t<\/div>\n\t\t<\/section>\n\t\t\t\t<section class=\"elementor-section elementor-top-section elementor-element elementor-element-1889dce3 elementor-section-boxed elementor-section-height-default elementor-section-height-default\" data-id=\"1889dce3\" data-element_type=\"section\">\n\t\t\t\t\t\t<div class=\"elementor-container elementor-column-gap-default\">\n\t\t\t\t\t<div class=\"elementor-column elementor-col-100 elementor-top-column elementor-element elementor-element-5e6ebe5d\" data-id=\"5e6ebe5d\" data-element_type=\"column\">\n\t\t\t<div class=\"elementor-widget-wrap elementor-element-populated\">\n\t\t\t\t\t\t<div class=\"elementor-element elementor-element-4eef9134 elementor-hidden-desktop elementor-hidden-tablet elementor-hidden-mobile elementor-widget elementor-widget-text-editor\" data-id=\"4eef9134\" data-element_type=\"widget\" data-widget_type=\"text-editor.default\">\n\t\t\t\t<div class=\"elementor-widget-container\">\n\t\t\t\t\t\t\t\t\t<ul>\n \t<li>lorem<\/li>\n \n<\/ul>\t\t\t\t\t\t\t\t<\/div>\n\t\t\t\t<\/div>\n\t\t\t\t\t<\/div>\n\t\t<\/div>\n\t\t\t\t\t<\/div>\n\t\t<\/section>\n\t\t\t\t<\/div>\n\t\t","protected":false},"excerpt":{"rendered":"<p>Sauerstoff &#8211; Ozontherapie Die Injektionstherapie mit einer ausgewogenen Sauerstoff-Ozon-Mischung ist indiziert bei Bandscheibenvorf\u00e4llen, Diskopathien und zervikalen, dorsalen und lumbalen Radikulopathien, Stei\u00dfbeinschmerzen, myofaszialem Syndrom (Fibromyalgie), Fasziitis der Fascia lata und dem Ileumband, bei osteoartikul\u00e4ren Schmerzen Pathologie, Coxarthrose, Gonarthrose, Kniearthrosinovitis, schmerzhafte Schulter (Rotatorenmanschetten-Tendinopathie &#8230;), Karpaltunnelsyndrom, Triggerfinger, Handarthropathie, Rhizarthrose, schmerzhafte Kn\u00f6chelpathologie, schmerzhafte Fu\u00dfpathologie (Hallux valgus, Kapsulitis, Bursitis, Morton-Neurom, [&hellip;]<\/p>\n","protected":false},"author":1,"featured_media":0,"parent":4920,"menu_order":0,"comment_status":"closed","ping_status":"closed","template":"","meta":{"_acf_changed":false,"footnotes":""},"class_list":["post-4926","page","type-page","status-publish","hentry"],"acf":[],"yoast_head":"<!-- This site is optimized with the Yoast SEO plugin v24.4 - https:\/\/yoast.com\/wordpress\/plugins\/seo\/ -->\n<title>Sauerstoff - Ozontherapie - Villa Gemma e Villa Barbarano<\/title>\n<meta name=\"robots\" content=\"index, follow, max-snippet:-1, max-image-preview:large, max-video-preview:-1\" \/>\n<link rel=\"canonical\" href=\"https:\/\/www.villagemma.it\/de\/ambulante-dienste\/sauerstoff-ozontherapie\/\" \/>\n<meta property=\"og:locale\" content=\"de_DE\" \/>\n<meta property=\"og:type\" content=\"article\" \/>\n<meta property=\"og:title\" content=\"Sauerstoff - Ozontherapie - Villa Gemma e Villa Barbarano\" \/>\n<meta property=\"og:description\" content=\"Sauerstoff &#8211; Ozontherapie Die Injektionstherapie mit einer ausgewogenen Sauerstoff-Ozon-Mischung ist indiziert bei Bandscheibenvorf\u00e4llen, Diskopathien und zervikalen, dorsalen und lumbalen Radikulopathien, Stei\u00dfbeinschmerzen, myofaszialem Syndrom (Fibromyalgie), Fasziitis der Fascia lata und dem Ileumband, bei osteoartikul\u00e4ren Schmerzen Pathologie, Coxarthrose, Gonarthrose, Kniearthrosinovitis, schmerzhafte Schulter (Rotatorenmanschetten-Tendinopathie &#8230;), Karpaltunnelsyndrom, Triggerfinger, Handarthropathie, Rhizarthrose, schmerzhafte Kn\u00f6chelpathologie, schmerzhafte Fu\u00dfpathologie (Hallux valgus, Kapsulitis, Bursitis, Morton-Neurom, [&hellip;]\" \/>\n<meta property=\"og:url\" content=\"https:\/\/www.villagemma.it\/de\/ambulante-dienste\/sauerstoff-ozontherapie\/\" \/>\n<meta property=\"og:site_name\" content=\"Villa Gemma e Villa Barbarano\" \/>\n<meta property=\"article:modified_time\" content=\"2022-12-20T11:10:30+00:00\" \/>\n<meta name=\"twitter:card\" content=\"summary_large_image\" \/>\n<meta name=\"twitter:label1\" content=\"Gesch\u00e4tzte Lesezeit\" \/>\n\t<meta name=\"twitter:data1\" content=\"2\u00a0Minuten\" \/>\n<script type=\"application\/ld+json\" class=\"yoast-schema-graph\">{\"@context\":\"https:\/\/schema.org\",\"@graph\":[{\"@type\":\"WebPage\",\"@id\":\"https:\/\/www.villagemma.it\/de\/ambulante-dienste\/sauerstoff-ozontherapie\/\",\"url\":\"https:\/\/www.villagemma.it\/de\/ambulante-dienste\/sauerstoff-ozontherapie\/\",\"name\":\"Sauerstoff - Ozontherapie - Villa Gemma e Villa Barbarano\",\"isPartOf\":{\"@id\":\"https:\/\/www.villagemma.it\/#website\"},\"datePublished\":\"2022-09-06T08:36:12+00:00\",\"dateModified\":\"2022-12-20T11:10:30+00:00\",\"breadcrumb\":{\"@id\":\"https:\/\/www.villagemma.it\/de\/ambulante-dienste\/sauerstoff-ozontherapie\/#breadcrumb\"},\"inLanguage\":\"de\",\"potentialAction\":[{\"@type\":\"ReadAction\",\"target\":[\"https:\/\/www.villagemma.it\/de\/ambulante-dienste\/sauerstoff-ozontherapie\/\"]}]},{\"@type\":\"BreadcrumbList\",\"@id\":\"https:\/\/www.villagemma.it\/de\/ambulante-dienste\/sauerstoff-ozontherapie\/#breadcrumb\",\"itemListElement\":[{\"@type\":\"ListItem\",\"position\":1,\"name\":\"Home\",\"item\":\"https:\/\/www.villagemma.it\/de\/home\/\"},{\"@type\":\"ListItem\",\"position\":2,\"name\":\"Ambulante Dienste\",\"item\":\"https:\/\/www.villagemma.it\/de\/ambulante-dienste\/\"},{\"@type\":\"ListItem\",\"position\":3,\"name\":\"Sauerstoff &#8211; Ozontherapie\"}]},{\"@type\":\"WebSite\",\"@id\":\"https:\/\/www.villagemma.it\/#website\",\"url\":\"https:\/\/www.villagemma.it\/\",\"name\":\"Villa Gemma e Villa Barbarano\",\"description\":\"\",\"publisher\":{\"@id\":\"https:\/\/www.villagemma.it\/#organization\"},\"potentialAction\":[{\"@type\":\"SearchAction\",\"target\":{\"@type\":\"EntryPoint\",\"urlTemplate\":\"https:\/\/www.villagemma.it\/?s={search_term_string}\"},\"query-input\":{\"@type\":\"PropertyValueSpecification\",\"valueRequired\":true,\"valueName\":\"search_term_string\"}}],\"inLanguage\":\"de\"},{\"@type\":\"Organization\",\"@id\":\"https:\/\/www.villagemma.it\/#organization\",\"name\":\"Villa Gemma e Villa Barbarano\",\"url\":\"https:\/\/www.villagemma.it\/\",\"logo\":{\"@type\":\"ImageObject\",\"inLanguage\":\"de\",\"@id\":\"https:\/\/www.villagemma.it\/#\/schema\/logo\/image\/\",\"url\":\"https:\/\/www.villagemma.it\/wp-content\/uploads\/2022\/08\/Logo_VG.png\",\"contentUrl\":\"https:\/\/www.villagemma.it\/wp-content\/uploads\/2022\/08\/Logo_VG.png\",\"width\":931,\"height\":300,\"caption\":\"Villa Gemma e Villa Barbarano\"},\"image\":{\"@id\":\"https:\/\/www.villagemma.it\/#\/schema\/logo\/image\/\"}}]}<\/script>\n<!-- \/ Yoast SEO plugin. -->","yoast_head_json":{"title":"Sauerstoff - Ozontherapie - Villa Gemma e Villa Barbarano","robots":{"index":"index","follow":"follow","max-snippet":"max-snippet:-1","max-image-preview":"max-image-preview:large","max-video-preview":"max-video-preview:-1"},"canonical":"https:\/\/www.villagemma.it\/de\/ambulante-dienste\/sauerstoff-ozontherapie\/","og_locale":"de_DE","og_type":"article","og_title":"Sauerstoff - Ozontherapie - Villa Gemma e Villa Barbarano","og_description":"Sauerstoff &#8211; Ozontherapie Die Injektionstherapie mit einer ausgewogenen Sauerstoff-Ozon-Mischung ist indiziert bei Bandscheibenvorf\u00e4llen, Diskopathien und zervikalen, dorsalen und lumbalen Radikulopathien, Stei\u00dfbeinschmerzen, myofaszialem Syndrom (Fibromyalgie), Fasziitis der Fascia lata und dem Ileumband, bei osteoartikul\u00e4ren Schmerzen Pathologie, Coxarthrose, Gonarthrose, Kniearthrosinovitis, schmerzhafte Schulter (Rotatorenmanschetten-Tendinopathie &#8230;), Karpaltunnelsyndrom, Triggerfinger, Handarthropathie, Rhizarthrose, schmerzhafte Kn\u00f6chelpathologie, schmerzhafte Fu\u00dfpathologie (Hallux valgus, Kapsulitis, Bursitis, Morton-Neurom, [&hellip;]","og_url":"https:\/\/www.villagemma.it\/de\/ambulante-dienste\/sauerstoff-ozontherapie\/","og_site_name":"Villa Gemma e Villa Barbarano","article_modified_time":"2022-12-20T11:10:30+00:00","twitter_card":"summary_large_image","twitter_misc":{"Gesch\u00e4tzte Lesezeit":"2\u00a0Minuten"},"schema":{"@context":"https:\/\/schema.org","@graph":[{"@type":"WebPage","@id":"https:\/\/www.villagemma.it\/de\/ambulante-dienste\/sauerstoff-ozontherapie\/","url":"https:\/\/www.villagemma.it\/de\/ambulante-dienste\/sauerstoff-ozontherapie\/","name":"Sauerstoff - Ozontherapie - Villa Gemma e Villa Barbarano","isPartOf":{"@id":"https:\/\/www.villagemma.it\/#website"},"datePublished":"2022-09-06T08:36:12+00:00","dateModified":"2022-12-20T11:10:30+00:00","breadcrumb":{"@id":"https:\/\/www.villagemma.it\/de\/ambulante-dienste\/sauerstoff-ozontherapie\/#breadcrumb"},"inLanguage":"de","potentialAction":[{"@type":"ReadAction","target":["https:\/\/www.villagemma.it\/de\/ambulante-dienste\/sauerstoff-ozontherapie\/"]}]},{"@type":"BreadcrumbList","@id":"https:\/\/www.villagemma.it\/de\/ambulante-dienste\/sauerstoff-ozontherapie\/#breadcrumb","itemListElement":[{"@type":"ListItem","position":1,"name":"Home","item":"https:\/\/www.villagemma.it\/de\/home\/"},{"@type":"ListItem","position":2,"name":"Ambulante Dienste","item":"https:\/\/www.villagemma.it\/de\/ambulante-dienste\/"},{"@type":"ListItem","position":3,"name":"Sauerstoff &#8211; Ozontherapie"}]},{"@type":"WebSite","@id":"https:\/\/www.villagemma.it\/#website","url":"https:\/\/www.villagemma.it\/","name":"Villa Gemma e Villa Barbarano","description":"","publisher":{"@id":"https:\/\/www.villagemma.it\/#organization"},"potentialAction":[{"@type":"SearchAction","target":{"@type":"EntryPoint","urlTemplate":"https:\/\/www.villagemma.it\/?s={search_term_string}"},"query-input":{"@type":"PropertyValueSpecification","valueRequired":true,"valueName":"search_term_string"}}],"inLanguage":"de"},{"@type":"Organization","@id":"https:\/\/www.villagemma.it\/#organization","name":"Villa Gemma e Villa Barbarano","url":"https:\/\/www.villagemma.it\/","logo":{"@type":"ImageObject","inLanguage":"de","@id":"https:\/\/www.villagemma.it\/#\/schema\/logo\/image\/","url":"https:\/\/www.villagemma.it\/wp-content\/uploads\/2022\/08\/Logo_VG.png","contentUrl":"https:\/\/www.villagemma.it\/wp-content\/uploads\/2022\/08\/Logo_VG.png","width":931,"height":300,"caption":"Villa Gemma e Villa Barbarano"},"image":{"@id":"https:\/\/www.villagemma.it\/#\/schema\/logo\/image\/"}}]}},"_links":{"self":[{"href":"https:\/\/www.villagemma.it\/de\/wp-json\/wp\/v2\/pages\/4926","targetHints":{"allow":["GET"]}}],"collection":[{"href":"https:\/\/www.villagemma.it\/de\/wp-json\/wp\/v2\/pages"}],"about":[{"href":"https:\/\/www.villagemma.it\/de\/wp-json\/wp\/v2\/types\/page"}],"author":[{"embeddable":true,"href":"https:\/\/www.villagemma.it\/de\/wp-json\/wp\/v2\/users\/1"}],"replies":[{"embeddable":true,"href":"https:\/\/www.villagemma.it\/de\/wp-json\/wp\/v2\/comments?post=4926"}],"version-history":[{"count":1,"href":"https:\/\/www.villagemma.it\/de\/wp-json\/wp\/v2\/pages\/4926\/revisions"}],"predecessor-version":[{"id":4928,"href":"https:\/\/www.villagemma.it\/de\/wp-json\/wp\/v2\/pages\/4926\/revisions\/4928"}],"up":[{"embeddable":true,"href":"https:\/\/www.villagemma.it\/de\/wp-json\/wp\/v2\/pages\/4920"}],"wp:attachment":[{"href":"https:\/\/www.villagemma.it\/de\/wp-json\/wp\/v2\/media?parent=4926"}],"curies":[{"name":"wp","href":"https:\/\/api.w.org\/{rel}","templated":true}]}}