{"id":4916,"date":"2022-09-19T12:54:08","date_gmt":"2022-09-19T12:54:08","guid":{"rendered":"https:\/\/www.villagemma.it\/zuruecknahme-von-berichten\/"},"modified":"2023-01-03T14:53:06","modified_gmt":"2023-01-03T14:53:06","slug":"zuruecknahme-von-berichten","status":"publish","type":"page","link":"https:\/\/www.villagemma.it\/de\/zuruecknahme-von-berichten\/","title":{"rendered":"Zur\u00fccknahme von Berichten"},"content":{"rendered":"\t\t<div data-elementor-type=\"wp-page\" data-elementor-id=\"4916\" class=\"elementor elementor-4916\" data-elementor-post-type=\"page\">\n\t\t\t\t\t\t<section class=\"elementor-section elementor-top-section elementor-element elementor-element-4995afcb elementor-section-height-min-height elementor-section-boxed elementor-section-height-default elementor-section-items-middle\" data-id=\"4995afcb\" data-element_type=\"section\" data-settings=\"{&quot;background_background&quot;:&quot;classic&quot;}\">\n\t\t\t\t\t\t<div class=\"elementor-container elementor-column-gap-default\">\n\t\t\t\t\t<div class=\"elementor-column elementor-col-100 elementor-top-column elementor-element elementor-element-7fba4763\" data-id=\"7fba4763\" data-element_type=\"column\">\n\t\t\t<div class=\"elementor-widget-wrap\">\n\t\t\t\t\t\t\t<\/div>\n\t\t<\/div>\n\t\t\t\t\t<\/div>\n\t\t<\/section>\n\t\t\t\t<section class=\"elementor-section elementor-top-section elementor-element elementor-element-6fa9a7c7 elementor-section-boxed elementor-section-height-default elementor-section-height-default\" data-id=\"6fa9a7c7\" data-element_type=\"section\">\n\t\t\t\t\t\t<div class=\"elementor-container elementor-column-gap-default\">\n\t\t\t\t\t<div class=\"elementor-column elementor-col-100 elementor-top-column elementor-element elementor-element-649ed6fe\" data-id=\"649ed6fe\" data-element_type=\"column\">\n\t\t\t<div class=\"elementor-widget-wrap elementor-element-populated\">\n\t\t\t\t\t\t<div class=\"elementor-element elementor-element-354aa0e8 elementor-widget elementor-widget-heading\" data-id=\"354aa0e8\" data-element_type=\"widget\" data-widget_type=\"heading.default\">\n\t\t\t\t<div class=\"elementor-widget-container\">\n\t\t\t\t\t<h1 class=\"elementor-heading-title elementor-size-default\">Zur\u00fccknahme von Berichten<\/h1>\t\t\t\t<\/div>\n\t\t\t\t<\/div>\n\t\t\t\t\t<\/div>\n\t\t<\/div>\n\t\t\t\t\t<\/div>\n\t\t<\/section>\n\t\t\t\t<section class=\"elementor-section elementor-top-section elementor-element elementor-element-d612b46 elementor-section-boxed elementor-section-height-default elementor-section-height-default\" data-id=\"d612b46\" data-element_type=\"section\">\n\t\t\t\t\t\t<div class=\"elementor-container elementor-column-gap-default\">\n\t\t\t\t\t<div class=\"elementor-column elementor-col-100 elementor-top-column elementor-element elementor-element-6731c78f\" data-id=\"6731c78f\" data-element_type=\"column\">\n\t\t\t<div class=\"elementor-widget-wrap elementor-element-populated\">\n\t\t\t\t\t\t<div class=\"elementor-element elementor-element-63b5444 elementor-widget elementor-widget-heading\" data-id=\"63b5444\" data-element_type=\"widget\" data-widget_type=\"heading.default\">\n\t\t\t\t<div class=\"elementor-widget-container\">\n\t\t\t\t\t<h3 class=\"elementor-heading-title elementor-size-default\">Online<\/h3>\t\t\t\t<\/div>\n\t\t\t\t<\/div>\n\t\t\t\t<div class=\"elementor-element elementor-element-205933c elementor-widget-divider--view-line elementor-widget elementor-widget-divider\" data-id=\"205933c\" data-element_type=\"widget\" data-widget_type=\"divider.default\">\n\t\t\t\t<div class=\"elementor-widget-container\">\n\t\t\t\t\t\t\t<div class=\"elementor-divider\">\n\t\t\t<span class=\"elementor-divider-separator\">\n\t\t\t\t\t\t<\/span>\n\t\t<\/div>\n\t\t\t\t\t\t<\/div>\n\t\t\t\t<\/div>\n\t\t\t\t<div class=\"elementor-element elementor-element-b427ad9 elementor-widget elementor-widget-text-editor\" data-id=\"b427ad9\" data-element_type=\"widget\" data-widget_type=\"text-editor.default\">\n\t\t\t\t<div class=\"elementor-widget-container\">\n\t\t\t\t\t\t\t\t\t<p>Sie k\u00f6nnen bequem von zu Hause aus auf das O<strong>NLINE BERICHTSPORTAL<\/strong> zugreifen und durch einfache Eingabe der Zugangsdaten auf dem Berichtserfassungsformular direkten Zugriff auf die Ergebnisse Ihrer Pr\u00fcfungen haben.<\/p>\n<\/p>\n<p><strong><span style=\"color: #ff0000; font-size: 1rem;\">WICHTIGER HINWEIS:<\/span><\/strong><\/p>\n<p><span style=\"color: #ff0000; font-size: 1rem;\">Aufgrund der Implementierung unseres neuen Verwaltungssystems ist die Online-Berichtssammlung f\u00fcr Pr\u00fcfungen, <strong>die vor dem 31. Dezember 2022<\/strong> durchgef\u00fchrt wurden, auf <a href=\"https:\/\/refertionline.villagemma.it:8449\/ROL\/pages\/main.zul?azienda=01\"><strong>DIESER SEITE<\/strong><\/a> zu erreichen. F\u00fcr Pr\u00fcfungen nach dem <strong>1. Januar 2023<\/strong> verwenden Sie stattdessen das Men\u00fc unten.<\/span><\/p>\n\t\t\t\t\t\t\t\t<\/div>\n\t\t\t\t<\/div>\n\t\t\t\t<div class=\"elementor-element elementor-element-d920e99 elementor-hidden-desktop elementor-hidden-tablet elementor-hidden-mobile elementor-widget elementor-widget-button\" data-id=\"d920e99\" data-element_type=\"widget\" data-widget_type=\"button.default\">\n\t\t\t\t<div class=\"elementor-widget-container\">\n\t\t\t\t\t\t\t\t\t<div class=\"elementor-button-wrapper\">\n\t\t\t\t\t<a class=\"elementor-button elementor-button-link elementor-size-md\" href=\"https:\/\/refertionline.villagemma.it:8449\/ROL\/pages\/main.zul?azienda=01\" target=\"_blank\">\n\t\t\t\t\t\t<span class=\"elementor-button-content-wrapper\">\n\t\t\t\t\t\t\t\t\t<span class=\"elementor-button-text\">Einloggen<\/span>\n\t\t\t\t\t<\/span>\n\t\t\t\t\t<\/a>\n\t\t\t\t<\/div>\n\t\t\t\t\t\t\t\t<\/div>\n\t\t\t\t<\/div>\n\t\t\t\t<div class=\"elementor-element elementor-element-5e2cf09 elementor-widget elementor-widget-html\" data-id=\"5e2cf09\" data-element_type=\"widget\" data-widget_type=\"html.default\">\n\t\t\t\t<div class=\"elementor-widget-container\">\n\t\t\t\t\t<iframe id=\"mop_iframe\" frameborder=\"0\" name=\"mop_iframe\" scrolling=\"no\" style=\"margin-left:0px; width:100%; height:inherit; border:0px;\" allowtransparency=\"true\"><\/iframe><script type=\"text\/javascript\">var mop_source=\"https:\/\/app.tuotempo.com\/mop\/index.php?dbName=tt_afea_referti_villagemma_prod\";<\/script><script type=\"text\/javascript\" src=\"https:\/\/app.tuotempo.com\/js\/mop_loader.js.php\"><\/script>\t\t\t\t<\/div>\n\t\t\t\t<\/div>\n\t\t\t\t<div class=\"elementor-element elementor-element-ffa6615 elementor-widget elementor-widget-spacer\" data-id=\"ffa6615\" data-element_type=\"widget\" data-widget_type=\"spacer.default\">\n\t\t\t\t<div class=\"elementor-widget-container\">\n\t\t\t\t\t\t\t<div class=\"elementor-spacer\">\n\t\t\t<div class=\"elementor-spacer-inner\"><\/div>\n\t\t<\/div>\n\t\t\t\t\t\t<\/div>\n\t\t\t\t<\/div>\n\t\t\t\t\t<\/div>\n\t\t<\/div>\n\t\t\t\t\t<\/div>\n\t\t<\/section>\n\t\t\t\t<section class=\"elementor-section elementor-top-section elementor-element elementor-element-e9553b5 elementor-section-boxed elementor-section-height-default elementor-section-height-default\" data-id=\"e9553b5\" data-element_type=\"section\">\n\t\t\t\t\t\t<div class=\"elementor-container elementor-column-gap-default\">\n\t\t\t\t\t<div class=\"elementor-column elementor-col-100 elementor-top-column elementor-element elementor-element-c0cd1bb\" data-id=\"c0cd1bb\" data-element_type=\"column\">\n\t\t\t<div class=\"elementor-widget-wrap elementor-element-populated\">\n\t\t\t\t\t\t<div class=\"elementor-element elementor-element-5af5b6e elementor-widget elementor-widget-heading\" data-id=\"5af5b6e\" data-element_type=\"widget\" data-widget_type=\"heading.default\">\n\t\t\t\t<div class=\"elementor-widget-container\">\n\t\t\t\t\t<h3 class=\"elementor-heading-title elementor-size-default\">An der Theke<\/h3>\t\t\t\t<\/div>\n\t\t\t\t<\/div>\n\t\t\t\t<div class=\"elementor-element elementor-element-688b5de elementor-widget-divider--view-line elementor-widget elementor-widget-divider\" data-id=\"688b5de\" data-element_type=\"widget\" data-widget_type=\"divider.default\">\n\t\t\t\t<div class=\"elementor-widget-container\">\n\t\t\t\t\t\t\t<div class=\"elementor-divider\">\n\t\t\t<span class=\"elementor-divider-separator\">\n\t\t\t\t\t\t<\/span>\n\t\t<\/div>\n\t\t\t\t\t\t<\/div>\n\t\t\t\t<\/div>\n\t\t\t\t<div class=\"elementor-element elementor-element-800d2f6 elementor-widget elementor-widget-text-editor\" data-id=\"800d2f6\" data-element_type=\"widget\" data-widget_type=\"text-editor.default\">\n\t\t\t\t<div class=\"elementor-widget-container\">\n\t\t\t\t\t\t\t\t\t<p>Zur Abholung der Meldungen ist es erforderlich, das <strong>WIDERRUFSFORMULAR<\/strong> und ein eigenes g\u00fcltiges <strong>AUSWEISDOKUMENT<\/strong> oder alternativ eine Vollmacht mit Ihrem eigenen Dokument und dem des Delegierenden mitzubringen.<\/p>\n\t\t\t\t\t\t\t\t<\/div>\n\t\t\t\t<\/div>\n\t\t\t\t<section class=\"elementor-section elementor-inner-section elementor-element elementor-element-3bf4f01 elementor-section-boxed elementor-section-height-default elementor-section-height-default\" data-id=\"3bf4f01\" data-element_type=\"section\">\n\t\t\t\t\t\t<div class=\"elementor-container elementor-column-gap-default\">\n\t\t\t\t\t<div class=\"elementor-column elementor-col-50 elementor-inner-column elementor-element elementor-element-3f6be77\" data-id=\"3f6be77\" data-element_type=\"column\" data-settings=\"{&quot;background_background&quot;:&quot;classic&quot;}\">\n\t\t\t<div class=\"elementor-widget-wrap elementor-element-populated\">\n\t\t\t\t\t\t<div class=\"elementor-element elementor-element-2d2ac82 elementor-view-default elementor-widget elementor-widget-icon\" data-id=\"2d2ac82\" data-element_type=\"widget\" data-widget_type=\"icon.default\">\n\t\t\t\t<div class=\"elementor-widget-container\">\n\t\t\t\t\t\t\t<div class=\"elementor-icon-wrapper\">\n\t\t\t<div class=\"elementor-icon\">\n\t\t\t<i aria-hidden=\"true\" class=\"far fa-clock\"><\/i>\t\t\t<\/div>\n\t\t<\/div>\n\t\t\t\t\t\t<\/div>\n\t\t\t\t<\/div>\n\t\t\t\t<div class=\"elementor-element elementor-element-ff0235f elementor-widget elementor-widget-text-editor\" data-id=\"ff0235f\" data-element_type=\"widget\" data-widget_type=\"text-editor.default\">\n\t\t\t\t<div class=\"elementor-widget-container\">\n\t\t\t\t\t\t\t\t\t<h5><strong>Villa Gemma Schreibtisch<\/strong><\/h5>\nMontag &#8211; Freitag<br>\n<strong>10:00 &#8211; 16:00<\/strong>\t\t\t\t\t\t\t\t<\/div>\n\t\t\t\t<\/div>\n\t\t\t\t\t<\/div>\n\t\t<\/div>\n\t\t\t\t<div class=\"elementor-column elementor-col-50 elementor-inner-column elementor-element elementor-element-4d9d5af\" data-id=\"4d9d5af\" data-element_type=\"column\" data-settings=\"{&quot;background_background&quot;:&quot;classic&quot;}\">\n\t\t\t<div class=\"elementor-widget-wrap elementor-element-populated\">\n\t\t\t\t\t\t<div class=\"elementor-element elementor-element-541e5da elementor-view-default elementor-widget elementor-widget-icon\" data-id=\"541e5da\" data-element_type=\"widget\" data-widget_type=\"icon.default\">\n\t\t\t\t<div class=\"elementor-widget-container\">\n\t\t\t\t\t\t\t<div class=\"elementor-icon-wrapper\">\n\t\t\t<div class=\"elementor-icon\">\n\t\t\t<i aria-hidden=\"true\" class=\"far fa-clock\"><\/i>\t\t\t<\/div>\n\t\t<\/div>\n\t\t\t\t\t\t<\/div>\n\t\t\t\t<\/div>\n\t\t\t\t<div class=\"elementor-element elementor-element-b705b7b elementor-widget elementor-widget-text-editor\" data-id=\"b705b7b\" data-element_type=\"widget\" data-widget_type=\"text-editor.default\">\n\t\t\t\t<div class=\"elementor-widget-container\">\n\t\t\t\t\t\t\t\t\t<h5><strong>Villa Barbarano Schreibtisch<\/strong><\/h5>\nMontag &#8211; Freitag<br>\n<strong>10:30 &#8211; 18:00<\/strong>\t\t\t\t\t\t\t\t<\/div>\n\t\t\t\t<\/div>\n\t\t\t\t\t<\/div>\n\t\t<\/div>\n\t\t\t\t\t<\/div>\n\t\t<\/section>\n\t\t\t\t<div class=\"elementor-element elementor-element-d6ffa22 elementor-widget elementor-widget-spacer\" data-id=\"d6ffa22\" data-element_type=\"widget\" data-widget_type=\"spacer.default\">\n\t\t\t\t<div class=\"elementor-widget-container\">\n\t\t\t\t\t\t\t<div class=\"elementor-spacer\">\n\t\t\t<div class=\"elementor-spacer-inner\"><\/div>\n\t\t<\/div>\n\t\t\t\t\t\t<\/div>\n\t\t\t\t<\/div>\n\t\t\t\t\t<\/div>\n\t\t<\/div>\n\t\t\t\t\t<\/div>\n\t\t<\/section>\n\t\t\t\t<\/div>\n\t\t","protected":false},"excerpt":{"rendered":"<p>Zur\u00fccknahme von Berichten Online Sie k\u00f6nnen bequem von zu Hause aus auf das ONLINE BERICHTSPORTAL zugreifen und durch einfache Eingabe der Zugangsdaten auf dem Berichtserfassungsformular direkten Zugriff auf die Ergebnisse Ihrer Pr\u00fcfungen haben. WICHTIGER HINWEIS: Aufgrund der Implementierung unseres neuen Verwaltungssystems ist die Online-Berichtssammlung f\u00fcr Pr\u00fcfungen, die vor dem 31. Dezember 2022 durchgef\u00fchrt wurden, auf [&hellip;]<\/p>\n","protected":false},"author":1,"featured_media":0,"parent":0,"menu_order":0,"comment_status":"closed","ping_status":"closed","template":"","meta":{"_acf_changed":false,"footnotes":""},"class_list":["post-4916","page","type-page","status-publish","hentry"],"acf":[],"yoast_head":"<!-- This site is optimized with the Yoast SEO plugin v24.4 - https:\/\/yoast.com\/wordpress\/plugins\/seo\/ -->\n<title>Zur\u00fccknahme von Berichten - Villa Gemma e Villa Barbarano<\/title>\n<meta name=\"robots\" content=\"index, follow, max-snippet:-1, max-image-preview:large, max-video-preview:-1\" \/>\n<link rel=\"canonical\" href=\"https:\/\/www.villagemma.it\/de\/zuruecknahme-von-berichten\/\" \/>\n<meta property=\"og:locale\" content=\"de_DE\" \/>\n<meta property=\"og:type\" content=\"article\" \/>\n<meta property=\"og:title\" content=\"Zur\u00fccknahme von Berichten - Villa Gemma e Villa Barbarano\" \/>\n<meta property=\"og:description\" content=\"Zur\u00fccknahme von Berichten Online Sie k\u00f6nnen bequem von zu Hause aus auf das ONLINE BERICHTSPORTAL zugreifen und durch einfache Eingabe der Zugangsdaten auf dem Berichtserfassungsformular direkten Zugriff auf die Ergebnisse Ihrer Pr\u00fcfungen haben. WICHTIGER HINWEIS: Aufgrund der Implementierung unseres neuen Verwaltungssystems ist die Online-Berichtssammlung f\u00fcr Pr\u00fcfungen, die vor dem 31. Dezember 2022 durchgef\u00fchrt wurden, auf [&hellip;]\" \/>\n<meta property=\"og:url\" content=\"https:\/\/www.villagemma.it\/de\/zuruecknahme-von-berichten\/\" \/>\n<meta property=\"og:site_name\" content=\"Villa Gemma e Villa Barbarano\" \/>\n<meta property=\"article:modified_time\" content=\"2023-01-03T14:53:06+00:00\" \/>\n<meta name=\"twitter:card\" content=\"summary_large_image\" \/>\n<meta name=\"twitter:label1\" content=\"Gesch\u00e4tzte Lesezeit\" \/>\n\t<meta name=\"twitter:data1\" content=\"1\u00a0Minute\" \/>\n<script type=\"application\/ld+json\" class=\"yoast-schema-graph\">{\"@context\":\"https:\/\/schema.org\",\"@graph\":[{\"@type\":\"WebPage\",\"@id\":\"https:\/\/www.villagemma.it\/de\/zuruecknahme-von-berichten\/\",\"url\":\"https:\/\/www.villagemma.it\/de\/zuruecknahme-von-berichten\/\",\"name\":\"Zur\u00fccknahme von Berichten - Villa Gemma e Villa Barbarano\",\"isPartOf\":{\"@id\":\"https:\/\/www.villagemma.it\/#website\"},\"datePublished\":\"2022-09-19T12:54:08+00:00\",\"dateModified\":\"2023-01-03T14:53:06+00:00\",\"breadcrumb\":{\"@id\":\"https:\/\/www.villagemma.it\/de\/zuruecknahme-von-berichten\/#breadcrumb\"},\"inLanguage\":\"de\",\"potentialAction\":[{\"@type\":\"ReadAction\",\"target\":[\"https:\/\/www.villagemma.it\/de\/zuruecknahme-von-berichten\/\"]}]},{\"@type\":\"BreadcrumbList\",\"@id\":\"https:\/\/www.villagemma.it\/de\/zuruecknahme-von-berichten\/#breadcrumb\",\"itemListElement\":[{\"@type\":\"ListItem\",\"position\":1,\"name\":\"Home\",\"item\":\"https:\/\/www.villagemma.it\/de\/home\/\"},{\"@type\":\"ListItem\",\"position\":2,\"name\":\"Zur\u00fccknahme von Berichten\"}]},{\"@type\":\"WebSite\",\"@id\":\"https:\/\/www.villagemma.it\/#website\",\"url\":\"https:\/\/www.villagemma.it\/\",\"name\":\"Villa Gemma e Villa Barbarano\",\"description\":\"\",\"publisher\":{\"@id\":\"https:\/\/www.villagemma.it\/#organization\"},\"potentialAction\":[{\"@type\":\"SearchAction\",\"target\":{\"@type\":\"EntryPoint\",\"urlTemplate\":\"https:\/\/www.villagemma.it\/?s={search_term_string}\"},\"query-input\":{\"@type\":\"PropertyValueSpecification\",\"valueRequired\":true,\"valueName\":\"search_term_string\"}}],\"inLanguage\":\"de\"},{\"@type\":\"Organization\",\"@id\":\"https:\/\/www.villagemma.it\/#organization\",\"name\":\"Villa Gemma e Villa Barbarano\",\"url\":\"https:\/\/www.villagemma.it\/\",\"logo\":{\"@type\":\"ImageObject\",\"inLanguage\":\"de\",\"@id\":\"https:\/\/www.villagemma.it\/#\/schema\/logo\/image\/\",\"url\":\"https:\/\/www.villagemma.it\/wp-content\/uploads\/2022\/08\/Logo_VG.png\",\"contentUrl\":\"https:\/\/www.villagemma.it\/wp-content\/uploads\/2022\/08\/Logo_VG.png\",\"width\":931,\"height\":300,\"caption\":\"Villa Gemma e Villa Barbarano\"},\"image\":{\"@id\":\"https:\/\/www.villagemma.it\/#\/schema\/logo\/image\/\"}}]}<\/script>\n<!-- \/ Yoast SEO plugin. -->","yoast_head_json":{"title":"Zur\u00fccknahme von Berichten - Villa Gemma e Villa Barbarano","robots":{"index":"index","follow":"follow","max-snippet":"max-snippet:-1","max-image-preview":"max-image-preview:large","max-video-preview":"max-video-preview:-1"},"canonical":"https:\/\/www.villagemma.it\/de\/zuruecknahme-von-berichten\/","og_locale":"de_DE","og_type":"article","og_title":"Zur\u00fccknahme von Berichten - Villa Gemma e Villa Barbarano","og_description":"Zur\u00fccknahme von Berichten Online Sie k\u00f6nnen bequem von zu Hause aus auf das ONLINE BERICHTSPORTAL zugreifen und durch einfache Eingabe der Zugangsdaten auf dem Berichtserfassungsformular direkten Zugriff auf die Ergebnisse Ihrer Pr\u00fcfungen haben. WICHTIGER HINWEIS: Aufgrund der Implementierung unseres neuen Verwaltungssystems ist die Online-Berichtssammlung f\u00fcr Pr\u00fcfungen, die vor dem 31. Dezember 2022 durchgef\u00fchrt wurden, auf [&hellip;]","og_url":"https:\/\/www.villagemma.it\/de\/zuruecknahme-von-berichten\/","og_site_name":"Villa Gemma e Villa Barbarano","article_modified_time":"2023-01-03T14:53:06+00:00","twitter_card":"summary_large_image","twitter_misc":{"Gesch\u00e4tzte Lesezeit":"1\u00a0Minute"},"schema":{"@context":"https:\/\/schema.org","@graph":[{"@type":"WebPage","@id":"https:\/\/www.villagemma.it\/de\/zuruecknahme-von-berichten\/","url":"https:\/\/www.villagemma.it\/de\/zuruecknahme-von-berichten\/","name":"Zur\u00fccknahme von Berichten - Villa Gemma e Villa Barbarano","isPartOf":{"@id":"https:\/\/www.villagemma.it\/#website"},"datePublished":"2022-09-19T12:54:08+00:00","dateModified":"2023-01-03T14:53:06+00:00","breadcrumb":{"@id":"https:\/\/www.villagemma.it\/de\/zuruecknahme-von-berichten\/#breadcrumb"},"inLanguage":"de","potentialAction":[{"@type":"ReadAction","target":["https:\/\/www.villagemma.it\/de\/zuruecknahme-von-berichten\/"]}]},{"@type":"BreadcrumbList","@id":"https:\/\/www.villagemma.it\/de\/zuruecknahme-von-berichten\/#breadcrumb","itemListElement":[{"@type":"ListItem","position":1,"name":"Home","item":"https:\/\/www.villagemma.it\/de\/home\/"},{"@type":"ListItem","position":2,"name":"Zur\u00fccknahme von Berichten"}]},{"@type":"WebSite","@id":"https:\/\/www.villagemma.it\/#website","url":"https:\/\/www.villagemma.it\/","name":"Villa Gemma e Villa Barbarano","description":"","publisher":{"@id":"https:\/\/www.villagemma.it\/#organization"},"potentialAction":[{"@type":"SearchAction","target":{"@type":"EntryPoint","urlTemplate":"https:\/\/www.villagemma.it\/?s={search_term_string}"},"query-input":{"@type":"PropertyValueSpecification","valueRequired":true,"valueName":"search_term_string"}}],"inLanguage":"de"},{"@type":"Organization","@id":"https:\/\/www.villagemma.it\/#organization","name":"Villa Gemma e Villa Barbarano","url":"https:\/\/www.villagemma.it\/","logo":{"@type":"ImageObject","inLanguage":"de","@id":"https:\/\/www.villagemma.it\/#\/schema\/logo\/image\/","url":"https:\/\/www.villagemma.it\/wp-content\/uploads\/2022\/08\/Logo_VG.png","contentUrl":"https:\/\/www.villagemma.it\/wp-content\/uploads\/2022\/08\/Logo_VG.png","width":931,"height":300,"caption":"Villa Gemma e Villa Barbarano"},"image":{"@id":"https:\/\/www.villagemma.it\/#\/schema\/logo\/image\/"}}]}},"_links":{"self":[{"href":"https:\/\/www.villagemma.it\/de\/wp-json\/wp\/v2\/pages\/4916","targetHints":{"allow":["GET"]}}],"collection":[{"href":"https:\/\/www.villagemma.it\/de\/wp-json\/wp\/v2\/pages"}],"about":[{"href":"https:\/\/www.villagemma.it\/de\/wp-json\/wp\/v2\/types\/page"}],"author":[{"embeddable":true,"href":"https:\/\/www.villagemma.it\/de\/wp-json\/wp\/v2\/users\/1"}],"replies":[{"embeddable":true,"href":"https:\/\/www.villagemma.it\/de\/wp-json\/wp\/v2\/comments?post=4916"}],"version-history":[{"count":2,"href":"https:\/\/www.villagemma.it\/de\/wp-json\/wp\/v2\/pages\/4916\/revisions"}],"predecessor-version":[{"id":5178,"href":"https:\/\/www.villagemma.it\/de\/wp-json\/wp\/v2\/pages\/4916\/revisions\/5178"}],"wp:attachment":[{"href":"https:\/\/www.villagemma.it\/de\/wp-json\/wp\/v2\/media?parent=4916"}],"curies":[{"name":"wp","href":"https:\/\/api.w.org\/{rel}","templated":true}]}}