{"id":4898,"date":"2022-09-07T07:40:10","date_gmt":"2022-09-07T07:40:10","guid":{"rendered":"https:\/\/www.villagemma.it\/qualitaetsrichtlinie\/"},"modified":"2022-12-20T09:52:58","modified_gmt":"2022-12-20T09:52:58","slug":"qualitaetsrichtlinie","status":"publish","type":"page","link":"https:\/\/www.villagemma.it\/de\/qualitaetsrichtlinie\/","title":{"rendered":"Qualit\u00e4tsrichtlinie"},"content":{"rendered":"\t\t<div data-elementor-type=\"wp-page\" data-elementor-id=\"4898\" class=\"elementor elementor-4898\" data-elementor-post-type=\"page\">\n\t\t\t\t\t\t<section class=\"elementor-section elementor-top-section elementor-element elementor-element-31e8fbc8 elementor-section-height-min-height elementor-section-boxed elementor-section-height-default elementor-section-items-middle\" data-id=\"31e8fbc8\" data-element_type=\"section\" data-settings=\"{&quot;background_background&quot;:&quot;classic&quot;}\">\n\t\t\t\t\t\t<div class=\"elementor-container elementor-column-gap-default\">\n\t\t\t\t\t<div class=\"elementor-column elementor-col-100 elementor-top-column elementor-element elementor-element-6b7eb3a0\" data-id=\"6b7eb3a0\" data-element_type=\"column\">\n\t\t\t<div class=\"elementor-widget-wrap\">\n\t\t\t\t\t\t\t<\/div>\n\t\t<\/div>\n\t\t\t\t\t<\/div>\n\t\t<\/section>\n\t\t\t\t<section class=\"elementor-section elementor-top-section elementor-element elementor-element-50299058 elementor-section-boxed elementor-section-height-default elementor-section-height-default\" data-id=\"50299058\" data-element_type=\"section\">\n\t\t\t\t\t\t<div class=\"elementor-container elementor-column-gap-default\">\n\t\t\t\t\t<div class=\"elementor-column elementor-col-100 elementor-top-column elementor-element elementor-element-1f27761a\" data-id=\"1f27761a\" data-element_type=\"column\">\n\t\t\t<div class=\"elementor-widget-wrap elementor-element-populated\">\n\t\t\t\t\t\t<div class=\"elementor-element elementor-element-6205e799 elementor-widget elementor-widget-heading\" data-id=\"6205e799\" data-element_type=\"widget\" data-widget_type=\"heading.default\">\n\t\t\t\t<div class=\"elementor-widget-container\">\n\t\t\t\t\t<h1 class=\"elementor-heading-title elementor-size-default\">Qualit\u00e4tsrichtlinie<\/h1>\t\t\t\t<\/div>\n\t\t\t\t<\/div>\n\t\t\t\t\t<\/div>\n\t\t<\/div>\n\t\t\t\t\t<\/div>\n\t\t<\/section>\n\t\t\t\t<section class=\"elementor-section elementor-top-section elementor-element elementor-element-6c72ee20 elementor-section-boxed elementor-section-height-default elementor-section-height-default\" data-id=\"6c72ee20\" data-element_type=\"section\">\n\t\t\t\t\t\t<div class=\"elementor-container elementor-column-gap-default\">\n\t\t\t\t\t<div class=\"elementor-column elementor-col-100 elementor-top-column elementor-element elementor-element-398ad5ee\" data-id=\"398ad5ee\" data-element_type=\"column\">\n\t\t\t<div class=\"elementor-widget-wrap elementor-element-populated\">\n\t\t\t\t\t\t<div class=\"elementor-element elementor-element-16b8825f elementor-widget elementor-widget-text-editor\" data-id=\"16b8825f\" data-element_type=\"widget\" data-widget_type=\"text-editor.default\">\n\t\t\t\t<div class=\"elementor-widget-container\">\n\t\t\t\t\t\t\t\t\t<p><strong>VILLA GEMMA<\/strong> und VILLA <strong>BARBARANO<\/strong> bieten station\u00e4re Diagnose- und Behandlungsdienste, spezialisierte ambulante Dienste, instrumentelle Diagnostik und Haushaltshilfe.<br \/>Beide Kliniken erf\u00fcllen ihre Mission, indem sie Gesundheitsaktivit\u00e4ten in \u00dcbereinstimmung mit den Grunds\u00e4tzen der Fairness und der W\u00fcrde der menschlichen Person durchf\u00fchren, inspiriert vom Schutz des Lebens, der F\u00f6rderung der Gesundheit und der Wiederherstellung psychophysischer Ressourcen und beeintr\u00e4chtigter Funktion und Beziehung Kapazit\u00e4ten.<\/p>\n<\/p>\n<p>F\u00fcr die Umsetzung dieser inspirierenden Prinzipien hat die Direktion einige allgemeine Prinzipien festgelegt, denen sich Villa Gemma und Villa Barbarano verpflichtet f\u00fchlen:<\/p>\n<p>a) <strong>AUFMERKSAMKEIT F\u00dcR DEN KUNDEN\/ANWENDER<\/strong>: Entwicklung einer kontinuierlichen Aktion zur Verbesserung der Dienstleistungen und Unternehmensprozesse, die auf die Aufmerksamkeit f\u00fcr den Patienten und seine Zufriedenheit abzielen und die beste Diagnose- und Behandlungsleistung (Angemessenheit, Aktualit\u00e4t, Wirksamkeit) durch ein multiprofessionelles und garantieren multidisziplin\u00e4re Bewertung, Gew\u00e4hrleistung angemessener Gastfreundschaft und Hotelservice;<\/p>\n<p>b) <strong>PROFESSIONALIT\u00c4T UND TECHNOLOGIE<\/strong>: Nutzung kompetenter Humanressourcen und geeigneter Technologien durch kontinuierliche Aktualisierung und effektive Kommunikation zwischen Betreibern und Nutzern.<\/p>\n<p>c) <strong>EFFEKTIVE LEISTUNG UND SICHERHEIT DER PFLEGE BEREITSTELLEN<\/strong>: durch \u00dcberwachung der Prozessleistung, regelm\u00e4\u00dfige Bewertung der Bed\u00fcrfnisse\/Erwartungen interessierter Parteien und der Entwicklung des Kontexts.<\/p>\n<p>Die Erreichung der Ziele wird j\u00e4hrlich von der Gesch\u00e4ftsleitung \u00fcberpr\u00fcft, die Korrekturma\u00dfnahmen durch Gespr\u00e4che mit der Organisation aktiviert.<\/p>\n<p>In diesem Zusammenhang betrachtet die Gesch\u00e4ftsleitung die Schaffung, Aufrechterhaltung und Zertifizierung eines Unternehmensqualit\u00e4tssystems gem\u00e4\u00df der Norm UNI EN ISO 9001 als wesentlich.<\/p>\n<p>Die Manager jeder Funktions- und Organisationseinheit stellen sicher, dass diese Qualit\u00e4tspolitik von allen Mitarbeitern bei der Durchf\u00fchrung ihrer Aktivit\u00e4ten verbreitet, verstanden und umgesetzt wird.<\/p>\n\t\t\t\t\t\t\t\t<\/div>\n\t\t\t\t<\/div>\n\t\t\t\t<div class=\"elementor-element elementor-element-3029ca4 elementor-widget elementor-widget-spacer\" data-id=\"3029ca4\" data-element_type=\"widget\" data-widget_type=\"spacer.default\">\n\t\t\t\t<div class=\"elementor-widget-container\">\n\t\t\t\t\t\t\t<div class=\"elementor-spacer\">\n\t\t\t<div class=\"elementor-spacer-inner\"><\/div>\n\t\t<\/div>\n\t\t\t\t\t\t<\/div>\n\t\t\t\t<\/div>\n\t\t\t\t\t<\/div>\n\t\t<\/div>\n\t\t\t\t\t<\/div>\n\t\t<\/section>\n\t\t\t\t<\/div>\n\t\t","protected":false},"excerpt":{"rendered":"<p>Qualit\u00e4tsrichtlinie VILLA GEMMA und VILLA BARBARANO bieten station\u00e4re Diagnose- und Behandlungsdienste, spezialisierte ambulante Dienste, instrumentelle Diagnostik und Haushaltshilfe.Beide Kliniken erf\u00fcllen ihre Mission, indem sie Gesundheitsaktivit\u00e4ten in \u00dcbereinstimmung mit den Grunds\u00e4tzen der Fairness und der W\u00fcrde der menschlichen Person durchf\u00fchren, inspiriert vom Schutz des Lebens, der F\u00f6rderung der Gesundheit und der Wiederherstellung psychophysischer Ressourcen und beeintr\u00e4chtigter [&hellip;]<\/p>\n","protected":false},"author":1,"featured_media":0,"parent":0,"menu_order":0,"comment_status":"closed","ping_status":"closed","template":"","meta":{"_acf_changed":false,"footnotes":""},"class_list":["post-4898","page","type-page","status-publish","hentry"],"acf":[],"yoast_head":"<!-- This site is optimized with the Yoast SEO plugin v24.4 - https:\/\/yoast.com\/wordpress\/plugins\/seo\/ -->\n<title>Qualit\u00e4tsrichtlinie - Villa Gemma e Villa Barbarano<\/title>\n<meta name=\"robots\" content=\"index, follow, max-snippet:-1, max-image-preview:large, max-video-preview:-1\" \/>\n<link rel=\"canonical\" href=\"https:\/\/www.villagemma.it\/de\/qualitaetsrichtlinie\/\" \/>\n<meta property=\"og:locale\" content=\"de_DE\" \/>\n<meta property=\"og:type\" content=\"article\" \/>\n<meta property=\"og:title\" content=\"Qualit\u00e4tsrichtlinie - Villa Gemma e Villa Barbarano\" \/>\n<meta property=\"og:description\" content=\"Qualit\u00e4tsrichtlinie VILLA GEMMA und VILLA BARBARANO bieten station\u00e4re Diagnose- und Behandlungsdienste, spezialisierte ambulante Dienste, instrumentelle Diagnostik und Haushaltshilfe.Beide Kliniken erf\u00fcllen ihre Mission, indem sie Gesundheitsaktivit\u00e4ten in \u00dcbereinstimmung mit den Grunds\u00e4tzen der Fairness und der W\u00fcrde der menschlichen Person durchf\u00fchren, inspiriert vom Schutz des Lebens, der F\u00f6rderung der Gesundheit und der Wiederherstellung psychophysischer Ressourcen und beeintr\u00e4chtigter [&hellip;]\" \/>\n<meta property=\"og:url\" content=\"https:\/\/www.villagemma.it\/de\/qualitaetsrichtlinie\/\" \/>\n<meta property=\"og:site_name\" content=\"Villa Gemma e Villa Barbarano\" \/>\n<meta property=\"article:modified_time\" content=\"2022-12-20T09:52:58+00:00\" \/>\n<meta name=\"twitter:card\" content=\"summary_large_image\" \/>\n<meta name=\"twitter:label1\" content=\"Gesch\u00e4tzte Lesezeit\" \/>\n\t<meta name=\"twitter:data1\" content=\"1\u00a0Minute\" \/>\n<script type=\"application\/ld+json\" class=\"yoast-schema-graph\">{\"@context\":\"https:\/\/schema.org\",\"@graph\":[{\"@type\":\"WebPage\",\"@id\":\"https:\/\/www.villagemma.it\/de\/qualitaetsrichtlinie\/\",\"url\":\"https:\/\/www.villagemma.it\/de\/qualitaetsrichtlinie\/\",\"name\":\"Qualit\u00e4tsrichtlinie - Villa Gemma e Villa Barbarano\",\"isPartOf\":{\"@id\":\"https:\/\/www.villagemma.it\/#website\"},\"datePublished\":\"2022-09-07T07:40:10+00:00\",\"dateModified\":\"2022-12-20T09:52:58+00:00\",\"breadcrumb\":{\"@id\":\"https:\/\/www.villagemma.it\/de\/qualitaetsrichtlinie\/#breadcrumb\"},\"inLanguage\":\"de\",\"potentialAction\":[{\"@type\":\"ReadAction\",\"target\":[\"https:\/\/www.villagemma.it\/de\/qualitaetsrichtlinie\/\"]}]},{\"@type\":\"BreadcrumbList\",\"@id\":\"https:\/\/www.villagemma.it\/de\/qualitaetsrichtlinie\/#breadcrumb\",\"itemListElement\":[{\"@type\":\"ListItem\",\"position\":1,\"name\":\"Home\",\"item\":\"https:\/\/www.villagemma.it\/de\/home\/\"},{\"@type\":\"ListItem\",\"position\":2,\"name\":\"Qualit\u00e4tsrichtlinie\"}]},{\"@type\":\"WebSite\",\"@id\":\"https:\/\/www.villagemma.it\/#website\",\"url\":\"https:\/\/www.villagemma.it\/\",\"name\":\"Villa Gemma e Villa Barbarano\",\"description\":\"\",\"publisher\":{\"@id\":\"https:\/\/www.villagemma.it\/#organization\"},\"potentialAction\":[{\"@type\":\"SearchAction\",\"target\":{\"@type\":\"EntryPoint\",\"urlTemplate\":\"https:\/\/www.villagemma.it\/?s={search_term_string}\"},\"query-input\":{\"@type\":\"PropertyValueSpecification\",\"valueRequired\":true,\"valueName\":\"search_term_string\"}}],\"inLanguage\":\"de\"},{\"@type\":\"Organization\",\"@id\":\"https:\/\/www.villagemma.it\/#organization\",\"name\":\"Villa Gemma e Villa Barbarano\",\"url\":\"https:\/\/www.villagemma.it\/\",\"logo\":{\"@type\":\"ImageObject\",\"inLanguage\":\"de\",\"@id\":\"https:\/\/www.villagemma.it\/#\/schema\/logo\/image\/\",\"url\":\"https:\/\/www.villagemma.it\/wp-content\/uploads\/2022\/08\/Logo_VG.png\",\"contentUrl\":\"https:\/\/www.villagemma.it\/wp-content\/uploads\/2022\/08\/Logo_VG.png\",\"width\":931,\"height\":300,\"caption\":\"Villa Gemma e Villa Barbarano\"},\"image\":{\"@id\":\"https:\/\/www.villagemma.it\/#\/schema\/logo\/image\/\"}}]}<\/script>\n<!-- \/ Yoast SEO plugin. -->","yoast_head_json":{"title":"Qualit\u00e4tsrichtlinie - Villa Gemma e Villa Barbarano","robots":{"index":"index","follow":"follow","max-snippet":"max-snippet:-1","max-image-preview":"max-image-preview:large","max-video-preview":"max-video-preview:-1"},"canonical":"https:\/\/www.villagemma.it\/de\/qualitaetsrichtlinie\/","og_locale":"de_DE","og_type":"article","og_title":"Qualit\u00e4tsrichtlinie - Villa Gemma e Villa Barbarano","og_description":"Qualit\u00e4tsrichtlinie VILLA GEMMA und VILLA BARBARANO bieten station\u00e4re Diagnose- und Behandlungsdienste, spezialisierte ambulante Dienste, instrumentelle Diagnostik und Haushaltshilfe.Beide Kliniken erf\u00fcllen ihre Mission, indem sie Gesundheitsaktivit\u00e4ten in \u00dcbereinstimmung mit den Grunds\u00e4tzen der Fairness und der W\u00fcrde der menschlichen Person durchf\u00fchren, inspiriert vom Schutz des Lebens, der F\u00f6rderung der Gesundheit und der Wiederherstellung psychophysischer Ressourcen und beeintr\u00e4chtigter [&hellip;]","og_url":"https:\/\/www.villagemma.it\/de\/qualitaetsrichtlinie\/","og_site_name":"Villa Gemma e Villa Barbarano","article_modified_time":"2022-12-20T09:52:58+00:00","twitter_card":"summary_large_image","twitter_misc":{"Gesch\u00e4tzte Lesezeit":"1\u00a0Minute"},"schema":{"@context":"https:\/\/schema.org","@graph":[{"@type":"WebPage","@id":"https:\/\/www.villagemma.it\/de\/qualitaetsrichtlinie\/","url":"https:\/\/www.villagemma.it\/de\/qualitaetsrichtlinie\/","name":"Qualit\u00e4tsrichtlinie - Villa Gemma e Villa Barbarano","isPartOf":{"@id":"https:\/\/www.villagemma.it\/#website"},"datePublished":"2022-09-07T07:40:10+00:00","dateModified":"2022-12-20T09:52:58+00:00","breadcrumb":{"@id":"https:\/\/www.villagemma.it\/de\/qualitaetsrichtlinie\/#breadcrumb"},"inLanguage":"de","potentialAction":[{"@type":"ReadAction","target":["https:\/\/www.villagemma.it\/de\/qualitaetsrichtlinie\/"]}]},{"@type":"BreadcrumbList","@id":"https:\/\/www.villagemma.it\/de\/qualitaetsrichtlinie\/#breadcrumb","itemListElement":[{"@type":"ListItem","position":1,"name":"Home","item":"https:\/\/www.villagemma.it\/de\/home\/"},{"@type":"ListItem","position":2,"name":"Qualit\u00e4tsrichtlinie"}]},{"@type":"WebSite","@id":"https:\/\/www.villagemma.it\/#website","url":"https:\/\/www.villagemma.it\/","name":"Villa Gemma e Villa Barbarano","description":"","publisher":{"@id":"https:\/\/www.villagemma.it\/#organization"},"potentialAction":[{"@type":"SearchAction","target":{"@type":"EntryPoint","urlTemplate":"https:\/\/www.villagemma.it\/?s={search_term_string}"},"query-input":{"@type":"PropertyValueSpecification","valueRequired":true,"valueName":"search_term_string"}}],"inLanguage":"de"},{"@type":"Organization","@id":"https:\/\/www.villagemma.it\/#organization","name":"Villa Gemma e Villa Barbarano","url":"https:\/\/www.villagemma.it\/","logo":{"@type":"ImageObject","inLanguage":"de","@id":"https:\/\/www.villagemma.it\/#\/schema\/logo\/image\/","url":"https:\/\/www.villagemma.it\/wp-content\/uploads\/2022\/08\/Logo_VG.png","contentUrl":"https:\/\/www.villagemma.it\/wp-content\/uploads\/2022\/08\/Logo_VG.png","width":931,"height":300,"caption":"Villa Gemma e Villa Barbarano"},"image":{"@id":"https:\/\/www.villagemma.it\/#\/schema\/logo\/image\/"}}]}},"_links":{"self":[{"href":"https:\/\/www.villagemma.it\/de\/wp-json\/wp\/v2\/pages\/4898","targetHints":{"allow":["GET"]}}],"collection":[{"href":"https:\/\/www.villagemma.it\/de\/wp-json\/wp\/v2\/pages"}],"about":[{"href":"https:\/\/www.villagemma.it\/de\/wp-json\/wp\/v2\/types\/page"}],"author":[{"embeddable":true,"href":"https:\/\/www.villagemma.it\/de\/wp-json\/wp\/v2\/users\/1"}],"replies":[{"embeddable":true,"href":"https:\/\/www.villagemma.it\/de\/wp-json\/wp\/v2\/comments?post=4898"}],"version-history":[{"count":1,"href":"https:\/\/www.villagemma.it\/de\/wp-json\/wp\/v2\/pages\/4898\/revisions"}],"predecessor-version":[{"id":4899,"href":"https:\/\/www.villagemma.it\/de\/wp-json\/wp\/v2\/pages\/4898\/revisions\/4899"}],"wp:attachment":[{"href":"https:\/\/www.villagemma.it\/de\/wp-json\/wp\/v2\/media?parent=4898"}],"curies":[{"name":"wp","href":"https:\/\/api.w.org\/{rel}","templated":true}]}}