{"id":4896,"date":"2022-09-05T11:14:14","date_gmt":"2022-09-05T11:14:14","guid":{"rendered":"https:\/\/www.villagemma.it\/polikliniken\/urologie\/"},"modified":"2022-12-20T09:50:06","modified_gmt":"2022-12-20T09:50:06","slug":"urologie","status":"publish","type":"page","link":"https:\/\/www.villagemma.it\/de\/polikliniken\/urologie\/","title":{"rendered":"Urologie"},"content":{"rendered":"\t\t<div data-elementor-type=\"wp-page\" data-elementor-id=\"4896\" class=\"elementor elementor-4896\" data-elementor-post-type=\"page\">\n\t\t\t\t\t\t<section class=\"elementor-section elementor-top-section elementor-element elementor-element-326b04f4 elementor-section-height-min-height elementor-section-boxed elementor-section-height-default elementor-section-items-middle\" data-id=\"326b04f4\" data-element_type=\"section\" data-settings=\"{&quot;background_background&quot;:&quot;classic&quot;}\">\n\t\t\t\t\t\t<div class=\"elementor-container elementor-column-gap-default\">\n\t\t\t\t\t<div class=\"elementor-column elementor-col-100 elementor-top-column elementor-element elementor-element-1230ada0\" data-id=\"1230ada0\" data-element_type=\"column\">\n\t\t\t<div class=\"elementor-widget-wrap\">\n\t\t\t\t\t\t\t<\/div>\n\t\t<\/div>\n\t\t\t\t\t<\/div>\n\t\t<\/section>\n\t\t\t\t<section class=\"elementor-section elementor-top-section elementor-element elementor-element-7a3a923 elementor-section-boxed elementor-section-height-default elementor-section-height-default\" data-id=\"7a3a923\" data-element_type=\"section\">\n\t\t\t\t\t\t<div class=\"elementor-container elementor-column-gap-default\">\n\t\t\t\t\t<div class=\"elementor-column elementor-col-100 elementor-top-column elementor-element elementor-element-908a66e\" data-id=\"908a66e\" data-element_type=\"column\">\n\t\t\t<div class=\"elementor-widget-wrap elementor-element-populated\">\n\t\t\t\t\t\t<div class=\"elementor-element elementor-element-685f9ef0 elementor-widget elementor-widget-heading\" data-id=\"685f9ef0\" data-element_type=\"widget\" data-widget_type=\"heading.default\">\n\t\t\t\t<div class=\"elementor-widget-container\">\n\t\t\t\t\t<h1 class=\"elementor-heading-title elementor-size-default\">Urologie<\/h1>\t\t\t\t<\/div>\n\t\t\t\t<\/div>\n\t\t\t\t\t<\/div>\n\t\t<\/div>\n\t\t\t\t\t<\/div>\n\t\t<\/section>\n\t\t\t\t<section class=\"elementor-section elementor-top-section elementor-element elementor-element-7e7c54e5 elementor-section-boxed elementor-section-height-default elementor-section-height-default\" data-id=\"7e7c54e5\" data-element_type=\"section\">\n\t\t\t\t\t\t<div class=\"elementor-container elementor-column-gap-default\">\n\t\t\t\t\t<div class=\"elementor-column elementor-col-100 elementor-top-column elementor-element elementor-element-c44627b\" data-id=\"c44627b\" data-element_type=\"column\">\n\t\t\t<div class=\"elementor-widget-wrap elementor-element-populated\">\n\t\t\t\t\t\t<div class=\"elementor-element elementor-element-62ed99ce elementor-widget elementor-widget-text-editor\" data-id=\"62ed99ce\" data-element_type=\"widget\" data-widget_type=\"text-editor.default\">\n\t\t\t\t<div class=\"elementor-widget-container\">\n\t\t\t\t\t\t\t\t\t<p>Diese Klinik f\u00fchrt Diagnostik, medizinische Behandlung, Nachsorge und Fachberatung f\u00fcr die wichtigsten und h\u00e4ufigsten Pathologien der m\u00e4nnlichen und weiblichen Harnwege durch: Prostatapathologie (z. B. Prostatahypertrophie); Harnsteine; Funktionsst\u00f6rungen und Fehlbildungen der Harnwege; Infektionen und Pathologie des m\u00e4nnlichen Genitalsystems; erektile Dysfunktion, vorzeitige Ejakulation, m\u00e4nnliche Unfruchtbarkeit; Tumore der Niere, Blase, Harnwege, Prostata und Hoden.<\/p>\n\t\t\t\t\t\t\t\t<\/div>\n\t\t\t\t<\/div>\n\t\t\t\t\t<\/div>\n\t\t<\/div>\n\t\t\t\t\t<\/div>\n\t\t<\/section>\n\t\t\t\t<section class=\"elementor-section elementor-top-section elementor-element elementor-element-3e48e53c elementor-section-boxed elementor-section-height-default elementor-section-height-default\" data-id=\"3e48e53c\" data-element_type=\"section\">\n\t\t\t\t\t\t<div class=\"elementor-container elementor-column-gap-default\">\n\t\t\t\t\t<div class=\"elementor-column elementor-col-25 elementor-top-column elementor-element elementor-element-64b92911\" data-id=\"64b92911\" data-element_type=\"column\">\n\t\t\t<div class=\"elementor-widget-wrap elementor-element-populated\">\n\t\t\t\t\t\t<div class=\"elementor-element elementor-element-20b6c581 elementor-widget elementor-widget-button\" data-id=\"20b6c581\" data-element_type=\"widget\" data-widget_type=\"button.default\">\n\t\t\t\t<div class=\"elementor-widget-container\">\n\t\t\t\t\t\t\t\t\t<div class=\"elementor-button-wrapper\">\n\t\t\t\t\t<a class=\"elementor-button elementor-button-link elementor-size-sm\" href=\"https:\/\/www.villagemma.it\/prenotazioni-e-referti\/\">\n\t\t\t\t\t\t<span class=\"elementor-button-content-wrapper\">\n\t\t\t\t\t\t\t\t\t<span class=\"elementor-button-text\">Wie bucht man<\/span>\n\t\t\t\t\t<\/span>\n\t\t\t\t\t<\/a>\n\t\t\t\t<\/div>\n\t\t\t\t\t\t\t\t<\/div>\n\t\t\t\t<\/div>\n\t\t\t\t\t<\/div>\n\t\t<\/div>\n\t\t\t\t<div class=\"elementor-column elementor-col-25 elementor-top-column elementor-element elementor-element-4500cc40\" data-id=\"4500cc40\" data-element_type=\"column\">\n\t\t\t<div class=\"elementor-widget-wrap elementor-element-populated\">\n\t\t\t\t\t\t<div class=\"elementor-element elementor-element-77be56b7 elementor-widget elementor-widget-button\" data-id=\"77be56b7\" data-element_type=\"widget\" data-widget_type=\"button.default\">\n\t\t\t\t<div class=\"elementor-widget-container\">\n\t\t\t\t\t\t\t\t\t<div class=\"elementor-button-wrapper\">\n\t\t\t\t\t<a class=\"elementor-button elementor-button-link elementor-size-sm\" href=\"https:\/\/www.villagemma.it\/de\/unsere-aerzte\/\">\n\t\t\t\t\t\t<span class=\"elementor-button-content-wrapper\">\n\t\t\t\t\t\t\t\t\t<span class=\"elementor-button-text\">Unsere \u00c4rzte<\/span>\n\t\t\t\t\t<\/span>\n\t\t\t\t\t<\/a>\n\t\t\t\t<\/div>\n\t\t\t\t\t\t\t\t<\/div>\n\t\t\t\t<\/div>\n\t\t\t\t\t<\/div>\n\t\t<\/div>\n\t\t\t\t<div class=\"elementor-column elementor-col-25 elementor-top-column elementor-element elementor-element-3a5c4d68\" data-id=\"3a5c4d68\" data-element_type=\"column\">\n\t\t\t<div class=\"elementor-widget-wrap\">\n\t\t\t\t\t\t\t<\/div>\n\t\t<\/div>\n\t\t\t\t<div class=\"elementor-column elementor-col-25 elementor-top-column elementor-element elementor-element-92e7ad4\" data-id=\"92e7ad4\" data-element_type=\"column\">\n\t\t\t<div class=\"elementor-widget-wrap\">\n\t\t\t\t\t\t\t<\/div>\n\t\t<\/div>\n\t\t\t\t\t<\/div>\n\t\t<\/section>\n\t\t\t\t<section class=\"elementor-section elementor-top-section elementor-element elementor-element-30d68222 elementor-section-boxed elementor-section-height-default elementor-section-height-default\" data-id=\"30d68222\" data-element_type=\"section\">\n\t\t\t\t\t\t<div class=\"elementor-container elementor-column-gap-default\">\n\t\t\t\t\t<div class=\"elementor-column elementor-col-100 elementor-top-column elementor-element elementor-element-6e103f98\" data-id=\"6e103f98\" data-element_type=\"column\">\n\t\t\t<div class=\"elementor-widget-wrap elementor-element-populated\">\n\t\t\t\t\t\t<div class=\"elementor-element elementor-element-1775bead elementor-widget elementor-widget-text-editor\" data-id=\"1775bead\" data-element_type=\"widget\" data-widget_type=\"text-editor.default\">\n\t\t\t\t<div class=\"elementor-widget-container\">\n\t\t\t\t\t\t\t\t\t<ul>\n<li>Besuch beim urologischen Facharzt<\/li>\n<li>Ultraschall des Penis<\/li>\n<li>Reno-Blasen-Ultraschall<\/li>\n<li>Ultraschall der Hoden<\/li>\n<li>Transrektaler Ultraschall<\/li>\n<li>Medikament\u00f6se Infiltration des Penis<\/li>\n<li>Uroflowmetrie<\/li>\n<\/ul>\n\t\t\t\t\t\t\t\t<\/div>\n\t\t\t\t<\/div>\n\t\t\t\t<div class=\"elementor-element elementor-element-cc6cbc2 elementor-widget elementor-widget-heading\" data-id=\"cc6cbc2\" data-element_type=\"widget\" data-widget_type=\"heading.default\">\n\t\t\t\t<div class=\"elementor-widget-container\">\n\t\t\t\t\t<h1 class=\"elementor-heading-title elementor-size-default\">Fr\u00fcherkennung von Prostatakrebs<\/h1>\t\t\t\t<\/div>\n\t\t\t\t<\/div>\n\t\t\t\t<div class=\"elementor-element elementor-element-eb54844 elementor-widget elementor-widget-text-editor\" data-id=\"eb54844\" data-element_type=\"widget\" data-widget_type=\"text-editor.default\">\n\t\t\t\t<div class=\"elementor-widget-container\">\n\t\t\t\t\t\t\t\t\t<p>Prostatakrebs ist neben der Lunge die h\u00e4ufigste b\u00f6sartige Erkrankung des Mannes. Es ist eine behandelbare Krankheit, die, wenn sie rechtzeitig erkannt wird, wahrscheinlich keinen t\u00f6dlichen Ausgang hat. <br \/>Aus dieser Pr\u00e4misse verstehen wir die Bedeutung einer fr\u00fchen Diagnose.<\/p>\n<p>Die aktuellen Methoden zur Diagnose von Prostatakrebs haben sich in den letzten drei Jahrzehnten stark verbessert:<\/p>\n<ol>\n<li style=\"list-style-type: none;\">\n<ol>\n<li>Der PSA-Wert ist ein Bluttest, der bei Prostatakrebs erh\u00f6ht sein kann, aber nicht nur, weil er auch bei akuten oder chronischen Prostatainfektionen ansteigen kann und negative Werte manchmal das Vorliegen eines Tumors nicht ausschlie\u00dfen.<\/li>\n<li>Der transrektale Prostata-Ultraschall erm\u00f6glicht die Identifizierung zweifelhafter L\u00e4sionen neoplastischer oder entz\u00fcndlicher Art.<\/li>\n<li>Die traditionelle rektale Untersuchung ist kein sehr effektives Screening-Tool; Durch Sondieren mit einem Finger kann nur ein Teil der Dr\u00fcse erreicht werden, wodurch einige Neubildungen (insbesondere die anterior gelegenen) nicht wahrgenommen werden k\u00f6nnen. Und in einigen F\u00e4llen muss der Tumor erst sehr stark wachsen, bevor er rektal untersucht werden kann, und oft ist die Krankheit bereits in einem fortgeschrittenen Stadium. <\/li>\n<li>Die multiparametrische MRT erm\u00f6glicht es Ihnen, verd\u00e4chtige Bereiche im Ultraschall weiter zu erkennen. Die MRT der Prostata ist sehr detailliert in den Informationen, die sie im Weichgewebe, wie der Prostata, liefert. <\/li>\n<\/ol>\n<\/li>\n<\/ol>\n<p>Nach diesen Untersuchungen kann der Urologe das Vorhandensein von Prostatakrebs, der durch eine Prostatabiopsie diagnostiziert werden kann, vermuten oder ausschlie\u00dfen.<\/p>\n<p>An dieser Stelle ist es m\u00f6glich, Biopsien genau in den durch die Magnetresonanz erkannten verd\u00e4chtigen Arealen durchzuf\u00fchren (Fusionstechnik oder in fachm\u00e4nnischer Ausf\u00fchrung auch die kognitive Biopsie).<\/p>\n\t\t\t\t\t\t\t\t<\/div>\n\t\t\t\t<\/div>\n\t\t\t\t<div class=\"elementor-element elementor-element-615cafff elementor-hidden-desktop elementor-hidden-tablet elementor-hidden-mobile elementor-widget elementor-widget-button\" data-id=\"615cafff\" data-element_type=\"widget\" data-widget_type=\"button.default\">\n\t\t\t\t<div class=\"elementor-widget-container\">\n\t\t\t\t\t\t\t\t\t<div class=\"elementor-button-wrapper\">\n\t\t\t\t\t<a class=\"elementor-button elementor-button-link elementor-size-sm\" href=\"#\">\n\t\t\t\t\t\t<span class=\"elementor-button-content-wrapper\">\n\t\t\t\t\t\t\t\t\t<span class=\"elementor-button-text\">Buchen Sie einen kardiologischen Facharztbesuch <\/span>\n\t\t\t\t\t<\/span>\n\t\t\t\t\t<\/a>\n\t\t\t\t<\/div>\n\t\t\t\t\t\t\t\t<\/div>\n\t\t\t\t<\/div>\n\t\t\t\t<div class=\"elementor-element elementor-element-180edee5 elementor-hidden-desktop elementor-hidden-tablet elementor-hidden-mobile elementor-widget elementor-widget-text-editor\" data-id=\"180edee5\" data-element_type=\"widget\" data-widget_type=\"text-editor.default\">\n\t\t\t\t<div class=\"elementor-widget-container\">\n\t\t\t\t\t\t\t\t\t<p><em>Medizinische Integration<\/em><\/p>\n\t\t\t\t\t\t\t\t<\/div>\n\t\t\t\t<\/div>\n\t\t\t\t\t<\/div>\n\t\t<\/div>\n\t\t\t\t\t<\/div>\n\t\t<\/section>\n\t\t\t\t<\/div>\n\t\t","protected":false},"excerpt":{"rendered":"<p>Urologie Diese Klinik f\u00fchrt Diagnostik, medizinische Behandlung, Nachsorge und Fachberatung f\u00fcr die wichtigsten und h\u00e4ufigsten Pathologien der m\u00e4nnlichen und weiblichen Harnwege durch: Prostatapathologie (z. B. Prostatahypertrophie); Harnsteine; Funktionsst\u00f6rungen und Fehlbildungen der Harnwege; Infektionen und Pathologie des m\u00e4nnlichen Genitalsystems; erektile Dysfunktion, vorzeitige Ejakulation, m\u00e4nnliche Unfruchtbarkeit; Tumore der Niere, Blase, Harnwege, Prostata und Hoden. Wie bucht man [&hellip;]<\/p>\n","protected":false},"author":1,"featured_media":0,"parent":4869,"menu_order":0,"comment_status":"closed","ping_status":"closed","template":"","meta":{"_acf_changed":false,"footnotes":""},"class_list":["post-4896","page","type-page","status-publish","hentry"],"acf":[],"yoast_head":"<!-- This site is optimized with the Yoast SEO plugin v24.4 - https:\/\/yoast.com\/wordpress\/plugins\/seo\/ -->\n<title>Urologie - Villa Gemma e Villa Barbarano<\/title>\n<meta name=\"robots\" content=\"index, follow, max-snippet:-1, max-image-preview:large, max-video-preview:-1\" \/>\n<link rel=\"canonical\" href=\"https:\/\/www.villagemma.it\/de\/polikliniken\/urologie\/\" \/>\n<meta property=\"og:locale\" content=\"de_DE\" \/>\n<meta property=\"og:type\" content=\"article\" \/>\n<meta property=\"og:title\" content=\"Urologie - Villa Gemma e Villa Barbarano\" \/>\n<meta property=\"og:description\" content=\"Urologie Diese Klinik f\u00fchrt Diagnostik, medizinische Behandlung, Nachsorge und Fachberatung f\u00fcr die wichtigsten und h\u00e4ufigsten Pathologien der m\u00e4nnlichen und weiblichen Harnwege durch: Prostatapathologie (z. B. Prostatahypertrophie); Harnsteine; Funktionsst\u00f6rungen und Fehlbildungen der Harnwege; Infektionen und Pathologie des m\u00e4nnlichen Genitalsystems; erektile Dysfunktion, vorzeitige Ejakulation, m\u00e4nnliche Unfruchtbarkeit; Tumore der Niere, Blase, Harnwege, Prostata und Hoden. Wie bucht man [&hellip;]\" \/>\n<meta property=\"og:url\" content=\"https:\/\/www.villagemma.it\/de\/polikliniken\/urologie\/\" \/>\n<meta property=\"og:site_name\" content=\"Villa Gemma e Villa Barbarano\" \/>\n<meta property=\"article:modified_time\" content=\"2022-12-20T09:50:06+00:00\" \/>\n<meta name=\"twitter:card\" content=\"summary_large_image\" \/>\n<meta name=\"twitter:label1\" content=\"Gesch\u00e4tzte Lesezeit\" \/>\n\t<meta name=\"twitter:data1\" content=\"2\u00a0Minuten\" \/>\n<script type=\"application\/ld+json\" class=\"yoast-schema-graph\">{\"@context\":\"https:\/\/schema.org\",\"@graph\":[{\"@type\":\"WebPage\",\"@id\":\"https:\/\/www.villagemma.it\/de\/polikliniken\/urologie\/\",\"url\":\"https:\/\/www.villagemma.it\/de\/polikliniken\/urologie\/\",\"name\":\"Urologie - Villa Gemma e Villa Barbarano\",\"isPartOf\":{\"@id\":\"https:\/\/www.villagemma.it\/#website\"},\"datePublished\":\"2022-09-05T11:14:14+00:00\",\"dateModified\":\"2022-12-20T09:50:06+00:00\",\"breadcrumb\":{\"@id\":\"https:\/\/www.villagemma.it\/de\/polikliniken\/urologie\/#breadcrumb\"},\"inLanguage\":\"de\",\"potentialAction\":[{\"@type\":\"ReadAction\",\"target\":[\"https:\/\/www.villagemma.it\/de\/polikliniken\/urologie\/\"]}]},{\"@type\":\"BreadcrumbList\",\"@id\":\"https:\/\/www.villagemma.it\/de\/polikliniken\/urologie\/#breadcrumb\",\"itemListElement\":[{\"@type\":\"ListItem\",\"position\":1,\"name\":\"Home\",\"item\":\"https:\/\/www.villagemma.it\/de\/home\/\"},{\"@type\":\"ListItem\",\"position\":2,\"name\":\"Polikliniken\",\"item\":\"https:\/\/www.villagemma.it\/de\/polikliniken\/\"},{\"@type\":\"ListItem\",\"position\":3,\"name\":\"Urologie\"}]},{\"@type\":\"WebSite\",\"@id\":\"https:\/\/www.villagemma.it\/#website\",\"url\":\"https:\/\/www.villagemma.it\/\",\"name\":\"Villa Gemma e Villa Barbarano\",\"description\":\"\",\"publisher\":{\"@id\":\"https:\/\/www.villagemma.it\/#organization\"},\"potentialAction\":[{\"@type\":\"SearchAction\",\"target\":{\"@type\":\"EntryPoint\",\"urlTemplate\":\"https:\/\/www.villagemma.it\/?s={search_term_string}\"},\"query-input\":{\"@type\":\"PropertyValueSpecification\",\"valueRequired\":true,\"valueName\":\"search_term_string\"}}],\"inLanguage\":\"de\"},{\"@type\":\"Organization\",\"@id\":\"https:\/\/www.villagemma.it\/#organization\",\"name\":\"Villa Gemma e Villa Barbarano\",\"url\":\"https:\/\/www.villagemma.it\/\",\"logo\":{\"@type\":\"ImageObject\",\"inLanguage\":\"de\",\"@id\":\"https:\/\/www.villagemma.it\/#\/schema\/logo\/image\/\",\"url\":\"https:\/\/www.villagemma.it\/wp-content\/uploads\/2022\/08\/Logo_VG.png\",\"contentUrl\":\"https:\/\/www.villagemma.it\/wp-content\/uploads\/2022\/08\/Logo_VG.png\",\"width\":931,\"height\":300,\"caption\":\"Villa Gemma e Villa Barbarano\"},\"image\":{\"@id\":\"https:\/\/www.villagemma.it\/#\/schema\/logo\/image\/\"}}]}<\/script>\n<!-- \/ Yoast SEO plugin. -->","yoast_head_json":{"title":"Urologie - Villa Gemma e Villa Barbarano","robots":{"index":"index","follow":"follow","max-snippet":"max-snippet:-1","max-image-preview":"max-image-preview:large","max-video-preview":"max-video-preview:-1"},"canonical":"https:\/\/www.villagemma.it\/de\/polikliniken\/urologie\/","og_locale":"de_DE","og_type":"article","og_title":"Urologie - Villa Gemma e Villa Barbarano","og_description":"Urologie Diese Klinik f\u00fchrt Diagnostik, medizinische Behandlung, Nachsorge und Fachberatung f\u00fcr die wichtigsten und h\u00e4ufigsten Pathologien der m\u00e4nnlichen und weiblichen Harnwege durch: Prostatapathologie (z. B. Prostatahypertrophie); Harnsteine; Funktionsst\u00f6rungen und Fehlbildungen der Harnwege; Infektionen und Pathologie des m\u00e4nnlichen Genitalsystems; erektile Dysfunktion, vorzeitige Ejakulation, m\u00e4nnliche Unfruchtbarkeit; Tumore der Niere, Blase, Harnwege, Prostata und Hoden. Wie bucht man [&hellip;]","og_url":"https:\/\/www.villagemma.it\/de\/polikliniken\/urologie\/","og_site_name":"Villa Gemma e Villa Barbarano","article_modified_time":"2022-12-20T09:50:06+00:00","twitter_card":"summary_large_image","twitter_misc":{"Gesch\u00e4tzte Lesezeit":"2\u00a0Minuten"},"schema":{"@context":"https:\/\/schema.org","@graph":[{"@type":"WebPage","@id":"https:\/\/www.villagemma.it\/de\/polikliniken\/urologie\/","url":"https:\/\/www.villagemma.it\/de\/polikliniken\/urologie\/","name":"Urologie - Villa Gemma e Villa Barbarano","isPartOf":{"@id":"https:\/\/www.villagemma.it\/#website"},"datePublished":"2022-09-05T11:14:14+00:00","dateModified":"2022-12-20T09:50:06+00:00","breadcrumb":{"@id":"https:\/\/www.villagemma.it\/de\/polikliniken\/urologie\/#breadcrumb"},"inLanguage":"de","potentialAction":[{"@type":"ReadAction","target":["https:\/\/www.villagemma.it\/de\/polikliniken\/urologie\/"]}]},{"@type":"BreadcrumbList","@id":"https:\/\/www.villagemma.it\/de\/polikliniken\/urologie\/#breadcrumb","itemListElement":[{"@type":"ListItem","position":1,"name":"Home","item":"https:\/\/www.villagemma.it\/de\/home\/"},{"@type":"ListItem","position":2,"name":"Polikliniken","item":"https:\/\/www.villagemma.it\/de\/polikliniken\/"},{"@type":"ListItem","position":3,"name":"Urologie"}]},{"@type":"WebSite","@id":"https:\/\/www.villagemma.it\/#website","url":"https:\/\/www.villagemma.it\/","name":"Villa Gemma e Villa Barbarano","description":"","publisher":{"@id":"https:\/\/www.villagemma.it\/#organization"},"potentialAction":[{"@type":"SearchAction","target":{"@type":"EntryPoint","urlTemplate":"https:\/\/www.villagemma.it\/?s={search_term_string}"},"query-input":{"@type":"PropertyValueSpecification","valueRequired":true,"valueName":"search_term_string"}}],"inLanguage":"de"},{"@type":"Organization","@id":"https:\/\/www.villagemma.it\/#organization","name":"Villa Gemma e Villa Barbarano","url":"https:\/\/www.villagemma.it\/","logo":{"@type":"ImageObject","inLanguage":"de","@id":"https:\/\/www.villagemma.it\/#\/schema\/logo\/image\/","url":"https:\/\/www.villagemma.it\/wp-content\/uploads\/2022\/08\/Logo_VG.png","contentUrl":"https:\/\/www.villagemma.it\/wp-content\/uploads\/2022\/08\/Logo_VG.png","width":931,"height":300,"caption":"Villa Gemma e Villa Barbarano"},"image":{"@id":"https:\/\/www.villagemma.it\/#\/schema\/logo\/image\/"}}]}},"_links":{"self":[{"href":"https:\/\/www.villagemma.it\/de\/wp-json\/wp\/v2\/pages\/4896","targetHints":{"allow":["GET"]}}],"collection":[{"href":"https:\/\/www.villagemma.it\/de\/wp-json\/wp\/v2\/pages"}],"about":[{"href":"https:\/\/www.villagemma.it\/de\/wp-json\/wp\/v2\/types\/page"}],"author":[{"embeddable":true,"href":"https:\/\/www.villagemma.it\/de\/wp-json\/wp\/v2\/users\/1"}],"replies":[{"embeddable":true,"href":"https:\/\/www.villagemma.it\/de\/wp-json\/wp\/v2\/comments?post=4896"}],"version-history":[{"count":1,"href":"https:\/\/www.villagemma.it\/de\/wp-json\/wp\/v2\/pages\/4896\/revisions"}],"predecessor-version":[{"id":4897,"href":"https:\/\/www.villagemma.it\/de\/wp-json\/wp\/v2\/pages\/4896\/revisions\/4897"}],"up":[{"embeddable":true,"href":"https:\/\/www.villagemma.it\/de\/wp-json\/wp\/v2\/pages\/4869"}],"wp:attachment":[{"href":"https:\/\/www.villagemma.it\/de\/wp-json\/wp\/v2\/media?parent=4896"}],"curies":[{"name":"wp","href":"https:\/\/api.w.org\/{rel}","templated":true}]}}