{"id":4894,"date":"2022-09-05T11:12:15","date_gmt":"2022-09-05T11:12:15","guid":{"rendered":"https:\/\/www.villagemma.it\/polikliniken\/pneumologie\/"},"modified":"2022-12-20T09:49:04","modified_gmt":"2022-12-20T09:49:04","slug":"pneumologie","status":"publish","type":"page","link":"https:\/\/www.villagemma.it\/de\/polikliniken\/pneumologie\/","title":{"rendered":"Pneumologie"},"content":{"rendered":"\t\t<div data-elementor-type=\"wp-page\" data-elementor-id=\"4894\" class=\"elementor elementor-4894\" data-elementor-post-type=\"page\">\n\t\t\t\t\t\t<section class=\"elementor-section elementor-top-section elementor-element elementor-element-679a14a6 elementor-section-height-min-height elementor-section-boxed elementor-section-height-default elementor-section-items-middle\" data-id=\"679a14a6\" data-element_type=\"section\" data-settings=\"{&quot;background_background&quot;:&quot;classic&quot;}\">\n\t\t\t\t\t\t<div class=\"elementor-container elementor-column-gap-default\">\n\t\t\t\t\t<div class=\"elementor-column elementor-col-100 elementor-top-column elementor-element elementor-element-477d1ebd\" data-id=\"477d1ebd\" data-element_type=\"column\">\n\t\t\t<div class=\"elementor-widget-wrap\">\n\t\t\t\t\t\t\t<\/div>\n\t\t<\/div>\n\t\t\t\t\t<\/div>\n\t\t<\/section>\n\t\t\t\t<section class=\"elementor-section elementor-top-section elementor-element elementor-element-31a4d759 elementor-section-boxed elementor-section-height-default elementor-section-height-default\" data-id=\"31a4d759\" data-element_type=\"section\">\n\t\t\t\t\t\t<div class=\"elementor-container elementor-column-gap-default\">\n\t\t\t\t\t<div class=\"elementor-column elementor-col-100 elementor-top-column elementor-element elementor-element-75aa35da\" data-id=\"75aa35da\" data-element_type=\"column\">\n\t\t\t<div class=\"elementor-widget-wrap elementor-element-populated\">\n\t\t\t\t\t\t<div class=\"elementor-element elementor-element-673acb42 elementor-widget elementor-widget-heading\" data-id=\"673acb42\" data-element_type=\"widget\" data-widget_type=\"heading.default\">\n\t\t\t\t<div class=\"elementor-widget-container\">\n\t\t\t\t\t<h1 class=\"elementor-heading-title elementor-size-default\">Pneumologie<\/h1>\t\t\t\t<\/div>\n\t\t\t\t<\/div>\n\t\t\t\t\t<\/div>\n\t\t<\/div>\n\t\t\t\t\t<\/div>\n\t\t<\/section>\n\t\t\t\t<section class=\"elementor-section elementor-top-section elementor-element elementor-element-48f06e3b elementor-section-boxed elementor-section-height-default elementor-section-height-default\" data-id=\"48f06e3b\" data-element_type=\"section\">\n\t\t\t\t\t\t<div class=\"elementor-container elementor-column-gap-default\">\n\t\t\t\t\t<div class=\"elementor-column elementor-col-100 elementor-top-column elementor-element elementor-element-250b8344\" data-id=\"250b8344\" data-element_type=\"column\">\n\t\t\t<div class=\"elementor-widget-wrap elementor-element-populated\">\n\t\t\t\t\t\t<div class=\"elementor-element elementor-element-b3f3bc9 elementor-widget elementor-widget-text-editor\" data-id=\"b3f3bc9\" data-element_type=\"widget\" data-widget_type=\"text-editor.default\">\n\t\t\t\t<div class=\"elementor-widget-container\">\n\t\t\t\t\t\t\t\t\t<p>Die pneumologische Klinik wird von den in der OE t\u00e4tigen Fach\u00e4rzten durchgef\u00fchrt. der respiratorischen Rehabilitation und zielt auf die Diagnose und Behandlung der wichtigsten Atemwegserkrankungen ab. Benutzer, die sich an die Lungenklinik wenden, zeigen normalerweise Symptome wie Husten und\/oder Keuchen, begleitet von anderen Symptomen wie Asthenie, Schwankungen des K\u00f6rpergewichts, H\u00e4moptyse, Brustschmerzen. Der Besuch wird durchgef\u00fchrt, eventuelle vertiefende Untersuchungen werden angefordert und eine Therapie verordnet. W\u00e4hrend des Besuchs k\u00f6nnen Atemfunktionsuntersuchungen, Blutgasanalysen oder Gehtests durchgef\u00fchrt werden. Die O2-S\u00e4ttigung wurde bei allen Probanden mittels eines S\u00e4ttigungsmessger\u00e4ts, das an einem Finger der Hand angebracht wurde, bestimmt. Es wird immer \u00fcber die Verwendung der verschiedenen Ger\u00e4te und \u00fcber die Therapie in Bezug auf die betreffende Pathologie unterrichtet, und es wird auch eine p\u00e4dagogische Therapie \u00fcber die Krankheit des Patienten und die richtige Lebensweise durchgef\u00fchrt. Patienten k\u00f6nnen auf den Service zugreifen, der von ihrem Hausarzt, von anderen Fach\u00e4rzten oder durch direkte Kontaktaufnahme mit dem CUP gesendet wird. Die angebotenen Pr\u00fcfungen sind:       <\/p>\n\t\t\t\t\t\t\t\t<\/div>\n\t\t\t\t<\/div>\n\t\t\t\t\t<\/div>\n\t\t<\/div>\n\t\t\t\t\t<\/div>\n\t\t<\/section>\n\t\t\t\t<section class=\"elementor-section elementor-top-section elementor-element elementor-element-1cd31e36 elementor-section-boxed elementor-section-height-default elementor-section-height-default\" data-id=\"1cd31e36\" data-element_type=\"section\">\n\t\t\t\t\t\t<div class=\"elementor-container elementor-column-gap-default\">\n\t\t\t\t\t<div class=\"elementor-column elementor-col-25 elementor-top-column elementor-element elementor-element-5fbf3310\" data-id=\"5fbf3310\" data-element_type=\"column\">\n\t\t\t<div class=\"elementor-widget-wrap elementor-element-populated\">\n\t\t\t\t\t\t<div class=\"elementor-element elementor-element-7df33410 elementor-widget elementor-widget-button\" data-id=\"7df33410\" data-element_type=\"widget\" data-widget_type=\"button.default\">\n\t\t\t\t<div class=\"elementor-widget-container\">\n\t\t\t\t\t\t\t\t\t<div class=\"elementor-button-wrapper\">\n\t\t\t\t\t<a class=\"elementor-button elementor-button-link elementor-size-sm\" href=\"https:\/\/www.villagemma.it\/prenotazioni-e-referti\/\">\n\t\t\t\t\t\t<span class=\"elementor-button-content-wrapper\">\n\t\t\t\t\t\t\t\t\t<span class=\"elementor-button-text\">Wie bucht man<\/span>\n\t\t\t\t\t<\/span>\n\t\t\t\t\t<\/a>\n\t\t\t\t<\/div>\n\t\t\t\t\t\t\t\t<\/div>\n\t\t\t\t<\/div>\n\t\t\t\t\t<\/div>\n\t\t<\/div>\n\t\t\t\t<div class=\"elementor-column elementor-col-25 elementor-top-column elementor-element elementor-element-1364b606\" data-id=\"1364b606\" data-element_type=\"column\">\n\t\t\t<div class=\"elementor-widget-wrap elementor-element-populated\">\n\t\t\t\t\t\t<div class=\"elementor-element elementor-element-81644eb elementor-widget elementor-widget-button\" data-id=\"81644eb\" data-element_type=\"widget\" data-widget_type=\"button.default\">\n\t\t\t\t<div class=\"elementor-widget-container\">\n\t\t\t\t\t\t\t\t\t<div class=\"elementor-button-wrapper\">\n\t\t\t\t\t<a class=\"elementor-button elementor-button-link elementor-size-sm\" href=\"https:\/\/www.villagemma.it\/de\/unsere-aerzte\/\">\n\t\t\t\t\t\t<span class=\"elementor-button-content-wrapper\">\n\t\t\t\t\t\t\t\t\t<span class=\"elementor-button-text\">Unsere \u00c4rzte<\/span>\n\t\t\t\t\t<\/span>\n\t\t\t\t\t<\/a>\n\t\t\t\t<\/div>\n\t\t\t\t\t\t\t\t<\/div>\n\t\t\t\t<\/div>\n\t\t\t\t\t<\/div>\n\t\t<\/div>\n\t\t\t\t<div class=\"elementor-column elementor-col-25 elementor-top-column elementor-element elementor-element-4e261c06\" data-id=\"4e261c06\" data-element_type=\"column\">\n\t\t\t<div class=\"elementor-widget-wrap\">\n\t\t\t\t\t\t\t<\/div>\n\t\t<\/div>\n\t\t\t\t<div class=\"elementor-column elementor-col-25 elementor-top-column elementor-element elementor-element-155c9305\" data-id=\"155c9305\" data-element_type=\"column\">\n\t\t\t<div class=\"elementor-widget-wrap\">\n\t\t\t\t\t\t\t<\/div>\n\t\t<\/div>\n\t\t\t\t\t<\/div>\n\t\t<\/section>\n\t\t\t\t<section class=\"elementor-section elementor-top-section elementor-element elementor-element-1d8fe6dd elementor-section-boxed elementor-section-height-default elementor-section-height-default\" data-id=\"1d8fe6dd\" data-element_type=\"section\">\n\t\t\t\t\t\t<div class=\"elementor-container elementor-column-gap-default\">\n\t\t\t\t\t<div class=\"elementor-column elementor-col-100 elementor-top-column elementor-element elementor-element-5e9affbc\" data-id=\"5e9affbc\" data-element_type=\"column\">\n\t\t\t<div class=\"elementor-widget-wrap elementor-element-populated\">\n\t\t\t\t\t\t<div class=\"elementor-element elementor-element-211e4706 elementor-widget elementor-widget-text-editor\" data-id=\"211e4706\" data-element_type=\"widget\" data-widget_type=\"text-editor.default\">\n\t\t\t\t<div class=\"elementor-widget-container\">\n\t\t\t\t\t\t\t\t\t<ul>\n<li>Alveolarkapillare Diffusion von CO<\/li>\n<li>EAB (arterielle Blutgasanalyse)<\/li>\n<li>Atmungs-FKT<\/li>\n<li>Nichtoperative \u00dcberwachung der arteriellen S\u00e4ttigung<\/li>\n<li>Bronchodynamischer Test mit Bronchokonstriktor (Methacholin)<\/li>\n<li>Globale Spirometrie mit plethysmographischer Methode<\/li>\n<li>Einfache Spirometrie<\/li>\n<li>Pharmakologischer Bronchodilatationstest<\/li>\n<li>Pneumologischer Besuch zur Sauerstofferneuerung<\/li>\n<li>Gehtest<\/li>\n<\/ul>\n\t\t\t\t\t\t\t\t<\/div>\n\t\t\t\t<\/div>\n\t\t\t\t<div class=\"elementor-element elementor-element-5e423186 elementor-widget elementor-widget-button\" data-id=\"5e423186\" data-element_type=\"widget\" data-widget_type=\"button.default\">\n\t\t\t\t<div class=\"elementor-widget-container\">\n\t\t\t\t\t\t\t\t\t<div class=\"elementor-button-wrapper\">\n\t\t\t\t\t<a class=\"elementor-button elementor-button-link elementor-size-sm\" href=\"#\">\n\t\t\t\t\t\t<span class=\"elementor-button-content-wrapper\">\n\t\t\t\t\t\t\t\t\t<span class=\"elementor-button-text\">Buchen Sie einen pulmologischen Spezialistenbesuch<\/span>\n\t\t\t\t\t<\/span>\n\t\t\t\t\t<\/a>\n\t\t\t\t<\/div>\n\t\t\t\t\t\t\t\t<\/div>\n\t\t\t\t<\/div>\n\t\t\t\t<div class=\"elementor-element elementor-element-11a79c7e elementor-widget elementor-widget-text-editor\" data-id=\"11a79c7e\" data-element_type=\"widget\" data-widget_type=\"text-editor.default\">\n\t\t\t\t<div class=\"elementor-widget-container\">\n\t\t\t\t\t\t\t\t\t<p><em>Medizinische Integration<\/em><\/p>\n\t\t\t\t\t\t\t\t<\/div>\n\t\t\t\t<\/div>\n\t\t\t\t\t<\/div>\n\t\t<\/div>\n\t\t\t\t\t<\/div>\n\t\t<\/section>\n\t\t\t\t<\/div>\n\t\t","protected":false},"excerpt":{"rendered":"<p>Pneumologie Die pneumologische Klinik wird von den in der OE t\u00e4tigen Fach\u00e4rzten durchgef\u00fchrt. der respiratorischen Rehabilitation und zielt auf die Diagnose und Behandlung der wichtigsten Atemwegserkrankungen ab. Benutzer, die sich an die Lungenklinik wenden, zeigen normalerweise Symptome wie Husten und\/oder Keuchen, begleitet von anderen Symptomen wie Asthenie, Schwankungen des K\u00f6rpergewichts, H\u00e4moptyse, Brustschmerzen. Der Besuch wird [&hellip;]<\/p>\n","protected":false},"author":1,"featured_media":0,"parent":4869,"menu_order":0,"comment_status":"closed","ping_status":"closed","template":"","meta":{"_acf_changed":false,"footnotes":""},"class_list":["post-4894","page","type-page","status-publish","hentry"],"acf":[],"yoast_head":"<!-- This site is optimized with the Yoast SEO plugin v24.4 - https:\/\/yoast.com\/wordpress\/plugins\/seo\/ -->\n<title>Pneumologie - Villa Gemma e Villa Barbarano<\/title>\n<meta name=\"robots\" content=\"index, follow, max-snippet:-1, max-image-preview:large, max-video-preview:-1\" \/>\n<link rel=\"canonical\" href=\"https:\/\/www.villagemma.it\/de\/polikliniken\/pneumologie\/\" \/>\n<meta property=\"og:locale\" content=\"de_DE\" \/>\n<meta property=\"og:type\" content=\"article\" \/>\n<meta property=\"og:title\" content=\"Pneumologie - Villa Gemma e Villa Barbarano\" \/>\n<meta property=\"og:description\" content=\"Pneumologie Die pneumologische Klinik wird von den in der OE t\u00e4tigen Fach\u00e4rzten durchgef\u00fchrt. der respiratorischen Rehabilitation und zielt auf die Diagnose und Behandlung der wichtigsten Atemwegserkrankungen ab. Benutzer, die sich an die Lungenklinik wenden, zeigen normalerweise Symptome wie Husten und\/oder Keuchen, begleitet von anderen Symptomen wie Asthenie, Schwankungen des K\u00f6rpergewichts, H\u00e4moptyse, Brustschmerzen. Der Besuch wird [&hellip;]\" \/>\n<meta property=\"og:url\" content=\"https:\/\/www.villagemma.it\/de\/polikliniken\/pneumologie\/\" \/>\n<meta property=\"og:site_name\" content=\"Villa Gemma e Villa Barbarano\" \/>\n<meta property=\"article:modified_time\" content=\"2022-12-20T09:49:04+00:00\" \/>\n<meta name=\"twitter:card\" content=\"summary_large_image\" \/>\n<meta name=\"twitter:label1\" content=\"Gesch\u00e4tzte Lesezeit\" \/>\n\t<meta name=\"twitter:data1\" content=\"1\u00a0Minute\" \/>\n<script type=\"application\/ld+json\" class=\"yoast-schema-graph\">{\"@context\":\"https:\/\/schema.org\",\"@graph\":[{\"@type\":\"WebPage\",\"@id\":\"https:\/\/www.villagemma.it\/de\/polikliniken\/pneumologie\/\",\"url\":\"https:\/\/www.villagemma.it\/de\/polikliniken\/pneumologie\/\",\"name\":\"Pneumologie - Villa Gemma e Villa Barbarano\",\"isPartOf\":{\"@id\":\"https:\/\/www.villagemma.it\/#website\"},\"datePublished\":\"2022-09-05T11:12:15+00:00\",\"dateModified\":\"2022-12-20T09:49:04+00:00\",\"breadcrumb\":{\"@id\":\"https:\/\/www.villagemma.it\/de\/polikliniken\/pneumologie\/#breadcrumb\"},\"inLanguage\":\"de\",\"potentialAction\":[{\"@type\":\"ReadAction\",\"target\":[\"https:\/\/www.villagemma.it\/de\/polikliniken\/pneumologie\/\"]}]},{\"@type\":\"BreadcrumbList\",\"@id\":\"https:\/\/www.villagemma.it\/de\/polikliniken\/pneumologie\/#breadcrumb\",\"itemListElement\":[{\"@type\":\"ListItem\",\"position\":1,\"name\":\"Home\",\"item\":\"https:\/\/www.villagemma.it\/de\/home\/\"},{\"@type\":\"ListItem\",\"position\":2,\"name\":\"Polikliniken\",\"item\":\"https:\/\/www.villagemma.it\/de\/polikliniken\/\"},{\"@type\":\"ListItem\",\"position\":3,\"name\":\"Pneumologie\"}]},{\"@type\":\"WebSite\",\"@id\":\"https:\/\/www.villagemma.it\/#website\",\"url\":\"https:\/\/www.villagemma.it\/\",\"name\":\"Villa Gemma e Villa Barbarano\",\"description\":\"\",\"publisher\":{\"@id\":\"https:\/\/www.villagemma.it\/#organization\"},\"potentialAction\":[{\"@type\":\"SearchAction\",\"target\":{\"@type\":\"EntryPoint\",\"urlTemplate\":\"https:\/\/www.villagemma.it\/?s={search_term_string}\"},\"query-input\":{\"@type\":\"PropertyValueSpecification\",\"valueRequired\":true,\"valueName\":\"search_term_string\"}}],\"inLanguage\":\"de\"},{\"@type\":\"Organization\",\"@id\":\"https:\/\/www.villagemma.it\/#organization\",\"name\":\"Villa Gemma e Villa Barbarano\",\"url\":\"https:\/\/www.villagemma.it\/\",\"logo\":{\"@type\":\"ImageObject\",\"inLanguage\":\"de\",\"@id\":\"https:\/\/www.villagemma.it\/#\/schema\/logo\/image\/\",\"url\":\"https:\/\/www.villagemma.it\/wp-content\/uploads\/2022\/08\/Logo_VG.png\",\"contentUrl\":\"https:\/\/www.villagemma.it\/wp-content\/uploads\/2022\/08\/Logo_VG.png\",\"width\":931,\"height\":300,\"caption\":\"Villa Gemma e Villa Barbarano\"},\"image\":{\"@id\":\"https:\/\/www.villagemma.it\/#\/schema\/logo\/image\/\"}}]}<\/script>\n<!-- \/ Yoast SEO plugin. -->","yoast_head_json":{"title":"Pneumologie - Villa Gemma e Villa Barbarano","robots":{"index":"index","follow":"follow","max-snippet":"max-snippet:-1","max-image-preview":"max-image-preview:large","max-video-preview":"max-video-preview:-1"},"canonical":"https:\/\/www.villagemma.it\/de\/polikliniken\/pneumologie\/","og_locale":"de_DE","og_type":"article","og_title":"Pneumologie - Villa Gemma e Villa Barbarano","og_description":"Pneumologie Die pneumologische Klinik wird von den in der OE t\u00e4tigen Fach\u00e4rzten durchgef\u00fchrt. der respiratorischen Rehabilitation und zielt auf die Diagnose und Behandlung der wichtigsten Atemwegserkrankungen ab. Benutzer, die sich an die Lungenklinik wenden, zeigen normalerweise Symptome wie Husten und\/oder Keuchen, begleitet von anderen Symptomen wie Asthenie, Schwankungen des K\u00f6rpergewichts, H\u00e4moptyse, Brustschmerzen. Der Besuch wird [&hellip;]","og_url":"https:\/\/www.villagemma.it\/de\/polikliniken\/pneumologie\/","og_site_name":"Villa Gemma e Villa Barbarano","article_modified_time":"2022-12-20T09:49:04+00:00","twitter_card":"summary_large_image","twitter_misc":{"Gesch\u00e4tzte Lesezeit":"1\u00a0Minute"},"schema":{"@context":"https:\/\/schema.org","@graph":[{"@type":"WebPage","@id":"https:\/\/www.villagemma.it\/de\/polikliniken\/pneumologie\/","url":"https:\/\/www.villagemma.it\/de\/polikliniken\/pneumologie\/","name":"Pneumologie - Villa Gemma e Villa Barbarano","isPartOf":{"@id":"https:\/\/www.villagemma.it\/#website"},"datePublished":"2022-09-05T11:12:15+00:00","dateModified":"2022-12-20T09:49:04+00:00","breadcrumb":{"@id":"https:\/\/www.villagemma.it\/de\/polikliniken\/pneumologie\/#breadcrumb"},"inLanguage":"de","potentialAction":[{"@type":"ReadAction","target":["https:\/\/www.villagemma.it\/de\/polikliniken\/pneumologie\/"]}]},{"@type":"BreadcrumbList","@id":"https:\/\/www.villagemma.it\/de\/polikliniken\/pneumologie\/#breadcrumb","itemListElement":[{"@type":"ListItem","position":1,"name":"Home","item":"https:\/\/www.villagemma.it\/de\/home\/"},{"@type":"ListItem","position":2,"name":"Polikliniken","item":"https:\/\/www.villagemma.it\/de\/polikliniken\/"},{"@type":"ListItem","position":3,"name":"Pneumologie"}]},{"@type":"WebSite","@id":"https:\/\/www.villagemma.it\/#website","url":"https:\/\/www.villagemma.it\/","name":"Villa Gemma e Villa Barbarano","description":"","publisher":{"@id":"https:\/\/www.villagemma.it\/#organization"},"potentialAction":[{"@type":"SearchAction","target":{"@type":"EntryPoint","urlTemplate":"https:\/\/www.villagemma.it\/?s={search_term_string}"},"query-input":{"@type":"PropertyValueSpecification","valueRequired":true,"valueName":"search_term_string"}}],"inLanguage":"de"},{"@type":"Organization","@id":"https:\/\/www.villagemma.it\/#organization","name":"Villa Gemma e Villa Barbarano","url":"https:\/\/www.villagemma.it\/","logo":{"@type":"ImageObject","inLanguage":"de","@id":"https:\/\/www.villagemma.it\/#\/schema\/logo\/image\/","url":"https:\/\/www.villagemma.it\/wp-content\/uploads\/2022\/08\/Logo_VG.png","contentUrl":"https:\/\/www.villagemma.it\/wp-content\/uploads\/2022\/08\/Logo_VG.png","width":931,"height":300,"caption":"Villa Gemma e Villa Barbarano"},"image":{"@id":"https:\/\/www.villagemma.it\/#\/schema\/logo\/image\/"}}]}},"_links":{"self":[{"href":"https:\/\/www.villagemma.it\/de\/wp-json\/wp\/v2\/pages\/4894","targetHints":{"allow":["GET"]}}],"collection":[{"href":"https:\/\/www.villagemma.it\/de\/wp-json\/wp\/v2\/pages"}],"about":[{"href":"https:\/\/www.villagemma.it\/de\/wp-json\/wp\/v2\/types\/page"}],"author":[{"embeddable":true,"href":"https:\/\/www.villagemma.it\/de\/wp-json\/wp\/v2\/users\/1"}],"replies":[{"embeddable":true,"href":"https:\/\/www.villagemma.it\/de\/wp-json\/wp\/v2\/comments?post=4894"}],"version-history":[{"count":1,"href":"https:\/\/www.villagemma.it\/de\/wp-json\/wp\/v2\/pages\/4894\/revisions"}],"predecessor-version":[{"id":4895,"href":"https:\/\/www.villagemma.it\/de\/wp-json\/wp\/v2\/pages\/4894\/revisions\/4895"}],"up":[{"embeddable":true,"href":"https:\/\/www.villagemma.it\/de\/wp-json\/wp\/v2\/pages\/4869"}],"wp:attachment":[{"href":"https:\/\/www.villagemma.it\/de\/wp-json\/wp\/v2\/media?parent=4894"}],"curies":[{"name":"wp","href":"https:\/\/api.w.org\/{rel}","templated":true}]}}