{"id":4889,"date":"2022-09-05T11:08:12","date_gmt":"2022-09-05T11:08:12","guid":{"rendered":"https:\/\/www.villagemma.it\/polikliniken\/geburtshilfe-und-gynaekologie\/"},"modified":"2022-12-20T09:48:15","modified_gmt":"2022-12-20T09:48:15","slug":"geburtshilfe-und-gynaekologie","status":"publish","type":"page","link":"https:\/\/www.villagemma.it\/de\/polikliniken\/geburtshilfe-und-gynaekologie\/","title":{"rendered":"Geburtshilfe und Gyn\u00e4kologie"},"content":{"rendered":"\t\t<div data-elementor-type=\"wp-page\" data-elementor-id=\"4889\" class=\"elementor elementor-4889\" data-elementor-post-type=\"page\">\n\t\t\t\t\t\t<section class=\"elementor-section elementor-top-section elementor-element elementor-element-193283dd elementor-section-height-min-height elementor-section-boxed elementor-section-height-default elementor-section-items-middle\" data-id=\"193283dd\" data-element_type=\"section\" data-settings=\"{&quot;background_background&quot;:&quot;classic&quot;}\">\n\t\t\t\t\t\t<div class=\"elementor-container elementor-column-gap-default\">\n\t\t\t\t\t<div class=\"elementor-column elementor-col-100 elementor-top-column elementor-element elementor-element-71c8516e\" data-id=\"71c8516e\" data-element_type=\"column\">\n\t\t\t<div class=\"elementor-widget-wrap\">\n\t\t\t\t\t\t\t<\/div>\n\t\t<\/div>\n\t\t\t\t\t<\/div>\n\t\t<\/section>\n\t\t\t\t<section class=\"elementor-section elementor-top-section elementor-element elementor-element-4ca84a07 elementor-section-boxed elementor-section-height-default elementor-section-height-default\" data-id=\"4ca84a07\" data-element_type=\"section\">\n\t\t\t\t\t\t<div class=\"elementor-container elementor-column-gap-default\">\n\t\t\t\t\t<div class=\"elementor-column elementor-col-100 elementor-top-column elementor-element elementor-element-31793736\" data-id=\"31793736\" data-element_type=\"column\">\n\t\t\t<div class=\"elementor-widget-wrap elementor-element-populated\">\n\t\t\t\t\t\t<div class=\"elementor-element elementor-element-53c26a93 elementor-widget elementor-widget-heading\" data-id=\"53c26a93\" data-element_type=\"widget\" data-widget_type=\"heading.default\">\n\t\t\t\t<div class=\"elementor-widget-container\">\n\t\t\t\t\t<h1 class=\"elementor-heading-title elementor-size-default\">Geburtshilfe und Gyn\u00e4kologie<\/h1>\t\t\t\t<\/div>\n\t\t\t\t<\/div>\n\t\t\t\t\t<\/div>\n\t\t<\/div>\n\t\t\t\t\t<\/div>\n\t\t<\/section>\n\t\t\t\t<section class=\"elementor-section elementor-top-section elementor-element elementor-element-184f6aa7 elementor-section-boxed elementor-section-height-default elementor-section-height-default\" data-id=\"184f6aa7\" data-element_type=\"section\">\n\t\t\t\t\t\t<div class=\"elementor-container elementor-column-gap-default\">\n\t\t\t\t\t<div class=\"elementor-column elementor-col-100 elementor-top-column elementor-element elementor-element-5eba86ef\" data-id=\"5eba86ef\" data-element_type=\"column\">\n\t\t\t<div class=\"elementor-widget-wrap elementor-element-populated\">\n\t\t\t\t\t\t<div class=\"elementor-element elementor-element-7f60915e elementor-widget elementor-widget-text-editor\" data-id=\"7f60915e\" data-element_type=\"widget\" data-widget_type=\"text-editor.default\">\n\t\t\t\t<div class=\"elementor-widget-container\">\n\t\t\t\t\t\t\t\t\t<p>Die Kliniken f\u00fcr Geburtshilfe und Gyn\u00e4kologie der Kliniken bieten eine vollst\u00e4ndige Antwort auf die Bed\u00fcrfnisse von Frauen in ihren verschiedenen Phasen (S\u00e4uglingsalter, fruchtbare Periode, Pr\u00e4menopause, Menopause, Postmenopause): Referenzzentrum f\u00fcr den Vaginallaser Monnalisa Touch; Pr\u00e4vention von Tumoren des Genitalsystems; Diagnose und Therapie der wichtigsten gyn\u00e4kologischen Pathologien mit Hilfe des Ultraschalls des Beckens; Anomalien des Menstruationszyklus; Genitalinfektionen; Erkrankungen der Eierst\u00f6cke und der Geb\u00e4rmutter; Endometriose; menopausale St\u00f6rungen; Pap-Test (durchgef\u00fchrt von der Hebamme); Betreuung der Frau w\u00e4hrend der Schwangerschaft; geburtshilflicher Ultraschall; transabdominaler und transvaginaler gyn\u00e4kologischer Ultraschall; Nackentransparenz-Ultraschall, Zervikometrie; Empf\u00e4ngnisverh\u00fctung (IUP-Anwendung).<\/p>\n\t\t\t\t\t\t\t\t<\/div>\n\t\t\t\t<\/div>\n\t\t\t\t\t<\/div>\n\t\t<\/div>\n\t\t\t\t\t<\/div>\n\t\t<\/section>\n\t\t\t\t<section class=\"elementor-section elementor-top-section elementor-element elementor-element-d77424c elementor-section-boxed elementor-section-height-default elementor-section-height-default\" data-id=\"d77424c\" data-element_type=\"section\">\n\t\t\t\t\t\t<div class=\"elementor-container elementor-column-gap-default\">\n\t\t\t\t\t<div class=\"elementor-column elementor-col-25 elementor-top-column elementor-element elementor-element-c5d6eb5\" data-id=\"c5d6eb5\" data-element_type=\"column\">\n\t\t\t<div class=\"elementor-widget-wrap elementor-element-populated\">\n\t\t\t\t\t\t<div class=\"elementor-element elementor-element-10dec1cc elementor-widget elementor-widget-button\" data-id=\"10dec1cc\" data-element_type=\"widget\" data-widget_type=\"button.default\">\n\t\t\t\t<div class=\"elementor-widget-container\">\n\t\t\t\t\t\t\t\t\t<div class=\"elementor-button-wrapper\">\n\t\t\t\t\t<a class=\"elementor-button elementor-button-link elementor-size-sm\" href=\"https:\/\/www.villagemma.it\/prenotazioni-e-referti\/\">\n\t\t\t\t\t\t<span class=\"elementor-button-content-wrapper\">\n\t\t\t\t\t\t\t\t\t<span class=\"elementor-button-text\">Wie bucht man<\/span>\n\t\t\t\t\t<\/span>\n\t\t\t\t\t<\/a>\n\t\t\t\t<\/div>\n\t\t\t\t\t\t\t\t<\/div>\n\t\t\t\t<\/div>\n\t\t\t\t\t<\/div>\n\t\t<\/div>\n\t\t\t\t<div class=\"elementor-column elementor-col-25 elementor-top-column elementor-element elementor-element-668242a8\" data-id=\"668242a8\" data-element_type=\"column\">\n\t\t\t<div class=\"elementor-widget-wrap elementor-element-populated\">\n\t\t\t\t\t\t<div class=\"elementor-element elementor-element-16767b71 elementor-widget elementor-widget-button\" data-id=\"16767b71\" data-element_type=\"widget\" data-widget_type=\"button.default\">\n\t\t\t\t<div class=\"elementor-widget-container\">\n\t\t\t\t\t\t\t\t\t<div class=\"elementor-button-wrapper\">\n\t\t\t\t\t<a class=\"elementor-button elementor-button-link elementor-size-sm\" href=\"https:\/\/www.villagemma.it\/de\/unsere-aerzte\/\">\n\t\t\t\t\t\t<span class=\"elementor-button-content-wrapper\">\n\t\t\t\t\t\t\t\t\t<span class=\"elementor-button-text\">Unsere \u00c4rzte<\/span>\n\t\t\t\t\t<\/span>\n\t\t\t\t\t<\/a>\n\t\t\t\t<\/div>\n\t\t\t\t\t\t\t\t<\/div>\n\t\t\t\t<\/div>\n\t\t\t\t\t<\/div>\n\t\t<\/div>\n\t\t\t\t<div class=\"elementor-column elementor-col-25 elementor-top-column elementor-element elementor-element-42b62a6f\" data-id=\"42b62a6f\" data-element_type=\"column\">\n\t\t\t<div class=\"elementor-widget-wrap\">\n\t\t\t\t\t\t\t<\/div>\n\t\t<\/div>\n\t\t\t\t<div class=\"elementor-column elementor-col-25 elementor-top-column elementor-element elementor-element-52c8f762\" data-id=\"52c8f762\" data-element_type=\"column\">\n\t\t\t<div class=\"elementor-widget-wrap\">\n\t\t\t\t\t\t\t<\/div>\n\t\t<\/div>\n\t\t\t\t\t<\/div>\n\t\t<\/section>\n\t\t\t\t<section class=\"elementor-section elementor-top-section elementor-element elementor-element-48ec39c elementor-section-boxed elementor-section-height-default elementor-section-height-default\" data-id=\"48ec39c\" data-element_type=\"section\">\n\t\t\t\t\t\t<div class=\"elementor-container elementor-column-gap-default\">\n\t\t\t\t\t<div class=\"elementor-column elementor-col-100 elementor-top-column elementor-element elementor-element-2bfad31c\" data-id=\"2bfad31c\" data-element_type=\"column\">\n\t\t\t<div class=\"elementor-widget-wrap elementor-element-populated\">\n\t\t\t\t\t\t<div class=\"elementor-element elementor-element-7f0c8562 elementor-widget elementor-widget-text-editor\" data-id=\"7f0c8562\" data-element_type=\"widget\" data-widget_type=\"text-editor.default\">\n\t\t\t\t<div class=\"elementor-widget-container\">\n\t\t\t\t\t\t\t\t\t<ul>\n<li>Besuch beim Facharzt f\u00fcr Geburtshilfe<\/li>\n<li>Morphologischer Ultraschall<\/li>\n<li>Geburtshilfe Ultraschall<\/li>\n<li>Transabdominaler Ultraschall des Beckens<\/li>\n<li>Transvaginaler Ultraschall des Beckens<\/li>\n<li>Lasertherapie<\/li>\n<li>Pap-Abstrich<\/li>\n<li>Urogenitaler Abstrich<\/li>\n<\/ul>\n\t\t\t\t\t\t\t\t<\/div>\n\t\t\t\t<\/div>\n\t\t\t\t<div class=\"elementor-element elementor-element-745f5470 elementor-widget elementor-widget-button\" data-id=\"745f5470\" data-element_type=\"widget\" data-widget_type=\"button.default\">\n\t\t\t\t<div class=\"elementor-widget-container\">\n\t\t\t\t\t\t\t\t\t<div class=\"elementor-button-wrapper\">\n\t\t\t\t\t<a class=\"elementor-button elementor-button-link elementor-size-sm\" href=\"#\">\n\t\t\t\t\t\t<span class=\"elementor-button-content-wrapper\">\n\t\t\t\t\t\t\t\t\t<span class=\"elementor-button-text\">Buchen Sie einen gyn\u00e4kologischen Fachbesuch<\/span>\n\t\t\t\t\t<\/span>\n\t\t\t\t\t<\/a>\n\t\t\t\t<\/div>\n\t\t\t\t\t\t\t\t<\/div>\n\t\t\t\t<\/div>\n\t\t\t\t<div class=\"elementor-element elementor-element-7d71ff5d elementor-widget elementor-widget-text-editor\" data-id=\"7d71ff5d\" data-element_type=\"widget\" data-widget_type=\"text-editor.default\">\n\t\t\t\t<div class=\"elementor-widget-container\">\n\t\t\t\t\t\t\t\t\t<p><em>Medizinische Integration<\/em><\/p>\n\t\t\t\t\t\t\t\t<\/div>\n\t\t\t\t<\/div>\n\t\t\t\t\t<\/div>\n\t\t<\/div>\n\t\t\t\t\t<\/div>\n\t\t<\/section>\n\t\t\t\t<\/div>\n\t\t","protected":false},"excerpt":{"rendered":"<p>Geburtshilfe und Gyn\u00e4kologie Die Kliniken f\u00fcr Geburtshilfe und Gyn\u00e4kologie der Kliniken bieten eine vollst\u00e4ndige Antwort auf die Bed\u00fcrfnisse von Frauen in ihren verschiedenen Phasen (S\u00e4uglingsalter, fruchtbare Periode, Pr\u00e4menopause, Menopause, Postmenopause): Referenzzentrum f\u00fcr den Vaginallaser Monnalisa Touch; Pr\u00e4vention von Tumoren des Genitalsystems; Diagnose und Therapie der wichtigsten gyn\u00e4kologischen Pathologien mit Hilfe des Ultraschalls des Beckens; Anomalien [&hellip;]<\/p>\n","protected":false},"author":1,"featured_media":0,"parent":4869,"menu_order":0,"comment_status":"closed","ping_status":"closed","template":"","meta":{"_acf_changed":false,"footnotes":""},"class_list":["post-4889","page","type-page","status-publish","hentry"],"acf":[],"yoast_head":"<!-- This site is optimized with the Yoast SEO plugin v24.4 - https:\/\/yoast.com\/wordpress\/plugins\/seo\/ -->\n<title>Geburtshilfe und Gyn\u00e4kologie - Villa Gemma e Villa Barbarano<\/title>\n<meta name=\"robots\" content=\"index, follow, max-snippet:-1, max-image-preview:large, max-video-preview:-1\" \/>\n<link rel=\"canonical\" href=\"https:\/\/www.villagemma.it\/de\/polikliniken\/geburtshilfe-und-gynaekologie\/\" \/>\n<meta property=\"og:locale\" content=\"de_DE\" \/>\n<meta property=\"og:type\" content=\"article\" \/>\n<meta property=\"og:title\" content=\"Geburtshilfe und Gyn\u00e4kologie - Villa Gemma e Villa Barbarano\" \/>\n<meta property=\"og:description\" content=\"Geburtshilfe und Gyn\u00e4kologie Die Kliniken f\u00fcr Geburtshilfe und Gyn\u00e4kologie der Kliniken bieten eine vollst\u00e4ndige Antwort auf die Bed\u00fcrfnisse von Frauen in ihren verschiedenen Phasen (S\u00e4uglingsalter, fruchtbare Periode, Pr\u00e4menopause, Menopause, Postmenopause): Referenzzentrum f\u00fcr den Vaginallaser Monnalisa Touch; Pr\u00e4vention von Tumoren des Genitalsystems; Diagnose und Therapie der wichtigsten gyn\u00e4kologischen Pathologien mit Hilfe des Ultraschalls des Beckens; Anomalien [&hellip;]\" \/>\n<meta property=\"og:url\" content=\"https:\/\/www.villagemma.it\/de\/polikliniken\/geburtshilfe-und-gynaekologie\/\" \/>\n<meta property=\"og:site_name\" content=\"Villa Gemma e Villa Barbarano\" \/>\n<meta property=\"article:modified_time\" content=\"2022-12-20T09:48:15+00:00\" \/>\n<meta name=\"twitter:card\" content=\"summary_large_image\" \/>\n<meta name=\"twitter:label1\" content=\"Gesch\u00e4tzte Lesezeit\" \/>\n\t<meta name=\"twitter:data1\" content=\"1\u00a0Minute\" \/>\n<script type=\"application\/ld+json\" class=\"yoast-schema-graph\">{\"@context\":\"https:\/\/schema.org\",\"@graph\":[{\"@type\":\"WebPage\",\"@id\":\"https:\/\/www.villagemma.it\/de\/polikliniken\/geburtshilfe-und-gynaekologie\/\",\"url\":\"https:\/\/www.villagemma.it\/de\/polikliniken\/geburtshilfe-und-gynaekologie\/\",\"name\":\"Geburtshilfe und Gyn\u00e4kologie - Villa Gemma e Villa Barbarano\",\"isPartOf\":{\"@id\":\"https:\/\/www.villagemma.it\/#website\"},\"datePublished\":\"2022-09-05T11:08:12+00:00\",\"dateModified\":\"2022-12-20T09:48:15+00:00\",\"breadcrumb\":{\"@id\":\"https:\/\/www.villagemma.it\/de\/polikliniken\/geburtshilfe-und-gynaekologie\/#breadcrumb\"},\"inLanguage\":\"de\",\"potentialAction\":[{\"@type\":\"ReadAction\",\"target\":[\"https:\/\/www.villagemma.it\/de\/polikliniken\/geburtshilfe-und-gynaekologie\/\"]}]},{\"@type\":\"BreadcrumbList\",\"@id\":\"https:\/\/www.villagemma.it\/de\/polikliniken\/geburtshilfe-und-gynaekologie\/#breadcrumb\",\"itemListElement\":[{\"@type\":\"ListItem\",\"position\":1,\"name\":\"Home\",\"item\":\"https:\/\/www.villagemma.it\/de\/home\/\"},{\"@type\":\"ListItem\",\"position\":2,\"name\":\"Polikliniken\",\"item\":\"https:\/\/www.villagemma.it\/de\/polikliniken\/\"},{\"@type\":\"ListItem\",\"position\":3,\"name\":\"Geburtshilfe und Gyn\u00e4kologie\"}]},{\"@type\":\"WebSite\",\"@id\":\"https:\/\/www.villagemma.it\/#website\",\"url\":\"https:\/\/www.villagemma.it\/\",\"name\":\"Villa Gemma e Villa Barbarano\",\"description\":\"\",\"publisher\":{\"@id\":\"https:\/\/www.villagemma.it\/#organization\"},\"potentialAction\":[{\"@type\":\"SearchAction\",\"target\":{\"@type\":\"EntryPoint\",\"urlTemplate\":\"https:\/\/www.villagemma.it\/?s={search_term_string}\"},\"query-input\":{\"@type\":\"PropertyValueSpecification\",\"valueRequired\":true,\"valueName\":\"search_term_string\"}}],\"inLanguage\":\"de\"},{\"@type\":\"Organization\",\"@id\":\"https:\/\/www.villagemma.it\/#organization\",\"name\":\"Villa Gemma e Villa Barbarano\",\"url\":\"https:\/\/www.villagemma.it\/\",\"logo\":{\"@type\":\"ImageObject\",\"inLanguage\":\"de\",\"@id\":\"https:\/\/www.villagemma.it\/#\/schema\/logo\/image\/\",\"url\":\"https:\/\/www.villagemma.it\/wp-content\/uploads\/2022\/08\/Logo_VG.png\",\"contentUrl\":\"https:\/\/www.villagemma.it\/wp-content\/uploads\/2022\/08\/Logo_VG.png\",\"width\":931,\"height\":300,\"caption\":\"Villa Gemma e Villa Barbarano\"},\"image\":{\"@id\":\"https:\/\/www.villagemma.it\/#\/schema\/logo\/image\/\"}}]}<\/script>\n<!-- \/ Yoast SEO plugin. -->","yoast_head_json":{"title":"Geburtshilfe und Gyn\u00e4kologie - Villa Gemma e Villa Barbarano","robots":{"index":"index","follow":"follow","max-snippet":"max-snippet:-1","max-image-preview":"max-image-preview:large","max-video-preview":"max-video-preview:-1"},"canonical":"https:\/\/www.villagemma.it\/de\/polikliniken\/geburtshilfe-und-gynaekologie\/","og_locale":"de_DE","og_type":"article","og_title":"Geburtshilfe und Gyn\u00e4kologie - Villa Gemma e Villa Barbarano","og_description":"Geburtshilfe und Gyn\u00e4kologie Die Kliniken f\u00fcr Geburtshilfe und Gyn\u00e4kologie der Kliniken bieten eine vollst\u00e4ndige Antwort auf die Bed\u00fcrfnisse von Frauen in ihren verschiedenen Phasen (S\u00e4uglingsalter, fruchtbare Periode, Pr\u00e4menopause, Menopause, Postmenopause): Referenzzentrum f\u00fcr den Vaginallaser Monnalisa Touch; Pr\u00e4vention von Tumoren des Genitalsystems; Diagnose und Therapie der wichtigsten gyn\u00e4kologischen Pathologien mit Hilfe des Ultraschalls des Beckens; Anomalien [&hellip;]","og_url":"https:\/\/www.villagemma.it\/de\/polikliniken\/geburtshilfe-und-gynaekologie\/","og_site_name":"Villa Gemma e Villa Barbarano","article_modified_time":"2022-12-20T09:48:15+00:00","twitter_card":"summary_large_image","twitter_misc":{"Gesch\u00e4tzte Lesezeit":"1\u00a0Minute"},"schema":{"@context":"https:\/\/schema.org","@graph":[{"@type":"WebPage","@id":"https:\/\/www.villagemma.it\/de\/polikliniken\/geburtshilfe-und-gynaekologie\/","url":"https:\/\/www.villagemma.it\/de\/polikliniken\/geburtshilfe-und-gynaekologie\/","name":"Geburtshilfe und Gyn\u00e4kologie - Villa Gemma e Villa Barbarano","isPartOf":{"@id":"https:\/\/www.villagemma.it\/#website"},"datePublished":"2022-09-05T11:08:12+00:00","dateModified":"2022-12-20T09:48:15+00:00","breadcrumb":{"@id":"https:\/\/www.villagemma.it\/de\/polikliniken\/geburtshilfe-und-gynaekologie\/#breadcrumb"},"inLanguage":"de","potentialAction":[{"@type":"ReadAction","target":["https:\/\/www.villagemma.it\/de\/polikliniken\/geburtshilfe-und-gynaekologie\/"]}]},{"@type":"BreadcrumbList","@id":"https:\/\/www.villagemma.it\/de\/polikliniken\/geburtshilfe-und-gynaekologie\/#breadcrumb","itemListElement":[{"@type":"ListItem","position":1,"name":"Home","item":"https:\/\/www.villagemma.it\/de\/home\/"},{"@type":"ListItem","position":2,"name":"Polikliniken","item":"https:\/\/www.villagemma.it\/de\/polikliniken\/"},{"@type":"ListItem","position":3,"name":"Geburtshilfe und Gyn\u00e4kologie"}]},{"@type":"WebSite","@id":"https:\/\/www.villagemma.it\/#website","url":"https:\/\/www.villagemma.it\/","name":"Villa Gemma e Villa Barbarano","description":"","publisher":{"@id":"https:\/\/www.villagemma.it\/#organization"},"potentialAction":[{"@type":"SearchAction","target":{"@type":"EntryPoint","urlTemplate":"https:\/\/www.villagemma.it\/?s={search_term_string}"},"query-input":{"@type":"PropertyValueSpecification","valueRequired":true,"valueName":"search_term_string"}}],"inLanguage":"de"},{"@type":"Organization","@id":"https:\/\/www.villagemma.it\/#organization","name":"Villa Gemma e Villa Barbarano","url":"https:\/\/www.villagemma.it\/","logo":{"@type":"ImageObject","inLanguage":"de","@id":"https:\/\/www.villagemma.it\/#\/schema\/logo\/image\/","url":"https:\/\/www.villagemma.it\/wp-content\/uploads\/2022\/08\/Logo_VG.png","contentUrl":"https:\/\/www.villagemma.it\/wp-content\/uploads\/2022\/08\/Logo_VG.png","width":931,"height":300,"caption":"Villa Gemma e Villa Barbarano"},"image":{"@id":"https:\/\/www.villagemma.it\/#\/schema\/logo\/image\/"}}]}},"_links":{"self":[{"href":"https:\/\/www.villagemma.it\/de\/wp-json\/wp\/v2\/pages\/4889","targetHints":{"allow":["GET"]}}],"collection":[{"href":"https:\/\/www.villagemma.it\/de\/wp-json\/wp\/v2\/pages"}],"about":[{"href":"https:\/\/www.villagemma.it\/de\/wp-json\/wp\/v2\/types\/page"}],"author":[{"embeddable":true,"href":"https:\/\/www.villagemma.it\/de\/wp-json\/wp\/v2\/users\/1"}],"replies":[{"embeddable":true,"href":"https:\/\/www.villagemma.it\/de\/wp-json\/wp\/v2\/comments?post=4889"}],"version-history":[{"count":2,"href":"https:\/\/www.villagemma.it\/de\/wp-json\/wp\/v2\/pages\/4889\/revisions"}],"predecessor-version":[{"id":4892,"href":"https:\/\/www.villagemma.it\/de\/wp-json\/wp\/v2\/pages\/4889\/revisions\/4892"}],"up":[{"embeddable":true,"href":"https:\/\/www.villagemma.it\/de\/wp-json\/wp\/v2\/pages\/4869"}],"wp:attachment":[{"href":"https:\/\/www.villagemma.it\/de\/wp-json\/wp\/v2\/media?parent=4889"}],"curies":[{"name":"wp","href":"https:\/\/api.w.org\/{rel}","templated":true}]}}