{"id":4883,"date":"2022-09-05T10:59:32","date_gmt":"2022-09-05T10:59:32","guid":{"rendered":"https:\/\/www.villagemma.it\/polikliniken\/neurologie\/"},"modified":"2022-12-20T09:44:55","modified_gmt":"2022-12-20T09:44:55","slug":"neurologie","status":"publish","type":"page","link":"https:\/\/www.villagemma.it\/de\/polikliniken\/neurologie\/","title":{"rendered":"Neurologie"},"content":{"rendered":"\t\t<div data-elementor-type=\"wp-page\" data-elementor-id=\"4883\" class=\"elementor elementor-4883\" data-elementor-post-type=\"page\">\n\t\t\t\t\t\t<section class=\"elementor-section elementor-top-section elementor-element elementor-element-5ff5f9d elementor-section-height-min-height elementor-section-boxed elementor-section-height-default elementor-section-items-middle\" data-id=\"5ff5f9d\" data-element_type=\"section\" data-settings=\"{&quot;background_background&quot;:&quot;classic&quot;}\">\n\t\t\t\t\t\t<div class=\"elementor-container elementor-column-gap-default\">\n\t\t\t\t\t<div class=\"elementor-column elementor-col-100 elementor-top-column elementor-element elementor-element-05ef2aa\" data-id=\"05ef2aa\" data-element_type=\"column\">\n\t\t\t<div class=\"elementor-widget-wrap\">\n\t\t\t\t\t\t\t<\/div>\n\t\t<\/div>\n\t\t\t\t\t<\/div>\n\t\t<\/section>\n\t\t\t\t<section class=\"elementor-section elementor-top-section elementor-element elementor-element-863afbb elementor-section-boxed elementor-section-height-default elementor-section-height-default\" data-id=\"863afbb\" data-element_type=\"section\">\n\t\t\t\t\t\t<div class=\"elementor-container elementor-column-gap-default\">\n\t\t\t\t\t<div class=\"elementor-column elementor-col-100 elementor-top-column elementor-element elementor-element-7d39114\" data-id=\"7d39114\" data-element_type=\"column\">\n\t\t\t<div class=\"elementor-widget-wrap elementor-element-populated\">\n\t\t\t\t\t\t<div class=\"elementor-element elementor-element-a53314b elementor-widget elementor-widget-heading\" data-id=\"a53314b\" data-element_type=\"widget\" data-widget_type=\"heading.default\">\n\t\t\t\t<div class=\"elementor-widget-container\">\n\t\t\t\t\t<h1 class=\"elementor-heading-title elementor-size-default\">Neurologie<\/h1>\t\t\t\t<\/div>\n\t\t\t\t<\/div>\n\t\t\t\t\t<\/div>\n\t\t<\/div>\n\t\t\t\t\t<\/div>\n\t\t<\/section>\n\t\t\t\t<section class=\"elementor-section elementor-top-section elementor-element elementor-element-350be52 elementor-section-boxed elementor-section-height-default elementor-section-height-default\" data-id=\"350be52\" data-element_type=\"section\">\n\t\t\t\t\t\t<div class=\"elementor-container elementor-column-gap-default\">\n\t\t\t\t\t<div class=\"elementor-column elementor-col-100 elementor-top-column elementor-element elementor-element-87b5c9a\" data-id=\"87b5c9a\" data-element_type=\"column\">\n\t\t\t<div class=\"elementor-widget-wrap elementor-element-populated\">\n\t\t\t\t\t\t<div class=\"elementor-element elementor-element-a873e83 elementor-widget elementor-widget-text-editor\" data-id=\"a873e83\" data-element_type=\"widget\" data-widget_type=\"text-editor.default\">\n\t\t\t\t<div class=\"elementor-widget-container\">\n\t\t\t\t\t\t\t\t\t<p>Die Klinik f\u00fcr Allgemeine Neurologie bietet Fachberatung f\u00fcr die Diagnose und Behandlung der wichtigsten neurologischen Pathologien. Insbesondere: Kopfschmerzen, zerebrovaskul\u00e4re Erkrankungen, Bewegungsst\u00f6rungen, neurodegenerative und entz\u00fcndliche Erkrankungen, Parkinson-Syndrom, Multiple Sklerose, Epilepsie. <\/p>\n\t\t\t\t\t\t\t\t<\/div>\n\t\t\t\t<\/div>\n\t\t\t\t\t<\/div>\n\t\t<\/div>\n\t\t\t\t\t<\/div>\n\t\t<\/section>\n\t\t\t\t<section class=\"elementor-section elementor-top-section elementor-element elementor-element-2daa299 elementor-section-boxed elementor-section-height-default elementor-section-height-default\" data-id=\"2daa299\" data-element_type=\"section\">\n\t\t\t\t\t\t<div class=\"elementor-container elementor-column-gap-default\">\n\t\t\t\t\t<div class=\"elementor-column elementor-col-25 elementor-top-column elementor-element elementor-element-a32f758\" data-id=\"a32f758\" data-element_type=\"column\">\n\t\t\t<div class=\"elementor-widget-wrap elementor-element-populated\">\n\t\t\t\t\t\t<div class=\"elementor-element elementor-element-55af35b elementor-widget elementor-widget-button\" data-id=\"55af35b\" data-element_type=\"widget\" data-widget_type=\"button.default\">\n\t\t\t\t<div class=\"elementor-widget-container\">\n\t\t\t\t\t\t\t\t\t<div class=\"elementor-button-wrapper\">\n\t\t\t\t\t<a class=\"elementor-button elementor-button-link elementor-size-sm\" href=\"https:\/\/www.villagemma.it\/prenotazioni-e-referti\/\">\n\t\t\t\t\t\t<span class=\"elementor-button-content-wrapper\">\n\t\t\t\t\t\t\t\t\t<span class=\"elementor-button-text\">Wie bucht man<\/span>\n\t\t\t\t\t<\/span>\n\t\t\t\t\t<\/a>\n\t\t\t\t<\/div>\n\t\t\t\t\t\t\t\t<\/div>\n\t\t\t\t<\/div>\n\t\t\t\t\t<\/div>\n\t\t<\/div>\n\t\t\t\t<div class=\"elementor-column elementor-col-25 elementor-top-column elementor-element elementor-element-b912549\" data-id=\"b912549\" data-element_type=\"column\">\n\t\t\t<div class=\"elementor-widget-wrap elementor-element-populated\">\n\t\t\t\t\t\t<div class=\"elementor-element elementor-element-a7578a9 elementor-widget elementor-widget-button\" data-id=\"a7578a9\" data-element_type=\"widget\" data-widget_type=\"button.default\">\n\t\t\t\t<div class=\"elementor-widget-container\">\n\t\t\t\t\t\t\t\t\t<div class=\"elementor-button-wrapper\">\n\t\t\t\t\t<a class=\"elementor-button elementor-button-link elementor-size-sm\" href=\"https:\/\/www.villagemma.it\/de\/unsere-aerzte\/\">\n\t\t\t\t\t\t<span class=\"elementor-button-content-wrapper\">\n\t\t\t\t\t\t\t\t\t<span class=\"elementor-button-text\">Unsere \u00c4rzte<\/span>\n\t\t\t\t\t<\/span>\n\t\t\t\t\t<\/a>\n\t\t\t\t<\/div>\n\t\t\t\t\t\t\t\t<\/div>\n\t\t\t\t<\/div>\n\t\t\t\t\t<\/div>\n\t\t<\/div>\n\t\t\t\t<div class=\"elementor-column elementor-col-25 elementor-top-column elementor-element elementor-element-541ed29\" data-id=\"541ed29\" data-element_type=\"column\">\n\t\t\t<div class=\"elementor-widget-wrap\">\n\t\t\t\t\t\t\t<\/div>\n\t\t<\/div>\n\t\t\t\t<div class=\"elementor-column elementor-col-25 elementor-top-column elementor-element elementor-element-717a490\" data-id=\"717a490\" data-element_type=\"column\">\n\t\t\t<div class=\"elementor-widget-wrap\">\n\t\t\t\t\t\t\t<\/div>\n\t\t<\/div>\n\t\t\t\t\t<\/div>\n\t\t<\/section>\n\t\t\t\t<section class=\"elementor-section elementor-top-section elementor-element elementor-element-ae438b7 elementor-section-boxed elementor-section-height-default elementor-section-height-default\" data-id=\"ae438b7\" data-element_type=\"section\">\n\t\t\t\t\t\t<div class=\"elementor-container elementor-column-gap-default\">\n\t\t\t\t\t<div class=\"elementor-column elementor-col-100 elementor-top-column elementor-element elementor-element-a3e938d\" data-id=\"a3e938d\" data-element_type=\"column\">\n\t\t\t<div class=\"elementor-widget-wrap elementor-element-populated\">\n\t\t\t\t\t\t<div class=\"elementor-element elementor-element-d1c728e elementor-widget elementor-widget-text-editor\" data-id=\"d1c728e\" data-element_type=\"widget\" data-widget_type=\"text-editor.default\">\n\t\t\t\t<div class=\"elementor-widget-container\">\n\t\t\t\t\t\t\t\t\t<ul>\n<li>Transkranieller Farbdoppler mit Blasentest<\/li>\n<li>Transkranieller Farbdoppler mit Gef\u00e4\u00dfreaktivit\u00e4tstest<\/li>\n<li>Echo-Doppler-TSA<\/li>\n<li>Basal- und Deprivations-EEG<\/li>\n<li>Elektromyographie &#8211; Neurographie<\/li>\n<li>Besichtigung der Fahreignung des Fahrzeugs<\/li>\n<\/ul>\n\t\t\t\t\t\t\t\t<\/div>\n\t\t\t\t<\/div>\n\t\t\t\t<div class=\"elementor-element elementor-element-1edc119 elementor-widget elementor-widget-button\" data-id=\"1edc119\" data-element_type=\"widget\" data-widget_type=\"button.default\">\n\t\t\t\t<div class=\"elementor-widget-container\">\n\t\t\t\t\t\t\t\t\t<div class=\"elementor-button-wrapper\">\n\t\t\t\t\t<a class=\"elementor-button elementor-button-link elementor-size-sm\" href=\"#\">\n\t\t\t\t\t\t<span class=\"elementor-button-content-wrapper\">\n\t\t\t\t\t\t\t\t\t<span class=\"elementor-button-text\">Buchen Sie einen neurologischen Fachbesuch<\/span>\n\t\t\t\t\t<\/span>\n\t\t\t\t\t<\/a>\n\t\t\t\t<\/div>\n\t\t\t\t\t\t\t\t<\/div>\n\t\t\t\t<\/div>\n\t\t\t\t<div class=\"elementor-element elementor-element-85597eb elementor-widget elementor-widget-text-editor\" data-id=\"85597eb\" data-element_type=\"widget\" data-widget_type=\"text-editor.default\">\n\t\t\t\t<div class=\"elementor-widget-container\">\n\t\t\t\t\t\t\t\t\t<p><em>Medizinische Integration<\/em><\/p>\n\t\t\t\t\t\t\t\t<\/div>\n\t\t\t\t<\/div>\n\t\t\t\t\t<\/div>\n\t\t<\/div>\n\t\t\t\t\t<\/div>\n\t\t<\/section>\n\t\t\t\t<\/div>\n\t\t","protected":false},"excerpt":{"rendered":"<p>Neurologie Die Klinik f\u00fcr Allgemeine Neurologie bietet Fachberatung f\u00fcr die Diagnose und Behandlung der wichtigsten neurologischen Pathologien. Insbesondere: Kopfschmerzen, zerebrovaskul\u00e4re Erkrankungen, Bewegungsst\u00f6rungen, neurodegenerative und entz\u00fcndliche Erkrankungen, Parkinson-Syndrom, Multiple Sklerose, Epilepsie. Wie bucht man Unsere \u00c4rzte Transkranieller Farbdoppler mit Blasentest Transkranieller Farbdoppler mit Gef\u00e4\u00dfreaktivit\u00e4tstest Echo-Doppler-TSA Basal- und Deprivations-EEG Elektromyographie &#8211; Neurographie Besichtigung der Fahreignung des Fahrzeugs [&hellip;]<\/p>\n","protected":false},"author":1,"featured_media":0,"parent":4869,"menu_order":0,"comment_status":"closed","ping_status":"closed","template":"","meta":{"_acf_changed":false,"footnotes":""},"class_list":["post-4883","page","type-page","status-publish","hentry"],"acf":[],"yoast_head":"<!-- This site is optimized with the Yoast SEO plugin v24.4 - https:\/\/yoast.com\/wordpress\/plugins\/seo\/ -->\n<title>Neurologie - Villa Gemma e Villa Barbarano<\/title>\n<meta name=\"robots\" content=\"index, follow, max-snippet:-1, max-image-preview:large, max-video-preview:-1\" \/>\n<link rel=\"canonical\" href=\"https:\/\/www.villagemma.it\/de\/polikliniken\/neurologie\/\" \/>\n<meta property=\"og:locale\" content=\"de_DE\" \/>\n<meta property=\"og:type\" content=\"article\" \/>\n<meta property=\"og:title\" content=\"Neurologie - Villa Gemma e Villa Barbarano\" \/>\n<meta property=\"og:description\" content=\"Neurologie Die Klinik f\u00fcr Allgemeine Neurologie bietet Fachberatung f\u00fcr die Diagnose und Behandlung der wichtigsten neurologischen Pathologien. Insbesondere: Kopfschmerzen, zerebrovaskul\u00e4re Erkrankungen, Bewegungsst\u00f6rungen, neurodegenerative und entz\u00fcndliche Erkrankungen, Parkinson-Syndrom, Multiple Sklerose, Epilepsie. Wie bucht man Unsere \u00c4rzte Transkranieller Farbdoppler mit Blasentest Transkranieller Farbdoppler mit Gef\u00e4\u00dfreaktivit\u00e4tstest Echo-Doppler-TSA Basal- und Deprivations-EEG Elektromyographie &#8211; Neurographie Besichtigung der Fahreignung des Fahrzeugs [&hellip;]\" \/>\n<meta property=\"og:url\" content=\"https:\/\/www.villagemma.it\/de\/polikliniken\/neurologie\/\" \/>\n<meta property=\"og:site_name\" content=\"Villa Gemma e Villa Barbarano\" \/>\n<meta property=\"article:modified_time\" content=\"2022-12-20T09:44:55+00:00\" \/>\n<meta name=\"twitter:card\" content=\"summary_large_image\" \/>\n<script type=\"application\/ld+json\" class=\"yoast-schema-graph\">{\"@context\":\"https:\/\/schema.org\",\"@graph\":[{\"@type\":\"WebPage\",\"@id\":\"https:\/\/www.villagemma.it\/de\/polikliniken\/neurologie\/\",\"url\":\"https:\/\/www.villagemma.it\/de\/polikliniken\/neurologie\/\",\"name\":\"Neurologie - Villa Gemma e Villa Barbarano\",\"isPartOf\":{\"@id\":\"https:\/\/www.villagemma.it\/#website\"},\"datePublished\":\"2022-09-05T10:59:32+00:00\",\"dateModified\":\"2022-12-20T09:44:55+00:00\",\"breadcrumb\":{\"@id\":\"https:\/\/www.villagemma.it\/de\/polikliniken\/neurologie\/#breadcrumb\"},\"inLanguage\":\"de\",\"potentialAction\":[{\"@type\":\"ReadAction\",\"target\":[\"https:\/\/www.villagemma.it\/de\/polikliniken\/neurologie\/\"]}]},{\"@type\":\"BreadcrumbList\",\"@id\":\"https:\/\/www.villagemma.it\/de\/polikliniken\/neurologie\/#breadcrumb\",\"itemListElement\":[{\"@type\":\"ListItem\",\"position\":1,\"name\":\"Home\",\"item\":\"https:\/\/www.villagemma.it\/de\/home\/\"},{\"@type\":\"ListItem\",\"position\":2,\"name\":\"Polikliniken\",\"item\":\"https:\/\/www.villagemma.it\/de\/polikliniken\/\"},{\"@type\":\"ListItem\",\"position\":3,\"name\":\"Neurologie\"}]},{\"@type\":\"WebSite\",\"@id\":\"https:\/\/www.villagemma.it\/#website\",\"url\":\"https:\/\/www.villagemma.it\/\",\"name\":\"Villa Gemma e Villa Barbarano\",\"description\":\"\",\"publisher\":{\"@id\":\"https:\/\/www.villagemma.it\/#organization\"},\"potentialAction\":[{\"@type\":\"SearchAction\",\"target\":{\"@type\":\"EntryPoint\",\"urlTemplate\":\"https:\/\/www.villagemma.it\/?s={search_term_string}\"},\"query-input\":{\"@type\":\"PropertyValueSpecification\",\"valueRequired\":true,\"valueName\":\"search_term_string\"}}],\"inLanguage\":\"de\"},{\"@type\":\"Organization\",\"@id\":\"https:\/\/www.villagemma.it\/#organization\",\"name\":\"Villa Gemma e Villa Barbarano\",\"url\":\"https:\/\/www.villagemma.it\/\",\"logo\":{\"@type\":\"ImageObject\",\"inLanguage\":\"de\",\"@id\":\"https:\/\/www.villagemma.it\/#\/schema\/logo\/image\/\",\"url\":\"https:\/\/www.villagemma.it\/wp-content\/uploads\/2022\/08\/Logo_VG.png\",\"contentUrl\":\"https:\/\/www.villagemma.it\/wp-content\/uploads\/2022\/08\/Logo_VG.png\",\"width\":931,\"height\":300,\"caption\":\"Villa Gemma e Villa Barbarano\"},\"image\":{\"@id\":\"https:\/\/www.villagemma.it\/#\/schema\/logo\/image\/\"}}]}<\/script>\n<!-- \/ Yoast SEO plugin. -->","yoast_head_json":{"title":"Neurologie - Villa Gemma e Villa Barbarano","robots":{"index":"index","follow":"follow","max-snippet":"max-snippet:-1","max-image-preview":"max-image-preview:large","max-video-preview":"max-video-preview:-1"},"canonical":"https:\/\/www.villagemma.it\/de\/polikliniken\/neurologie\/","og_locale":"de_DE","og_type":"article","og_title":"Neurologie - Villa Gemma e Villa Barbarano","og_description":"Neurologie Die Klinik f\u00fcr Allgemeine Neurologie bietet Fachberatung f\u00fcr die Diagnose und Behandlung der wichtigsten neurologischen Pathologien. Insbesondere: Kopfschmerzen, zerebrovaskul\u00e4re Erkrankungen, Bewegungsst\u00f6rungen, neurodegenerative und entz\u00fcndliche Erkrankungen, Parkinson-Syndrom, Multiple Sklerose, Epilepsie. Wie bucht man Unsere \u00c4rzte Transkranieller Farbdoppler mit Blasentest Transkranieller Farbdoppler mit Gef\u00e4\u00dfreaktivit\u00e4tstest Echo-Doppler-TSA Basal- und Deprivations-EEG Elektromyographie &#8211; Neurographie Besichtigung der Fahreignung des Fahrzeugs [&hellip;]","og_url":"https:\/\/www.villagemma.it\/de\/polikliniken\/neurologie\/","og_site_name":"Villa Gemma e Villa Barbarano","article_modified_time":"2022-12-20T09:44:55+00:00","twitter_card":"summary_large_image","schema":{"@context":"https:\/\/schema.org","@graph":[{"@type":"WebPage","@id":"https:\/\/www.villagemma.it\/de\/polikliniken\/neurologie\/","url":"https:\/\/www.villagemma.it\/de\/polikliniken\/neurologie\/","name":"Neurologie - Villa Gemma e Villa Barbarano","isPartOf":{"@id":"https:\/\/www.villagemma.it\/#website"},"datePublished":"2022-09-05T10:59:32+00:00","dateModified":"2022-12-20T09:44:55+00:00","breadcrumb":{"@id":"https:\/\/www.villagemma.it\/de\/polikliniken\/neurologie\/#breadcrumb"},"inLanguage":"de","potentialAction":[{"@type":"ReadAction","target":["https:\/\/www.villagemma.it\/de\/polikliniken\/neurologie\/"]}]},{"@type":"BreadcrumbList","@id":"https:\/\/www.villagemma.it\/de\/polikliniken\/neurologie\/#breadcrumb","itemListElement":[{"@type":"ListItem","position":1,"name":"Home","item":"https:\/\/www.villagemma.it\/de\/home\/"},{"@type":"ListItem","position":2,"name":"Polikliniken","item":"https:\/\/www.villagemma.it\/de\/polikliniken\/"},{"@type":"ListItem","position":3,"name":"Neurologie"}]},{"@type":"WebSite","@id":"https:\/\/www.villagemma.it\/#website","url":"https:\/\/www.villagemma.it\/","name":"Villa Gemma e Villa Barbarano","description":"","publisher":{"@id":"https:\/\/www.villagemma.it\/#organization"},"potentialAction":[{"@type":"SearchAction","target":{"@type":"EntryPoint","urlTemplate":"https:\/\/www.villagemma.it\/?s={search_term_string}"},"query-input":{"@type":"PropertyValueSpecification","valueRequired":true,"valueName":"search_term_string"}}],"inLanguage":"de"},{"@type":"Organization","@id":"https:\/\/www.villagemma.it\/#organization","name":"Villa Gemma e Villa Barbarano","url":"https:\/\/www.villagemma.it\/","logo":{"@type":"ImageObject","inLanguage":"de","@id":"https:\/\/www.villagemma.it\/#\/schema\/logo\/image\/","url":"https:\/\/www.villagemma.it\/wp-content\/uploads\/2022\/08\/Logo_VG.png","contentUrl":"https:\/\/www.villagemma.it\/wp-content\/uploads\/2022\/08\/Logo_VG.png","width":931,"height":300,"caption":"Villa Gemma e Villa Barbarano"},"image":{"@id":"https:\/\/www.villagemma.it\/#\/schema\/logo\/image\/"}}]}},"_links":{"self":[{"href":"https:\/\/www.villagemma.it\/de\/wp-json\/wp\/v2\/pages\/4883","targetHints":{"allow":["GET"]}}],"collection":[{"href":"https:\/\/www.villagemma.it\/de\/wp-json\/wp\/v2\/pages"}],"about":[{"href":"https:\/\/www.villagemma.it\/de\/wp-json\/wp\/v2\/types\/page"}],"author":[{"embeddable":true,"href":"https:\/\/www.villagemma.it\/de\/wp-json\/wp\/v2\/users\/1"}],"replies":[{"embeddable":true,"href":"https:\/\/www.villagemma.it\/de\/wp-json\/wp\/v2\/comments?post=4883"}],"version-history":[{"count":1,"href":"https:\/\/www.villagemma.it\/de\/wp-json\/wp\/v2\/pages\/4883\/revisions"}],"predecessor-version":[{"id":4884,"href":"https:\/\/www.villagemma.it\/de\/wp-json\/wp\/v2\/pages\/4883\/revisions\/4884"}],"up":[{"embeddable":true,"href":"https:\/\/www.villagemma.it\/de\/wp-json\/wp\/v2\/pages\/4869"}],"wp:attachment":[{"href":"https:\/\/www.villagemma.it\/de\/wp-json\/wp\/v2\/media?parent=4883"}],"curies":[{"name":"wp","href":"https:\/\/api.w.org\/{rel}","templated":true}]}}