{"id":4865,"date":"2022-08-30T09:14:05","date_gmt":"2022-08-30T09:14:05","guid":{"rendered":"https:\/\/www.villagemma.it\/nuetzliche-nummern\/"},"modified":"2022-12-20T09:16:40","modified_gmt":"2022-12-20T09:16:40","slug":"nuetzliche-nummern","status":"publish","type":"page","link":"https:\/\/www.villagemma.it\/de\/nuetzliche-nummern\/","title":{"rendered":"N\u00fctzliche Nummern"},"content":{"rendered":"\t\t<div data-elementor-type=\"wp-page\" data-elementor-id=\"4865\" class=\"elementor elementor-4865\" data-elementor-post-type=\"page\">\n\t\t\t\t\t\t<section class=\"elementor-section elementor-top-section elementor-element elementor-element-a0670be elementor-section-height-min-height elementor-section-boxed elementor-section-height-default elementor-section-items-middle\" data-id=\"a0670be\" data-element_type=\"section\" data-settings=\"{&quot;background_background&quot;:&quot;classic&quot;}\">\n\t\t\t\t\t\t<div class=\"elementor-container elementor-column-gap-default\">\n\t\t\t\t\t<div class=\"elementor-column elementor-col-100 elementor-top-column elementor-element elementor-element-ac9853c\" data-id=\"ac9853c\" data-element_type=\"column\">\n\t\t\t<div class=\"elementor-widget-wrap\">\n\t\t\t\t\t\t\t<\/div>\n\t\t<\/div>\n\t\t\t\t\t<\/div>\n\t\t<\/section>\n\t\t\t\t<section class=\"elementor-section elementor-top-section elementor-element elementor-element-e202366 elementor-section-boxed elementor-section-height-default elementor-section-height-default\" data-id=\"e202366\" data-element_type=\"section\">\n\t\t\t\t\t\t<div class=\"elementor-container elementor-column-gap-default\">\n\t\t\t\t\t<div class=\"elementor-column elementor-col-100 elementor-top-column elementor-element elementor-element-2c1de11\" data-id=\"2c1de11\" data-element_type=\"column\">\n\t\t\t<div class=\"elementor-widget-wrap elementor-element-populated\">\n\t\t\t\t\t\t<div class=\"elementor-element elementor-element-a4491ad elementor-widget elementor-widget-heading\" data-id=\"a4491ad\" data-element_type=\"widget\" data-widget_type=\"heading.default\">\n\t\t\t\t<div class=\"elementor-widget-container\">\n\t\t\t\t\t<h1 class=\"elementor-heading-title elementor-size-default\">N\u00fctzliche Nummern<\/h1>\t\t\t\t<\/div>\n\t\t\t\t<\/div>\n\t\t\t\t\t<\/div>\n\t\t<\/div>\n\t\t\t\t\t<\/div>\n\t\t<\/section>\n\t\t\t\t<section class=\"elementor-section elementor-top-section elementor-element elementor-element-53d335a elementor-section-boxed elementor-section-height-default elementor-section-height-default\" data-id=\"53d335a\" data-element_type=\"section\">\n\t\t\t\t\t\t<div class=\"elementor-container elementor-column-gap-default\">\n\t\t\t\t\t<div class=\"elementor-column elementor-col-50 elementor-top-column elementor-element elementor-element-b300a5e\" data-id=\"b300a5e\" data-element_type=\"column\">\n\t\t\t<div class=\"elementor-widget-wrap elementor-element-populated\">\n\t\t\t\t\t\t<div class=\"elementor-element elementor-element-7e92a9d elementor-widget elementor-widget-html\" data-id=\"7e92a9d\" data-element_type=\"widget\" data-widget_type=\"html.default\">\n\t\t\t\t<div class=\"elementor-widget-container\">\n\t\t\t\t\t<table width=\"100%\" border=\"0\">\n  <tr>\n    <td>B\u00fcro<\/td>\n    <td>Telefon<\/td>\n  <\/tr>\n    <tr>\n    <td>Einzelne Reservierungszentrale<\/td>\n    <td>0365\/298190<\/td>\n  <\/tr>\n    <tr>\n    <td>Telefonzentrale der Villa Gemma<\/td>\n    <td>0365\/298200<\/td>\n  <\/tr>\n    <tr>\n    <td>Telefonzentrale der Villa Barbarano<\/td>\n    <td>0365\/298300<\/td>\n  <\/tr>\n    <tr>\n    <td>Reservierungen f\u00fcr private Krankenhausaufenthalte<\/td>\n    <td>0365\/298347<\/td>\n  <\/tr>\n    <tr>\n    <td>Reservierungen Krankenhausaufenthalt NHS Villa Gemma<\/td>\n    <td>0365\/298431<\/td>\n  <\/tr>\n    <tr>\n    <td>Reservierungen Eintritt NHS Villa Barbarano<\/td>\n    <td>0365\/298430<\/td>\n  <\/tr>\n      <tr>\n    <td>B\u00fcro f\u00fcr \u00d6ffentlichkeitsarbeit<\/td>\n    <td>0365\/298122<\/td>\n  <\/tr>\n<\/table>\n\t\t\t\t<\/div>\n\t\t\t\t<\/div>\n\t\t\t\t\t<\/div>\n\t\t<\/div>\n\t\t\t\t<div class=\"elementor-column elementor-col-50 elementor-top-column elementor-element elementor-element-5463597\" data-id=\"5463597\" data-element_type=\"column\">\n\t\t\t<div class=\"elementor-widget-wrap elementor-element-populated\">\n\t\t\t\t\t\t<div class=\"elementor-element elementor-element-d1f6252 elementor-widget elementor-widget-heading\" data-id=\"d1f6252\" data-element_type=\"widget\" data-widget_type=\"heading.default\">\n\t\t\t\t<div class=\"elementor-widget-container\">\n\t\t\t\t\t<h4 class=\"elementor-heading-title elementor-size-default\">Senden Sie die Nachricht an das zust\u00e4ndige B\u00fcro<\/h4>\t\t\t\t<\/div>\n\t\t\t\t<\/div>\n\t\t\t\t<div class=\"elementor-element elementor-element-ec77b1c elementor-button-align-start elementor-widget elementor-widget-form\" data-id=\"ec77b1c\" data-element_type=\"widget\" data-settings=\"{&quot;step_next_label&quot;:&quot;Folgend&quot;,&quot;step_previous_label&quot;:&quot;Vorheriger&quot;,&quot;button_width&quot;:&quot;100&quot;,&quot;step_type&quot;:&quot;number_text&quot;,&quot;step_icon_shape&quot;:&quot;circle&quot;}\" data-widget_type=\"form.default\">\n\t\t\t\t<div class=\"elementor-widget-container\">\n\t\t\t\t\t\t\t<form class=\"elementor-form\" method=\"post\" name=\"Neue Form\">\n\t\t\t<input type=\"hidden\" name=\"post_id\" value=\"4865\"\/>\n\t\t\t<input type=\"hidden\" name=\"form_id\" value=\"ec77b1c\"\/>\n\t\t\t<input type=\"hidden\" name=\"referer_title\" value=\"Villa Gemma e Villa Barbarano\" \/>\n\n\t\t\t\n\t\t\t<div class=\"elementor-form-fields-wrapper elementor-labels-\">\n\t\t\t\t\t\t\t\t<div class=\"elementor-field-type-text elementor-field-group elementor-column elementor-field-group-nomecognome elementor-col-100\">\n\t\t\t\t\t\t\t\t\t\t\t\t<label for=\"form-field-nomecognome\" class=\"elementor-field-label elementor-screen-only\">\n\t\t\t\t\t\t\t\tName und Nachname\t\t\t\t\t\t\t<\/label>\n\t\t\t\t\t\t\t\t\t\t\t\t\t\t<input size=\"1\" type=\"text\" name=\"form_fields[nomecognome]\" id=\"form-field-nomecognome\" class=\"elementor-field elementor-size-sm  elementor-field-textual\" placeholder=\"Name und Nachname\">\n\t\t\t\t\t\t\t\t\t\t\t<\/div>\n\t\t\t\t\t\t\t\t<div class=\"elementor-field-type-email elementor-field-group elementor-column elementor-field-group-email elementor-col-100 elementor-field-required\">\n\t\t\t\t\t\t\t\t\t\t\t\t<label for=\"form-field-email\" class=\"elementor-field-label elementor-screen-only\">\n\t\t\t\t\t\t\t\tEmail\t\t\t\t\t\t\t<\/label>\n\t\t\t\t\t\t\t\t\t\t\t\t\t\t<input size=\"1\" type=\"email\" name=\"form_fields[email]\" id=\"form-field-email\" class=\"elementor-field elementor-size-sm  elementor-field-textual\" placeholder=\"Email\" required=\"required\">\n\t\t\t\t\t\t\t\t\t\t\t<\/div>\n\t\t\t\t\t\t\t\t<div class=\"elementor-field-type-select elementor-field-group elementor-column elementor-field-group-ufficio elementor-col-100\">\n\t\t\t\t\t\t\t\t\t\t\t\t<label for=\"form-field-ufficio\" class=\"elementor-field-label elementor-screen-only\">\n\t\t\t\t\t\t\t\tB\u00fcro\t\t\t\t\t\t\t<\/label>\n\t\t\t\t\t\t\t\t<div class=\"elementor-field elementor-select-wrapper remove-before \">\n\t\t\t<div class=\"select-caret-down-wrapper\">\n\t\t\t\t<i aria-hidden=\"true\" class=\"eicon-caret-down\"><\/i>\t\t\t<\/div>\n\t\t\t<select name=\"form_fields[ufficio]\" id=\"form-field-ufficio\" class=\"elementor-field-textual elementor-size-sm\">\n\t\t\t\t\t\t\t\t\t<option value=\"W\u00e4hlen Sie das B\u00fcro, das Sie kontaktieren m\u00f6chten\">W\u00e4hlen Sie das B\u00fcro, das Sie kontaktieren m\u00f6chten<\/option>\n\t\t\t\t\t\t\t\t\t<option value=\"Einzelne Reservierungszentrale\">Einzelne Reservierungszentrale<\/option>\n\t\t\t\t\t\t\t\t\t<option value=\"Telefonzentrale der Villa Gemma\">Telefonzentrale der Villa Gemma<\/option>\n\t\t\t\t\t\t\t\t\t<option value=\"Telefonzentrale der Villa Barbarano\">Telefonzentrale der Villa Barbarano<\/option>\n\t\t\t\t\t\t\t\t\t<option value=\"Reservierungen f\u00fcr private Krankenhausaufenthalte\">Reservierungen f\u00fcr private Krankenhausaufenthalte<\/option>\n\t\t\t\t\t\t\t\t\t<option value=\"Reservierungen Krankenhausaufenthalt NHS Villa Gemma\">Reservierungen Krankenhausaufenthalt NHS Villa Gemma<\/option>\n\t\t\t\t\t\t\t\t\t<option value=\"Reservierungen Eintritt NHS Villa Barbarano\">Reservierungen Eintritt NHS Villa Barbarano<\/option>\n\t\t\t\t\t\t\t\t\t<option value=\"B\u00fcro f\u00fcr \u00d6ffentlichkeitsarbeit\">B\u00fcro f\u00fcr \u00d6ffentlichkeitsarbeit<\/option>\n\t\t\t\t\t\t\t<\/select>\n\t\t<\/div>\n\t\t\t\t\t\t<\/div>\n\t\t\t\t\t\t\t\t<div class=\"elementor-field-type-textarea elementor-field-group elementor-column elementor-field-group-messaggio elementor-col-100\">\n\t\t\t\t\t\t\t\t\t\t\t\t<label for=\"form-field-messaggio\" class=\"elementor-field-label elementor-screen-only\">\n\t\t\t\t\t\t\t\tNachricht\t\t\t\t\t\t\t<\/label>\n\t\t\t\t\t\t<textarea class=\"elementor-field-textual elementor-field  elementor-size-sm\" name=\"form_fields[messaggio]\" id=\"form-field-messaggio\" rows=\"4\" placeholder=\"Nachricht\"><\/textarea>\t\t\t\t<\/div>\n\t\t\t\t\t\t\t\t<div class=\"elementor-field-group elementor-column elementor-field-type-submit elementor-col-100 e-form__buttons\">\n\t\t\t\t\t<button class=\"elementor-button elementor-size-sm\" type=\"submit\">\n\t\t\t\t\t\t<span class=\"elementor-button-content-wrapper\">\n\t\t\t\t\t\t\t\t\t\t\t\t\t\t\t\t\t\t\t\t\t\t<span class=\"elementor-button-text\">Einreichen<\/span>\n\t\t\t\t\t\t\t\t\t\t\t\t\t<\/span>\n\t\t\t\t\t<\/button>\n\t\t\t\t<\/div>\n\t\t\t<\/div>\n\t\t<\/form>\n\t\t\t\t\t\t<\/div>\n\t\t\t\t<\/div>\n\t\t\t\t\t<\/div>\n\t\t<\/div>\n\t\t\t\t\t<\/div>\n\t\t<\/section>\n\t\t\t\t<section class=\"elementor-section elementor-top-section elementor-element elementor-element-3fda934 elementor-hidden-desktop elementor-hidden-tablet elementor-hidden-mobile elementor-section-boxed elementor-section-height-default elementor-section-height-default\" data-id=\"3fda934\" data-element_type=\"section\">\n\t\t\t\t\t\t<div class=\"elementor-container elementor-column-gap-default\">\n\t\t\t\t\t<div class=\"elementor-column elementor-col-100 elementor-top-column elementor-element elementor-element-b8e58f4\" data-id=\"b8e58f4\" data-element_type=\"column\">\n\t\t\t<div class=\"elementor-widget-wrap elementor-element-populated\">\n\t\t\t\t\t\t<div class=\"elementor-element elementor-element-3322516 elementor-widget elementor-widget-html\" data-id=\"3322516\" data-element_type=\"widget\" data-widget_type=\"html.default\">\n\t\t\t\t<div class=\"elementor-widget-container\">\n\t\t\t\t\t<table width=\"100%\" border=\"0\">\n  <tr>\n    <td>Aufnahme in die Kliniken Villa Barbarano<\/td>\n    <td>Telefon: 0365\/298321-322-323<\/td>\n    <td>accettazionebarbarano@villagemma.it<\/td>\n  <\/tr>\n  <tr>\n    <td>Aufnahme in die Kliniken der Villa Gemma<\/td>\n    <td>Telefon: 0365\/298116-105<\/td>\n    <td>accettazione@villagemma.it<\/td>\n  <\/tr>\n  <tr>\n    <td>Zulassungs- und Krankenkasse Villa Barbarano<\/td>\n    <td>Telefon: 0365\/298187<\/td>\n    <td>accettazionebarbarano@villagemma.it<\/td>\n  <\/tr>\n  <tr>\n    <td>Aufnahmeannahme und Krankenkasse der Villa Gemma<\/td>\n    <td>Telefon: 0365\/298116-105<\/td>\n    <td>accettazione@villagemma.it<\/td>\n  <\/tr>\n  <tr>\n    <td>Allgemeine und rechtliche Angelegenheiten<\/td>\n    <td>Telefon: 0365\/298102<\/td>\n    <td>affarigenerali@villagemma.it<\/td>\n  <\/tr>\n    <tr>\n    <td>Integrierte h\u00e4usliche Pflege<\/td>\n    <td>Telefon: 0365\/298293<\/td>\n    <td>adi@villagemma.it<\/td>\n  <\/tr>\n    <tr>\n    <td>Oberschwester Villa Barbarano<\/td>\n    <td>Telefon: 0365\/298430-431<\/td>\n    <td>ufficioInfermieristico@villagemma.it<\/td>\n  <\/tr>\n    <tr>\n    <td>Oberschwester Villa Gemma<\/td>\n    <td>Telefon: 0365\/298312-316<\/td>\n    <td>caposalavg@villagemma.it<\/td>\n  <\/tr>\n    <tr>\n    <td>Telefonzentrale der Villa Barbarano<\/td>\n    <td>Telefon: 0365\/298300<\/td>\n    <td>&nbsp;<\/td>\n  <\/tr>  <tr>\n    <td>Telefonzentrale Villa Gemma <\/td>\n    <td>Telefon: 0365\/298200<\/td>\n    <td>&nbsp;<\/td>\n  <\/tr>  <tr>\n    <td>Einzelne Reservierungszentrale<\/td>\n    <td>Telefon: 0365\/298190<\/td>\n    <td>cup@villagemma.it<\/td>\n  <\/tr>\n    <tr>\n    <td>Check Up<\/td>\n    <td>Telefon: 0365\/298347<\/td>\n    <td>checkup@villagemma.it<\/td>\n  <\/tr>\n    <tr>\n    <td>Verwaltungsdirektion<\/td>\n    <td>Telefon: 0365\/298102<\/td>\n    <td>alberto.bonomini@villagemma.it<\/td>\n  <\/tr>\n    <tr>\n    <td>Allgemeine Richtung<\/td>\n    <td>Telefon: 0365\/298492<\/td>\n    <td>direzionegenerale@villagemma.it<\/td>\n  <\/tr>\n    <tr>\n    <td>Gesundheitsdirektion<\/td>\n    <td>Telefon: 0365\/298102<\/td>\n    <td>direzionesanitaria@villagemma.it<\/td>\n  <\/tr>\n    <tr>\n    <td>DSB\/Datenschutzbeauftragter<\/td>\n    <td>Telefon: 0365\/298330<\/td>\n    <td>privacy@villagemma.it<\/td>\n  <\/tr>\n    <tr>\n    <td>Apotheke<\/td>\n    <td>Telefon: 0365\/298367<\/td>\n    <td>farmacia@villagemma.it<\/td>\n  <\/tr> \n  <tr>\n    <td>Analyselabor <\/td>\n    <td>Telefon: 0365\/298160<\/td>\n    <td>laboratorioanalisi@villagemma.it <\/td>\n  <\/tr>\n    <tr>\n    <td>Sprachtherapie<\/td>\n    <td>Telefon: 0365\/298354<\/td>\n    <td>logopedia@villagemma.it<\/td>\n  <\/tr>\n    <tr>\n    <td>Neuropsychologie<\/td>\n    <td>Telefon: 0365\/298351<\/td>\n    <td>neuropsicologia@villagemma.it<\/td>\n  <\/tr>\n    <tr>\n    <td>Ambulante Pakete <\/td>\n    <td>Telefon: 0365\/298347<\/td>\n    <td>poliambulatorio@villagemma.it<\/td>\n  <\/tr>\n    <tr>\n    <td>chronische Patienten<\/td>\n    <td>Telefon: 0365\/298347<\/td>\n    <td>cronici@villagemma.it<\/td>\n  <\/tr>\n    <tr>\n    <td>PEC<\/td>\n    <td>&nbsp;<\/td>\n    <td>villagemmaspa@pec.villagemma.it<\/td>\n  <\/tr>\n    <tr>\n    <td>Poliklinik<\/td>\n    <td>Telefon: 0365\/298244<\/td>\n    <td>poliambulatorio@villagemma.it<\/td>\n  <\/tr>\n    <tr>\n    <td>Reservierungen NHS und private Aufnahmen Villa Barbarano<\/td>\n    <td>Telefon: 0365\/298430-431<\/td>\n    <td>ufficioinfermieristico@villagemma.it<\/td>\n  <\/tr>\n    <tr>\n    <td>Reservierungen NHS und private Krankenhausaufenthalte Villa Gemma<\/td>\n    <td>Telefon: 0365\/298312-316<\/td>\n    <td>caposalavg@villagemma.it<\/td>\n  <\/tr>\n    <tr>\n    <td>Psychologie<\/td>\n    <td>Telefon: 0365\/298232<\/td>\n    <td>psicologia@villagemma.it<\/td>\n  <\/tr>\n  <tr>\n    <td>Radiologie<\/td>\n    <td>Telefon: 0365\/298240<\/td>\n    <td>radiologia@villagemma.it<\/td>\n  <\/tr>\n    <tr>\n    <td>Verwaltungssekretariat<\/td>\n    <td>Telefon: 0365\/298492<\/td>\n    <td>segreteriadg@villagemma.it<\/td>\n  <\/tr>\n    <tr>\n    <td>Villa Barbarano Dienst f\u00fcr physikalische Medizin<\/td>\n    <td>Telefon: 0365\/298328-325<\/td>\n    <td>palestravb@villagemma.it<\/td>\n  <\/tr>  <tr>\n    <td>Physikalischer Medizindienst der Villa Gemma<\/td>\n    <td>Telefon: 0365\/298261<\/td>\n    <td>palestravg@villagemma.it<\/td>\n  <\/tr>\n    <tr>\n    <td>Besch\u00e4ftigungstherapie<\/td>\n    <td>Telefon: 0365\/298369<\/td>\n    <td>terapiaoccupazionale@villagemma.it<\/td>\n  <\/tr>\n    <tr>\n    <td>Einkaufsabteilung <\/td>\n    <td>Telefon: 0365\/298264<\/td>\n    <td>acquisti@villagemma.it<\/td>\n  <\/tr>\n    <tr>\n    <td>Wirtschafts- und Finanzamt<\/td>\n    <td>Telefon: 0365\/298117<\/td>\n    <td>economicofinanziario@villagemma.it<\/td>\n  <\/tr>\n    <tr>\n    <td>Ausbildungsb\u00fcro<\/td>\n    <td>Telefon: 0365\/298175<\/td>\n    <td>formazione@villagemma.it<\/td>\n  <\/tr>\n    <tr>\n    <td>IT-B\u00fcro <\/td>\n    <td>Telefon: 0365\/298330<\/td>\n    <td>ufficioinformatico@villagemma.it<\/td>\n  <\/tr>\n    <tr>\n    <td>Informationsb\u00fcro<\/td>\n    <td>Telefon: 0365\/298340 <\/td>\n    <td>ced@villagemma.it<\/td>\n  <\/tr>\n    <tr>\n    <td>Pers\u00f6nliches B\u00fcro<\/td>\n    <td>Telefon: 0365\/298341<\/td>\n    <td>ufficiopersonale@villagemma.it<\/td>\n  <\/tr>\n      <tr>\n    <td>Qualit\u00e4tsb\u00fcro<\/td>\n    <td>Telefon: 0365\/298337-122<\/td>\n    <td>qualita@villagemma.it<\/td>\n  <\/tr>\n      <tr>\n    <td>Technisches B\u00fcro Villa Barbarano<\/td>\n    <td>Telefon: 0365\/298475<\/td>\n    <td>ufficiotecnicovb@villagemma.it<\/td>\n  <\/tr>\n      <tr>\n    <td>Technisches B\u00fcro Villa Gemma<\/td>\n    <td>Telefon: 0365\/298121<\/td>\n    <td>ufficiotecnicovg@villagemma.it<\/td>\n  <\/tr>\n      <tr>\n    <td>Betriebseinheit Subakutversorgung Villa Gemma<\/td>\n    <td>Telefon: 0365\/2982312-316<\/td>\n    <td>caposalavg@villagemma.it <\/td>\n  <\/tr>\n      <tr>\n    <td>Villa Gemma Medizinische Betriebseinheit<\/td>\n    <td>Telefon: 0365\/2982312-316<\/td>\n    <td>caposalavg@villagemma.it<\/td>\n  <\/tr>    <tr>\n    <td>Operative Einheit Kardiologische Rehabilitation Villa Gemma<\/td>\n    <td>Telefon: 0365\/2982312-316<\/td>\n    <td>caposalavg@villagemma.it<\/td>\n  <\/tr>\n      <tr>\n    <td>Villa Barbarano Operationseinheit f\u00fcr neurologische Rehabilitation<\/td>\n    <td>Telefon: 0365\/298430-431<\/td>\n    <td>ufficioInfermieristico@villagemma.it<\/td>\n  <\/tr>\n      <tr>\n    <td>Operationseinheit f\u00fcr orthop\u00e4dische Rehabilitation Villa Barbarano<\/td>\n    <td>Telefon: 0365\/298430-431<\/td>\n    <td>ufficioInfermieristico@villagemma.it<\/td>\n  <\/tr>\n      <tr>\n    <td>Lungenrehabilitations-Operationseinheit Villa Gemma<\/td>\n    <td>Telefon: 0365\/2982312-316 <\/td>\n    <td>caposalavg@villagemma.it<\/td>\n  <\/tr>\n        <tr>\n    <td>URP<\/td>\n    <td>Telefon: 0365\/298122<\/td>\n    <td>urp@villagemma.it<\/td>\n  <\/tr>\n<\/table>\t\t\t\t<\/div>\n\t\t\t\t<\/div>\n\t\t\t\t\t<\/div>\n\t\t<\/div>\n\t\t\t\t\t<\/div>\n\t\t<\/section>\n\t\t\t\t<\/div>\n\t\t","protected":false},"excerpt":{"rendered":"<p>N\u00fctzliche Nummern B\u00fcro Telefon Einzelne Reservierungszentrale 0365\/298190 Telefonzentrale der Villa Gemma 0365\/298200 Telefonzentrale der Villa Barbarano 0365\/298300 Reservierungen f\u00fcr private Krankenhausaufenthalte 0365\/298347 Reservierungen Krankenhausaufenthalt NHS Villa Gemma 0365\/298431 Reservierungen Eintritt NHS Villa Barbarano 0365\/298430 B\u00fcro f\u00fcr \u00d6ffentlichkeitsarbeit 0365\/298122 Senden Sie die Nachricht an das zust\u00e4ndige B\u00fcro Aufnahme in die Kliniken Villa Barbarano Telefon: 0365\/298321-322-323 accettazionebarbarano@villagemma.it [&hellip;]<\/p>\n","protected":false},"author":1,"featured_media":0,"parent":0,"menu_order":0,"comment_status":"closed","ping_status":"closed","template":"","meta":{"_acf_changed":false,"footnotes":""},"class_list":["post-4865","page","type-page","status-publish","hentry"],"acf":[],"yoast_head":"<!-- This site is optimized with the Yoast SEO plugin v24.4 - https:\/\/yoast.com\/wordpress\/plugins\/seo\/ -->\n<title>N\u00fctzliche Nummern - Villa Gemma e Villa Barbarano<\/title>\n<meta name=\"robots\" content=\"index, follow, max-snippet:-1, max-image-preview:large, max-video-preview:-1\" \/>\n<link rel=\"canonical\" href=\"https:\/\/www.villagemma.it\/de\/nuetzliche-nummern\/\" \/>\n<meta property=\"og:locale\" content=\"de_DE\" \/>\n<meta property=\"og:type\" content=\"article\" \/>\n<meta property=\"og:title\" content=\"N\u00fctzliche Nummern - Villa Gemma e Villa Barbarano\" \/>\n<meta property=\"og:description\" content=\"N\u00fctzliche Nummern B\u00fcro Telefon Einzelne Reservierungszentrale 0365\/298190 Telefonzentrale der Villa Gemma 0365\/298200 Telefonzentrale der Villa Barbarano 0365\/298300 Reservierungen f\u00fcr private Krankenhausaufenthalte 0365\/298347 Reservierungen Krankenhausaufenthalt NHS Villa Gemma 0365\/298431 Reservierungen Eintritt NHS Villa Barbarano 0365\/298430 B\u00fcro f\u00fcr \u00d6ffentlichkeitsarbeit 0365\/298122 Senden Sie die Nachricht an das zust\u00e4ndige B\u00fcro Aufnahme in die Kliniken Villa Barbarano Telefon: 0365\/298321-322-323 accettazionebarbarano@villagemma.it [&hellip;]\" \/>\n<meta property=\"og:url\" content=\"https:\/\/www.villagemma.it\/de\/nuetzliche-nummern\/\" \/>\n<meta property=\"og:site_name\" content=\"Villa Gemma e Villa Barbarano\" \/>\n<meta property=\"article:modified_time\" content=\"2022-12-20T09:16:40+00:00\" \/>\n<meta name=\"twitter:card\" content=\"summary_large_image\" \/>\n<meta name=\"twitter:label1\" content=\"Gesch\u00e4tzte Lesezeit\" \/>\n\t<meta name=\"twitter:data1\" content=\"2\u00a0Minuten\" \/>\n<script type=\"application\/ld+json\" class=\"yoast-schema-graph\">{\"@context\":\"https:\/\/schema.org\",\"@graph\":[{\"@type\":\"WebPage\",\"@id\":\"https:\/\/www.villagemma.it\/de\/nuetzliche-nummern\/\",\"url\":\"https:\/\/www.villagemma.it\/de\/nuetzliche-nummern\/\",\"name\":\"N\u00fctzliche Nummern - Villa Gemma e Villa Barbarano\",\"isPartOf\":{\"@id\":\"https:\/\/www.villagemma.it\/#website\"},\"datePublished\":\"2022-08-30T09:14:05+00:00\",\"dateModified\":\"2022-12-20T09:16:40+00:00\",\"breadcrumb\":{\"@id\":\"https:\/\/www.villagemma.it\/de\/nuetzliche-nummern\/#breadcrumb\"},\"inLanguage\":\"de\",\"potentialAction\":[{\"@type\":\"ReadAction\",\"target\":[\"https:\/\/www.villagemma.it\/de\/nuetzliche-nummern\/\"]}]},{\"@type\":\"BreadcrumbList\",\"@id\":\"https:\/\/www.villagemma.it\/de\/nuetzliche-nummern\/#breadcrumb\",\"itemListElement\":[{\"@type\":\"ListItem\",\"position\":1,\"name\":\"Home\",\"item\":\"https:\/\/www.villagemma.it\/de\/home\/\"},{\"@type\":\"ListItem\",\"position\":2,\"name\":\"N\u00fctzliche Nummern\"}]},{\"@type\":\"WebSite\",\"@id\":\"https:\/\/www.villagemma.it\/#website\",\"url\":\"https:\/\/www.villagemma.it\/\",\"name\":\"Villa Gemma e Villa Barbarano\",\"description\":\"\",\"publisher\":{\"@id\":\"https:\/\/www.villagemma.it\/#organization\"},\"potentialAction\":[{\"@type\":\"SearchAction\",\"target\":{\"@type\":\"EntryPoint\",\"urlTemplate\":\"https:\/\/www.villagemma.it\/?s={search_term_string}\"},\"query-input\":{\"@type\":\"PropertyValueSpecification\",\"valueRequired\":true,\"valueName\":\"search_term_string\"}}],\"inLanguage\":\"de\"},{\"@type\":\"Organization\",\"@id\":\"https:\/\/www.villagemma.it\/#organization\",\"name\":\"Villa Gemma e Villa Barbarano\",\"url\":\"https:\/\/www.villagemma.it\/\",\"logo\":{\"@type\":\"ImageObject\",\"inLanguage\":\"de\",\"@id\":\"https:\/\/www.villagemma.it\/#\/schema\/logo\/image\/\",\"url\":\"https:\/\/www.villagemma.it\/wp-content\/uploads\/2022\/08\/Logo_VG.png\",\"contentUrl\":\"https:\/\/www.villagemma.it\/wp-content\/uploads\/2022\/08\/Logo_VG.png\",\"width\":931,\"height\":300,\"caption\":\"Villa Gemma e Villa Barbarano\"},\"image\":{\"@id\":\"https:\/\/www.villagemma.it\/#\/schema\/logo\/image\/\"}}]}<\/script>\n<!-- \/ Yoast SEO plugin. -->","yoast_head_json":{"title":"N\u00fctzliche Nummern - Villa Gemma e Villa Barbarano","robots":{"index":"index","follow":"follow","max-snippet":"max-snippet:-1","max-image-preview":"max-image-preview:large","max-video-preview":"max-video-preview:-1"},"canonical":"https:\/\/www.villagemma.it\/de\/nuetzliche-nummern\/","og_locale":"de_DE","og_type":"article","og_title":"N\u00fctzliche Nummern - Villa Gemma e Villa Barbarano","og_description":"N\u00fctzliche Nummern B\u00fcro Telefon Einzelne Reservierungszentrale 0365\/298190 Telefonzentrale der Villa Gemma 0365\/298200 Telefonzentrale der Villa Barbarano 0365\/298300 Reservierungen f\u00fcr private Krankenhausaufenthalte 0365\/298347 Reservierungen Krankenhausaufenthalt NHS Villa Gemma 0365\/298431 Reservierungen Eintritt NHS Villa Barbarano 0365\/298430 B\u00fcro f\u00fcr \u00d6ffentlichkeitsarbeit 0365\/298122 Senden Sie die Nachricht an das zust\u00e4ndige B\u00fcro Aufnahme in die Kliniken Villa Barbarano Telefon: 0365\/298321-322-323 accettazionebarbarano@villagemma.it [&hellip;]","og_url":"https:\/\/www.villagemma.it\/de\/nuetzliche-nummern\/","og_site_name":"Villa Gemma e Villa Barbarano","article_modified_time":"2022-12-20T09:16:40+00:00","twitter_card":"summary_large_image","twitter_misc":{"Gesch\u00e4tzte Lesezeit":"2\u00a0Minuten"},"schema":{"@context":"https:\/\/schema.org","@graph":[{"@type":"WebPage","@id":"https:\/\/www.villagemma.it\/de\/nuetzliche-nummern\/","url":"https:\/\/www.villagemma.it\/de\/nuetzliche-nummern\/","name":"N\u00fctzliche Nummern - Villa Gemma e Villa Barbarano","isPartOf":{"@id":"https:\/\/www.villagemma.it\/#website"},"datePublished":"2022-08-30T09:14:05+00:00","dateModified":"2022-12-20T09:16:40+00:00","breadcrumb":{"@id":"https:\/\/www.villagemma.it\/de\/nuetzliche-nummern\/#breadcrumb"},"inLanguage":"de","potentialAction":[{"@type":"ReadAction","target":["https:\/\/www.villagemma.it\/de\/nuetzliche-nummern\/"]}]},{"@type":"BreadcrumbList","@id":"https:\/\/www.villagemma.it\/de\/nuetzliche-nummern\/#breadcrumb","itemListElement":[{"@type":"ListItem","position":1,"name":"Home","item":"https:\/\/www.villagemma.it\/de\/home\/"},{"@type":"ListItem","position":2,"name":"N\u00fctzliche Nummern"}]},{"@type":"WebSite","@id":"https:\/\/www.villagemma.it\/#website","url":"https:\/\/www.villagemma.it\/","name":"Villa Gemma e Villa Barbarano","description":"","publisher":{"@id":"https:\/\/www.villagemma.it\/#organization"},"potentialAction":[{"@type":"SearchAction","target":{"@type":"EntryPoint","urlTemplate":"https:\/\/www.villagemma.it\/?s={search_term_string}"},"query-input":{"@type":"PropertyValueSpecification","valueRequired":true,"valueName":"search_term_string"}}],"inLanguage":"de"},{"@type":"Organization","@id":"https:\/\/www.villagemma.it\/#organization","name":"Villa Gemma e Villa Barbarano","url":"https:\/\/www.villagemma.it\/","logo":{"@type":"ImageObject","inLanguage":"de","@id":"https:\/\/www.villagemma.it\/#\/schema\/logo\/image\/","url":"https:\/\/www.villagemma.it\/wp-content\/uploads\/2022\/08\/Logo_VG.png","contentUrl":"https:\/\/www.villagemma.it\/wp-content\/uploads\/2022\/08\/Logo_VG.png","width":931,"height":300,"caption":"Villa Gemma e Villa Barbarano"},"image":{"@id":"https:\/\/www.villagemma.it\/#\/schema\/logo\/image\/"}}]}},"_links":{"self":[{"href":"https:\/\/www.villagemma.it\/de\/wp-json\/wp\/v2\/pages\/4865","targetHints":{"allow":["GET"]}}],"collection":[{"href":"https:\/\/www.villagemma.it\/de\/wp-json\/wp\/v2\/pages"}],"about":[{"href":"https:\/\/www.villagemma.it\/de\/wp-json\/wp\/v2\/types\/page"}],"author":[{"embeddable":true,"href":"https:\/\/www.villagemma.it\/de\/wp-json\/wp\/v2\/users\/1"}],"replies":[{"embeddable":true,"href":"https:\/\/www.villagemma.it\/de\/wp-json\/wp\/v2\/comments?post=4865"}],"version-history":[{"count":1,"href":"https:\/\/www.villagemma.it\/de\/wp-json\/wp\/v2\/pages\/4865\/revisions"}],"predecessor-version":[{"id":4866,"href":"https:\/\/www.villagemma.it\/de\/wp-json\/wp\/v2\/pages\/4865\/revisions\/4866"}],"wp:attachment":[{"href":"https:\/\/www.villagemma.it\/de\/wp-json\/wp\/v2\/media?parent=4865"}],"curies":[{"name":"wp","href":"https:\/\/api.w.org\/{rel}","templated":true}]}}