{"id":4855,"date":"2022-08-30T09:04:20","date_gmt":"2022-08-30T09:04:20","guid":{"rendered":"https:\/\/www.villagemma.it\/analyselabor\/"},"modified":"2022-12-20T08:02:28","modified_gmt":"2022-12-20T08:02:28","slug":"analyselabor","status":"publish","type":"page","link":"https:\/\/www.villagemma.it\/de\/analyselabor\/","title":{"rendered":"Analyselabor"},"content":{"rendered":"\t\t<div data-elementor-type=\"wp-page\" data-elementor-id=\"4855\" class=\"elementor elementor-4855\" data-elementor-post-type=\"page\">\n\t\t\t\t\t\t<section class=\"elementor-section elementor-top-section elementor-element elementor-element-5de0f3e elementor-section-height-min-height elementor-section-boxed elementor-section-height-default elementor-section-items-middle\" data-id=\"5de0f3e\" data-element_type=\"section\" data-settings=\"{&quot;background_background&quot;:&quot;classic&quot;}\">\n\t\t\t\t\t\t<div class=\"elementor-container elementor-column-gap-default\">\n\t\t\t\t\t<div class=\"elementor-column elementor-col-100 elementor-top-column elementor-element elementor-element-b9ac097\" data-id=\"b9ac097\" data-element_type=\"column\">\n\t\t\t<div class=\"elementor-widget-wrap\">\n\t\t\t\t\t\t\t<\/div>\n\t\t<\/div>\n\t\t\t\t\t<\/div>\n\t\t<\/section>\n\t\t\t\t<section class=\"elementor-section elementor-top-section elementor-element elementor-element-d5c72e4 elementor-section-boxed elementor-section-height-default elementor-section-height-default\" data-id=\"d5c72e4\" data-element_type=\"section\">\n\t\t\t\t\t\t<div class=\"elementor-container elementor-column-gap-default\">\n\t\t\t\t\t<div class=\"elementor-column elementor-col-100 elementor-top-column elementor-element elementor-element-931ff97\" data-id=\"931ff97\" data-element_type=\"column\">\n\t\t\t<div class=\"elementor-widget-wrap elementor-element-populated\">\n\t\t\t\t\t\t<div class=\"elementor-element elementor-element-a68399c elementor-widget elementor-widget-heading\" data-id=\"a68399c\" data-element_type=\"widget\" data-widget_type=\"heading.default\">\n\t\t\t\t<div class=\"elementor-widget-container\">\n\t\t\t\t\t<h1 class=\"elementor-heading-title elementor-size-default\">Analyselabor<\/h1>\t\t\t\t<\/div>\n\t\t\t\t<\/div>\n\t\t\t\t\t<\/div>\n\t\t<\/div>\n\t\t\t\t\t<\/div>\n\t\t<\/section>\n\t\t\t\t<section class=\"elementor-section elementor-top-section elementor-element elementor-element-a6e5f69 elementor-section-boxed elementor-section-height-default elementor-section-height-default\" data-id=\"a6e5f69\" data-element_type=\"section\">\n\t\t\t\t\t\t<div class=\"elementor-container elementor-column-gap-default\">\n\t\t\t\t\t<div class=\"elementor-column elementor-col-100 elementor-top-column elementor-element elementor-element-4440dd5\" data-id=\"4440dd5\" data-element_type=\"column\">\n\t\t\t<div class=\"elementor-widget-wrap elementor-element-populated\">\n\t\t\t\t\t\t<div class=\"elementor-element elementor-element-ce24638 elementor-widget elementor-widget-heading\" data-id=\"ce24638\" data-element_type=\"widget\" data-widget_type=\"heading.default\">\n\t\t\t\t<div class=\"elementor-widget-container\">\n\t\t\t\t\t<h3 class=\"elementor-heading-title elementor-size-default\">Dienstleistungen eines Analyselabors<\/h3>\t\t\t\t<\/div>\n\t\t\t\t<\/div>\n\t\t\t\t<div class=\"elementor-element elementor-element-9842fc7 elementor-widget elementor-widget-heading\" data-id=\"9842fc7\" data-element_type=\"widget\" data-widget_type=\"heading.default\">\n\t\t\t\t<div class=\"elementor-widget-container\">\n\t\t\t\t\t<h4 class=\"elementor-heading-title elementor-size-default\">Benutzer<\/h4>\t\t\t\t<\/div>\n\t\t\t\t<\/div>\n\t\t\t\t<div class=\"elementor-element elementor-element-327e2f1 elementor-widget elementor-widget-text-editor\" data-id=\"327e2f1\" data-element_type=\"widget\" data-widget_type=\"text-editor.default\">\n\t\t\t\t<div class=\"elementor-widget-container\">\n\t\t\t\t\t\t\t\t\t<p>Labordienstleistungen werden erbracht f\u00fcr:<\/p>\n<ul style=\"font-weight: 400;\">\n<li>station\u00e4re Patienten im Pflegeheim<\/li>\n<li>ambulante Patienten, die sich an das Blutentnahmezentrum des Pflegeheims selbst wenden<\/li>\n<li>Patienten in integrierter h\u00e4uslicher Pflege (A.D.I) und privater h\u00e4uslicher Pflege (A.D.P.)<\/li>\n<li>Patienten in kommunalen Ambulanzen, die von Mitarbeitern des Pflegeheims Villa Gemma geleitet werden<\/li>\n<li>Patienten in Altenpflegeeinrichtungen (RSA)<\/li>\n<li>Patienten in betreuten Einrichtungen.<\/li>\n<\/ul>\n\t\t\t\t\t\t\t\t<\/div>\n\t\t\t\t<\/div>\n\t\t\t\t<div class=\"elementor-element elementor-element-c5698a5 elementor-widget elementor-widget-heading\" data-id=\"c5698a5\" data-element_type=\"widget\" data-widget_type=\"heading.default\">\n\t\t\t\t<div class=\"elementor-widget-container\">\n\t\t\t\t\t<h4 class=\"elementor-heading-title elementor-size-default\">Labort\u00e4tigkeiten<\/h4>\t\t\t\t<\/div>\n\t\t\t\t<\/div>\n\t\t\t\t<div class=\"elementor-element elementor-element-025bb05 elementor-widget elementor-widget-text-editor\" data-id=\"025bb05\" data-element_type=\"widget\" data-widget_type=\"text-editor.default\">\n\t\t\t\t<div class=\"elementor-widget-container\">\n\t\t\t\t\t\t\t\t\t<p>In unseren Einrichtungen ist es m\u00f6glich, eine breite Palette von Labortests durchzuf\u00fchren, die vom akkreditierten externen Referenzdienst f\u00fcr Labormedizin, privat oder in Vereinbarung mit dem Nationalen Gesundheitsdienst (S.S.N.) durchgef\u00fchrt werden. Die Aktivit\u00e4t zielt darauf ab, dem Hausarzt durch Analysen, die an biologischen Proben unterschiedlicher Herkunft (Blut, Urin, Kot, ausgeschiedene biologische Fl\u00fcssigkeiten usw.) durchgef\u00fchrt werden, n\u00fctzliche Informationen bereitzustellen f\u00fcr: <\/p>\n<ul>\n<li>die Diagnose;<\/li>\n<li>\u00dcberwachung von Therapie und Verlauf;<\/li>\n<li>die Pflege und \u00dcberwachung des Gesundheitszustands des Patienten;<\/li>\n<li>Verh\u00fctung.<\/li>\n<\/ul>\n\t\t\t\t\t\t\t\t<\/div>\n\t\t\t\t<\/div>\n\t\t\t\t<section class=\"elementor-section elementor-inner-section elementor-element elementor-element-0d7ef6b elementor-section-boxed elementor-section-height-default elementor-section-height-default\" data-id=\"0d7ef6b\" data-element_type=\"section\">\n\t\t\t\t\t\t<div class=\"elementor-container elementor-column-gap-default\">\n\t\t\t\t\t<div class=\"elementor-column elementor-col-50 elementor-inner-column elementor-element elementor-element-84ea419\" data-id=\"84ea419\" data-element_type=\"column\">\n\t\t\t<div class=\"elementor-widget-wrap elementor-element-populated\">\n\t\t\t\t\t\t<div class=\"elementor-element elementor-element-31bc667 elementor-widget elementor-widget-button\" data-id=\"31bc667\" data-element_type=\"widget\" data-widget_type=\"button.default\">\n\t\t\t\t<div class=\"elementor-widget-container\">\n\t\t\t\t\t\t\t\t\t<div class=\"elementor-button-wrapper\">\n\t\t\t\t\t<a class=\"elementor-button elementor-button-link elementor-size-sm\" href=\"https:\/\/www.villagemma.it\/prenotazioni\/\">\n\t\t\t\t\t\t<span class=\"elementor-button-content-wrapper\">\n\t\t\t\t\t\t\t\t\t<span class=\"elementor-button-text\">Buch <\/span>\n\t\t\t\t\t<\/span>\n\t\t\t\t\t<\/a>\n\t\t\t\t<\/div>\n\t\t\t\t\t\t\t\t<\/div>\n\t\t\t\t<\/div>\n\t\t\t\t\t<\/div>\n\t\t<\/div>\n\t\t\t\t<div class=\"elementor-column elementor-col-50 elementor-inner-column elementor-element elementor-element-0253482\" data-id=\"0253482\" data-element_type=\"column\">\n\t\t\t<div class=\"elementor-widget-wrap elementor-element-populated\">\n\t\t\t\t\t\t<div class=\"elementor-element elementor-element-807d1fb elementor-widget elementor-widget-button\" data-id=\"807d1fb\" data-element_type=\"widget\" data-widget_type=\"button.default\">\n\t\t\t\t<div class=\"elementor-widget-container\">\n\t\t\t\t\t\t\t\t\t<div class=\"elementor-button-wrapper\">\n\t\t\t\t\t<a class=\"elementor-button elementor-button-link elementor-size-sm\" href=\"https:\/\/www.villagemma.it\/de\/check-up-untersuchung\/labor-check-up\/\">\n\t\t\t\t\t\t<span class=\"elementor-button-content-wrapper\">\n\t\t\t\t\t\t\t\t\t<span class=\"elementor-button-text\">Labor Check up<\/span>\n\t\t\t\t\t<\/span>\n\t\t\t\t\t<\/a>\n\t\t\t\t<\/div>\n\t\t\t\t\t\t\t\t<\/div>\n\t\t\t\t<\/div>\n\t\t\t\t\t<\/div>\n\t\t<\/div>\n\t\t\t\t\t<\/div>\n\t\t<\/section>\n\t\t\t\t\t<\/div>\n\t\t<\/div>\n\t\t\t\t\t<\/div>\n\t\t<\/section>\n\t\t\t\t<section class=\"elementor-section elementor-top-section elementor-element elementor-element-14d1ef4 elementor-section-boxed elementor-section-height-default elementor-section-height-default\" data-id=\"14d1ef4\" data-element_type=\"section\">\n\t\t\t\t\t\t<div class=\"elementor-container elementor-column-gap-default\">\n\t\t\t\t\t<div class=\"elementor-column elementor-col-100 elementor-top-column elementor-element elementor-element-e0da5bf\" data-id=\"e0da5bf\" data-element_type=\"column\">\n\t\t\t<div class=\"elementor-widget-wrap elementor-element-populated\">\n\t\t\t\t\t\t<div class=\"elementor-element elementor-element-8685e67 elementor-widget elementor-widget-spacer\" data-id=\"8685e67\" data-element_type=\"widget\" data-widget_type=\"spacer.default\">\n\t\t\t\t<div class=\"elementor-widget-container\">\n\t\t\t\t\t\t\t<div class=\"elementor-spacer\">\n\t\t\t<div class=\"elementor-spacer-inner\"><\/div>\n\t\t<\/div>\n\t\t\t\t\t\t<\/div>\n\t\t\t\t<\/div>\n\t\t\t\t<div class=\"elementor-element elementor-element-2a1dddf elementor-widget elementor-widget-heading\" data-id=\"2a1dddf\" data-element_type=\"widget\" data-widget_type=\"heading.default\">\n\t\t\t\t<div class=\"elementor-widget-container\">\n\t\t\t\t\t<h4 class=\"elementor-heading-title elementor-size-default\">Dienste und Fahrpl\u00e4ne<\/h4>\t\t\t\t<\/div>\n\t\t\t\t<\/div>\n\t\t\t\t<div class=\"elementor-element elementor-element-1983cb1 elementor-widget elementor-widget-heading\" data-id=\"1983cb1\" data-element_type=\"widget\" data-widget_type=\"heading.default\">\n\t\t\t\t<div class=\"elementor-widget-container\">\n\t\t\t\t\t<h5 class=\"elementor-heading-title elementor-size-default\">ZUR\u00dcCKZIEHEN<\/h5>\t\t\t\t<\/div>\n\t\t\t\t<\/div>\n\t\t\t\t<div class=\"elementor-element elementor-element-a61474e elementor-widget elementor-widget-text-editor\" data-id=\"a61474e\" data-element_type=\"widget\" data-widget_type=\"text-editor.default\">\n\t\t\t\t<div class=\"elementor-widget-container\">\n\t\t\t\t\t\t\t\t\t<p><b><strong>Punktabz\u00fcge: <\/strong><\/b><\/p>\n<p><b><strong>VILLA GEMMA<\/strong><\/b><\/p>\n<p>Der <b><strong>COVID-19 TAMPONI-Service<\/strong><\/b> ist von Montag bis Freitag aktiv, <b><strong>wenn Sie von Montag bis Freitag von 10 bis 15 Uhr unter 0365 298338 buchen<\/strong><\/b>.<\/p>\n<p><b><strong>VILLA BARBARANO<\/strong><\/b><\/p>\n<p>Der Auszahlungsservice ist <b><strong>von Montag bis Freitag von 7:30 bis 8:30 Uhr aktiv<\/strong><\/b>.<\/p>\n\t\t\t\t\t\t\t\t<\/div>\n\t\t\t\t<\/div>\n\t\t\t\t<div class=\"elementor-element elementor-element-7920247 elementor-widget elementor-widget-heading\" data-id=\"7920247\" data-element_type=\"widget\" data-widget_type=\"heading.default\">\n\t\t\t\t<div class=\"elementor-widget-container\">\n\t\t\t\t\t<h5 class=\"elementor-heading-title elementor-size-default\">R\u00dcCKTRITT MELDEN<\/h5>\t\t\t\t<\/div>\n\t\t\t\t<\/div>\n\t\t\t\t<div class=\"elementor-element elementor-element-4d36610 elementor-widget elementor-widget-text-editor\" data-id=\"4d36610\" data-element_type=\"widget\" data-widget_type=\"text-editor.default\">\n\t\t\t\t<div class=\"elementor-widget-container\">\n\t\t\t\t\t\t\t\t\t<ul>\n<li><b><strong>online<\/strong><\/b> <b><strong>\u00fcber Zugangsdaten<\/strong><\/b><\/li>\n<li><b><strong>Villa Barbarano: von Montag bis Freitag von 08:30 bis 18:00 Uhr<\/strong><\/b><\/li>\n<\/ul>\n\t\t\t\t\t\t\t\t<\/div>\n\t\t\t\t<\/div>\n\t\t\t\t<div class=\"elementor-element elementor-element-238e3ba elementor-widget elementor-widget-heading\" data-id=\"238e3ba\" data-element_type=\"widget\" data-widget_type=\"heading.default\">\n\t\t\t\t<div class=\"elementor-widget-container\">\n\t\t\t\t\t<h5 class=\"elementor-heading-title elementor-size-default\">ANNAHME<\/h5>\t\t\t\t<\/div>\n\t\t\t\t<\/div>\n\t\t\t\t<div class=\"elementor-element elementor-element-45cf673 elementor-widget elementor-widget-text-editor\" data-id=\"45cf673\" data-element_type=\"widget\" data-widget_type=\"text-editor.default\">\n\t\t\t\t<div class=\"elementor-widget-container\">\n\t\t\t\t\t\t\t\t\t<p><b><strong>Um Analysen im Rahmen der Vereinbarung durchf\u00fchren zu k\u00f6nnen, ist es unbedingt erforderlich, sich regelm\u00e4\u00dfig mit einem vom Arzt in allen Teilen ausgef\u00fcllten verbindlichen Schreiben an der Rezeption zu melden.<\/strong><\/b><\/p>\n<p>Das vom Patienten zu zahlende Ticket bezieht sich auf die auf der Grundlage der Tarife der S.S.N. Sollte der Patient aufgrund von Erkrankungen, Schwangerschaft, Einkommen oder Alter Anspruch auf Befreiung haben, muss der Arzt den Befreiungscode in das entsprechende Feld eintragen.<\/p>\n\t\t\t\t\t\t\t\t<\/div>\n\t\t\t\t<\/div>\n\t\t\t\t<div class=\"elementor-element elementor-element-3d9e3d9 elementor-widget elementor-widget-heading\" data-id=\"3d9e3d9\" data-element_type=\"widget\" data-widget_type=\"heading.default\">\n\t\t\t\t<div class=\"elementor-widget-container\">\n\t\t\t\t\t<h5 class=\"elementor-heading-title elementor-size-default\">ZAHLUNG<\/h5>\t\t\t\t<\/div>\n\t\t\t\t<\/div>\n\t\t\t\t<div class=\"elementor-element elementor-element-a5e2fef elementor-widget elementor-widget-text-editor\" data-id=\"a5e2fef\" data-element_type=\"widget\" data-widget_type=\"text-editor.default\">\n\t\t\t\t<div class=\"elementor-widget-container\">\n\t\t\t\t\t\t\t\t\t<p>Die Bezahlung des Tickets erfolgt bei Annahme in bar, mit EC- oder Kreditkarte.<\/p>\n\t\t\t\t\t\t\t\t<\/div>\n\t\t\t\t<\/div>\n\t\t\t\t<div class=\"elementor-element elementor-element-244abd7 elementor-widget elementor-widget-spacer\" data-id=\"244abd7\" data-element_type=\"widget\" data-widget_type=\"spacer.default\">\n\t\t\t\t<div class=\"elementor-widget-container\">\n\t\t\t\t\t\t\t<div class=\"elementor-spacer\">\n\t\t\t<div class=\"elementor-spacer-inner\"><\/div>\n\t\t<\/div>\n\t\t\t\t\t\t<\/div>\n\t\t\t\t<\/div>\n\t\t\t\t<div class=\"elementor-element elementor-element-728fdca elementor-widget elementor-widget-heading\" data-id=\"728fdca\" data-element_type=\"widget\" data-widget_type=\"heading.default\">\n\t\t\t\t<div class=\"elementor-widget-container\">\n\t\t\t\t\t<h4 class=\"elementor-heading-title elementor-size-default\">Kontakte<\/h4>\t\t\t\t<\/div>\n\t\t\t\t<\/div>\n\t\t\t\t<div class=\"elementor-element elementor-element-87ae609 elementor-widget elementor-widget-text-editor\" data-id=\"87ae609\" data-element_type=\"widget\" data-widget_type=\"text-editor.default\">\n\t\t\t\t<div class=\"elementor-widget-container\">\n\t\t\t\t\t\t\t\t\t<p><strong>SERVIZIO ACCETTAZIONE:<\/strong><\/p>\n<ul>\n<li>Rezeption der Villa Gemma: 0365 298105-116<\/li>\n<li>Rezeption Villa Barbarano: 0365 298185 321-322-323<\/li>\n<li>CUP f\u00fcr Pr\u00fcfungsbuchung: 0365 298190<\/li>\n<li>COVID-Testbuchungsservice: 0365 298338<\/li>\n<li>Analyselabor: 0365 298138-160<\/li>\n<\/ul>\n\t\t\t\t\t\t\t\t<\/div>\n\t\t\t\t<\/div>\n\t\t\t\t<div class=\"elementor-element elementor-element-c79a57b elementor-widget elementor-widget-spacer\" data-id=\"c79a57b\" data-element_type=\"widget\" data-widget_type=\"spacer.default\">\n\t\t\t\t<div class=\"elementor-widget-container\">\n\t\t\t\t\t\t\t<div class=\"elementor-spacer\">\n\t\t\t<div class=\"elementor-spacer-inner\"><\/div>\n\t\t<\/div>\n\t\t\t\t\t\t<\/div>\n\t\t\t\t<\/div>\n\t\t\t\t\t<\/div>\n\t\t<\/div>\n\t\t\t\t\t<\/div>\n\t\t<\/section>\n\t\t\t\t<\/div>\n\t\t","protected":false},"excerpt":{"rendered":"<p>Analyselabor Dienstleistungen eines Analyselabors Benutzer Labordienstleistungen werden erbracht f\u00fcr: station\u00e4re Patienten im Pflegeheim ambulante Patienten, die sich an das Blutentnahmezentrum des Pflegeheims selbst wenden Patienten in integrierter h\u00e4uslicher Pflege (A.D.I) und privater h\u00e4uslicher Pflege (A.D.P.) Patienten in kommunalen Ambulanzen, die von Mitarbeitern des Pflegeheims Villa Gemma geleitet werden Patienten in Altenpflegeeinrichtungen (RSA) Patienten in betreuten [&hellip;]<\/p>\n","protected":false},"author":1,"featured_media":0,"parent":0,"menu_order":0,"comment_status":"closed","ping_status":"closed","template":"","meta":{"_acf_changed":false,"footnotes":""},"class_list":["post-4855","page","type-page","status-publish","hentry"],"acf":[],"yoast_head":"<!-- This site is optimized with the Yoast SEO plugin v24.4 - https:\/\/yoast.com\/wordpress\/plugins\/seo\/ -->\n<title>Analyselabor - Villa Gemma e Villa Barbarano<\/title>\n<meta name=\"robots\" content=\"index, follow, max-snippet:-1, max-image-preview:large, max-video-preview:-1\" \/>\n<link rel=\"canonical\" href=\"https:\/\/www.villagemma.it\/de\/analyselabor\/\" \/>\n<meta property=\"og:locale\" content=\"de_DE\" \/>\n<meta property=\"og:type\" content=\"article\" \/>\n<meta property=\"og:title\" content=\"Analyselabor - Villa Gemma e Villa Barbarano\" \/>\n<meta property=\"og:description\" content=\"Analyselabor Dienstleistungen eines Analyselabors Benutzer Labordienstleistungen werden erbracht f\u00fcr: station\u00e4re Patienten im Pflegeheim ambulante Patienten, die sich an das Blutentnahmezentrum des Pflegeheims selbst wenden Patienten in integrierter h\u00e4uslicher Pflege (A.D.I) und privater h\u00e4uslicher Pflege (A.D.P.) Patienten in kommunalen Ambulanzen, die von Mitarbeitern des Pflegeheims Villa Gemma geleitet werden Patienten in Altenpflegeeinrichtungen (RSA) Patienten in betreuten [&hellip;]\" \/>\n<meta property=\"og:url\" content=\"https:\/\/www.villagemma.it\/de\/analyselabor\/\" \/>\n<meta property=\"og:site_name\" content=\"Villa Gemma e Villa Barbarano\" \/>\n<meta property=\"article:modified_time\" content=\"2022-12-20T08:02:28+00:00\" \/>\n<meta name=\"twitter:card\" content=\"summary_large_image\" \/>\n<meta name=\"twitter:label1\" content=\"Gesch\u00e4tzte Lesezeit\" \/>\n\t<meta name=\"twitter:data1\" content=\"2\u00a0Minuten\" \/>\n<script type=\"application\/ld+json\" class=\"yoast-schema-graph\">{\"@context\":\"https:\/\/schema.org\",\"@graph\":[{\"@type\":\"WebPage\",\"@id\":\"https:\/\/www.villagemma.it\/de\/analyselabor\/\",\"url\":\"https:\/\/www.villagemma.it\/de\/analyselabor\/\",\"name\":\"Analyselabor - Villa Gemma e Villa Barbarano\",\"isPartOf\":{\"@id\":\"https:\/\/www.villagemma.it\/#website\"},\"datePublished\":\"2022-08-30T09:04:20+00:00\",\"dateModified\":\"2022-12-20T08:02:28+00:00\",\"breadcrumb\":{\"@id\":\"https:\/\/www.villagemma.it\/de\/analyselabor\/#breadcrumb\"},\"inLanguage\":\"de\",\"potentialAction\":[{\"@type\":\"ReadAction\",\"target\":[\"https:\/\/www.villagemma.it\/de\/analyselabor\/\"]}]},{\"@type\":\"BreadcrumbList\",\"@id\":\"https:\/\/www.villagemma.it\/de\/analyselabor\/#breadcrumb\",\"itemListElement\":[{\"@type\":\"ListItem\",\"position\":1,\"name\":\"Home\",\"item\":\"https:\/\/www.villagemma.it\/de\/home\/\"},{\"@type\":\"ListItem\",\"position\":2,\"name\":\"Analyselabor\"}]},{\"@type\":\"WebSite\",\"@id\":\"https:\/\/www.villagemma.it\/#website\",\"url\":\"https:\/\/www.villagemma.it\/\",\"name\":\"Villa Gemma e Villa Barbarano\",\"description\":\"\",\"publisher\":{\"@id\":\"https:\/\/www.villagemma.it\/#organization\"},\"potentialAction\":[{\"@type\":\"SearchAction\",\"target\":{\"@type\":\"EntryPoint\",\"urlTemplate\":\"https:\/\/www.villagemma.it\/?s={search_term_string}\"},\"query-input\":{\"@type\":\"PropertyValueSpecification\",\"valueRequired\":true,\"valueName\":\"search_term_string\"}}],\"inLanguage\":\"de\"},{\"@type\":\"Organization\",\"@id\":\"https:\/\/www.villagemma.it\/#organization\",\"name\":\"Villa Gemma e Villa Barbarano\",\"url\":\"https:\/\/www.villagemma.it\/\",\"logo\":{\"@type\":\"ImageObject\",\"inLanguage\":\"de\",\"@id\":\"https:\/\/www.villagemma.it\/#\/schema\/logo\/image\/\",\"url\":\"https:\/\/www.villagemma.it\/wp-content\/uploads\/2022\/08\/Logo_VG.png\",\"contentUrl\":\"https:\/\/www.villagemma.it\/wp-content\/uploads\/2022\/08\/Logo_VG.png\",\"width\":931,\"height\":300,\"caption\":\"Villa Gemma e Villa Barbarano\"},\"image\":{\"@id\":\"https:\/\/www.villagemma.it\/#\/schema\/logo\/image\/\"}}]}<\/script>\n<!-- \/ Yoast SEO plugin. -->","yoast_head_json":{"title":"Analyselabor - Villa Gemma e Villa Barbarano","robots":{"index":"index","follow":"follow","max-snippet":"max-snippet:-1","max-image-preview":"max-image-preview:large","max-video-preview":"max-video-preview:-1"},"canonical":"https:\/\/www.villagemma.it\/de\/analyselabor\/","og_locale":"de_DE","og_type":"article","og_title":"Analyselabor - Villa Gemma e Villa Barbarano","og_description":"Analyselabor Dienstleistungen eines Analyselabors Benutzer Labordienstleistungen werden erbracht f\u00fcr: station\u00e4re Patienten im Pflegeheim ambulante Patienten, die sich an das Blutentnahmezentrum des Pflegeheims selbst wenden Patienten in integrierter h\u00e4uslicher Pflege (A.D.I) und privater h\u00e4uslicher Pflege (A.D.P.) Patienten in kommunalen Ambulanzen, die von Mitarbeitern des Pflegeheims Villa Gemma geleitet werden Patienten in Altenpflegeeinrichtungen (RSA) Patienten in betreuten [&hellip;]","og_url":"https:\/\/www.villagemma.it\/de\/analyselabor\/","og_site_name":"Villa Gemma e Villa Barbarano","article_modified_time":"2022-12-20T08:02:28+00:00","twitter_card":"summary_large_image","twitter_misc":{"Gesch\u00e4tzte Lesezeit":"2\u00a0Minuten"},"schema":{"@context":"https:\/\/schema.org","@graph":[{"@type":"WebPage","@id":"https:\/\/www.villagemma.it\/de\/analyselabor\/","url":"https:\/\/www.villagemma.it\/de\/analyselabor\/","name":"Analyselabor - Villa Gemma e Villa Barbarano","isPartOf":{"@id":"https:\/\/www.villagemma.it\/#website"},"datePublished":"2022-08-30T09:04:20+00:00","dateModified":"2022-12-20T08:02:28+00:00","breadcrumb":{"@id":"https:\/\/www.villagemma.it\/de\/analyselabor\/#breadcrumb"},"inLanguage":"de","potentialAction":[{"@type":"ReadAction","target":["https:\/\/www.villagemma.it\/de\/analyselabor\/"]}]},{"@type":"BreadcrumbList","@id":"https:\/\/www.villagemma.it\/de\/analyselabor\/#breadcrumb","itemListElement":[{"@type":"ListItem","position":1,"name":"Home","item":"https:\/\/www.villagemma.it\/de\/home\/"},{"@type":"ListItem","position":2,"name":"Analyselabor"}]},{"@type":"WebSite","@id":"https:\/\/www.villagemma.it\/#website","url":"https:\/\/www.villagemma.it\/","name":"Villa Gemma e Villa Barbarano","description":"","publisher":{"@id":"https:\/\/www.villagemma.it\/#organization"},"potentialAction":[{"@type":"SearchAction","target":{"@type":"EntryPoint","urlTemplate":"https:\/\/www.villagemma.it\/?s={search_term_string}"},"query-input":{"@type":"PropertyValueSpecification","valueRequired":true,"valueName":"search_term_string"}}],"inLanguage":"de"},{"@type":"Organization","@id":"https:\/\/www.villagemma.it\/#organization","name":"Villa Gemma e Villa Barbarano","url":"https:\/\/www.villagemma.it\/","logo":{"@type":"ImageObject","inLanguage":"de","@id":"https:\/\/www.villagemma.it\/#\/schema\/logo\/image\/","url":"https:\/\/www.villagemma.it\/wp-content\/uploads\/2022\/08\/Logo_VG.png","contentUrl":"https:\/\/www.villagemma.it\/wp-content\/uploads\/2022\/08\/Logo_VG.png","width":931,"height":300,"caption":"Villa Gemma e Villa Barbarano"},"image":{"@id":"https:\/\/www.villagemma.it\/#\/schema\/logo\/image\/"}}]}},"_links":{"self":[{"href":"https:\/\/www.villagemma.it\/de\/wp-json\/wp\/v2\/pages\/4855","targetHints":{"allow":["GET"]}}],"collection":[{"href":"https:\/\/www.villagemma.it\/de\/wp-json\/wp\/v2\/pages"}],"about":[{"href":"https:\/\/www.villagemma.it\/de\/wp-json\/wp\/v2\/types\/page"}],"author":[{"embeddable":true,"href":"https:\/\/www.villagemma.it\/de\/wp-json\/wp\/v2\/users\/1"}],"replies":[{"embeddable":true,"href":"https:\/\/www.villagemma.it\/de\/wp-json\/wp\/v2\/comments?post=4855"}],"version-history":[{"count":3,"href":"https:\/\/www.villagemma.it\/de\/wp-json\/wp\/v2\/pages\/4855\/revisions"}],"predecessor-version":[{"id":4858,"href":"https:\/\/www.villagemma.it\/de\/wp-json\/wp\/v2\/pages\/4855\/revisions\/4858"}],"wp:attachment":[{"href":"https:\/\/www.villagemma.it\/de\/wp-json\/wp\/v2\/media?parent=4855"}],"curies":[{"name":"wp","href":"https:\/\/api.w.org\/{rel}","templated":true}]}}