{"id":4810,"date":"2022-09-07T07:52:42","date_gmt":"2022-09-07T07:52:42","guid":{"rendered":"https:\/\/www.villagemma.it\/ethik-kodex\/"},"modified":"2022-12-19T12:36:37","modified_gmt":"2022-12-19T12:36:37","slug":"ethik-kodex","status":"publish","type":"page","link":"https:\/\/www.villagemma.it\/de\/ethik-kodex\/","title":{"rendered":"Ethik Kodex"},"content":{"rendered":"\t\t<div data-elementor-type=\"wp-page\" data-elementor-id=\"4810\" class=\"elementor elementor-4810\" data-elementor-post-type=\"page\">\n\t\t\t\t\t\t<section class=\"elementor-section elementor-top-section elementor-element elementor-element-4e69e1d7 elementor-section-height-min-height elementor-section-boxed elementor-section-height-default elementor-section-items-middle\" data-id=\"4e69e1d7\" data-element_type=\"section\" data-settings=\"{&quot;background_background&quot;:&quot;classic&quot;}\">\n\t\t\t\t\t\t<div class=\"elementor-container elementor-column-gap-default\">\n\t\t\t\t\t<div class=\"elementor-column elementor-col-100 elementor-top-column elementor-element elementor-element-afc6fbe\" data-id=\"afc6fbe\" data-element_type=\"column\">\n\t\t\t<div class=\"elementor-widget-wrap\">\n\t\t\t\t\t\t\t<\/div>\n\t\t<\/div>\n\t\t\t\t\t<\/div>\n\t\t<\/section>\n\t\t\t\t<section class=\"elementor-section elementor-top-section elementor-element elementor-element-41bd56ba elementor-section-boxed elementor-section-height-default elementor-section-height-default\" data-id=\"41bd56ba\" data-element_type=\"section\">\n\t\t\t\t\t\t<div class=\"elementor-container elementor-column-gap-default\">\n\t\t\t\t\t<div class=\"elementor-column elementor-col-100 elementor-top-column elementor-element elementor-element-2f7c9ae2\" data-id=\"2f7c9ae2\" data-element_type=\"column\">\n\t\t\t<div class=\"elementor-widget-wrap elementor-element-populated\">\n\t\t\t\t\t\t<div class=\"elementor-element elementor-element-715f319e elementor-widget elementor-widget-heading\" data-id=\"715f319e\" data-element_type=\"widget\" data-widget_type=\"heading.default\">\n\t\t\t\t<div class=\"elementor-widget-container\">\n\t\t\t\t\t<h1 class=\"elementor-heading-title elementor-size-default\">Ethik Kodex<\/h1>\t\t\t\t<\/div>\n\t\t\t\t<\/div>\n\t\t\t\t\t<\/div>\n\t\t<\/div>\n\t\t\t\t\t<\/div>\n\t\t<\/section>\n\t\t\t\t<section class=\"elementor-section elementor-top-section elementor-element elementor-element-73b5f277 elementor-section-boxed elementor-section-height-default elementor-section-height-default\" data-id=\"73b5f277\" data-element_type=\"section\">\n\t\t\t\t\t\t<div class=\"elementor-container elementor-column-gap-default\">\n\t\t\t\t\t<div class=\"elementor-column elementor-col-100 elementor-top-column elementor-element elementor-element-609673be\" data-id=\"609673be\" data-element_type=\"column\">\n\t\t\t<div class=\"elementor-widget-wrap elementor-element-populated\">\n\t\t\t\t\t\t<div class=\"elementor-element elementor-element-3849a05a elementor-widget elementor-widget-text-editor\" data-id=\"3849a05a\" data-element_type=\"widget\" data-widget_type=\"text-editor.default\">\n\t\t\t\t<div class=\"elementor-widget-container\">\n\t\t\t\t\t\t\t\t\tVilla Gemma und Villa Barbarano handeln in \u00dcbereinstimmung mit den Grundrechten des Gastes und richten sich in ihrem Handeln nach dem Ethikkodex \u2013 Organisationsmodell (DLGS 8. Juni 2001 \u2013 Nr. 231).\nDer Ethikkodex \u2013 Organisationsmodell ist als Hauptinstrument f\u00fcr die Umsetzung der Ethik im Unternehmen konfiguriert, er legt die moralischen Rechte und Pflichten fest, die die rechtlichen und ethisch-sozialen Verantwortlichkeiten definieren, die jedes Betriebssubjekt zu beachten hat. \nDer Ethikkodex \u2013 Organisationsmodell kann von der Website www.villagemma.it heruntergeladen und in Papierform an den Anschlagtafeln der Strukturen eingesehen werden. \t\t\t\t\t\t\t\t<\/div>\n\t\t\t\t<\/div>\n\t\t\t\t<div class=\"elementor-element elementor-element-1704c80 elementor-widget elementor-widget-spacer\" data-id=\"1704c80\" data-element_type=\"widget\" data-widget_type=\"spacer.default\">\n\t\t\t\t<div class=\"elementor-widget-container\">\n\t\t\t\t\t\t\t<div class=\"elementor-spacer\">\n\t\t\t<div class=\"elementor-spacer-inner\"><\/div>\n\t\t<\/div>\n\t\t\t\t\t\t<\/div>\n\t\t\t\t<\/div>\n\t\t\t\t<div class=\"elementor-element elementor-element-bc826ed elementor-widget elementor-widget-heading\" data-id=\"bc826ed\" data-element_type=\"widget\" data-widget_type=\"heading.default\">\n\t\t\t\t<div class=\"elementor-widget-container\">\n\t\t\t\t\t<h4 class=\"elementor-heading-title elementor-size-default\">Information<\/h4>\t\t\t\t<\/div>\n\t\t\t\t<\/div>\n\t\t\t\t<div class=\"elementor-element elementor-element-2f9f2d6 elementor-widget elementor-widget-text-editor\" data-id=\"2f9f2d6\" data-element_type=\"widget\" data-widget_type=\"text-editor.default\">\n\t\t\t\t<div class=\"elementor-widget-container\">\n\t\t\t\t\t\t\t\t\t<p>Der Patient hat das Recht, mit F\u00fcrsorge und Aufmerksamkeit unter Achtung der Menschenw\u00fcrde und der eigenen philosophischen und religi\u00f6sen \u00dcberzeugungen betreut und behandelt zu werden.<br \/>Insbesondere haben Sie w\u00e4hrend Ihres Krankenhausaufenthaltes das Recht, stets mit Ihrem Vor- und Nachnamen identifiziert zu werden. <br \/>Der Patient hat das Recht, von der Gesundheitseinrichtung Informationen \u00fcber die von ihr erbrachten Leistungen, die Zugangsmethoden und die damit verbundenen Verantwortlichkeiten zu erhalten.<br \/>Dieser hat das Recht, von der ihn behandelnden medizinischen Fachperson vollst\u00e4ndige und verst\u00e4ndliche Informationen \u00fcber die Diagnose der Krankheit, die vorgeschlagene Therapie und die entsprechende Prognose zu erhalten. <\/p>\n\t\t\t\t\t\t\t\t<\/div>\n\t\t\t\t<\/div>\n\t\t\t\t<div class=\"elementor-element elementor-element-c4b3e57 elementor-widget elementor-widget-spacer\" data-id=\"c4b3e57\" data-element_type=\"widget\" data-widget_type=\"spacer.default\">\n\t\t\t\t<div class=\"elementor-widget-container\">\n\t\t\t\t\t\t\t<div class=\"elementor-spacer\">\n\t\t\t<div class=\"elementor-spacer-inner\"><\/div>\n\t\t<\/div>\n\t\t\t\t\t\t<\/div>\n\t\t\t\t<\/div>\n\t\t\t\t<div class=\"elementor-element elementor-element-90d17bb elementor-widget elementor-widget-heading\" data-id=\"90d17bb\" data-element_type=\"widget\" data-widget_type=\"heading.default\">\n\t\t\t\t<div class=\"elementor-widget-container\">\n\t\t\t\t\t<h4 class=\"elementor-heading-title elementor-size-default\">Einverst\u00e4ndniserkl\u00e4rung<\/h4>\t\t\t\t<\/div>\n\t\t\t\t<\/div>\n\t\t\t\t<div class=\"elementor-element elementor-element-b6799fa elementor-widget elementor-widget-text-editor\" data-id=\"b6799fa\" data-element_type=\"widget\" data-widget_type=\"text-editor.default\">\n\t\t\t\t<div class=\"elementor-widget-container\">\n\t\t\t\t\t\t\t\t\t<p>Au\u00dfer in dringenden F\u00e4llen, in denen die Verz\u00f6gerung die Gesundheit gef\u00e4hrden k\u00f6nnte, hat der Patient das Recht, Informationen zu erhalten, die es ihm erm\u00f6glichen, vor einer Behandlung oder einem chirurgischen Eingriff eine wirksame Einwilligung nach Aufkl\u00e4rung auszudr\u00fccken: Diese Informationen m\u00fcssen auch die m\u00f6glichen Risiken und Unannehmlichkeiten betreffen, die sich aus der Behandlung ergeben. <br \/>Kommt die medizinische Fachperson zu der begr\u00fcndeten \u00dcberzeugung, dass eine direkte Information unangemessen ist oder vom Arzt notfalls bei Vorliegen einer Unm\u00f6glichkeit des Patienten, eine ad\u00e4quate Einwilligungserkl\u00e4rung abzugeben, als unvermeidlich erachtet wird, muss dies ebenfalls erfolgen den berechtigten Angeh\u00f6rigen zur Verf\u00fcgung gestellt werden, es sei denn, der Patient lehnt dies ausdr\u00fccklich ab. <br \/>Der Patient bzw. die berechtigte Person hat auch das Recht, \u00fcber die M\u00f6glichkeit alternativer Untersuchungen und Behandlungen informiert zu werden, auch wenn diese in anderen Einrichtungen durchgef\u00fchrt werden k\u00f6nnen. <\/p>\n\t\t\t\t\t\t\t\t<\/div>\n\t\t\t\t<\/div>\n\t\t\t\t<div class=\"elementor-element elementor-element-3117f2f elementor-widget elementor-widget-spacer\" data-id=\"3117f2f\" data-element_type=\"widget\" data-widget_type=\"spacer.default\">\n\t\t\t\t<div class=\"elementor-widget-container\">\n\t\t\t\t\t\t\t<div class=\"elementor-spacer\">\n\t\t\t<div class=\"elementor-spacer-inner\"><\/div>\n\t\t<\/div>\n\t\t\t\t\t\t<\/div>\n\t\t\t\t<\/div>\n\t\t\t\t<div class=\"elementor-element elementor-element-6b3a7d3 elementor-widget elementor-widget-heading\" data-id=\"6b3a7d3\" data-element_type=\"widget\" data-widget_type=\"heading.default\">\n\t\t\t\t<div class=\"elementor-widget-container\">\n\t\t\t\t\t<h4 class=\"elementor-heading-title elementor-size-default\">Vertraulichkeit<\/h4>\t\t\t\t<\/div>\n\t\t\t\t<\/div>\n\t\t\t\t<div class=\"elementor-element elementor-element-fbc0c9a elementor-widget elementor-widget-text-editor\" data-id=\"fbc0c9a\" data-element_type=\"widget\" data-widget_type=\"text-editor.default\">\n\t\t\t\t<div class=\"elementor-widget-container\">\n\t\t\t\t\t\t\t\t\t<p>Der Patient hat das Recht zu verlangen, dass die Daten \u00fcber seine Krankheit und andere ihn betreffende Umst\u00e4nde durch das Berufsgeheimnis gesch\u00fctzt bleiben.<\/p>\n\t\t\t\t\t\t\t\t<\/div>\n\t\t\t\t<\/div>\n\t\t\t\t<div class=\"elementor-element elementor-element-6875a6e elementor-widget elementor-widget-spacer\" data-id=\"6875a6e\" data-element_type=\"widget\" data-widget_type=\"spacer.default\">\n\t\t\t\t<div class=\"elementor-widget-container\">\n\t\t\t\t\t\t\t<div class=\"elementor-spacer\">\n\t\t\t<div class=\"elementor-spacer-inner\"><\/div>\n\t\t<\/div>\n\t\t\t\t\t\t<\/div>\n\t\t\t\t<\/div>\n\t\t\t\t<div class=\"elementor-element elementor-element-2d40d1b elementor-widget elementor-widget-heading\" data-id=\"2d40d1b\" data-element_type=\"widget\" data-widget_type=\"heading.default\">\n\t\t\t\t<div class=\"elementor-widget-container\">\n\t\t\t\t\t<h4 class=\"elementor-heading-title elementor-size-default\">Beschwerden<\/h4>\t\t\t\t<\/div>\n\t\t\t\t<\/div>\n\t\t\t\t<div class=\"elementor-element elementor-element-280f6d5 elementor-widget elementor-widget-text-editor\" data-id=\"280f6d5\" data-element_type=\"widget\" data-widget_type=\"text-editor.default\">\n\t\t\t\t<div class=\"elementor-widget-container\">\n\t\t\t\t\t\t\t\t\t<p>Der Patient hat das Recht, Beschwerden zu erheben, die unverz\u00fcglich gepr\u00fcft werden m\u00fcssen, und unverz\u00fcglich \u00fcber deren Ausgang informiert zu werden.<\/p>\n\t\t\t\t\t\t\t\t<\/div>\n\t\t\t\t<\/div>\n\t\t\t\t<div class=\"elementor-element elementor-element-806d339 elementor-widget elementor-widget-spacer\" data-id=\"806d339\" data-element_type=\"widget\" data-widget_type=\"spacer.default\">\n\t\t\t\t<div class=\"elementor-widget-container\">\n\t\t\t\t\t\t\t<div class=\"elementor-spacer\">\n\t\t\t<div class=\"elementor-spacer-inner\"><\/div>\n\t\t<\/div>\n\t\t\t\t\t\t<\/div>\n\t\t\t\t<\/div>\n\t\t\t\t<section class=\"elementor-section elementor-inner-section elementor-element elementor-element-01d0112 elementor-section-boxed elementor-section-height-default elementor-section-height-default\" data-id=\"01d0112\" data-element_type=\"section\" data-settings=\"{&quot;background_background&quot;:&quot;classic&quot;}\">\n\t\t\t\t\t\t<div class=\"elementor-container elementor-column-gap-default\">\n\t\t\t\t\t<div class=\"elementor-column elementor-col-25 elementor-inner-column elementor-element elementor-element-70ae124\" data-id=\"70ae124\" data-element_type=\"column\">\n\t\t\t<div class=\"elementor-widget-wrap elementor-element-populated\">\n\t\t\t\t\t\t<div class=\"elementor-element elementor-element-60f265e elementor-view-default elementor-widget elementor-widget-icon\" data-id=\"60f265e\" data-element_type=\"widget\" data-widget_type=\"icon.default\">\n\t\t\t\t<div class=\"elementor-widget-container\">\n\t\t\t\t\t\t\t<div class=\"elementor-icon-wrapper\">\n\t\t\t<a class=\"elementor-icon\" href=\"https:\/\/www.villagemma.it\/wp-content\/uploads\/2022\/09\/codice_etico_modello.pdf\" target=\"_blank\">\n\t\t\t<i aria-hidden=\"true\" class=\"far fa-file-pdf\"><\/i>\t\t\t<\/a>\n\t\t<\/div>\n\t\t\t\t\t\t<\/div>\n\t\t\t\t<\/div>\n\t\t\t\t<div class=\"elementor-element elementor-element-cc60bdc elementor-widget elementor-widget-text-editor\" data-id=\"cc60bdc\" data-element_type=\"widget\" data-widget_type=\"text-editor.default\">\n\t\t\t\t<div class=\"elementor-widget-container\">\n\t\t\t\t\t\t\t\t\t<p>Ethik Kodex<\/p>\n\t\t\t\t\t\t\t\t<\/div>\n\t\t\t\t<\/div>\n\t\t\t\t\t<\/div>\n\t\t<\/div>\n\t\t\t\t<div class=\"elementor-column elementor-col-25 elementor-inner-column elementor-element elementor-element-7b7ba8b\" data-id=\"7b7ba8b\" data-element_type=\"column\">\n\t\t\t<div class=\"elementor-widget-wrap\">\n\t\t\t\t\t\t\t<\/div>\n\t\t<\/div>\n\t\t\t\t<div class=\"elementor-column elementor-col-25 elementor-inner-column elementor-element elementor-element-9ce5e8b\" data-id=\"9ce5e8b\" data-element_type=\"column\">\n\t\t\t<div class=\"elementor-widget-wrap\">\n\t\t\t\t\t\t\t<\/div>\n\t\t<\/div>\n\t\t\t\t<div class=\"elementor-column elementor-col-25 elementor-inner-column elementor-element elementor-element-9925c62\" data-id=\"9925c62\" data-element_type=\"column\">\n\t\t\t<div class=\"elementor-widget-wrap\">\n\t\t\t\t\t\t\t<\/div>\n\t\t<\/div>\n\t\t\t\t\t<\/div>\n\t\t<\/section>\n\t\t\t\t<div class=\"elementor-element elementor-element-3e08565 elementor-widget elementor-widget-spacer\" data-id=\"3e08565\" data-element_type=\"widget\" data-widget_type=\"spacer.default\">\n\t\t\t\t<div class=\"elementor-widget-container\">\n\t\t\t\t\t\t\t<div class=\"elementor-spacer\">\n\t\t\t<div class=\"elementor-spacer-inner\"><\/div>\n\t\t<\/div>\n\t\t\t\t\t\t<\/div>\n\t\t\t\t<\/div>\n\t\t\t\t\t<\/div>\n\t\t<\/div>\n\t\t\t\t\t<\/div>\n\t\t<\/section>\n\t\t\t\t<\/div>\n\t\t","protected":false},"excerpt":{"rendered":"<p>Ethik Kodex Villa Gemma und Villa Barbarano handeln in \u00dcbereinstimmung mit den Grundrechten des Gastes und richten sich in ihrem Handeln nach dem Ethikkodex \u2013 Organisationsmodell (DLGS 8. Juni 2001 \u2013 Nr. 231). Der Ethikkodex \u2013 Organisationsmodell ist als Hauptinstrument f\u00fcr die Umsetzung der Ethik im Unternehmen konfiguriert, er legt die moralischen Rechte und Pflichten [&hellip;]<\/p>\n","protected":false},"author":1,"featured_media":0,"parent":0,"menu_order":0,"comment_status":"closed","ping_status":"closed","template":"","meta":{"_acf_changed":false,"footnotes":""},"class_list":["post-4810","page","type-page","status-publish","hentry"],"acf":[],"yoast_head":"<!-- This site is optimized with the Yoast SEO plugin v24.4 - https:\/\/yoast.com\/wordpress\/plugins\/seo\/ -->\n<title>Ethik Kodex - Villa Gemma e Villa Barbarano<\/title>\n<meta name=\"robots\" content=\"index, follow, max-snippet:-1, max-image-preview:large, max-video-preview:-1\" \/>\n<link rel=\"canonical\" href=\"https:\/\/www.villagemma.it\/de\/ethik-kodex\/\" \/>\n<meta property=\"og:locale\" content=\"de_DE\" \/>\n<meta property=\"og:type\" content=\"article\" \/>\n<meta property=\"og:title\" content=\"Ethik Kodex - Villa Gemma e Villa Barbarano\" \/>\n<meta property=\"og:description\" content=\"Ethik Kodex Villa Gemma und Villa Barbarano handeln in \u00dcbereinstimmung mit den Grundrechten des Gastes und richten sich in ihrem Handeln nach dem Ethikkodex \u2013 Organisationsmodell (DLGS 8. Juni 2001 \u2013 Nr. 231). Der Ethikkodex \u2013 Organisationsmodell ist als Hauptinstrument f\u00fcr die Umsetzung der Ethik im Unternehmen konfiguriert, er legt die moralischen Rechte und Pflichten [&hellip;]\" \/>\n<meta property=\"og:url\" content=\"https:\/\/www.villagemma.it\/de\/ethik-kodex\/\" \/>\n<meta property=\"og:site_name\" content=\"Villa Gemma e Villa Barbarano\" \/>\n<meta property=\"article:modified_time\" content=\"2022-12-19T12:36:37+00:00\" \/>\n<meta name=\"twitter:card\" content=\"summary_large_image\" \/>\n<meta name=\"twitter:label1\" content=\"Gesch\u00e4tzte Lesezeit\" \/>\n\t<meta name=\"twitter:data1\" content=\"2\u00a0Minuten\" \/>\n<script type=\"application\/ld+json\" class=\"yoast-schema-graph\">{\"@context\":\"https:\/\/schema.org\",\"@graph\":[{\"@type\":\"WebPage\",\"@id\":\"https:\/\/www.villagemma.it\/de\/ethik-kodex\/\",\"url\":\"https:\/\/www.villagemma.it\/de\/ethik-kodex\/\",\"name\":\"Ethik Kodex - Villa Gemma e Villa Barbarano\",\"isPartOf\":{\"@id\":\"https:\/\/www.villagemma.it\/#website\"},\"datePublished\":\"2022-09-07T07:52:42+00:00\",\"dateModified\":\"2022-12-19T12:36:37+00:00\",\"breadcrumb\":{\"@id\":\"https:\/\/www.villagemma.it\/de\/ethik-kodex\/#breadcrumb\"},\"inLanguage\":\"de\",\"potentialAction\":[{\"@type\":\"ReadAction\",\"target\":[\"https:\/\/www.villagemma.it\/de\/ethik-kodex\/\"]}]},{\"@type\":\"BreadcrumbList\",\"@id\":\"https:\/\/www.villagemma.it\/de\/ethik-kodex\/#breadcrumb\",\"itemListElement\":[{\"@type\":\"ListItem\",\"position\":1,\"name\":\"Home\",\"item\":\"https:\/\/www.villagemma.it\/de\/home\/\"},{\"@type\":\"ListItem\",\"position\":2,\"name\":\"Ethik Kodex\"}]},{\"@type\":\"WebSite\",\"@id\":\"https:\/\/www.villagemma.it\/#website\",\"url\":\"https:\/\/www.villagemma.it\/\",\"name\":\"Villa Gemma e Villa Barbarano\",\"description\":\"\",\"publisher\":{\"@id\":\"https:\/\/www.villagemma.it\/#organization\"},\"potentialAction\":[{\"@type\":\"SearchAction\",\"target\":{\"@type\":\"EntryPoint\",\"urlTemplate\":\"https:\/\/www.villagemma.it\/?s={search_term_string}\"},\"query-input\":{\"@type\":\"PropertyValueSpecification\",\"valueRequired\":true,\"valueName\":\"search_term_string\"}}],\"inLanguage\":\"de\"},{\"@type\":\"Organization\",\"@id\":\"https:\/\/www.villagemma.it\/#organization\",\"name\":\"Villa Gemma e Villa Barbarano\",\"url\":\"https:\/\/www.villagemma.it\/\",\"logo\":{\"@type\":\"ImageObject\",\"inLanguage\":\"de\",\"@id\":\"https:\/\/www.villagemma.it\/#\/schema\/logo\/image\/\",\"url\":\"https:\/\/www.villagemma.it\/wp-content\/uploads\/2022\/08\/Logo_VG.png\",\"contentUrl\":\"https:\/\/www.villagemma.it\/wp-content\/uploads\/2022\/08\/Logo_VG.png\",\"width\":931,\"height\":300,\"caption\":\"Villa Gemma e Villa Barbarano\"},\"image\":{\"@id\":\"https:\/\/www.villagemma.it\/#\/schema\/logo\/image\/\"}}]}<\/script>\n<!-- \/ Yoast SEO plugin. -->","yoast_head_json":{"title":"Ethik Kodex - Villa Gemma e Villa Barbarano","robots":{"index":"index","follow":"follow","max-snippet":"max-snippet:-1","max-image-preview":"max-image-preview:large","max-video-preview":"max-video-preview:-1"},"canonical":"https:\/\/www.villagemma.it\/de\/ethik-kodex\/","og_locale":"de_DE","og_type":"article","og_title":"Ethik Kodex - Villa Gemma e Villa Barbarano","og_description":"Ethik Kodex Villa Gemma und Villa Barbarano handeln in \u00dcbereinstimmung mit den Grundrechten des Gastes und richten sich in ihrem Handeln nach dem Ethikkodex \u2013 Organisationsmodell (DLGS 8. Juni 2001 \u2013 Nr. 231). Der Ethikkodex \u2013 Organisationsmodell ist als Hauptinstrument f\u00fcr die Umsetzung der Ethik im Unternehmen konfiguriert, er legt die moralischen Rechte und Pflichten [&hellip;]","og_url":"https:\/\/www.villagemma.it\/de\/ethik-kodex\/","og_site_name":"Villa Gemma e Villa Barbarano","article_modified_time":"2022-12-19T12:36:37+00:00","twitter_card":"summary_large_image","twitter_misc":{"Gesch\u00e4tzte Lesezeit":"2\u00a0Minuten"},"schema":{"@context":"https:\/\/schema.org","@graph":[{"@type":"WebPage","@id":"https:\/\/www.villagemma.it\/de\/ethik-kodex\/","url":"https:\/\/www.villagemma.it\/de\/ethik-kodex\/","name":"Ethik Kodex - Villa Gemma e Villa Barbarano","isPartOf":{"@id":"https:\/\/www.villagemma.it\/#website"},"datePublished":"2022-09-07T07:52:42+00:00","dateModified":"2022-12-19T12:36:37+00:00","breadcrumb":{"@id":"https:\/\/www.villagemma.it\/de\/ethik-kodex\/#breadcrumb"},"inLanguage":"de","potentialAction":[{"@type":"ReadAction","target":["https:\/\/www.villagemma.it\/de\/ethik-kodex\/"]}]},{"@type":"BreadcrumbList","@id":"https:\/\/www.villagemma.it\/de\/ethik-kodex\/#breadcrumb","itemListElement":[{"@type":"ListItem","position":1,"name":"Home","item":"https:\/\/www.villagemma.it\/de\/home\/"},{"@type":"ListItem","position":2,"name":"Ethik Kodex"}]},{"@type":"WebSite","@id":"https:\/\/www.villagemma.it\/#website","url":"https:\/\/www.villagemma.it\/","name":"Villa Gemma e Villa Barbarano","description":"","publisher":{"@id":"https:\/\/www.villagemma.it\/#organization"},"potentialAction":[{"@type":"SearchAction","target":{"@type":"EntryPoint","urlTemplate":"https:\/\/www.villagemma.it\/?s={search_term_string}"},"query-input":{"@type":"PropertyValueSpecification","valueRequired":true,"valueName":"search_term_string"}}],"inLanguage":"de"},{"@type":"Organization","@id":"https:\/\/www.villagemma.it\/#organization","name":"Villa Gemma e Villa Barbarano","url":"https:\/\/www.villagemma.it\/","logo":{"@type":"ImageObject","inLanguage":"de","@id":"https:\/\/www.villagemma.it\/#\/schema\/logo\/image\/","url":"https:\/\/www.villagemma.it\/wp-content\/uploads\/2022\/08\/Logo_VG.png","contentUrl":"https:\/\/www.villagemma.it\/wp-content\/uploads\/2022\/08\/Logo_VG.png","width":931,"height":300,"caption":"Villa Gemma e Villa Barbarano"},"image":{"@id":"https:\/\/www.villagemma.it\/#\/schema\/logo\/image\/"}}]}},"_links":{"self":[{"href":"https:\/\/www.villagemma.it\/de\/wp-json\/wp\/v2\/pages\/4810","targetHints":{"allow":["GET"]}}],"collection":[{"href":"https:\/\/www.villagemma.it\/de\/wp-json\/wp\/v2\/pages"}],"about":[{"href":"https:\/\/www.villagemma.it\/de\/wp-json\/wp\/v2\/types\/page"}],"author":[{"embeddable":true,"href":"https:\/\/www.villagemma.it\/de\/wp-json\/wp\/v2\/users\/1"}],"replies":[{"embeddable":true,"href":"https:\/\/www.villagemma.it\/de\/wp-json\/wp\/v2\/comments?post=4810"}],"version-history":[{"count":1,"href":"https:\/\/www.villagemma.it\/de\/wp-json\/wp\/v2\/pages\/4810\/revisions"}],"predecessor-version":[{"id":4811,"href":"https:\/\/www.villagemma.it\/de\/wp-json\/wp\/v2\/pages\/4810\/revisions\/4811"}],"wp:attachment":[{"href":"https:\/\/www.villagemma.it\/de\/wp-json\/wp\/v2\/media?parent=4810"}],"curies":[{"name":"wp","href":"https:\/\/api.w.org\/{rel}","templated":true}]}}