{"id":4806,"date":"2022-10-03T07:12:34","date_gmt":"2022-10-03T07:12:34","guid":{"rendered":"https:\/\/www.villagemma.it\/check-up-untersuchung\/labor-check-up\/"},"modified":"2022-12-19T12:16:01","modified_gmt":"2022-12-19T12:16:01","slug":"labor-check-up","status":"publish","type":"page","link":"https:\/\/www.villagemma.it\/de\/check-up-untersuchung\/labor-check-up\/","title":{"rendered":"Labor Check up"},"content":{"rendered":"\t\t<div data-elementor-type=\"wp-page\" data-elementor-id=\"4806\" class=\"elementor elementor-4806\" data-elementor-post-type=\"page\">\n\t\t\t\t\t\t<section class=\"elementor-section elementor-top-section elementor-element elementor-element-c365308 elementor-section-height-min-height elementor-section-boxed elementor-section-height-default elementor-section-items-middle\" data-id=\"c365308\" data-element_type=\"section\" data-settings=\"{&quot;background_background&quot;:&quot;classic&quot;}\">\n\t\t\t\t\t\t<div class=\"elementor-container elementor-column-gap-default\">\n\t\t\t\t\t<div class=\"elementor-column elementor-col-100 elementor-top-column elementor-element elementor-element-2611588\" data-id=\"2611588\" data-element_type=\"column\">\n\t\t\t<div class=\"elementor-widget-wrap\">\n\t\t\t\t\t\t\t<\/div>\n\t\t<\/div>\n\t\t\t\t\t<\/div>\n\t\t<\/section>\n\t\t\t\t<section class=\"elementor-section elementor-top-section elementor-element elementor-element-f1fe0ab elementor-section-boxed elementor-section-height-default elementor-section-height-default\" data-id=\"f1fe0ab\" data-element_type=\"section\">\n\t\t\t\t\t\t<div class=\"elementor-container elementor-column-gap-default\">\n\t\t\t\t\t<div class=\"elementor-column elementor-col-50 elementor-top-column elementor-element elementor-element-54236a5\" data-id=\"54236a5\" data-element_type=\"column\">\n\t\t\t<div class=\"elementor-widget-wrap elementor-element-populated\">\n\t\t\t\t\t\t<div class=\"elementor-element elementor-element-6c54819 elementor-widget elementor-widget-heading\" data-id=\"6c54819\" data-element_type=\"widget\" data-widget_type=\"heading.default\">\n\t\t\t\t<div class=\"elementor-widget-container\">\n\t\t\t\t\t<h1 class=\"elementor-heading-title elementor-size-default\">Labor Check up<\/h1>\t\t\t\t<\/div>\n\t\t\t\t<\/div>\n\t\t\t\t\t<\/div>\n\t\t<\/div>\n\t\t\t\t<div class=\"elementor-column elementor-col-50 elementor-top-column elementor-element elementor-element-c8b225a\" data-id=\"c8b225a\" data-element_type=\"column\">\n\t\t\t<div class=\"elementor-widget-wrap elementor-element-populated\">\n\t\t\t\t\t\t<div class=\"elementor-element elementor-element-7f4e5e1 elementor-align-right elementor-mobile-align-left elementor-widget elementor-widget-button\" data-id=\"7f4e5e1\" data-element_type=\"widget\" data-widget_type=\"button.default\">\n\t\t\t\t<div class=\"elementor-widget-container\">\n\t\t\t\t\t\t\t\t\t<div class=\"elementor-button-wrapper\">\n\t\t\t\t\t<a class=\"elementor-button elementor-button-link elementor-size-sm\" href=\"https:\/\/www.villagemma.it\/check-up-ambulatoriali\/\">\n\t\t\t\t\t\t<span class=\"elementor-button-content-wrapper\">\n\t\t\t\t\t\t\t\t\t<span class=\"elementor-button-text\">Ambulanter Check up<\/span>\n\t\t\t\t\t<\/span>\n\t\t\t\t\t<\/a>\n\t\t\t\t<\/div>\n\t\t\t\t\t\t\t\t<\/div>\n\t\t\t\t<\/div>\n\t\t\t\t\t<\/div>\n\t\t<\/div>\n\t\t\t\t\t<\/div>\n\t\t<\/section>\n\t\t\t\t<section class=\"elementor-section elementor-top-section elementor-element elementor-element-1141dbf elementor-section-boxed elementor-section-height-default elementor-section-height-default\" data-id=\"1141dbf\" data-element_type=\"section\">\n\t\t\t\t\t\t<div class=\"elementor-container elementor-column-gap-default\">\n\t\t\t\t\t<div class=\"elementor-column elementor-col-100 elementor-top-column elementor-element elementor-element-4ed914e\" data-id=\"4ed914e\" data-element_type=\"column\">\n\t\t\t<div class=\"elementor-widget-wrap elementor-element-populated\">\n\t\t\t\t\t\t<div class=\"elementor-element elementor-element-320e592 elementor-widget elementor-widget-text-editor\" data-id=\"320e592\" data-element_type=\"widget\" data-widget_type=\"text-editor.default\">\n\t\t\t\t<div class=\"elementor-widget-container\">\n\t\t\t\t\t\t\t\t\t<p>Entdecken Sie die Laboruntersuchungen, die Sie in unseren Einrichtungen durchf\u00fchren k\u00f6nnen.<\/p>\n\t\t\t\t\t\t\t\t<\/div>\n\t\t\t\t<\/div>\n\t\t\t\t<div class=\"elementor-element elementor-element-1df99b3 elementor-tabs-view-vertical elementor-widget elementor-widget-tabs\" data-id=\"1df99b3\" data-element_type=\"widget\" data-widget_type=\"tabs.default\">\n\t\t\t\t<div class=\"elementor-widget-container\">\n\t\t\t\t\t\t\t<div class=\"elementor-tabs\">\n\t\t\t<div class=\"elementor-tabs-wrapper\" role=\"tablist\" >\n\t\t\t\t\t\t\t\t\t<div id=\"elementor-tab-title-3141\" class=\"elementor-tab-title elementor-tab-desktop-title\" aria-selected=\"true\" data-tab=\"1\" role=\"tab\" tabindex=\"0\" aria-controls=\"elementor-tab-content-3141\" aria-expanded=\"false\">M\u00e4nnerprofil unter 50 J.<\/div>\n\t\t\t\t\t\t\t\t\t<div id=\"elementor-tab-title-3142\" class=\"elementor-tab-title elementor-tab-desktop-title\" aria-selected=\"false\" data-tab=\"2\" role=\"tab\" tabindex=\"-1\" aria-controls=\"elementor-tab-content-3142\" aria-expanded=\"false\">M\u00e4nnerprofil \u00fcber 50 J.<\/div>\n\t\t\t\t\t\t\t\t\t<div id=\"elementor-tab-title-3143\" class=\"elementor-tab-title elementor-tab-desktop-title\" aria-selected=\"false\" data-tab=\"3\" role=\"tab\" tabindex=\"-1\" aria-controls=\"elementor-tab-content-3143\" aria-expanded=\"false\">Check up Frauen unter 50 J.<\/div>\n\t\t\t\t\t\t\t\t\t<div id=\"elementor-tab-title-3144\" class=\"elementor-tab-title elementor-tab-desktop-title\" aria-selected=\"false\" data-tab=\"4\" role=\"tab\" tabindex=\"-1\" aria-controls=\"elementor-tab-content-3144\" aria-expanded=\"false\">Check up Frauen \u00fcber 50 J.<\/div>\n\t\t\t\t\t\t\t\t\t<div id=\"elementor-tab-title-3145\" class=\"elementor-tab-title elementor-tab-desktop-title\" aria-selected=\"false\" data-tab=\"5\" role=\"tab\" tabindex=\"-1\" aria-controls=\"elementor-tab-content-3145\" aria-expanded=\"false\">Serologischer IgG-Test<\/div>\n\t\t\t\t\t\t\t\t\t<div id=\"elementor-tab-title-3146\" class=\"elementor-tab-title elementor-tab-desktop-title\" aria-selected=\"false\" data-tab=\"6\" role=\"tab\" tabindex=\"-1\" aria-controls=\"elementor-tab-content-3146\" aria-expanded=\"false\">Serologischer IgM- und IgG-Test<\/div>\n\t\t\t\t\t\t\t<\/div>\n\t\t\t<div class=\"elementor-tabs-content-wrapper\" role=\"tablist\" aria-orientation=\"vertical\">\n\t\t\t\t\t\t\t\t\t<div class=\"elementor-tab-title elementor-tab-mobile-title\" aria-selected=\"true\" data-tab=\"1\" role=\"tab\" tabindex=\"0\" aria-controls=\"elementor-tab-content-3141\" aria-expanded=\"false\">M\u00e4nnerprofil unter 50 J.<\/div>\n\t\t\t\t\t<div id=\"elementor-tab-content-3141\" class=\"elementor-tab-content elementor-clearfix\" data-tab=\"1\" role=\"tabpanel\" aria-labelledby=\"elementor-tab-title-3141\" tabindex=\"0\" hidden=\"false\"><p><img decoding=\"async\" class=\"alignright\" src=\"https:\/\/www.villagemma.it\/wp-content\/uploads\/2022\/10\/Uomo_Minore50.png\"><\/p>\n<ul>\n<li>Vollst\u00e4ndiges Blutbild mit Leukozytenformel<\/li>\n<li>Gesamtcholesterin<\/li>\n<li>LDL\/HDL-Cholesterin<\/li>\n<li>Triglyceride<\/li>\n<li>Harnstoff<\/li>\n<li>Urat<\/li>\n<li>Kreatinin<\/li>\n<li>Transaminasen<\/li>\n<li>Gamma GT<\/li>\n<li>Kalium<\/li>\n<li>Glyk\u00e4mie<\/li>\n<li>PCR<\/li>\n<li>Gesamt- und fraktioniertes Bilirubin<\/li>\n<li>Proteinelektrophorese<\/li>\n<li>PSA<\/li>\n<li>Komplette Urinuntersuchung<\/li>\n<\/ul>\n<\/div>\n\t\t\t\t\t\t\t\t\t<div class=\"elementor-tab-title elementor-tab-mobile-title\" aria-selected=\"false\" data-tab=\"2\" role=\"tab\" tabindex=\"-1\" aria-controls=\"elementor-tab-content-3142\" aria-expanded=\"false\">M\u00e4nnerprofil \u00fcber 50 J.<\/div>\n\t\t\t\t\t<div id=\"elementor-tab-content-3142\" class=\"elementor-tab-content elementor-clearfix\" data-tab=\"2\" role=\"tabpanel\" aria-labelledby=\"elementor-tab-title-3142\" tabindex=\"0\" hidden=\"hidden\"><p><img decoding=\"async\" class=\"alignright\" src=\"https:\/\/www.villagemma.it\/wp-content\/uploads\/2022\/10\/Uomo_Maggiore50.png\"><\/p>\n<ul>\n<li>Vollst\u00e4ndiges Blutbild mit Leukozytenformel<\/li>\n<li>Gesamtcholesterin<\/li>\n<li>LDL\/HDL-Cholesterin<\/li>\n<li>Triglyceride<\/li>\n<li>Harnstoff<\/li>\n<li>Urat<\/li>\n<li>Kreatinin<\/li>\n<li>Transaminasen<\/li>\n<li>Gamma GT<\/li>\n<li>Kalium<\/li>\n<li>Glyk\u00e4mie<\/li>\n<li>PCR<\/li>\n<li>Gesamt- und fraktioniertes Bilirubin<\/li>\n<li>Proteinelektrophorese<\/li>\n<li>PSA<\/li>\n<li>Folate<\/li>\n<li>Vitamin B12<\/li>\n<li>Homocystein<\/li>\n<li>Komplette Urinuntersuchung<\/li>\n<\/ul>\n<\/div>\n\t\t\t\t\t\t\t\t\t<div class=\"elementor-tab-title elementor-tab-mobile-title\" aria-selected=\"false\" data-tab=\"3\" role=\"tab\" tabindex=\"-1\" aria-controls=\"elementor-tab-content-3143\" aria-expanded=\"false\">Check up Frauen unter 50 J.<\/div>\n\t\t\t\t\t<div id=\"elementor-tab-content-3143\" class=\"elementor-tab-content elementor-clearfix\" data-tab=\"3\" role=\"tabpanel\" aria-labelledby=\"elementor-tab-title-3143\" tabindex=\"0\" hidden=\"hidden\"><p><img decoding=\"async\" class=\"alignright\" src=\"https:\/\/www.villagemma.it\/wp-content\/uploads\/2022\/09\/Checkup_Donna_Minore50_sNa6YzY.png\"><\/p>\n<ul>\n<li>Vollst\u00e4ndiges Blutbild mit Leukozytenformel<\/li>\n<li>Gesamtcholesterin<\/li>\n<li>LDL-Cholesterin<\/li>\n<li>HDL-Cholesterin<\/li>\n<li>Triglyceride<\/li>\n<li>Harnstoff<\/li>\n<li>Urat<\/li>\n<li>Kreatinin<\/li>\n<li>Transaminasen<\/li>\n<li>Gamma GT<\/li>\n<li>Alkalische Phosphatase<\/li>\n<li>Natrium<\/li>\n<li>Kalium<\/li>\n<li>Calcium<\/li>\n<li>Phosphor<\/li>\n<li>Eisen<\/li>\n<li>TSH<\/li>\n<li>PCR<\/li>\n<li>Glyk\u00e4mie<\/li>\n<li>Gesamt- und fraktioniertes Bilirubin<\/li>\n<li>Proteinelektrophorese<\/li>\n<li>Prolaktin<\/li>\n<li>LDH<\/li>\n<li>Komplette Urinuntersuchung<\/li>\n<\/ul>\n<\/div>\n\t\t\t\t\t\t\t\t\t<div class=\"elementor-tab-title elementor-tab-mobile-title\" aria-selected=\"false\" data-tab=\"4\" role=\"tab\" tabindex=\"-1\" aria-controls=\"elementor-tab-content-3144\" aria-expanded=\"false\">Check up Frauen \u00fcber 50 J.<\/div>\n\t\t\t\t\t<div id=\"elementor-tab-content-3144\" class=\"elementor-tab-content elementor-clearfix\" data-tab=\"4\" role=\"tabpanel\" aria-labelledby=\"elementor-tab-title-3144\" tabindex=\"0\" hidden=\"hidden\"><p><img decoding=\"async\" class=\"alignright\" src=\"https:\/\/www.villagemma.it\/wp-content\/uploads\/2022\/09\/Checkup_Donna_Maggiore50_G3bzHJZ.png\"><\/p>\n<ul>\n<li>Vollst\u00e4ndiges Blutbild mit Leukozytenformel<\/li>\n<li>Gesamtcholesterin<\/li>\n<li>LDL-Cholesterin<\/li>\n<li>HDL-Cholesterin<\/li>\n<li>Triglyceride<\/li>\n<li>Harnstoff<\/li>\n<li>Urat<\/li>\n<li>Kreatinin<\/li>\n<li>Transaminasen<\/li>\n<li>Gamma GT<\/li>\n<li>Alkalische Phosphatase<\/li>\n<li>Natrium<\/li>\n<li>Kalium<\/li>\n<li>Calcium<\/li>\n<li>Phosphor<\/li>\n<li>Eisen<\/li>\n<li>TSH<\/li>\n<li>PCR<\/li>\n<li>FSH<\/li>\n<li>LDH<\/li>\n<li>LH<\/li>\n<li>Glyk\u00e4mie<\/li>\n<li>Proteinelektrophorese<\/li>\n<li>Gesamt- und fraktioniertes Bilirubin<\/li>\n<li>Homocystein<\/li>\n<li>Prolaktin<\/li>\n<li>Komplette Urinuntersuchung<\/li>\n<\/ul>\n<\/div>\n\t\t\t\t\t\t\t\t\t<div class=\"elementor-tab-title elementor-tab-mobile-title\" aria-selected=\"false\" data-tab=\"5\" role=\"tab\" tabindex=\"-1\" aria-controls=\"elementor-tab-content-3145\" aria-expanded=\"false\">Serologischer IgG-Test<\/div>\n\t\t\t\t\t<div id=\"elementor-tab-content-3145\" class=\"elementor-tab-content elementor-clearfix\" data-tab=\"5\" role=\"tabpanel\" aria-labelledby=\"elementor-tab-title-3145\" tabindex=\"0\" hidden=\"hidden\"><p><em><strong>NB<\/strong>: Der serologische IgG-Test ERSETZT nicht den MOLEKULAREN Test (aus einem Nasen-Rachen-Abstrich), der die einzige definitive diagnostische Methode gem\u00e4\u00df dem Ministerialrundschreiben vom 09.03.2020 und nachfolgenden \u00c4nderungen ist.<\/em><br \/>\n<strong><em>Im Falle eines positiven serologischen Tests sind Sie verpflichtet, innerhalb von 48 Stunden die bei uns erh\u00e4ltliche TAMPONE durchzuf\u00fchren.<\/em><\/strong><\/p>\n<\/div>\n\t\t\t\t\t\t\t\t\t<div class=\"elementor-tab-title elementor-tab-mobile-title\" aria-selected=\"false\" data-tab=\"6\" role=\"tab\" tabindex=\"-1\" aria-controls=\"elementor-tab-content-3146\" aria-expanded=\"false\">Serologischer IgM- und IgG-Test<\/div>\n\t\t\t\t\t<div id=\"elementor-tab-content-3146\" class=\"elementor-tab-content elementor-clearfix\" data-tab=\"6\" role=\"tabpanel\" aria-labelledby=\"elementor-tab-title-3146\" tabindex=\"0\" hidden=\"hidden\"><p><em><strong>NB<\/strong>: Der serologische IgM- und IgG-Test ERSETZT NICHT den MOLEKULAREN Test (aus einem Nasen-Rachen-Abstrich), der die einzige definitive Diagnosemethode gem\u00e4\u00df dem Ministerialrundschreiben vom 09.03.2020 und nachfolgenden \u00c4nderungen ist.<\/em><br \/><strong><em>Im Falle eines positiven serologischen Tests sind Sie verpflichtet, innerhalb von 48 Stunden die bei uns erh\u00e4ltliche TAMPONE durchzuf\u00fchren.<\/em><\/strong><\/p>\n<\/div>\n\t\t\t\t\t\t\t<\/div>\n\t\t<\/div>\n\t\t\t\t\t\t<\/div>\n\t\t\t\t<\/div>\n\t\t\t\t<div class=\"elementor-element elementor-element-1fdf029 elementor-icon-list--layout-traditional elementor-list-item-link-full_width elementor-widget elementor-widget-icon-list\" data-id=\"1fdf029\" data-element_type=\"widget\" data-widget_type=\"icon-list.default\">\n\t\t\t\t<div class=\"elementor-widget-container\">\n\t\t\t\t\t\t\t<ul class=\"elementor-icon-list-items\">\n\t\t\t\t\t\t\t<li class=\"elementor-icon-list-item\">\n\t\t\t\t\t\t\t\t\t\t\t<span class=\"elementor-icon-list-icon\">\n\t\t\t\t\t\t\t<i aria-hidden=\"true\" class=\"fas fa-phone-alt\"><\/i>\t\t\t\t\t\t<\/span>\n\t\t\t\t\t\t\t\t\t\t<span class=\"elementor-icon-list-text\">Rufen Sie die Nummer an, um den Check-up zu buchen <strong>0365\/298347<\/strong> oder anschreiben <strong><a href=\"mailto:checkup@villagemma.it\">checkup@villagemma.it<\/a><\/strong><\/span>\n\t\t\t\t\t\t\t\t\t<\/li>\n\t\t\t\t\t\t<\/ul>\n\t\t\t\t\t\t<\/div>\n\t\t\t\t<\/div>\n\t\t\t\t<div class=\"elementor-element elementor-element-c424191 elementor-widget elementor-widget-spacer\" data-id=\"c424191\" data-element_type=\"widget\" data-widget_type=\"spacer.default\">\n\t\t\t\t<div class=\"elementor-widget-container\">\n\t\t\t\t\t\t\t<div class=\"elementor-spacer\">\n\t\t\t<div class=\"elementor-spacer-inner\"><\/div>\n\t\t<\/div>\n\t\t\t\t\t\t<\/div>\n\t\t\t\t<\/div>\n\t\t\t\t\t<\/div>\n\t\t<\/div>\n\t\t\t\t\t<\/div>\n\t\t<\/section>\n\t\t\t\t<\/div>\n\t\t","protected":false},"excerpt":{"rendered":"<p>Labor Check up Ambulanter Check up Entdecken Sie die Laboruntersuchungen, die Sie in unseren Einrichtungen durchf\u00fchren k\u00f6nnen. M\u00e4nnerprofil unter 50 J. M\u00e4nnerprofil \u00fcber 50 J. Check up Frauen unter 50 J. Check up Frauen \u00fcber 50 J. Serologischer IgG-Test Serologischer IgM- und IgG-Test M\u00e4nnerprofil unter 50 J. Vollst\u00e4ndiges Blutbild mit Leukozytenformel Gesamtcholesterin LDL\/HDL-Cholesterin Triglyceride Harnstoff [&hellip;]<\/p>\n","protected":false},"author":1,"featured_media":0,"parent":4802,"menu_order":0,"comment_status":"closed","ping_status":"closed","template":"","meta":{"_acf_changed":false,"footnotes":""},"class_list":["post-4806","page","type-page","status-publish","hentry"],"acf":[],"yoast_head":"<!-- This site is optimized with the Yoast SEO plugin v24.4 - https:\/\/yoast.com\/wordpress\/plugins\/seo\/ -->\n<title>Labor Check up - Villa Gemma e Villa Barbarano<\/title>\n<meta name=\"robots\" content=\"index, follow, max-snippet:-1, max-image-preview:large, max-video-preview:-1\" \/>\n<link rel=\"canonical\" href=\"https:\/\/www.villagemma.it\/de\/check-up-untersuchung\/labor-check-up\/\" \/>\n<meta property=\"og:locale\" content=\"de_DE\" \/>\n<meta property=\"og:type\" content=\"article\" \/>\n<meta property=\"og:title\" content=\"Labor Check up - Villa Gemma e Villa Barbarano\" \/>\n<meta property=\"og:description\" content=\"Labor Check up Ambulanter Check up Entdecken Sie die Laboruntersuchungen, die Sie in unseren Einrichtungen durchf\u00fchren k\u00f6nnen. M\u00e4nnerprofil unter 50 J. M\u00e4nnerprofil \u00fcber 50 J. Check up Frauen unter 50 J. Check up Frauen \u00fcber 50 J. Serologischer IgG-Test Serologischer IgM- und IgG-Test M\u00e4nnerprofil unter 50 J. Vollst\u00e4ndiges Blutbild mit Leukozytenformel Gesamtcholesterin LDL\/HDL-Cholesterin Triglyceride Harnstoff [&hellip;]\" \/>\n<meta property=\"og:url\" content=\"https:\/\/www.villagemma.it\/de\/check-up-untersuchung\/labor-check-up\/\" \/>\n<meta property=\"og:site_name\" content=\"Villa Gemma e Villa Barbarano\" \/>\n<meta property=\"article:modified_time\" content=\"2022-12-19T12:16:01+00:00\" \/>\n<meta property=\"og:image\" content=\"https:\/\/www.villagemma.it\/wp-content\/uploads\/2022\/10\/Uomo_Minore50.png\" \/>\n<meta name=\"twitter:card\" content=\"summary_large_image\" \/>\n<meta name=\"twitter:label1\" content=\"Gesch\u00e4tzte Lesezeit\" \/>\n\t<meta name=\"twitter:data1\" content=\"2\u00a0Minuten\" \/>\n<script type=\"application\/ld+json\" class=\"yoast-schema-graph\">{\"@context\":\"https:\/\/schema.org\",\"@graph\":[{\"@type\":\"WebPage\",\"@id\":\"https:\/\/www.villagemma.it\/de\/check-up-untersuchung\/labor-check-up\/\",\"url\":\"https:\/\/www.villagemma.it\/de\/check-up-untersuchung\/labor-check-up\/\",\"name\":\"Labor Check up - Villa Gemma e Villa Barbarano\",\"isPartOf\":{\"@id\":\"https:\/\/www.villagemma.it\/#website\"},\"primaryImageOfPage\":{\"@id\":\"https:\/\/www.villagemma.it\/de\/check-up-untersuchung\/labor-check-up\/#primaryimage\"},\"image\":{\"@id\":\"https:\/\/www.villagemma.it\/de\/check-up-untersuchung\/labor-check-up\/#primaryimage\"},\"thumbnailUrl\":\"https:\/\/www.villagemma.it\/wp-content\/uploads\/2022\/10\/Uomo_Minore50.png\",\"datePublished\":\"2022-10-03T07:12:34+00:00\",\"dateModified\":\"2022-12-19T12:16:01+00:00\",\"breadcrumb\":{\"@id\":\"https:\/\/www.villagemma.it\/de\/check-up-untersuchung\/labor-check-up\/#breadcrumb\"},\"inLanguage\":\"de\",\"potentialAction\":[{\"@type\":\"ReadAction\",\"target\":[\"https:\/\/www.villagemma.it\/de\/check-up-untersuchung\/labor-check-up\/\"]}]},{\"@type\":\"ImageObject\",\"inLanguage\":\"de\",\"@id\":\"https:\/\/www.villagemma.it\/de\/check-up-untersuchung\/labor-check-up\/#primaryimage\",\"url\":\"https:\/\/www.villagemma.it\/wp-content\/uploads\/2022\/10\/Uomo_Minore50.png\",\"contentUrl\":\"https:\/\/www.villagemma.it\/wp-content\/uploads\/2022\/10\/Uomo_Minore50.png\"},{\"@type\":\"BreadcrumbList\",\"@id\":\"https:\/\/www.villagemma.it\/de\/check-up-untersuchung\/labor-check-up\/#breadcrumb\",\"itemListElement\":[{\"@type\":\"ListItem\",\"position\":1,\"name\":\"Home\",\"item\":\"https:\/\/www.villagemma.it\/de\/home\/\"},{\"@type\":\"ListItem\",\"position\":2,\"name\":\"Check-up Untersuchung\",\"item\":\"https:\/\/www.villagemma.it\/de\/check-up-untersuchung\/\"},{\"@type\":\"ListItem\",\"position\":3,\"name\":\"Labor Check up\"}]},{\"@type\":\"WebSite\",\"@id\":\"https:\/\/www.villagemma.it\/#website\",\"url\":\"https:\/\/www.villagemma.it\/\",\"name\":\"Villa Gemma e Villa Barbarano\",\"description\":\"\",\"publisher\":{\"@id\":\"https:\/\/www.villagemma.it\/#organization\"},\"potentialAction\":[{\"@type\":\"SearchAction\",\"target\":{\"@type\":\"EntryPoint\",\"urlTemplate\":\"https:\/\/www.villagemma.it\/?s={search_term_string}\"},\"query-input\":{\"@type\":\"PropertyValueSpecification\",\"valueRequired\":true,\"valueName\":\"search_term_string\"}}],\"inLanguage\":\"de\"},{\"@type\":\"Organization\",\"@id\":\"https:\/\/www.villagemma.it\/#organization\",\"name\":\"Villa Gemma e Villa Barbarano\",\"url\":\"https:\/\/www.villagemma.it\/\",\"logo\":{\"@type\":\"ImageObject\",\"inLanguage\":\"de\",\"@id\":\"https:\/\/www.villagemma.it\/#\/schema\/logo\/image\/\",\"url\":\"https:\/\/www.villagemma.it\/wp-content\/uploads\/2022\/08\/Logo_VG.png\",\"contentUrl\":\"https:\/\/www.villagemma.it\/wp-content\/uploads\/2022\/08\/Logo_VG.png\",\"width\":931,\"height\":300,\"caption\":\"Villa Gemma e Villa Barbarano\"},\"image\":{\"@id\":\"https:\/\/www.villagemma.it\/#\/schema\/logo\/image\/\"}}]}<\/script>\n<!-- \/ Yoast SEO plugin. -->","yoast_head_json":{"title":"Labor Check up - Villa Gemma e Villa Barbarano","robots":{"index":"index","follow":"follow","max-snippet":"max-snippet:-1","max-image-preview":"max-image-preview:large","max-video-preview":"max-video-preview:-1"},"canonical":"https:\/\/www.villagemma.it\/de\/check-up-untersuchung\/labor-check-up\/","og_locale":"de_DE","og_type":"article","og_title":"Labor Check up - Villa Gemma e Villa Barbarano","og_description":"Labor Check up Ambulanter Check up Entdecken Sie die Laboruntersuchungen, die Sie in unseren Einrichtungen durchf\u00fchren k\u00f6nnen. M\u00e4nnerprofil unter 50 J. M\u00e4nnerprofil \u00fcber 50 J. Check up Frauen unter 50 J. Check up Frauen \u00fcber 50 J. Serologischer IgG-Test Serologischer IgM- und IgG-Test M\u00e4nnerprofil unter 50 J. Vollst\u00e4ndiges Blutbild mit Leukozytenformel Gesamtcholesterin LDL\/HDL-Cholesterin Triglyceride Harnstoff [&hellip;]","og_url":"https:\/\/www.villagemma.it\/de\/check-up-untersuchung\/labor-check-up\/","og_site_name":"Villa Gemma e Villa Barbarano","article_modified_time":"2022-12-19T12:16:01+00:00","og_image":[{"url":"https:\/\/www.villagemma.it\/wp-content\/uploads\/2022\/10\/Uomo_Minore50.png","type":"","width":"","height":""}],"twitter_card":"summary_large_image","twitter_misc":{"Gesch\u00e4tzte Lesezeit":"2\u00a0Minuten"},"schema":{"@context":"https:\/\/schema.org","@graph":[{"@type":"WebPage","@id":"https:\/\/www.villagemma.it\/de\/check-up-untersuchung\/labor-check-up\/","url":"https:\/\/www.villagemma.it\/de\/check-up-untersuchung\/labor-check-up\/","name":"Labor Check up - Villa Gemma e Villa Barbarano","isPartOf":{"@id":"https:\/\/www.villagemma.it\/#website"},"primaryImageOfPage":{"@id":"https:\/\/www.villagemma.it\/de\/check-up-untersuchung\/labor-check-up\/#primaryimage"},"image":{"@id":"https:\/\/www.villagemma.it\/de\/check-up-untersuchung\/labor-check-up\/#primaryimage"},"thumbnailUrl":"https:\/\/www.villagemma.it\/wp-content\/uploads\/2022\/10\/Uomo_Minore50.png","datePublished":"2022-10-03T07:12:34+00:00","dateModified":"2022-12-19T12:16:01+00:00","breadcrumb":{"@id":"https:\/\/www.villagemma.it\/de\/check-up-untersuchung\/labor-check-up\/#breadcrumb"},"inLanguage":"de","potentialAction":[{"@type":"ReadAction","target":["https:\/\/www.villagemma.it\/de\/check-up-untersuchung\/labor-check-up\/"]}]},{"@type":"ImageObject","inLanguage":"de","@id":"https:\/\/www.villagemma.it\/de\/check-up-untersuchung\/labor-check-up\/#primaryimage","url":"https:\/\/www.villagemma.it\/wp-content\/uploads\/2022\/10\/Uomo_Minore50.png","contentUrl":"https:\/\/www.villagemma.it\/wp-content\/uploads\/2022\/10\/Uomo_Minore50.png"},{"@type":"BreadcrumbList","@id":"https:\/\/www.villagemma.it\/de\/check-up-untersuchung\/labor-check-up\/#breadcrumb","itemListElement":[{"@type":"ListItem","position":1,"name":"Home","item":"https:\/\/www.villagemma.it\/de\/home\/"},{"@type":"ListItem","position":2,"name":"Check-up Untersuchung","item":"https:\/\/www.villagemma.it\/de\/check-up-untersuchung\/"},{"@type":"ListItem","position":3,"name":"Labor Check up"}]},{"@type":"WebSite","@id":"https:\/\/www.villagemma.it\/#website","url":"https:\/\/www.villagemma.it\/","name":"Villa Gemma e Villa Barbarano","description":"","publisher":{"@id":"https:\/\/www.villagemma.it\/#organization"},"potentialAction":[{"@type":"SearchAction","target":{"@type":"EntryPoint","urlTemplate":"https:\/\/www.villagemma.it\/?s={search_term_string}"},"query-input":{"@type":"PropertyValueSpecification","valueRequired":true,"valueName":"search_term_string"}}],"inLanguage":"de"},{"@type":"Organization","@id":"https:\/\/www.villagemma.it\/#organization","name":"Villa Gemma e Villa Barbarano","url":"https:\/\/www.villagemma.it\/","logo":{"@type":"ImageObject","inLanguage":"de","@id":"https:\/\/www.villagemma.it\/#\/schema\/logo\/image\/","url":"https:\/\/www.villagemma.it\/wp-content\/uploads\/2022\/08\/Logo_VG.png","contentUrl":"https:\/\/www.villagemma.it\/wp-content\/uploads\/2022\/08\/Logo_VG.png","width":931,"height":300,"caption":"Villa Gemma e Villa Barbarano"},"image":{"@id":"https:\/\/www.villagemma.it\/#\/schema\/logo\/image\/"}}]}},"_links":{"self":[{"href":"https:\/\/www.villagemma.it\/de\/wp-json\/wp\/v2\/pages\/4806","targetHints":{"allow":["GET"]}}],"collection":[{"href":"https:\/\/www.villagemma.it\/de\/wp-json\/wp\/v2\/pages"}],"about":[{"href":"https:\/\/www.villagemma.it\/de\/wp-json\/wp\/v2\/types\/page"}],"author":[{"embeddable":true,"href":"https:\/\/www.villagemma.it\/de\/wp-json\/wp\/v2\/users\/1"}],"replies":[{"embeddable":true,"href":"https:\/\/www.villagemma.it\/de\/wp-json\/wp\/v2\/comments?post=4806"}],"version-history":[{"count":1,"href":"https:\/\/www.villagemma.it\/de\/wp-json\/wp\/v2\/pages\/4806\/revisions"}],"predecessor-version":[{"id":4807,"href":"https:\/\/www.villagemma.it\/de\/wp-json\/wp\/v2\/pages\/4806\/revisions\/4807"}],"up":[{"embeddable":true,"href":"https:\/\/www.villagemma.it\/de\/wp-json\/wp\/v2\/pages\/4802"}],"wp:attachment":[{"href":"https:\/\/www.villagemma.it\/de\/wp-json\/wp\/v2\/media?parent=4806"}],"curies":[{"name":"wp","href":"https:\/\/api.w.org\/{rel}","templated":true}]}}