{"id":4804,"date":"2022-10-03T07:17:10","date_gmt":"2022-10-03T07:17:10","guid":{"rendered":"https:\/\/www.villagemma.it\/check-up-untersuchung\/ambulanter-check-up\/"},"modified":"2022-12-19T12:11:08","modified_gmt":"2022-12-19T12:11:08","slug":"ambulanter-check-up","status":"publish","type":"page","link":"https:\/\/www.villagemma.it\/de\/check-up-untersuchung\/ambulanter-check-up\/","title":{"rendered":"Ambulanter Check up"},"content":{"rendered":"\t\t<div data-elementor-type=\"wp-page\" data-elementor-id=\"4804\" class=\"elementor elementor-4804\" data-elementor-post-type=\"page\">\n\t\t\t\t\t\t<section class=\"elementor-section elementor-top-section elementor-element elementor-element-ddfa537 elementor-section-height-min-height elementor-section-boxed elementor-section-height-default elementor-section-items-middle\" data-id=\"ddfa537\" data-element_type=\"section\" data-settings=\"{&quot;background_background&quot;:&quot;classic&quot;}\">\n\t\t\t\t\t\t<div class=\"elementor-container elementor-column-gap-default\">\n\t\t\t\t\t<div class=\"elementor-column elementor-col-100 elementor-top-column elementor-element elementor-element-7c9fd1b\" data-id=\"7c9fd1b\" data-element_type=\"column\">\n\t\t\t<div class=\"elementor-widget-wrap\">\n\t\t\t\t\t\t\t<\/div>\n\t\t<\/div>\n\t\t\t\t\t<\/div>\n\t\t<\/section>\n\t\t\t\t<section class=\"elementor-section elementor-top-section elementor-element elementor-element-d4f88d6 elementor-section-boxed elementor-section-height-default elementor-section-height-default\" data-id=\"d4f88d6\" data-element_type=\"section\">\n\t\t\t\t\t\t<div class=\"elementor-container elementor-column-gap-default\">\n\t\t\t\t\t<div class=\"elementor-column elementor-col-50 elementor-top-column elementor-element elementor-element-100b6fb\" data-id=\"100b6fb\" data-element_type=\"column\">\n\t\t\t<div class=\"elementor-widget-wrap elementor-element-populated\">\n\t\t\t\t\t\t<div class=\"elementor-element elementor-element-f266ee6 elementor-widget elementor-widget-heading\" data-id=\"f266ee6\" data-element_type=\"widget\" data-widget_type=\"heading.default\">\n\t\t\t\t<div class=\"elementor-widget-container\">\n\t\t\t\t\t<h1 class=\"elementor-heading-title elementor-size-default\">Ambulanter Check up<\/h1>\t\t\t\t<\/div>\n\t\t\t\t<\/div>\n\t\t\t\t\t<\/div>\n\t\t<\/div>\n\t\t\t\t<div class=\"elementor-column elementor-col-50 elementor-top-column elementor-element elementor-element-2bddff9\" data-id=\"2bddff9\" data-element_type=\"column\">\n\t\t\t<div class=\"elementor-widget-wrap elementor-element-populated\">\n\t\t\t\t\t\t<div class=\"elementor-element elementor-element-53ec291 elementor-align-right elementor-mobile-align-left elementor-widget elementor-widget-button\" data-id=\"53ec291\" data-element_type=\"widget\" data-widget_type=\"button.default\">\n\t\t\t\t<div class=\"elementor-widget-container\">\n\t\t\t\t\t\t\t\t\t<div class=\"elementor-button-wrapper\">\n\t\t\t\t\t<a class=\"elementor-button elementor-button-link elementor-size-sm\" href=\"https:\/\/www.villagemma.it\/check-up-laboratorio-analisi\/\">\n\t\t\t\t\t\t<span class=\"elementor-button-content-wrapper\">\n\t\t\t\t\t\t\t\t\t<span class=\"elementor-button-text\">Labor Check up<\/span>\n\t\t\t\t\t<\/span>\n\t\t\t\t\t<\/a>\n\t\t\t\t<\/div>\n\t\t\t\t\t\t\t\t<\/div>\n\t\t\t\t<\/div>\n\t\t\t\t\t<\/div>\n\t\t<\/div>\n\t\t\t\t\t<\/div>\n\t\t<\/section>\n\t\t\t\t<section class=\"elementor-section elementor-top-section elementor-element elementor-element-e1011a3 elementor-section-boxed elementor-section-height-default elementor-section-height-default\" data-id=\"e1011a3\" data-element_type=\"section\">\n\t\t\t\t\t\t<div class=\"elementor-container elementor-column-gap-default\">\n\t\t\t\t\t<div class=\"elementor-column elementor-col-100 elementor-top-column elementor-element elementor-element-c5504a3\" data-id=\"c5504a3\" data-element_type=\"column\">\n\t\t\t<div class=\"elementor-widget-wrap elementor-element-populated\">\n\t\t\t\t\t\t<div class=\"elementor-element elementor-element-c3f3e7a elementor-widget elementor-widget-text-editor\" data-id=\"c3f3e7a\" data-element_type=\"widget\" data-widget_type=\"text-editor.default\">\n\t\t\t\t<div class=\"elementor-widget-container\">\n\t\t\t\t\t\t\t\t\t<p>Entdecken Sie unsere ambulanten Vorsorgeuntersuchungen, <strong>die speziell<\/strong> f\u00fcr <strong>M\u00e4nner<\/strong> und <strong>Frauen<\/strong> nach Alter und <strong>spezifischen Pathologien<\/strong> entwickelt wurden, um dem Benutzer die M\u00f6glichkeit zu geben, seinen Gesundheitszustand zu \u00fcberpr\u00fcfen.<\/p>\n\t\t\t\t\t\t\t\t<\/div>\n\t\t\t\t<\/div>\n\t\t\t\t<div class=\"elementor-element elementor-element-5a9dcf0 elementor-tabs-view-vertical elementor-widget elementor-widget-tabs\" data-id=\"5a9dcf0\" data-element_type=\"widget\" data-widget_type=\"tabs.default\">\n\t\t\t\t<div class=\"elementor-widget-container\">\n\t\t\t\t\t\t\t<div class=\"elementor-tabs\">\n\t\t\t<div class=\"elementor-tabs-wrapper\" role=\"tablist\" >\n\t\t\t\t\t\t\t\t\t<div id=\"elementor-tab-title-9501\" class=\"elementor-tab-title elementor-tab-desktop-title\" aria-selected=\"true\" data-tab=\"1\" role=\"tab\" tabindex=\"0\" aria-controls=\"elementor-tab-content-9501\" aria-expanded=\"false\">Cardio-Check-up<\/div>\n\t\t\t\t\t\t\t\t\t<div id=\"elementor-tab-title-9502\" class=\"elementor-tab-title elementor-tab-desktop-title\" aria-selected=\"false\" data-tab=\"2\" role=\"tab\" tabindex=\"-1\" aria-controls=\"elementor-tab-content-9502\" aria-expanded=\"false\">Long Covid Check up<\/div>\n\t\t\t\t\t\t\t\t\t<div id=\"elementor-tab-title-9503\" class=\"elementor-tab-title elementor-tab-desktop-title\" aria-selected=\"false\" data-tab=\"3\" role=\"tab\" tabindex=\"-1\" aria-controls=\"elementor-tab-content-9503\" aria-expanded=\"false\">Check up Maenner<\/div>\n\t\t\t\t\t\t\t\t\t<div id=\"elementor-tab-title-9504\" class=\"elementor-tab-title elementor-tab-desktop-title\" aria-selected=\"false\" data-tab=\"4\" role=\"tab\" tabindex=\"-1\" aria-controls=\"elementor-tab-content-9504\" aria-expanded=\"false\">Check up Frauen unter 50 J.<\/div>\n\t\t\t\t\t\t\t\t\t<div id=\"elementor-tab-title-9505\" class=\"elementor-tab-title elementor-tab-desktop-title\" aria-selected=\"false\" data-tab=\"5\" role=\"tab\" tabindex=\"-1\" aria-controls=\"elementor-tab-content-9505\" aria-expanded=\"false\">Check up Frauen \u00fcber 50 J.<\/div>\n\t\t\t\t\t\t\t<\/div>\n\t\t\t<div class=\"elementor-tabs-content-wrapper\" role=\"tablist\" aria-orientation=\"vertical\">\n\t\t\t\t\t\t\t\t\t<div class=\"elementor-tab-title elementor-tab-mobile-title\" aria-selected=\"true\" data-tab=\"1\" role=\"tab\" tabindex=\"0\" aria-controls=\"elementor-tab-content-9501\" aria-expanded=\"false\">Cardio-Check-up<\/div>\n\t\t\t\t\t<div id=\"elementor-tab-content-9501\" class=\"elementor-tab-content elementor-clearfix\" data-tab=\"1\" role=\"tabpanel\" aria-labelledby=\"elementor-tab-title-9501\" tabindex=\"0\" hidden=\"false\"><p><img decoding=\"async\" class=\"alignright\" src=\"https:\/\/www.villagemma.it\/wp-content\/uploads\/2022\/09\/Checkup_Cardio_KOlLdJR.png\"><\/p>\n<p><strong>BLUTABNAHME <\/strong><\/p>\n<ul>\n<li>komplettes Blutbild<\/li>\n<li>LDL-Cholesterin<\/li>\n<li>Kreatinin<\/li>\n<li>Glyk\u00e4mie<\/li>\n<li>Triglyceride<\/li>\n<\/ul>\n<p><strong>UNTERSUCHUNGEN &#8211; VISITEN <\/strong><\/p>\n<ul>\n<li>KARDIOLOGISCHE UNTERSUCHUNG<\/li>\n<li>ECHOKARDIOGRAMM<\/li>\n<li>ELEKTROKARDIOGRAMM (EKG)<\/li>\n<li>STRESSTEST<\/li>\n<li>BERECHNUNG DES BODY-MASS-INDEX<\/li>\n<li>BERECHNUNG DES GEWICHTSINDEX<\/li>\n<li>MESSUNG DES BAUCHUMFANGS<\/li>\n<\/ul>\n<\/div>\n\t\t\t\t\t\t\t\t\t<div class=\"elementor-tab-title elementor-tab-mobile-title\" aria-selected=\"false\" data-tab=\"2\" role=\"tab\" tabindex=\"-1\" aria-controls=\"elementor-tab-content-9502\" aria-expanded=\"false\">Long Covid Check up<\/div>\n\t\t\t\t\t<div id=\"elementor-tab-content-9502\" class=\"elementor-tab-content elementor-clearfix\" data-tab=\"2\" role=\"tabpanel\" aria-labelledby=\"elementor-tab-title-9502\" tabindex=\"0\" hidden=\"hidden\"><p><img decoding=\"async\" class=\"alignright\" src=\"https:\/\/www.villagemma.it\/wp-content\/uploads\/2022\/09\/Checkup_Covid_Uomo_Donna.png\"><br \/>LABORUNTERSUCHUNGEN<\/p>\n<ul>\n<li>Vollst\u00e4ndiges Blutbild mit Leukozytenformel<\/li>\n<li>Kreatinin<\/li>\n<li>AST<\/li>\n<li>ALT<\/li>\n<li>Kalium<\/li>\n<li>PCR<\/li>\n<li>Ferritin<\/li>\n<\/ul>\n<p>ECHOKARDIOGRAMM <br \/>KARDIOLOGISCHE UNTERSUCHUNG<br \/>ELEKTROKARDIOGRAMM<br \/>PNEUMOLOGISCHE VISITE mit BLUTGASANALYSE<br \/>GLOBALE SPIROMETRIE<br \/>ABSCHLUSSBERICHT<\/p>\n<\/div>\n\t\t\t\t\t\t\t\t\t<div class=\"elementor-tab-title elementor-tab-mobile-title\" aria-selected=\"false\" data-tab=\"3\" role=\"tab\" tabindex=\"-1\" aria-controls=\"elementor-tab-content-9503\" aria-expanded=\"false\">Check up Maenner<\/div>\n\t\t\t\t\t<div id=\"elementor-tab-content-9503\" class=\"elementor-tab-content elementor-clearfix\" data-tab=\"3\" role=\"tabpanel\" aria-labelledby=\"elementor-tab-title-9503\" tabindex=\"0\" hidden=\"hidden\"><p><img decoding=\"async\" class=\"alignright\" src=\"https:\/\/www.villagemma.it\/wp-content\/uploads\/2022\/10\/Checkup_Uomo.png\"><\/p>\n<p><strong>BLUTABNAHME<\/strong><\/p>\n<ul>\n<li>Vollst\u00e4ndiges Blutbild mit Leukozytenformel<\/li>\n<li>Gesamtcholesterin<\/li>\n<li>LDL\/HDL-Cholesterin<\/li>\n<li>Triglyceride<\/li>\n<li>Harnstoff<\/li>\n<li>Urat<\/li>\n<li>Kreatinin<\/li>\n<li>Transaminasen<\/li>\n<li>Gamma GT<\/li>\n<li>Kalium<\/li>\n<li>Glyk\u00e4mie<\/li>\n<li>PCR<\/li>\n<li>Gesamt- und fraktioniertes Bilirubin<\/li>\n<li>Proteinelektrophorese<\/li>\n<li>PSA<\/li>\n<li>Folate<\/li>\n<li>Vitamin B12<\/li>\n<li>Homocystein<\/li>\n<li>Komplette Urinuntersuchung<\/li>\n<\/ul>\n<p><strong>PR\u00dcFUNGEN &#8211; BESUCHE<\/strong><\/p>\n<ul>\n<li>Facharztbesuch<\/li>\n<li>BAUCH-ULTRASCHALL<\/li>\n<li>BRUST R\u00d6NTGEN<\/li>\n<li>ELEKTROKARDIOGRAMM (EKG)<\/li>\n<\/ul>\n<\/div>\n\t\t\t\t\t\t\t\t\t<div class=\"elementor-tab-title elementor-tab-mobile-title\" aria-selected=\"false\" data-tab=\"4\" role=\"tab\" tabindex=\"-1\" aria-controls=\"elementor-tab-content-9504\" aria-expanded=\"false\">Check up Frauen unter 50 J.<\/div>\n\t\t\t\t\t<div id=\"elementor-tab-content-9504\" class=\"elementor-tab-content elementor-clearfix\" data-tab=\"4\" role=\"tabpanel\" aria-labelledby=\"elementor-tab-title-9504\" tabindex=\"0\" hidden=\"hidden\"><p><img decoding=\"async\" class=\"alignright\" src=\"https:\/\/www.villagemma.it\/wp-content\/uploads\/2022\/09\/Checkup_Donna_Minore50_sNa6YzY.png\"><\/p>\n<p><strong>BLUTABNAHME<\/strong><\/p>\n<ul>\n<li>Vollst\u00e4ndiges Blutbild mit Leukozytenformel<\/li>\n<li>Gesamtcholesterin<\/li>\n<li>LDL\/HDL-Cholesterin<\/li>\n<li>Triglyceride<\/li>\n<li>Harnstoff<\/li>\n<li>Urat<\/li>\n<li>Kreatinin<\/li>\n<li>Transaminasen<\/li>\n<li>Gamma GT<\/li>\n<li>Alkalische Phosphatase<\/li>\n<li>Natrium<\/li>\n<li>Kalium<\/li>\n<li>Calcium<\/li>\n<li>Phosphor<\/li>\n<li>Eisen<\/li>\n<li>TSH<\/li>\n<li>PCR<\/li>\n<li>Glyk\u00e4mie<\/li>\n<li>Gesamt- und fraktioniertes Bilirubin<\/li>\n<li>Proteinelektrophorese<\/li>\n<li>LDH<\/li>\n<li>Komplette Urinuntersuchung<\/li>\n<\/ul>\n<p><strong>PR\u00dcFUNGEN &#8211; BESUCHE<\/strong><\/p>\n<ul>\n<li>Facharztbesuch<\/li>\n<li>BAUCH-ULTRASCHALL<\/li>\n<li>BRUST R\u00d6NTGEN<\/li>\n<li>BRUST-ULTRASCHALL<\/li>\n<li>PAP-ABSTRICH<\/li>\n<li>ELEKTROKARDIOGRAMM (EKG)<\/li>\n<\/ul>\n<\/div>\n\t\t\t\t\t\t\t\t\t<div class=\"elementor-tab-title elementor-tab-mobile-title\" aria-selected=\"false\" data-tab=\"5\" role=\"tab\" tabindex=\"-1\" aria-controls=\"elementor-tab-content-9505\" aria-expanded=\"false\">Check up Frauen \u00fcber 50 J.<\/div>\n\t\t\t\t\t<div id=\"elementor-tab-content-9505\" class=\"elementor-tab-content elementor-clearfix\" data-tab=\"5\" role=\"tabpanel\" aria-labelledby=\"elementor-tab-title-9505\" tabindex=\"0\" hidden=\"hidden\"><p><img decoding=\"async\" class=\"alignright\" src=\"https:\/\/www.villagemma.it\/wp-content\/uploads\/2022\/09\/Checkup_Donna_Maggiore50_G3bzHJZ.png\"><\/p>\n<p><strong>BLUTABNAHME<\/strong><\/p>\n<ul>\n<li>Vollst\u00e4ndiges Blutbild mit Leukozytenformel<\/li>\n<li>Gesamtcholesterin<\/li>\n<li>LDL\/HDL-Cholesterin<\/li>\n<li>Triglyceride<\/li>\n<li>Harnstoff<\/li>\n<li>Urat<\/li>\n<li>Kreatinin<\/li>\n<li>Transaminasen<\/li>\n<li>Gamma GT<\/li>\n<li>Alkalische Phosphatase<\/li>\n<li>Natrium<\/li>\n<li>Kalium<\/li>\n<li>Calcium<\/li>\n<li>Phosphor<\/li>\n<li>Eisen<\/li>\n<li>TSH<\/li>\n<li>PCR<\/li>\n<li>Glyk\u00e4mie<\/li>\n<li>Gesamt- und fraktioniertes Bilirubin<\/li>\n<li>Proteinelektrophorese<\/li>\n<li>Homocystein<\/li>\n<li>Komplette Urinuntersuchung<\/li>\n<\/ul>\n<p><strong>UNTERSUCHUNGEN &#8211; VISITEN<\/strong><\/p>\n<ul>\n<li>Facharztbesuch<\/li>\n<li>BAUCH-ULTRASCHALL<\/li>\n<li>BRUST R\u00d6NTGEN<\/li>\n<li>BRUST-ULTRASCHALL<\/li>\n<li>MAMMOGRAPHIE<\/li>\n<li>PAP-ABSTRICH<\/li>\n<li>ELEKTROKARDIOGRAMM (EKG)<\/li>\n<\/ul>\n<\/div>\n\t\t\t\t\t\t\t<\/div>\n\t\t<\/div>\n\t\t\t\t\t\t<\/div>\n\t\t\t\t<\/div>\n\t\t\t\t<div class=\"elementor-element elementor-element-dda03d0 elementor-icon-list--layout-traditional elementor-list-item-link-full_width elementor-widget elementor-widget-icon-list\" data-id=\"dda03d0\" data-element_type=\"widget\" data-widget_type=\"icon-list.default\">\n\t\t\t\t<div class=\"elementor-widget-container\">\n\t\t\t\t\t\t\t<ul class=\"elementor-icon-list-items\">\n\t\t\t\t\t\t\t<li class=\"elementor-icon-list-item\">\n\t\t\t\t\t\t\t\t\t\t\t<span class=\"elementor-icon-list-icon\">\n\t\t\t\t\t\t\t<i aria-hidden=\"true\" class=\"fas fa-phone-alt\"><\/i>\t\t\t\t\t\t<\/span>\n\t\t\t\t\t\t\t\t\t\t<span class=\"elementor-icon-list-text\">Rufen Sie die Nummer an, um den Check-up zu buchen <strong>0365\/298347<\/strong> oder anschreiben <strong><a href=\"mailto:checkup@villagemma.it\">checkup@villagemma.it<\/a><\/strong><\/span>\n\t\t\t\t\t\t\t\t\t<\/li>\n\t\t\t\t\t\t<\/ul>\n\t\t\t\t\t\t<\/div>\n\t\t\t\t<\/div>\n\t\t\t\t<div class=\"elementor-element elementor-element-21660ef elementor-widget elementor-widget-spacer\" data-id=\"21660ef\" data-element_type=\"widget\" data-widget_type=\"spacer.default\">\n\t\t\t\t<div class=\"elementor-widget-container\">\n\t\t\t\t\t\t\t<div class=\"elementor-spacer\">\n\t\t\t<div class=\"elementor-spacer-inner\"><\/div>\n\t\t<\/div>\n\t\t\t\t\t\t<\/div>\n\t\t\t\t<\/div>\n\t\t\t\t\t<\/div>\n\t\t<\/div>\n\t\t\t\t\t<\/div>\n\t\t<\/section>\n\t\t\t\t<\/div>\n\t\t","protected":false},"excerpt":{"rendered":"<p>Ambulanter Check up Labor Check up Entdecken Sie unsere ambulanten Vorsorgeuntersuchungen, die speziell f\u00fcr M\u00e4nner und Frauen nach Alter und spezifischen Pathologien entwickelt wurden, um dem Benutzer die M\u00f6glichkeit zu geben, seinen Gesundheitszustand zu \u00fcberpr\u00fcfen. Cardio-Check-up Long Covid Check up Check up Maenner Check up Frauen unter 50 J. Check up Frauen \u00fcber 50 J. [&hellip;]<\/p>\n","protected":false},"author":1,"featured_media":0,"parent":4802,"menu_order":0,"comment_status":"closed","ping_status":"closed","template":"","meta":{"_acf_changed":false,"footnotes":""},"class_list":["post-4804","page","type-page","status-publish","hentry"],"acf":[],"yoast_head":"<!-- This site is optimized with the Yoast SEO plugin v24.4 - https:\/\/yoast.com\/wordpress\/plugins\/seo\/ -->\n<title>Ambulanter Check up - Villa Gemma e Villa Barbarano<\/title>\n<meta name=\"robots\" content=\"index, follow, max-snippet:-1, max-image-preview:large, max-video-preview:-1\" \/>\n<link rel=\"canonical\" href=\"https:\/\/www.villagemma.it\/de\/check-up-untersuchung\/ambulanter-check-up\/\" \/>\n<meta property=\"og:locale\" content=\"de_DE\" \/>\n<meta property=\"og:type\" content=\"article\" \/>\n<meta property=\"og:title\" content=\"Ambulanter Check up - Villa Gemma e Villa Barbarano\" \/>\n<meta property=\"og:description\" content=\"Ambulanter Check up Labor Check up Entdecken Sie unsere ambulanten Vorsorgeuntersuchungen, die speziell f\u00fcr M\u00e4nner und Frauen nach Alter und spezifischen Pathologien entwickelt wurden, um dem Benutzer die M\u00f6glichkeit zu geben, seinen Gesundheitszustand zu \u00fcberpr\u00fcfen. Cardio-Check-up Long Covid Check up Check up Maenner Check up Frauen unter 50 J. Check up Frauen \u00fcber 50 J. [&hellip;]\" \/>\n<meta property=\"og:url\" content=\"https:\/\/www.villagemma.it\/de\/check-up-untersuchung\/ambulanter-check-up\/\" \/>\n<meta property=\"og:site_name\" content=\"Villa Gemma e Villa Barbarano\" \/>\n<meta property=\"article:modified_time\" content=\"2022-12-19T12:11:08+00:00\" \/>\n<meta property=\"og:image\" content=\"https:\/\/www.villagemma.it\/wp-content\/uploads\/2022\/09\/Checkup_Cardio_KOlLdJR.png\" \/>\n<meta name=\"twitter:card\" content=\"summary_large_image\" \/>\n<meta name=\"twitter:label1\" content=\"Gesch\u00e4tzte Lesezeit\" \/>\n\t<meta name=\"twitter:data1\" content=\"1\u00a0Minute\" \/>\n<script type=\"application\/ld+json\" class=\"yoast-schema-graph\">{\"@context\":\"https:\/\/schema.org\",\"@graph\":[{\"@type\":\"WebPage\",\"@id\":\"https:\/\/www.villagemma.it\/de\/check-up-untersuchung\/ambulanter-check-up\/\",\"url\":\"https:\/\/www.villagemma.it\/de\/check-up-untersuchung\/ambulanter-check-up\/\",\"name\":\"Ambulanter Check up - Villa Gemma e Villa Barbarano\",\"isPartOf\":{\"@id\":\"https:\/\/www.villagemma.it\/#website\"},\"primaryImageOfPage\":{\"@id\":\"https:\/\/www.villagemma.it\/de\/check-up-untersuchung\/ambulanter-check-up\/#primaryimage\"},\"image\":{\"@id\":\"https:\/\/www.villagemma.it\/de\/check-up-untersuchung\/ambulanter-check-up\/#primaryimage\"},\"thumbnailUrl\":\"https:\/\/www.villagemma.it\/wp-content\/uploads\/2022\/09\/Checkup_Cardio_KOlLdJR.png\",\"datePublished\":\"2022-10-03T07:17:10+00:00\",\"dateModified\":\"2022-12-19T12:11:08+00:00\",\"breadcrumb\":{\"@id\":\"https:\/\/www.villagemma.it\/de\/check-up-untersuchung\/ambulanter-check-up\/#breadcrumb\"},\"inLanguage\":\"de\",\"potentialAction\":[{\"@type\":\"ReadAction\",\"target\":[\"https:\/\/www.villagemma.it\/de\/check-up-untersuchung\/ambulanter-check-up\/\"]}]},{\"@type\":\"ImageObject\",\"inLanguage\":\"de\",\"@id\":\"https:\/\/www.villagemma.it\/de\/check-up-untersuchung\/ambulanter-check-up\/#primaryimage\",\"url\":\"https:\/\/www.villagemma.it\/wp-content\/uploads\/2022\/09\/Checkup_Cardio_KOlLdJR.png\",\"contentUrl\":\"https:\/\/www.villagemma.it\/wp-content\/uploads\/2022\/09\/Checkup_Cardio_KOlLdJR.png\"},{\"@type\":\"BreadcrumbList\",\"@id\":\"https:\/\/www.villagemma.it\/de\/check-up-untersuchung\/ambulanter-check-up\/#breadcrumb\",\"itemListElement\":[{\"@type\":\"ListItem\",\"position\":1,\"name\":\"Home\",\"item\":\"https:\/\/www.villagemma.it\/de\/home\/\"},{\"@type\":\"ListItem\",\"position\":2,\"name\":\"Check-up Untersuchung\",\"item\":\"https:\/\/www.villagemma.it\/de\/check-up-untersuchung\/\"},{\"@type\":\"ListItem\",\"position\":3,\"name\":\"Ambulanter Check up\"}]},{\"@type\":\"WebSite\",\"@id\":\"https:\/\/www.villagemma.it\/#website\",\"url\":\"https:\/\/www.villagemma.it\/\",\"name\":\"Villa Gemma e Villa Barbarano\",\"description\":\"\",\"publisher\":{\"@id\":\"https:\/\/www.villagemma.it\/#organization\"},\"potentialAction\":[{\"@type\":\"SearchAction\",\"target\":{\"@type\":\"EntryPoint\",\"urlTemplate\":\"https:\/\/www.villagemma.it\/?s={search_term_string}\"},\"query-input\":{\"@type\":\"PropertyValueSpecification\",\"valueRequired\":true,\"valueName\":\"search_term_string\"}}],\"inLanguage\":\"de\"},{\"@type\":\"Organization\",\"@id\":\"https:\/\/www.villagemma.it\/#organization\",\"name\":\"Villa Gemma e Villa Barbarano\",\"url\":\"https:\/\/www.villagemma.it\/\",\"logo\":{\"@type\":\"ImageObject\",\"inLanguage\":\"de\",\"@id\":\"https:\/\/www.villagemma.it\/#\/schema\/logo\/image\/\",\"url\":\"https:\/\/www.villagemma.it\/wp-content\/uploads\/2022\/08\/Logo_VG.png\",\"contentUrl\":\"https:\/\/www.villagemma.it\/wp-content\/uploads\/2022\/08\/Logo_VG.png\",\"width\":931,\"height\":300,\"caption\":\"Villa Gemma e Villa Barbarano\"},\"image\":{\"@id\":\"https:\/\/www.villagemma.it\/#\/schema\/logo\/image\/\"}}]}<\/script>\n<!-- \/ Yoast SEO plugin. -->","yoast_head_json":{"title":"Ambulanter Check up - Villa Gemma e Villa Barbarano","robots":{"index":"index","follow":"follow","max-snippet":"max-snippet:-1","max-image-preview":"max-image-preview:large","max-video-preview":"max-video-preview:-1"},"canonical":"https:\/\/www.villagemma.it\/de\/check-up-untersuchung\/ambulanter-check-up\/","og_locale":"de_DE","og_type":"article","og_title":"Ambulanter Check up - Villa Gemma e Villa Barbarano","og_description":"Ambulanter Check up Labor Check up Entdecken Sie unsere ambulanten Vorsorgeuntersuchungen, die speziell f\u00fcr M\u00e4nner und Frauen nach Alter und spezifischen Pathologien entwickelt wurden, um dem Benutzer die M\u00f6glichkeit zu geben, seinen Gesundheitszustand zu \u00fcberpr\u00fcfen. Cardio-Check-up Long Covid Check up Check up Maenner Check up Frauen unter 50 J. Check up Frauen \u00fcber 50 J. [&hellip;]","og_url":"https:\/\/www.villagemma.it\/de\/check-up-untersuchung\/ambulanter-check-up\/","og_site_name":"Villa Gemma e Villa Barbarano","article_modified_time":"2022-12-19T12:11:08+00:00","og_image":[{"url":"https:\/\/www.villagemma.it\/wp-content\/uploads\/2022\/09\/Checkup_Cardio_KOlLdJR.png","type":"","width":"","height":""}],"twitter_card":"summary_large_image","twitter_misc":{"Gesch\u00e4tzte Lesezeit":"1\u00a0Minute"},"schema":{"@context":"https:\/\/schema.org","@graph":[{"@type":"WebPage","@id":"https:\/\/www.villagemma.it\/de\/check-up-untersuchung\/ambulanter-check-up\/","url":"https:\/\/www.villagemma.it\/de\/check-up-untersuchung\/ambulanter-check-up\/","name":"Ambulanter Check up - Villa Gemma e Villa Barbarano","isPartOf":{"@id":"https:\/\/www.villagemma.it\/#website"},"primaryImageOfPage":{"@id":"https:\/\/www.villagemma.it\/de\/check-up-untersuchung\/ambulanter-check-up\/#primaryimage"},"image":{"@id":"https:\/\/www.villagemma.it\/de\/check-up-untersuchung\/ambulanter-check-up\/#primaryimage"},"thumbnailUrl":"https:\/\/www.villagemma.it\/wp-content\/uploads\/2022\/09\/Checkup_Cardio_KOlLdJR.png","datePublished":"2022-10-03T07:17:10+00:00","dateModified":"2022-12-19T12:11:08+00:00","breadcrumb":{"@id":"https:\/\/www.villagemma.it\/de\/check-up-untersuchung\/ambulanter-check-up\/#breadcrumb"},"inLanguage":"de","potentialAction":[{"@type":"ReadAction","target":["https:\/\/www.villagemma.it\/de\/check-up-untersuchung\/ambulanter-check-up\/"]}]},{"@type":"ImageObject","inLanguage":"de","@id":"https:\/\/www.villagemma.it\/de\/check-up-untersuchung\/ambulanter-check-up\/#primaryimage","url":"https:\/\/www.villagemma.it\/wp-content\/uploads\/2022\/09\/Checkup_Cardio_KOlLdJR.png","contentUrl":"https:\/\/www.villagemma.it\/wp-content\/uploads\/2022\/09\/Checkup_Cardio_KOlLdJR.png"},{"@type":"BreadcrumbList","@id":"https:\/\/www.villagemma.it\/de\/check-up-untersuchung\/ambulanter-check-up\/#breadcrumb","itemListElement":[{"@type":"ListItem","position":1,"name":"Home","item":"https:\/\/www.villagemma.it\/de\/home\/"},{"@type":"ListItem","position":2,"name":"Check-up Untersuchung","item":"https:\/\/www.villagemma.it\/de\/check-up-untersuchung\/"},{"@type":"ListItem","position":3,"name":"Ambulanter Check up"}]},{"@type":"WebSite","@id":"https:\/\/www.villagemma.it\/#website","url":"https:\/\/www.villagemma.it\/","name":"Villa Gemma e Villa Barbarano","description":"","publisher":{"@id":"https:\/\/www.villagemma.it\/#organization"},"potentialAction":[{"@type":"SearchAction","target":{"@type":"EntryPoint","urlTemplate":"https:\/\/www.villagemma.it\/?s={search_term_string}"},"query-input":{"@type":"PropertyValueSpecification","valueRequired":true,"valueName":"search_term_string"}}],"inLanguage":"de"},{"@type":"Organization","@id":"https:\/\/www.villagemma.it\/#organization","name":"Villa Gemma e Villa Barbarano","url":"https:\/\/www.villagemma.it\/","logo":{"@type":"ImageObject","inLanguage":"de","@id":"https:\/\/www.villagemma.it\/#\/schema\/logo\/image\/","url":"https:\/\/www.villagemma.it\/wp-content\/uploads\/2022\/08\/Logo_VG.png","contentUrl":"https:\/\/www.villagemma.it\/wp-content\/uploads\/2022\/08\/Logo_VG.png","width":931,"height":300,"caption":"Villa Gemma e Villa Barbarano"},"image":{"@id":"https:\/\/www.villagemma.it\/#\/schema\/logo\/image\/"}}]}},"_links":{"self":[{"href":"https:\/\/www.villagemma.it\/de\/wp-json\/wp\/v2\/pages\/4804","targetHints":{"allow":["GET"]}}],"collection":[{"href":"https:\/\/www.villagemma.it\/de\/wp-json\/wp\/v2\/pages"}],"about":[{"href":"https:\/\/www.villagemma.it\/de\/wp-json\/wp\/v2\/types\/page"}],"author":[{"embeddable":true,"href":"https:\/\/www.villagemma.it\/de\/wp-json\/wp\/v2\/users\/1"}],"replies":[{"embeddable":true,"href":"https:\/\/www.villagemma.it\/de\/wp-json\/wp\/v2\/comments?post=4804"}],"version-history":[{"count":1,"href":"https:\/\/www.villagemma.it\/de\/wp-json\/wp\/v2\/pages\/4804\/revisions"}],"predecessor-version":[{"id":4805,"href":"https:\/\/www.villagemma.it\/de\/wp-json\/wp\/v2\/pages\/4804\/revisions\/4805"}],"up":[{"embeddable":true,"href":"https:\/\/www.villagemma.it\/de\/wp-json\/wp\/v2\/pages\/4802"}],"wp:attachment":[{"href":"https:\/\/www.villagemma.it\/de\/wp-json\/wp\/v2\/media?parent=4804"}],"curies":[{"name":"wp","href":"https:\/\/api.w.org\/{rel}","templated":true}]}}